{"id":76,"date":"2019-04-24T18:14:45","date_gmt":"2019-04-24T18:14:45","guid":{"rendered":"http:\/\/wldstainless.com\/?page_id=76"},"modified":"2020-12-11T03:34:19","modified_gmt":"2020-12-11T03:34:19","slug":"about","status":"publish","type":"page","link":"https:\/\/wldstainless.com\/vi\/about\/","title":{"rendered":"V\u1ec0"},"content":{"rendered":"<div id='fullscreen_slider_1' class='avia-fullscreen-slider main_color   container_wrap sidebar_left'   ><div  data-size='no scaling'  data-lightbox_size='large'  data-animation='slide'  data-ids='2030'  data-video_counter='0'  data-autoplay='false'  data-bg_slider='true'  data-slide_height='100'  data-handle='av_fullscreen'  data-interval='5'  data-class=' '  data-css_id='fullscreen_slider_1'  data-scroll_down=''  data-control_layout='av-control-default'  data-custom_markup=''  data-perma_caption=''  data-autoplay_stopper=''  data-image_attachment=''  data-min_height='0px'  data-stretch=''  class='avia-slideshow avia-slideshow-1  av-control-default av-default-height-applied avia-slideshow-no scaling av_fullscreen   avia-slide-slider'  itemprop=\"ImageObject\" itemscope=\"itemscope\" itemtype=\"https:\/\/schema.org\/ImageObject\" ><ul class='avia-slideshow-inner' style='padding-bottom: 43.9453125%;'><li style='background-position:center center;' data-img-url='https:\/\/wldstainless.com\/wp-content\/uploads\/2020\/10\/About-SS.jpg' class='av-single-slide slide-1' ><div data-rel='slideshow-1' class='avia-slide-wrap'  ><\/div><\/li><\/ul><\/div><\/div>\n<div class=\"flex_column av_one_full  flex_column_div av-zero-column-padding first\" style='border-radius:0px; '><p><section class=\"av_textblock_section\"  itemscope=\"itemscope\" itemtype=\"https:\/\/schema.org\/CreativeWork\" ><div class='avia_textblock'   itemprop=\"text\" ><p>WLD Inox l\u00e0 m\u1ed9t trong nh\u1eefng nh\u00e0 cung c\u1ea5p, s\u1ea3n xu\u1ea5t v\u00e0 ph\u00e2n ph\u1ed1i c\u00e1c s\u1ea3n ph\u1ea9m th\u00e9p kh\u00f4ng g\u1ec9 b\u00e1n th\u00e0nh ph\u1ea9m v\u00e0 th\u00e0nh ph\u1ea9m chuy\u00ean nghi\u1ec7p, bao g\u1ed3m th\u00e9p kh\u00f4ng g\u1ec9 200 series, th\u00e9p kh\u00f4ng g\u1ec9 300 series, th\u00e9p kh\u00f4ng g\u1ec9 400 series, th\u00e9p kh\u00f4ng g\u1ec9 c\u1ee9ng k\u1ebft t\u1ee7a v\u00e0 th\u00e9p kh\u00f4ng g\u1ec9 Duplex v\u1edbi nhi\u1ec1u lo\u1ea1i kh\u00e1c nhau. v\u00e0 c\u00e1c h\u00ecnh th\u1ee9c. C\u00e1c s\u1ea3n ph\u1ea9m c\u1ee7a ch\u00fang t\u00f4i \u0111\u01b0\u1ee3c b\u00e1n cho c\u00e1c trung t\u00e2m d\u1ecbch v\u1ee5, th\u1ee3 r\u00e8n, con l\u0103n v\u00e0 nh\u00e0 s\u1ea3n xu\u1ea5t thi\u1ebft b\u1ecb g\u1ed1c, s\u1ebd \u0111\u01b0\u1ee3c kh\u00e1ch h\u00e0ng x\u1eed l\u00fd th\u00eam \u0111\u1ec3 s\u1eed d\u1ee5ng trong nhi\u1ec1u ng\u00e0nh c\u00f4ng nghi\u1ec7p, bao g\u1ed3m ngo\u00e0i kh\u01a1i, h\u00e0ng kh\u00f4ng v\u0169 tr\u1ee5, s\u1ea3n xu\u1ea5t \u0111i\u1ec7n, d\u1ea7u kh\u00ed, h\u00f3a d\u1ea7u, s\u1ea3n xu\u1ea5t thi\u1ebft b\u1ecb n\u1eb7ng.<\/p>\n<p>Ch\u00fang t\u00f4i ch\u1ee7 y\u1ebfu cung c\u1ea5p c\u00e1c \u1ed1ng th\u00e9p kh\u00f4ng g\u1ec9, <a href=\"https:\/\/wldstainless.com\/products\/stainless-steel-square-tube\/\">\u1ed1ng<\/a>, <a href=\"https:\/\/wldstainless.com\/products\/stainless-steel-cold-rolled-plate-sheet-coil\/\">t\u1ea5m<\/a>, t\u1ea5m, cu\u1ed9n, d\u1ea3i, <a href=\"https:\/\/wldstainless.com\/products\/stainless-steel-round-bars\/\">thanh tr\u00f2n<\/a>, thanh l\u1ee5c gi\u00e1c, th\u00e9p d\u1eb9t v\u00e0 th\u00e9p \u0111\u1ecbnh h\u00ecnh nh\u01b0 <a href=\"https:\/\/wldstainless.com\/products\/stainless-steel-angle\/\">g\u00f3c \u0111\u1ed9<\/a>, <a href=\"https:\/\/wldstainless.com\/products\/stainless-steel-beam\/\">d\u1ea7m<\/a> V\u00e0 <a href=\"https:\/\/wldstainless.com\/products\/stainless-steel-channel\/\">k\u00eanh truy\u1ec1n h\u00ecnh<\/a>. Nh\u1eefng g\u00ec ch\u00fang t\u00f4i cung c\u1ea5p \u0111\u01b0\u1ee3c s\u1ea3n xu\u1ea5t b\u1eb1ng nguy\u00ean li\u1ec7u th\u00f4 \u0111\u1ee7 ti\u00eau chu\u1ea9n v\u00e0 k\u1ef9 thu\u1eadt ti\u00ean ti\u1ebfn. T\u00f9y thu\u1ed9c v\u00e0o y\u00eau c\u1ea7u c\u1ee7a b\u1ea1n, ch\u00fang t\u00f4i \u0111\u1ea3m b\u1ea3o r\u1eb1ng c\u00e1c s\u1ea3n ph\u1ea9m c\u1ee7a ch\u00fang t\u00f4i \u0111\u00e1p \u1ee9ng c\u00e1c \u0111i\u1ec1u kho\u1ea3n v\u1edbi th\u00f4ng s\u1ed1 k\u1ef9 thu\u1eadt v\u00e0 ti\u00eau chu\u1ea9n \u0111\u01b0\u1ee3c x\u00e1c \u0111\u1ecbnh r\u00f5 r\u00e0ng trong ng\u00e0nh.<\/p>\n<h3><\/h3>\n<\/div><\/section><br \/>\n<div style='padding-bottom:10px;color:#d3311f;' class='av-special-heading av-special-heading-h3 custom-color-heading'><h3 class='av-special-heading-tag'  itemprop=\"headline\"  >T\u1ea1i sao ch\u1ecdn ch\u00fang t\u00f4i?<\/h3><div class='special-heading-border'><div class='special-heading-inner-border' style='border-color:#d3311f'><\/div><\/div><\/div><\/p><\/div><div class=\"flex_column av_one_full  flex_column_div av-zero-column-padding first\" style='border-radius:0px; '><section class=\"av_textblock_section\"  itemscope=\"itemscope\" itemtype=\"https:\/\/schema.org\/CreativeWork\" ><div class='avia_textblock'   itemprop=\"text\" ><h3><\/h3>\n<h4>Ch\u1ea5t l\u01b0\u1ee3ng l\u00e0 tr\u00ean h\u1ebft<\/h4>\n<p>\u201cCh\u00fang t\u00f4i l\u00e0m nh\u1eefng g\u00ec ch\u00fang t\u00f4i c\u00f3 th\u1ec3 l\u00e0m v\u00e0 nh\u1eefng g\u00ec ch\u00fang t\u00f4i kh\u00f4ng th\u1ec3 l\u00e0m\u201d. Qua nhi\u1ec1u th\u1eadp k\u1ef7 ti\u1ebfn b\u1ed9 \u0111\u00e3 khi\u1ebfn ch\u00fang t\u00f4i nh\u1eadn ra r\u1eb1ng ch\u1ec9 c\u00f3 c\u00e1c s\u1ea3n ph\u1ea9m \u0111\u1ee7 ti\u00eau chu\u1ea9n m\u1edbi l\u00e0 nguy\u00ean t\u1eafc c\u01a1 b\u1ea3n c\u1ee7a ch\u00fang t\u00f4i, \u0111\u00f3 ch\u00ednh x\u00e1c l\u00e0 \u0111i\u1ec1u ch\u00fang t\u00f4i t\u1ef1 h\u00e0o. WLD Steel \u0111\u00e3 h\u1ee3p t\u00e1c v\u1edbi nh\u00e0 m\u00e1y ch\u1ebf bi\u1ebfn \u0111\u01b0\u1ee3c trang b\u1ecb c\u00e1c thi\u1ebft b\u1ecb t\u1ea1o h\u00ecnh, m\u00e0i, h\u00e0n, m\u00e0i, gia c\u00f4ng, x\u1eed l\u00fd nhi\u1ec7t v\u00e0 c\u00e1c c\u01a1 s\u1edf th\u1eed nghi\u1ec7m v\u1eadt l\u00fd &amp; h\u00f3a h\u1ecdc, \u0111i\u1ec1u n\u00e0y cho ph\u00e9p ch\u00fang t\u00f4i \u0111\u00e1p \u1ee9ng c\u00e1c y\u00eau c\u1ea7u nghi\u00eam ng\u1eb7t c\u1ee7a kh\u00e1ch h\u00e0ng.<\/p>\n<h4>Nh\u00e2n vi\u00ean c\u00f3 kinh nghi\u1ec7m<\/h4>\n<p>WLD Steel c\u00f3 m\u1ed9t \u0111\u1ed9i ng\u0169 c\u00f3 k\u1ef9 n\u0103ng \u0111a ng\u00f4n ng\u1eef v\u1eefng v\u00e0ng ph\u1ee5c v\u1ee5 kh\u00e1ch h\u00e0ng t\u1eeb kh\u1eafp n\u01a1i tr\u00ean th\u1ebf gi\u1edbi, \u0111\u00e2y l\u00e0 n\u1ec1n t\u1ea3ng c\u1ee7a m\u1ed9t doanh nghi\u1ec7p c\u00f3 hi\u1ec7u su\u1ea5t cao. Nh\u00e2n vi\u00ean c\u1ee7a ch\u00fang t\u00f4i c\u00f2n bao g\u1ed3m k\u1ef9 s\u01b0 luy\u1ec7n kim, chuy\u00ean gia h\u1eadu c\u1ea7n, nh\u1eefng ng\u01b0\u1eddi c\u00f3 b\u00ed quy\u1ebft k\u1ef9 thu\u1eadt s\u00e2u r\u1ed9ng, cung c\u1ea5p s\u1ea3n ph\u1ea9m c\u1ee7a b\u1ea1n c\u1ea7n trong th\u1eddi gian r\u1ea5t ng\u1eafn.<\/p>\n<h4>D\u1ecbch v\u1ee5 b\u1ed5 sung<\/h4>\n<p>V\u1edbi thi\u1ebft b\u1ecb ti\u00ean ti\u1ebfn v\u00e0 k\u1ebf ho\u1ea1ch s\u1ea3n xu\u1ea5t nghi\u00eam ng\u1eb7t, ch\u00fang t\u00f4i s\u1ea3n xu\u1ea5t c\u00e1c s\u1ea3n ph\u1ea9m \u0111\u1eb7c bi\u1ec7t \u0111\u01b0\u1ee3c thi\u1ebft k\u1ebf ri\u00eang theo nhu c\u1ea7u v\u00e0 b\u1ea3n v\u1ebd c\u1ee5 th\u1ec3 c\u1ee7a kh\u00e1ch h\u00e0ng b\u00ean c\u1ea1nh c\u00e1c s\u1ea3n ph\u1ea9m ti\u00eau chu\u1ea9n c\u1ee7a ch\u00fang t\u00f4i. K\u1ef9 s\u01b0 v\u00e0 c\u00f4ng nh\u00e2n l\u00e0nh ngh\u1ec1 c\u1ee7a ch\u00fang t\u00f4i k\u1ebft h\u1ee3p v\u1edbi nhau \u0111\u1ec3 cung c\u1ea5p m\u1ed9t lo\u1ea1t c\u00e1c d\u1ecbch v\u1ee5 b\u1ed5 sung nh\u1eb1m gi\u00fap b\u1ea1n ti\u1ebft ki\u1ec7m ti\u1ec1n b\u1ea1c v\u00e0 th\u1eddi gian.<\/p>\n<h4>V\u1eadt li\u1ec7u r\u1ed9ng<\/h4>\n<p>Th\u00e9p WLD d\u1ef1 tr\u1eef nhi\u1ec1u lo\u1ea1i v\u1eadt li\u1ec7u ASME\/EN\/JIS \u0111\u01b0\u1ee3c ch\u1ee9ng nh\u1eadn v\u00e0 c\u0169ng c\u00f3 s\u1eb5n \u0111\u1ea7y \u0111\u1ee7 c\u00e1c lo\u1ea1i c\u1ea5p th\u1ef1c ph\u1ea9m, c\u1ea5p y t\u1ebf, ur\u00ea v\u00e0 nitric. M\u1ed9t kho l\u1edbn c\u00e1c lo\u1ea1i \u1ed1ng, t\u1ea5m, khu\u00f4n, ph\u1ee5 ki\u1ec7n, m\u1eb7t b\u00edch, thanh, t\u1ea5m v\u00e0 ph\u1ee5 ki\u1ec7n r\u00e8n n\u00f3i chung, c\u00e1c lo\u1ea1i c\u00f4ng nghi\u1ec7p v\u00e0 \u0111\u1eb7c bi\u1ec7t.<\/p>\n<\/div><\/section><\/div><\/p>","protected":false},"excerpt":{"rendered":"","protected":false},"author":1,"featured_media":0,"parent":0,"menu_order":0,"comment_status":"closed","ping_status":"closed","template":"","meta":{"footnotes":""},"class_list":["post-76","page","type-page","status-publish","hentry"],"aioseo_notices":[],"_links":{"self":[{"href":"https:\/\/wldstainless.com\/vi\/wp-json\/wp\/v2\/pages\/76","targetHints":{"allow":["GET"]}}],"collection":[{"href":"https:\/\/wldstainless.com\/vi\/wp-json\/wp\/v2\/pages"}],"about":[{"href":"https:\/\/wldstainless.com\/vi\/wp-json\/wp\/v2\/types\/page"}],"author":[{"embeddable":true,"href":"https:\/\/wldstainless.com\/vi\/wp-json\/wp\/v2\/users\/1"}],"replies":[{"embeddable":true,"href":"https:\/\/wldstainless.com\/vi\/wp-json\/wp\/v2\/comments?post=76"}],"version-history":[{"count":29,"href":"https:\/\/wldstainless.com\/vi\/wp-json\/wp\/v2\/pages\/76\/revisions"}],"predecessor-version":[{"id":2047,"href":"https:\/\/wldstainless.com\/vi\/wp-json\/wp\/v2\/pages\/76\/revisions\/2047"}],"wp:attachment":[{"href":"https:\/\/wldstainless.com\/vi\/wp-json\/wp\/v2\/media?parent=76"}],"curies":[{"name":"wp","href":"https:\/\/api.w.org\/{rel}","templated":true}]}}