{"id":558,"date":"2019-06-26T00:45:37","date_gmt":"2019-06-26T00:45:37","guid":{"rendered":"http:\/\/wldstainless.com\/?page_id=558"},"modified":"2020-12-11T05:43:53","modified_gmt":"2020-12-11T05:43:53","slug":"stainless-steel-cold-rolled-plate-sheet-coil","status":"publish","type":"page","link":"https:\/\/wldstainless.com\/vi\/products\/stainless-steel-cold-rolled-plate-sheet-coil\/","title":{"rendered":"Th\u00e9p kh\u00f4ng g\u1ec9 c\u00e1n ngu\u1ed9i t\u1ea5m\/t\u1ea5m\/cu\u1ed9n"},"content":{"rendered":"<div class=\"flex_column av_one_fourth  flex_column_div av-zero-column-padding first\" style='border-radius:0px; '><p><div class='avia-builder-widget-area clearfix'><div id=\"nav_menu-7\" class=\"widget clearfix widget_nav_menu\"><h3 class=\"widgettitle\">C\u00e1c s\u1ea3n ph\u1ea9m<\/h3><div class=\"menu-accessories-container\"><ul id=\"menu-accessories\" class=\"menu\"><li id=\"menu-item-1924\" class=\"menu-item menu-item-type-post_type menu-item-object-page menu-item-1924\"><a href=\"https:\/\/wldstainless.com\/vi\/products\/stainless-steel-angle\/\">G\u00f3c th\u00e9p kh\u00f4ng g\u1ec9<\/a><\/li>\n<li id=\"menu-item-1925\" class=\"menu-item menu-item-type-post_type menu-item-object-page menu-item-1925\"><a href=\"https:\/\/wldstainless.com\/vi\/products\/stainless-steel-beam\/\">D\u1ea7m th\u00e9p kh\u00f4ng g\u1ec9<\/a><\/li>\n<li id=\"menu-item-1926\" class=\"menu-item menu-item-type-post_type menu-item-object-page menu-item-1926\"><a href=\"https:\/\/wldstainless.com\/vi\/products\/stainless-steel-capillary-tubes\/\">\u1ed0ng mao d\u1eabn b\u1eb1ng th\u00e9p kh\u00f4ng g\u1ec9<\/a><\/li>\n<li id=\"menu-item-1927\" class=\"menu-item menu-item-type-post_type menu-item-object-page menu-item-1927\"><a href=\"https:\/\/wldstainless.com\/vi\/products\/stainless-steel-channel\/\">K\u00eanh th\u00e9p kh\u00f4ng g\u1ec9<\/a><\/li>\n<li id=\"menu-item-1928\" class=\"menu-item menu-item-type-post_type menu-item-object-page menu-item-1928\"><a href=\"https:\/\/wldstainless.com\/vi\/products\/stainless-steel-coiled-tube\/\">\u1ed0ng th\u00e9p kh\u00f4ng g\u1ec9 cu\u1ed9n<\/a><\/li>\n<li id=\"menu-item-1929\" class=\"menu-item menu-item-type-post_type menu-item-object-page menu-item-1929\"><a href=\"https:\/\/wldstainless.com\/vi\/products\/stainless-steel-cold-rolled-plate-sheet-coil\/\">Th\u00e9p kh\u00f4ng g\u1ec9 c\u00e1n ngu\u1ed9i t\u1ea5m\/t\u1ea5m\/cu\u1ed9n<\/a><\/li>\n<li id=\"menu-item-1930\" class=\"menu-item menu-item-type-post_type menu-item-object-page menu-item-1930\"><a href=\"https:\/\/wldstainless.com\/vi\/products\/stainless-steel-flats\/\">C\u0103n h\u1ed9 th\u00e9p kh\u00f4ng g\u1ec9<\/a><\/li>\n<li id=\"menu-item-1931\" class=\"menu-item menu-item-type-post_type menu-item-object-page menu-item-1931\"><a href=\"https:\/\/wldstainless.com\/vi\/products\/stainless-steel-hexagon-bars\/\">Thanh l\u1ee5c gi\u00e1c b\u1eb1ng th\u00e9p kh\u00f4ng g\u1ec9<\/a><\/li>\n<li id=\"menu-item-1932\" class=\"menu-item menu-item-type-post_type menu-item-object-page menu-item-1932\"><a href=\"https:\/\/wldstainless.com\/vi\/products\/stainless-steel-hot-rolled-plate-sheet-coil\/\">Th\u00e9p kh\u00f4ng g\u1ec9 c\u00e1n n\u00f3ng t\u1ea5m\/t\u1ea5m\/cu\u1ed9n<\/a><\/li>\n<li id=\"menu-item-1933\" class=\"menu-item menu-item-type-post_type menu-item-object-page menu-item-1933\"><a href=\"https:\/\/wldstainless.com\/vi\/products\/stainless-steel-large-diameter-pipe\/\">\u1ed0ng th\u00e9p kh\u00f4ng g\u1ec9 c\u00f3 \u0111\u01b0\u1eddng k\u00ednh l\u1edbn<\/a><\/li>\n<li id=\"menu-item-1934\" class=\"menu-item menu-item-type-post_type menu-item-object-page menu-item-1934\"><a href=\"https:\/\/wldstainless.com\/vi\/products\/stainless-steel-round-bars\/\">Thanh tr\u00f2n b\u1eb1ng th\u00e9p kh\u00f4ng g\u1ec9<\/a><\/li>\n<li id=\"menu-item-1935\" class=\"menu-item menu-item-type-post_type menu-item-object-page menu-item-1935\"><a href=\"https:\/\/wldstainless.com\/vi\/products\/stainless-steel-square-tube\/\">\u1ed0ng vu\u00f4ng th\u00e9p kh\u00f4ng g\u1ec9<\/a><\/li>\n<li id=\"menu-item-1936\" class=\"menu-item menu-item-type-post_type menu-item-object-page menu-item-1936\"><a href=\"https:\/\/wldstainless.com\/vi\/products\/stainless-steel-u-bend-tube\/\">\u1ed0ng u\u1ed1n ch\u1eef U b\u1eb1ng th\u00e9p kh\u00f4ng g\u1ec9<\/a><\/li>\n<\/ul><\/div><\/div><\/div><br \/>\n<div  class='hr hr-default'><span class='hr-inner' ><span class='hr-inner-style'><\/span><\/span><\/div><br \/>\n<div class='avia-button-wrap avia-button-left'><a href='http:\/\/wldstainless.com\/contact\/#contact' class='avia-button   avia-icon_select-yes-left-icon avia-color-custom avia-size-large avia-position-left'  target=\"_blank\"  style='background-color:#e82221; border-color:#e82221; color:#ffffff; ' ><span class='avia_button_icon avia_button_icon_left' aria-hidden='true' data-av_icon='\ue84b' data-av_iconfont='entypo-fontello'><\/span><span class='avia_iconbox_title' >Y\u00eau c\u1ea7u b\u00e1o gi\u00e1<\/span><\/a><\/div><\/p><\/div>\n<div class=\"flex_column av_three_fourth  flex_column_div\" style='padding:0px 0px 50px 0px ; border-radius:0px; '><p><div style='padding-bottom:10px;color:#d3311f;' class='av-special-heading av-special-heading-h3 custom-color-heading'><h3 class='av-special-heading-tag'  itemprop=\"headline\"  >T\u1ea5m\/t\u1ea5m\/cu\u1ed9n th\u00e9p kh\u00f4ng g\u1ec9 c\u00e1n ngu\u1ed9i<\/h3><div class='special-heading-border'><div class='special-heading-inner-border' style='border-color:#d3311f'><\/div><\/div><\/div><br \/>\n<div  class='hr hr-default'><span class='hr-inner' ><span class='hr-inner-style'><\/span><\/span><\/div><br \/>\n<section class=\"av_textblock_section\"  itemscope=\"itemscope\" itemtype=\"https:\/\/schema.org\/CreativeWork\" ><div class='avia_textblock'   itemprop=\"text\" ><p>\u0110\u00fang nh\u01b0 t\u00ean g\u1ecdi, t\u1ea5m c\u00e1n ngu\u1ed9i b\u1eb1ng th\u00e9p kh\u00f4ng g\u1ec9 l\u00e0 t\u1ea5m th\u00e9p kh\u00f4ng g\u1ec9 \u0111\u01b0\u1ee3c s\u1ea3n xu\u1ea5t theo quy tr\u00ecnh c\u00e1n ngu\u1ed9i. Ch\u00fang t\u00f4i th\u01b0\u1eddng g\u1ecdi \u0111\u1ed9 d\u00e0y d\u01b0\u1edbi 3 mm \u0111\u1ed1i v\u1edbi t\u1ea5m v\u00e0 h\u01a1n 3 mm \u0111\u1ed1i v\u1edbi t\u1ea5m. C\u00e1c s\u1ea3n ph\u1ea9m t\u1ea5m\/t\u1ea5m, cu\u1ed9n v\u00e0 d\u1ea3i c\u00e1n ngu\u1ed9i b\u1eb1ng th\u00e9p kh\u00f4ng g\u1ec9 c\u00f3 kh\u1ea3 n\u0103ng ch\u1ed1ng \u0103n m\u00f2n tuy\u1ec7t v\u1eddi, t\u00ednh ch\u1ea5t c\u01a1 h\u1ecdc t\u1ed1t, t\u00ednh ch\u1ea5t gia c\u00f4ng v\u00e0 nhi\u1ec1u lo\u1ea1i ho\u00e0n thi\u1ec7n b\u1ec1 m\u1eb7t, \u0111\u00e3 \u0111\u01b0\u1ee3c s\u1eed d\u1ee5ng r\u1ed9ng r\u00e3i trong c\u00e1c thi\u1ebft b\u1ecb gia d\u1ee5ng, h\u00f3a d\u1ea7u, thi\u1ebft b\u1ecb y t\u1ebf, \u00f4 t\u00f4, t\u00e0u th\u1ee7y, \u0111i\u1ec7n t\u1eed ch\u00ednh x\u00e1c v\u00e0 c\u00e1c l\u0129nh v\u1ef1c kh\u00e1c.<\/p>\n<p>T\u00e1i x\u1eed l\u00fd b\u1ec1 m\u1eb7t c\u00e1n ngu\u1ed9i cho ph\u00e9p b\u1ec1 m\u1eb7t th\u00e9p kh\u00f4ng g\u1ec9 th\u1ec3 hi\u1ec7n m\u1ed9t l\u1edbp ho\u00e0n thi\u1ec7n, k\u1ebft c\u1ea5u v\u00e0 m\u00e0u s\u1eafc kh\u00e1c. B\u1ec1 m\u1eb7t ho\u00e0n thi\u1ec7n c\u1ee7a t\u1ea5m c\u00e1n ngu\u1ed9i b\u1eb1ng th\u00e9p kh\u00f4ng g\u1ec9 bao g\u1ed3m 2D, 2B, No.3, No.4, 240, 320, No.7, No.8, HL, BA, TR, tr\u1ea1ng th\u00e1i c\u1ee9ng, d\u1eadp n\u1ed5i v\u00e0 c\u00e1c lo\u1ea1i b\u1ec1 m\u1eb7t kh\u00e1c. N\u00f3 c\u00f3 th\u1ec3 \u0111\u01b0\u1ee3c x\u1eed l\u00fd th\u00eam b\u1eb1ng c\u00e1ch m\u1ea1 \u0111i\u1ec7n, \u0111\u00e1nh b\u00f3ng b\u1eb1ng \u0111i\u1ec7n, kh\u1eafc axit, m\u00e0i m\u00f2n, t\u1ea1o m\u00e0u, ph\u1ee7 v\u00e0 c\u00e1c k\u1ebft h\u1ee3p kh\u00e1c nhau d\u1ef1a tr\u00ean c\u00e1n ngu\u1ed9i.<\/p>\n<p>L\u00e0 nh\u00e0 cung c\u1ea5p v\u00e0 s\u1ea3n xu\u1ea5t c\u00e1c lo\u1ea1i t\u1ea5m, t\u1ea5m inox tu\u00e2n th\u1ee7 c\u00e1c ti\u00eau chu\u1ea9n ASTM, ASME v\u00e0 EN. Th\u00e9p WLD cung c\u1ea5p c\u00e1c s\u1ea3n ph\u1ea9m n\u00e0y c\u00f3 s\u1eb5n \u1edf c\u00e1c lo\u1ea1i 201, 304\/304L, 316\/316L, 430, 410S, 409\/409L v\u00e0 lo\u1ea1i song c\u00f4ng 2205, t\u1ea5t c\u1ea3 c\u00e1c s\u1ea3n ph\u1ea9m c\u1ee7a ch\u00fang t\u00f4i c\u00f3 th\u1ec3 \u0111\u01b0\u1ee3c x\u1eed l\u00fd l\u1ea1i \u0111\u1ec3 u\u1ed1n, c\u1eaft, t\u1ea9y, x\u1eed l\u00fd nhi\u1ec7t, tr\u00e1ng ho\u1eb7c nh\u1eefng th\u1ee9 kh\u00e1c.<\/p>\n<\/div><\/section><br \/>\n<section class=\"av_textblock_section\"  itemscope=\"itemscope\" itemtype=\"https:\/\/schema.org\/CreativeWork\" ><div class='avia_textblock'   itemprop=\"text\" ><p>Th\u00f4ng s\u1ed1 k\u1ef9 thu\u1eadt: ASTM A240, ASTM A480<\/p>\n<p>B\u1ec1 m\u1eb7t ho\u00e0n thi\u1ec7n: No1, 2D, 2B, BA, No 3, No4, No8, HL,<\/p>\n<p>K\u00edch th\u01b0\u1edbc: 800-1300*0,2-3,0mm (Cu\u1ed9n d\u00e2y); 800-2000*0.2-100mm(T\u1ea5m)<\/p>\n<p>C\u00e1c l\u1edbp c\u00f3 s\u1eb5n: 201, <a href=\"https:\/\/wldstainless.com\/materials\/austenitic-stainless-steel\/304-304l-stainless-steel\/\">304\/304L<\/a>, <a href=\"https:\/\/wldstainless.com\/materials\/austenitic-stainless-steel\/316-316l-stainless-steel\/\">316\/316L<\/a>, 317, 309S, 321H, <a href=\"https:\/\/wldstainless.com\/materials\/austenitic-stainless-steel\/347-347h-stainless-steel\/\">347<\/a>, 409L,<a href=\"https:\/\/wldstainless.com\/materials\/austenitic-stainless-steel\/904l-stainless-steel\/\"> 904L<\/a>,<a href=\"https:\/\/wldstainless.com\/materials\/duplex-stainless-steel\/alloy-2205-stainless-steel\/\"> 2205<\/a><\/p>\n<h4>K\u00edch th\u01b0\u1edbc c\u1ee7a t\u1ea5m\/t\u1ea5m\/cu\u1ed9n th\u00e9p kh\u00f4ng g\u1ec9 c\u00e1n ngu\u1ed9i<\/h4>\n<table>\n<tbody>\n<tr>\n<td width=\"13.1000%\">C\u00e1c lo\u1ea1i ho\u00e0n thi\u1ec7n b\u1ec1 m\u1eb7t<\/td>\n<td colspan=\"2\" width=\"32.5400%\">C\u00e1c s\u1ea3n ph\u1ea9m<\/td>\n<td width=\"14.6200%\">\u0110\u1ed9 d\u00e0y danh ngh\u0129a, mm<\/td>\n<td width=\"14.6400%\">Chi\u1ec1u r\u1ed9ng danh ngh\u0129a, mm<\/td>\n<td width=\"22.9000%\">T\u1ea5m Chi\u1ec1u d\u00e0i danh ngh\u0129a ho\u1eb7c \u0110\u01b0\u1eddng k\u00ednh b\u00ean trong cu\u1ed9n, mm<\/td>\n<\/tr>\n<tr>\n<td rowspan=\"5\" width=\"13.1000%\">S\u1ed1 2E<\/td>\n<td rowspan=\"2\" width=\"14.4200%\">T\u1ea5m th\u00e9p<\/td>\n<td width=\"17.7600%\">C\u1eaft c\u1ea1nh<\/td>\n<td rowspan=\"2\" width=\"14.6200%\">1.4\uff5e6.5<\/td>\n<td width=\"14.6400%\">730\uff5e1570<\/td>\n<td rowspan=\"2\" width=\"22.9000%\">1000\uff5e12000(T\u1ea5m)<\/td>\n<\/tr>\n<tr>\n<td width=\"17.7600%\">Kh\u00f4ng c\u1eaft c\u1ea1nh<\/td>\n<td width=\"14.6400%\">750\uff5e1600<\/td>\n<\/tr>\n<tr>\n<td rowspan=\"2\" width=\"14.4200%\">Cu\u1ed9n d\u00e2y th\u00e9p<\/td>\n<td width=\"17.7600%\">C\u1eaft c\u1ea1nh<\/td>\n<td rowspan=\"2\" width=\"14.6200%\">1.4\uff5e6.5<\/td>\n<td width=\"14.6400%\">730\uff5e1570<\/td>\n<td rowspan=\"2\" width=\"22.9000%\">610(Cu\u1ed9n d\u00e2y)<\/td>\n<\/tr>\n<tr>\n<td width=\"17.7600%\">Kh\u00f4ng c\u1eaft c\u1ea1nh<\/td>\n<td width=\"14.6400%\">750\uff5e1600<\/td>\n<\/tr>\n<tr>\n<td colspan=\"2\" width=\"32.5400%\">Th\u00e9p cu\u1ed9n c\u1eaft d\u1ecdc<\/td>\n<td width=\"14.6200%\">1.4\uff5e3.0<\/td>\n<td width=\"14.6400%\">120\uff5e700<\/td>\n<td width=\"22.9000%\">508\/610 (Cu\u1ed9n d\u00e2y)<\/td>\n<\/tr>\n<tr>\n<td rowspan=\"5\" width=\"13.1000%\">s\u1ed1 2D<br \/>\nS\u1ed1 2B<\/td>\n<td rowspan=\"2\" width=\"14.4200%\">T\u1ea5m th\u00e9p<\/td>\n<td width=\"17.7600%\">C\u1eaft c\u1ea1nh<\/td>\n<td rowspan=\"2\" width=\"14.6200%\">0,20\uff5e3,0<\/td>\n<td width=\"14.6400%\">730\uff5e1350<\/td>\n<td rowspan=\"2\" width=\"22.9000%\">1000\uff5e5000 (T\u1ea5m)<\/td>\n<\/tr>\n<tr>\n<td width=\"17.7600%\">Kh\u00f4ng c\u1eaft c\u1ea1nh<\/td>\n<td width=\"14.6400%\">750\uff5e1350<\/td>\n<\/tr>\n<tr>\n<td rowspan=\"2\" width=\"14.4200%\">Cu\u1ed9n d\u00e2y th\u00e9p<\/td>\n<td width=\"17.7600%\">C\u1eaft c\u1ea1nh<\/td>\n<td rowspan=\"2\" width=\"14.6200%\">0,20\uff5e5,0<\/td>\n<td width=\"14.6400%\">730\uff5e1570<\/td>\n<td rowspan=\"3\" width=\"22.9000%\">508\/610 (Cu\u1ed9n d\u00e2y)<\/td>\n<\/tr>\n<tr>\n<td width=\"17.7600%\">Kh\u00f4ng c\u1eaft c\u1ea1nh<\/td>\n<td width=\"14.6400%\">750\uff5e1600<\/td>\n<\/tr>\n<tr>\n<td colspan=\"2\" width=\"32.5400%\">Th\u00e9p cu\u1ed9n c\u1eaft d\u1ecdc<\/td>\n<td width=\"14.6200%\">0,20\uff5e3,0<\/td>\n<td width=\"14.6400%\">120\uff5e700<\/td>\n<\/tr>\n<tr>\n<td rowspan=\"5\" width=\"13.1000%\">S\u1ed1 3<br \/>\nS\u1ed1 4<br \/>\nHL<br \/>\nba<\/td>\n<td rowspan=\"2\" width=\"14.4200%\">T\u1ea5m th\u00e9p<\/td>\n<td width=\"17.7600%\">C\u1eaft c\u1ea1nh<\/td>\n<td rowspan=\"2\" width=\"14.6200%\">0,20\uff5e3,0<\/td>\n<td width=\"14.6400%\">730\uff5e1350<\/td>\n<td rowspan=\"2\" width=\"22.9000%\">1000\uff5e9000 (T\u1ea5m)<\/td>\n<\/tr>\n<tr>\n<td width=\"17.7600%\">Kh\u00f4ng c\u1eaft c\u1ea1nh<\/td>\n<td width=\"14.6400%\">750\uff5e1350<\/td>\n<\/tr>\n<tr>\n<td rowspan=\"2\" width=\"14.4200%\">Cu\u1ed9n d\u00e2y th\u00e9p<\/td>\n<td width=\"17.7600%\">C\u1eaft c\u1ea1nh<\/td>\n<td rowspan=\"2\" width=\"14.6200%\">0,20\uff5e3,0<\/td>\n<td width=\"14.6400%\">730\uff5e1570<\/td>\n<td rowspan=\"3\" width=\"22.9000%\">508\/610 (Cu\u1ed9n d\u00e2y)<\/td>\n<\/tr>\n<tr>\n<td width=\"17.7600%\">Kh\u00f4ng c\u1eaft c\u1ea1nh<\/td>\n<td width=\"14.6400%\">750\uff5e1600<\/td>\n<\/tr>\n<tr>\n<td colspan=\"2\" width=\"32.5400%\">D\u1ea3i th\u00e9p c\u1eaft d\u1ecdc<\/td>\n<td width=\"14.6200%\">0,20\uff5e3,0<\/td>\n<td width=\"14.6400%\">120\uff5e700<\/td>\n<\/tr>\n<\/tbody>\n<\/table>\n<\/div><\/section><\/p><\/div>","protected":false},"excerpt":{"rendered":"","protected":false},"author":1,"featured_media":0,"parent":346,"menu_order":0,"comment_status":"closed","ping_status":"closed","template":"","meta":{"footnotes":""},"class_list":["post-558","page","type-page","status-publish","hentry"],"aioseo_notices":[],"_links":{"self":[{"href":"https:\/\/wldstainless.com\/vi\/wp-json\/wp\/v2\/pages\/558","targetHints":{"allow":["GET"]}}],"collection":[{"href":"https:\/\/wldstainless.com\/vi\/wp-json\/wp\/v2\/pages"}],"about":[{"href":"https:\/\/wldstainless.com\/vi\/wp-json\/wp\/v2\/types\/page"}],"author":[{"embeddable":true,"href":"https:\/\/wldstainless.com\/vi\/wp-json\/wp\/v2\/users\/1"}],"replies":[{"embeddable":true,"href":"https:\/\/wldstainless.com\/vi\/wp-json\/wp\/v2\/comments?post=558"}],"version-history":[{"count":16,"href":"https:\/\/wldstainless.com\/vi\/wp-json\/wp\/v2\/pages\/558\/revisions"}],"predecessor-version":[{"id":2054,"href":"https:\/\/wldstainless.com\/vi\/wp-json\/wp\/v2\/pages\/558\/revisions\/2054"}],"up":[{"embeddable":true,"href":"https:\/\/wldstainless.com\/vi\/wp-json\/wp\/v2\/pages\/346"}],"wp:attachment":[{"href":"https:\/\/wldstainless.com\/vi\/wp-json\/wp\/v2\/media?parent=558"}],"curies":[{"name":"wp","href":"https:\/\/api.w.org\/{rel}","templated":true}]}}