{"id":2097,"date":"2021-02-25T07:34:33","date_gmt":"2021-02-25T07:34:33","guid":{"rendered":"https:\/\/wldstainless.com\/?page_id=2097"},"modified":"2021-02-25T09:01:19","modified_gmt":"2021-02-25T09:01:19","slug":"stainless-steel-pipe-reducer","status":"publish","type":"page","link":"https:\/\/wldstainless.com\/vi\/products\/stainless-steel-pipe-reducer\/","title":{"rendered":"Gi\u1ea3m t\u1ed1c \u1ed1ng th\u00e9p kh\u00f4ng g\u1ec9"},"content":{"rendered":"<div class=\"flex_column av_one_fourth  flex_column_div av-zero-column-padding first\" style='border-radius:0px; '><p><div class='avia-builder-widget-area clearfix'><div id=\"nav_menu-7\" class=\"widget clearfix widget_nav_menu\"><h3 class=\"widgettitle\">C\u00e1c s\u1ea3n ph\u1ea9m<\/h3><div class=\"menu-accessories-container\"><ul id=\"menu-accessories\" class=\"menu\"><li id=\"menu-item-1924\" class=\"menu-item menu-item-type-post_type menu-item-object-page menu-item-1924\"><a href=\"https:\/\/wldstainless.com\/vi\/products\/stainless-steel-angle\/\">G\u00f3c th\u00e9p kh\u00f4ng g\u1ec9<\/a><\/li>\n<li id=\"menu-item-1925\" class=\"menu-item menu-item-type-post_type menu-item-object-page menu-item-1925\"><a href=\"https:\/\/wldstainless.com\/vi\/products\/stainless-steel-beam\/\">D\u1ea7m th\u00e9p kh\u00f4ng g\u1ec9<\/a><\/li>\n<li id=\"menu-item-1926\" class=\"menu-item menu-item-type-post_type menu-item-object-page menu-item-1926\"><a href=\"https:\/\/wldstainless.com\/vi\/products\/stainless-steel-capillary-tubes\/\">\u1ed0ng mao d\u1eabn b\u1eb1ng th\u00e9p kh\u00f4ng g\u1ec9<\/a><\/li>\n<li id=\"menu-item-1927\" class=\"menu-item menu-item-type-post_type menu-item-object-page menu-item-1927\"><a href=\"https:\/\/wldstainless.com\/vi\/products\/stainless-steel-channel\/\">K\u00eanh th\u00e9p kh\u00f4ng g\u1ec9<\/a><\/li>\n<li id=\"menu-item-1928\" class=\"menu-item menu-item-type-post_type menu-item-object-page menu-item-1928\"><a href=\"https:\/\/wldstainless.com\/vi\/products\/stainless-steel-coiled-tube\/\">\u1ed0ng th\u00e9p kh\u00f4ng g\u1ec9 cu\u1ed9n<\/a><\/li>\n<li id=\"menu-item-1929\" class=\"menu-item menu-item-type-post_type menu-item-object-page menu-item-1929\"><a href=\"https:\/\/wldstainless.com\/vi\/products\/stainless-steel-cold-rolled-plate-sheet-coil\/\">Th\u00e9p kh\u00f4ng g\u1ec9 c\u00e1n ngu\u1ed9i t\u1ea5m\/t\u1ea5m\/cu\u1ed9n<\/a><\/li>\n<li id=\"menu-item-1930\" class=\"menu-item menu-item-type-post_type menu-item-object-page menu-item-1930\"><a href=\"https:\/\/wldstainless.com\/vi\/products\/stainless-steel-flats\/\">C\u0103n h\u1ed9 th\u00e9p kh\u00f4ng g\u1ec9<\/a><\/li>\n<li id=\"menu-item-1931\" class=\"menu-item menu-item-type-post_type menu-item-object-page menu-item-1931\"><a href=\"https:\/\/wldstainless.com\/vi\/products\/stainless-steel-hexagon-bars\/\">Thanh l\u1ee5c gi\u00e1c b\u1eb1ng th\u00e9p kh\u00f4ng g\u1ec9<\/a><\/li>\n<li id=\"menu-item-1932\" class=\"menu-item menu-item-type-post_type menu-item-object-page menu-item-1932\"><a href=\"https:\/\/wldstainless.com\/vi\/products\/stainless-steel-hot-rolled-plate-sheet-coil\/\">Th\u00e9p kh\u00f4ng g\u1ec9 c\u00e1n n\u00f3ng t\u1ea5m\/t\u1ea5m\/cu\u1ed9n<\/a><\/li>\n<li id=\"menu-item-1933\" class=\"menu-item menu-item-type-post_type menu-item-object-page menu-item-1933\"><a href=\"https:\/\/wldstainless.com\/vi\/products\/stainless-steel-large-diameter-pipe\/\">\u1ed0ng th\u00e9p kh\u00f4ng g\u1ec9 c\u00f3 \u0111\u01b0\u1eddng k\u00ednh l\u1edbn<\/a><\/li>\n<li id=\"menu-item-1934\" class=\"menu-item menu-item-type-post_type menu-item-object-page menu-item-1934\"><a href=\"https:\/\/wldstainless.com\/vi\/products\/stainless-steel-round-bars\/\">Thanh tr\u00f2n b\u1eb1ng th\u00e9p kh\u00f4ng g\u1ec9<\/a><\/li>\n<li id=\"menu-item-1935\" class=\"menu-item menu-item-type-post_type menu-item-object-page menu-item-1935\"><a href=\"https:\/\/wldstainless.com\/vi\/products\/stainless-steel-square-tube\/\">\u1ed0ng vu\u00f4ng th\u00e9p kh\u00f4ng g\u1ec9<\/a><\/li>\n<li id=\"menu-item-1936\" class=\"menu-item menu-item-type-post_type menu-item-object-page menu-item-1936\"><a href=\"https:\/\/wldstainless.com\/vi\/products\/stainless-steel-u-bend-tube\/\">\u1ed0ng u\u1ed1n ch\u1eef U b\u1eb1ng th\u00e9p kh\u00f4ng g\u1ec9<\/a><\/li>\n<\/ul><\/div><\/div><\/div><br \/>\n<div  class='hr hr-default'><span class='hr-inner' ><span class='hr-inner-style'><\/span><\/span><\/div><br \/>\n<div class='avia-button-wrap avia-button-left'><a href='http:\/\/wldstainless.com\/contact\/#contact' class='avia-button   avia-icon_select-yes-left-icon avia-color-custom avia-size-large avia-position-left'  target=\"_blank\"  style='background-color:#e82221; border-color:#e82221; color:#ffffff; ' ><span class='avia_button_icon avia_button_icon_left' aria-hidden='true' data-av_icon='\ue84b' data-av_iconfont='entypo-fontello'><\/span><span class='avia_iconbox_title' >Y\u00eau c\u1ea7u b\u00e1o gi\u00e1<\/span><\/a><\/div><\/p><\/div>\n<div class=\"flex_column av_three_fourth  flex_column_div\" style='padding:0px 0px 50px 0px ; border-radius:0px; '><p><div style='padding-bottom:10px;' class='av-special-heading av-special-heading-h3'><h3 class='av-special-heading-tag'  itemprop=\"headline\"  >Gi\u1ea3m t\u1ed1c \u1ed1ng th\u00e9p kh\u00f4ng g\u1ec9 <\/h3><div class='special-heading-border'><div class='special-heading-inner-border' ><\/div><\/div><\/div><br \/>\n<div class='avia-gallery  avia-gallery-1 avia_lazyload avia_animate_when_visible'  itemprop=\"ImageObject\" itemscope=\"itemscope\" itemtype=\"https:\/\/schema.org\/ImageObject\" ><div class='avia-gallery-thumb'> <a href='https:\/\/wldstainless.com\/wp-content\/uploads\/2021\/02\/WP304-Reducer-1.png' data-rel='gallery-1' data-prev-img='https:\/\/wldstainless.com\/wp-content\/uploads\/2021\/02\/WP304-Reducer-1.png' class='first_thumb lightbox' data-onclick='1' title=''  itemprop=\"thumbnailUrl\" ><img  src='https:\/\/wldstainless.com\/wp-content\/uploads\/2021\/02\/WP304-Reducer-1.png' width='300' height='300'  title='B\u1ed9 gi\u1ea3m t\u1ed1c WP304' alt='' \/><\/a> <a href='https:\/\/wldstainless.com\/wp-content\/uploads\/2021\/02\/Eccentric-Reducer-1.jpg' data-rel='gallery-1' data-prev-img='https:\/\/wldstainless.com\/wp-content\/uploads\/2021\/02\/Eccentric-Reducer-1.jpg' class='lightbox' data-onclick='2' title=''  itemprop=\"thumbnailUrl\" ><img  src='https:\/\/wldstainless.com\/wp-content\/uploads\/2021\/02\/Eccentric-Reducer-1.jpg' width='300' height='300'  title='B\u1ed9 gi\u1ea3m l\u1ec7ch t\u00e2m' alt='' \/><\/a> <a href='https:\/\/wldstainless.com\/wp-content\/uploads\/2021\/02\/A403-Reducer-1.jpg' data-rel='gallery-1' data-prev-img='https:\/\/wldstainless.com\/wp-content\/uploads\/2021\/02\/A403-Reducer-1.jpg' class='lightbox' data-onclick='3' title=''  itemprop=\"thumbnailUrl\" ><img  src='https:\/\/wldstainless.com\/wp-content\/uploads\/2021\/02\/A403-Reducer-1.jpg' width='300' height='300'  title='B\u1ed9 gi\u1ea3m t\u1ed1c A403' alt='' \/><\/a><\/div><\/div><br \/>\n<div  class='hr hr-default'><span class='hr-inner' ><span class='hr-inner-style'><\/span><\/span><\/div><br \/>\n<section class=\"av_textblock_section\"  itemscope=\"itemscope\" itemtype=\"https:\/\/schema.org\/CreativeWork\" ><div class='avia_textblock'   itemprop=\"text\" ><p>B\u1ed9 gi\u1ea3m t\u1ed1c \u0111\u01b0\u1ee3c s\u1eed d\u1ee5ng ph\u1ed5 bi\u1ebfn nh\u1ea5t \u0111\u1ec3 k\u1ebft n\u1ed1i \u0111\u01b0\u1eddng \u1ed1ng nh\u1eb1m gi\u1ea3m ho\u1eb7c m\u1edf r\u1ed9ng \u0111\u01b0\u1eddng \u1ed1ng v\u1edbi c\u00e1c \u0111\u01b0\u1eddng k\u00ednh kh\u00e1c nhau, n\u00f3 bao g\u1ed3m b\u1ed9 gi\u1ea3m t\u1ed1c \u0111\u1ed3ng t\u00e2m v\u00e0 b\u1ed9 gi\u1ea3m t\u1ed1c l\u1ec7ch t\u00e2m. B\u1ed9 gi\u1ea3m t\u1ed1c \u0111\u1ed3ng t\u00e2m c\u00f3 th\u1ec3 \u0111\u01b0\u1ee3c s\u1eed d\u1ee5ng \u0111\u1ec3 k\u1ebft n\u1ed1i m\u1ed9t \u1ed1ng l\u1edbn v\u1edbi m\u1ed9t \u1ed1ng nh\u1ecf h\u01a1n v\u00e0 m\u1ed9t b\u1ed9 gi\u1ea3m t\u1ed1c l\u1ec7ch t\u00e2m cho ph\u00e9p h\u00e0n m\u1ed9t \u1ed1ng l\u1edbn v\u1edbi m\u1ed9t \u1ed1ng nh\u1ecf h\u01a1n v\u1edbi \u0111\u01b0\u1eddng t\u00e2m l\u1ec7ch t\u00e2m.<\/p>\n<p>WLD Steel l\u00e0 nh\u00e0 s\u1ea3n xu\u1ea5t, nh\u00e0 cung c\u1ea5p v\u00e0 t\u1ed3n kho h\u00e0ng \u0111\u1ea7u v\u1ec1 b\u1ed9 gi\u1ea3m t\u1ed1c \u1ed1ng th\u00e9p kh\u00f4ng g\u1ec9 v\u1edbi nhi\u1ec1u c\u1ea5p \u0111\u1ed9 v\u00e0 k\u00edch c\u1ee1 kh\u00e1c nhau, ch\u00fang t\u00f4i ch\u1ee7 y\u1ebfu cung c\u1ea5p b\u1ed9 gi\u1ea3m t\u1ed1c \u1ed1ng gi\u1ea3m t\u1ed1c b\u1eb1ng th\u00e9p kh\u00f4ng g\u1ec9 v\u00e0 th\u00e9p kh\u00f4ng g\u1ec9 song, b\u1ed9 gi\u1ea3m t\u1ed1c d\u1ea1ng v\u00edt v\u00e0 b\u1ed9 gi\u1ea3m t\u1ed1c m\u1eb7t b\u00edch theo ti\u00eau chu\u1ea9n ASTM A403 v\u00e0 ASTM A815.<\/p>\n<h4><strong>Th\u00f4ng s\u1ed1 k\u1ef9 thu\u1eadt khu\u1ef7u \u1ed1ng<\/strong><\/h4>\n<table>\n<tbody>\n<tr>\n<td width=\"426\">C\u00e1c h\u00ecnh th\u1ee9c:<\/td>\n<td width=\"426\">\n<ul>\n<li>B\u1ed9 gi\u1ea3m t\u1ed1c \u0111\u1ed3ng t\u00e2m v\u00e0 b\u1ed9 gi\u1ea3m t\u1ed1c l\u1ec7ch t\u00e2m<\/li>\n<li>b\u1ed9 gi\u1ea3m t\u1ed1c m\u00f4ng, b\u1ed9 gi\u1ea3m t\u1ed1c b\u1eaft v\u00edt v\u00e0 b\u1ed9 gi\u1ea3m t\u1ed1c m\u1eb7t b\u00edch<\/li>\n<\/ul>\n<\/td>\n<\/tr>\n<tr>\n<td width=\"426\">V\u1eadt li\u1ec7u<\/td>\n<td width=\"426\">Th\u00e9p kh\u00f4ng g\u1ec9<\/p>\n<p>Th\u00e9p kh\u00f4ng g\u1ec9 song c\u00f4ng<\/td>\n<\/tr>\n<tr>\n<td width=\"426\">S\u1ef1 ch\u1ec9 r\u00f5<\/td>\n<td width=\"426\">ASTM A403, ASTM A815, ANSI\/ASME B16.9, B16.28, MSS-SP-43<\/td>\n<\/tr>\n<tr>\n<td width=\"426\">K\u00edch c\u1ee1<\/td>\n<td width=\"426\">B\u1ed9 gi\u1ea3m t\u1ed1c li\u1ec1n m\u1ea1ch (SMLS): 1\/2&quot;-24&quot;, DN15-DN600<\/p>\n<p>B\u1ed9 gi\u1ea3m t\u1ed1c h\u00e0n m\u00f4ng(SEAM): 24\u2033-72\u201d, DN600-DN1800<\/td>\n<\/tr>\n<\/tbody>\n<\/table>\n<\/div><\/section><br \/>\n<div  class='hr hr-default'><span class='hr-inner' ><span class='hr-inner-style'><\/span><\/span><\/div><br \/>\n<section class=\"av_textblock_section\"  itemscope=\"itemscope\" itemtype=\"https:\/\/schema.org\/CreativeWork\" ><div class='avia_textblock'   itemprop=\"text\" ><h4>C\u00e1c lo\u1ea1i Gi\u1ea3m t\u1ed1c c\u00f3 s\u1eb5n t\u1ea1i WID Steel<\/h4>\n<ul>\n<li>Th\u00e9p kh\u00f4ng g\u1ec9 <a href=\"https:\/\/wldstainless.com\/materials\/austenitic-stainless-steel\/304-304l-stainless-steel\/\">304\/304L<\/a> Gi\u1ea3m t\u1ed1c<\/li>\n<li>Th\u00e9p kh\u00f4ng g\u1ec9 <a href=\"https:\/\/wldstainless.com\/materials\/austenitic-stainless-steel\/310s-stainless-steel\/\">310\/310S<\/a> Gi\u1ea3m t\u1ed1c<\/li>\n<li>Th\u00e9p kh\u00f4ng g\u1ec9 <a href=\"https:\/\/wldstainless.com\/materials\/austenitic-stainless-steel\/316-316l-stainless-steel\/\">316\/316L<\/a> Gi\u1ea3m t\u1ed1c<\/li>\n<li>Th\u00e9p kh\u00f4ng g\u1ec9 <a href=\"https:\/\/wldstainless.com\/materials\/austenitic-stainless-steel\/321-321h-stainless-steel\/\">321<\/a> Gi\u1ea3m t\u1ed1c<\/li>\n<li>Th\u00e9p kh\u00f4ng g\u1ec9 <a href=\"https:\/\/wldstainless.com\/materials\/austenitic-stainless-steel\/347-347h-stainless-steel\/\">347H<\/a> Gi\u1ea3m t\u1ed1c<\/li>\n<li>Th\u00e9p kh\u00f4ng g\u1ec9 <a href=\"https:\/\/wldstainless.com\/materials\/austenitic-stainless-steel\/904l-stainless-steel\/\">904L<\/a> Gi\u1ea3m t\u1ed1c<\/li>\n<li>Th\u00e9p kh\u00f4ng g\u1ec9 <a href=\"https:\/\/wldstainless.com\/materials\/ferritic-stainless-steel\/409-409l-stainless-steel\/\">409\/409L<\/a> Gi\u1ea3m t\u1ed1c<\/li>\n<li>Th\u00e9p kh\u00f4ng g\u1ec9 <a href=\"https:\/\/wldstainless.com\/materials\/ferritic-stainless-steel\/410-410s-stainless-steel\/\">410\/410S<\/a> Gi\u1ea3m t\u1ed1c<\/li>\n<li>Th\u00e9p kh\u00f4ng g\u1ec9 <a href=\"https:\/\/wldstainless.com\/materials\/martensitic-stainless-steel\/420-stainless-steel\/\">420<\/a> Gi\u1ea3m t\u1ed1c<\/li>\n<li>Th\u00e9p kh\u00f4ng g\u1ec9 song c\u00f4ng <a href=\"https:\/\/wldstainless.com\/materials\/duplex-stainless-steel\/alloy-2205-stainless-steel\/\">2205<\/a> Gi\u1ea3m t\u1ed1c<\/li>\n<\/ul>\n<\/div><\/section><\/p><\/div>","protected":false},"excerpt":{"rendered":"","protected":false},"author":1,"featured_media":0,"parent":346,"menu_order":0,"comment_status":"closed","ping_status":"closed","template":"","meta":{"footnotes":""},"class_list":["post-2097","page","type-page","status-publish","hentry"],"aioseo_notices":[],"_links":{"self":[{"href":"https:\/\/wldstainless.com\/vi\/wp-json\/wp\/v2\/pages\/2097","targetHints":{"allow":["GET"]}}],"collection":[{"href":"https:\/\/wldstainless.com\/vi\/wp-json\/wp\/v2\/pages"}],"about":[{"href":"https:\/\/wldstainless.com\/vi\/wp-json\/wp\/v2\/types\/page"}],"author":[{"embeddable":true,"href":"https:\/\/wldstainless.com\/vi\/wp-json\/wp\/v2\/users\/1"}],"replies":[{"embeddable":true,"href":"https:\/\/wldstainless.com\/vi\/wp-json\/wp\/v2\/comments?post=2097"}],"version-history":[{"count":2,"href":"https:\/\/wldstainless.com\/vi\/wp-json\/wp\/v2\/pages\/2097\/revisions"}],"predecessor-version":[{"id":2105,"href":"https:\/\/wldstainless.com\/vi\/wp-json\/wp\/v2\/pages\/2097\/revisions\/2105"}],"up":[{"embeddable":true,"href":"https:\/\/wldstainless.com\/vi\/wp-json\/wp\/v2\/pages\/346"}],"wp:attachment":[{"href":"https:\/\/wldstainless.com\/vi\/wp-json\/wp\/v2\/media?parent=2097"}],"curies":[{"name":"wp","href":"https:\/\/api.w.org\/{rel}","templated":true}]}}