{"id":197,"date":"2019-05-16T14:56:59","date_gmt":"2019-05-16T14:56:59","guid":{"rendered":"http:\/\/wldstainless.com\/?page_id=197"},"modified":"2020-12-11T03:38:18","modified_gmt":"2020-12-11T03:38:18","slug":"steel-services","status":"publish","type":"page","link":"https:\/\/wldstainless.com\/vi\/about\/steel-services\/","title":{"rendered":"D\u1ecaCH V\u1ee4"},"content":{"rendered":"<\/div><\/div><\/div><!-- close content main div --><\/div><\/div><div id='aboutpage' class='avia-section main_color avia-section-small avia-no-shadow avia-bg-style-scroll   container_wrap sidebar_left'   ><div class='container' ><div class='template-page content  av-content-small units'><div class='post-entry post-entry-type-page post-entry-197'><div class='entry-content-wrapper clearfix'>\n<div class=\"flex_column av_one_full  flex_column_div av-zero-column-padding first\" style='border-radius:0px; '><section class=\"av_textblock_section\"  itemscope=\"itemscope\" itemtype=\"https:\/\/schema.org\/CreativeWork\" ><div class='avia_textblock'   itemprop=\"text\" ><p>V\u1edbi thi\u1ebft b\u1ecb ti\u00ean ti\u1ebfn v\u00e0 k\u1ebf ho\u1ea1ch s\u1ea3n xu\u1ea5t nghi\u00eam ng\u1eb7t, WLD Steel s\u1ea3n xu\u1ea5t c\u00e1c s\u1ea3n ph\u1ea9m \u0111\u1eb7c bi\u1ec7t \u0111\u01b0\u1ee3c thi\u1ebft k\u1ebf ri\u00eang theo nhu c\u1ea7u v\u00e0 b\u1ea3n v\u1ebd c\u1ee5 th\u1ec3 c\u1ee7a kh\u00e1ch h\u00e0ng b\u00ean c\u1ea1nh c\u00e1c s\u1ea3n ph\u1ea9m ti\u00eau chu\u1ea9n c\u1ee7a ch\u00fang t\u00f4i. Ch\u00fang t\u00f4i c\u0169ng cung c\u1ea5p cho kh\u00e1ch h\u00e0ng nhi\u1ec1u d\u1ecbch v\u1ee5 gia c\u00f4ng m\u1ed9t c\u1eeda b\u1eb1ng th\u00e9p kh\u00f4ng g\u1ec9 nh\u01b0 h\u00e0n, khoan, u\u1ed1n, \u0111\u00e1nh b\u00f3ng v\u00e0 gia c\u00f4ng m\u00e1y ti\u1ec7n.<\/p>\n<\/div><\/section><\/div><div class=\"flex_column av_one_fourth  flex_column_div av-zero-column-padding first\" style='border-radius:0px; '><div class='avia-image-container  av-styling-circle    avia-align-center'  itemprop=\"ImageObject\" itemscope=\"itemscope\" itemtype=\"https:\/\/schema.org\/ImageObject\"  ><div class='avia-image-container-inner'><img class='avia_image' src='https:\/\/wldstainless.com\/wp-content\/uploads\/2020\/08\/Water-jet-cutting.jpg' alt='' title='M\u00e1y c\u1eaft n\u01b0\u1edbc'   itemprop=\"thumbnailUrl\"  \/><\/div><\/div><\/div><div class=\"flex_column av_three_fourth  flex_column_div\" style='padding:50px 0px 50px 0px ; border-radius:0px; '><section class=\"av_textblock_section\"  itemscope=\"itemscope\" itemtype=\"https:\/\/schema.org\/CreativeWork\" ><div class='avia_textblock'   itemprop=\"text\" ><h3 align=\"justify\"><\/h3>\n<h3>D\u1ecbch v\u1ee5 c\u1eaft ch\u00ednh x\u00e1c<\/h3>\n<p>S\u1ef1 c\u1eaft b\u1eb1ng tia la-ze<\/p>\n<p>C\u1eaft laser c\u00f3 th\u1ec3 \u0111\u01b0\u1ee3c s\u1eed d\u1ee5ng \u0111\u1ec3 c\u1eaft c\u00e1c h\u00ecnh d\u1ea1ng ph\u1ee9c t\u1ea1p ho\u1eb7c khi c\u1ea7n k\u00edch th\u01b0\u1edbc c\u00f3 \u0111\u1ed9 ch\u00ednh x\u00e1c cao, c\u00f3 th\u1ec3 c\u1eaft tr\u00ean c\u1ea3 hai m\u1eb7t c\u1ee7a ph\u00f4i SS c\u00f9ng l\u00fac v\u1edbi hi\u1ec7u qu\u1ea3 cao. T\u1ea1i WLD Steel, ch\u00fang t\u00f4i t\u1ef1 h\u00e0o v\u1ec1 kh\u1ea3 n\u0103ng gia c\u00f4ng c\u1ee7a m\u00ecnh <a href=\"https:\/\/wldstainless.com\/products\/stainless-steel-coiled-tube\/\">\u1ed0ng th\u00e9p kh\u00f4ng g\u1ec9<\/a> ho\u1eb7c thanh c\u00f3 \u0111\u01b0\u1eddng k\u00ednh t\u1ed1i \u0111a 508mm, chi\u1ec1u d\u00e0i 15,5m v\u00e0 t\u1ea5m th\u00e9p kh\u00f4ng g\u1ec9 c\u00f3 chi\u1ec1u r\u1ed9ng t\u1ed1i \u0111a 4,5m v\u00e0 \u0111\u1ed9 d\u00e0y 16mm.<\/p>\n<p>C\u1eaft b\u1eb1ng tia plasma<\/p>\n<p>C\u1eaft plasma l\u00e0 m\u1ed9t qu\u00e1 tr\u00ecnh c\u1eaft n\u00f3ng ch\u1ea3y S\u1eec D\u1ee4NG nhi\u1ec7t c\u1ee7a plasma n\u00f3ng \u0111\u1ec3 l\u00e0m n\u00f3ng ch\u1ea3y kim lo\u1ea1i v\u00e0 th\u1ed5i kim lo\u1ea1i n\u00f3ng ch\u1ea3y ra kh\u1ecfi v\u1ebft c\u1eaft. Ph\u01b0\u01a1ng ph\u00e1p n\u00e0y c\u00f3 hi\u1ec7u qu\u1ea3 khi c\u1eaft c\u00e1c t\u1ea5m th\u00e9p kh\u00f4ng g\u1ec9 c\u00f3 \u0111\u1ed9 d\u00e0y d\u01b0\u1edbi 30mm. N\u00f3 c\u00f3 \u01b0u \u0111i\u1ec3m l\u00e0 \u00edt bi\u1ebfn d\u1ea1ng v\u00ec qu\u00e1 tr\u00ecnh c\u1eaft \u0111\u01b0\u1ee3c th\u1ef1c hi\u1ec7n \u1edf khu v\u1ef1c nhi\u1ec7t \u0111\u1ed9 cao h\u1eb9p.<\/p>\n<p>C\u1eaft c\u01b0a<\/p>\n<p>WLD Steel c\u00f3 th\u1ec3 gia c\u00f4ng \u0111\u01a1n h\u00e0ng theo y\u00eau c\u1ea7u ch\u00ednh x\u00e1c c\u1ee7a kh\u00e1ch h\u00e0ng. C\u00e1c \u1ed1ng v\u00e0 bi\u00ean d\u1ea1ng b\u1eb1ng th\u00e9p kh\u00f4ng g\u1ec9 c\u1ee7a ch\u00fang t\u00f4i c\u00f3 th\u1ec3 \u0111\u01b0\u1ee3c c\u01b0a c\u1eaft theo \u0111\u01b0\u1eddng th\u1eb3ng ho\u1eb7c g\u00f3c theo y\u00eau c\u1ea7u, t\u00f9y thu\u1ed9c v\u00e0o th\u00f4ng s\u1ed1 k\u1ef9 thu\u1eadt \u0111\u01b0\u1ee3c ch\u1ec9 \u0111\u1ecbnh. Qu\u00e1 tr\u00ecnh n\u00e0y \u0111\u1eb7c bi\u1ec7t d\u00e0nh cho ng\u00e0nh x\u00e2y d\u1ef1ng v\u00e0 k\u1ef9 thu\u1eadt.<\/p>\n<p>C\u1eaft ng\u1ecdn l\u1eeda<\/p>\n<p>WLD Steel ch\u1ea5p nh\u1eadn c\u1eaft b\u1eb1ng ng\u1ecdn l\u1eeda v\u00e0 tia n\u01b0\u1edbc \u00e1p su\u1ea5t cao. C\u1eaft ng\u1ecdn l\u1eeda l\u00e0 m\u1ed9t qu\u00e1 tr\u00ecnh trong \u0111\u00f3 h\u1ed7n h\u1ee3p oxy v\u00e0 kh\u00ed \u0111\u01b0\u1ee3c s\u1eed d\u1ee5ng \u0111\u1ec3 l\u00e0m n\u00f3ng ch\u1ea3y th\u00e9p v\u00e0 kim lo\u1ea1i n\u00f3ng ch\u1ea3y \u0111\u01b0\u1ee3c \u0111\u1ed1t ch\u00e1y b\u1eb1ng s\u00fang phun oxy, th\u00edch h\u1ee3p \u0111\u1ec3 c\u1eaft c\u00e1c t\u1ea5m th\u00e9p kh\u00f4ng g\u1ec9 d\u00e0y.<\/p>\n<p>M\u00e1y c\u1eaft tia n\u01b0\u1edbc Hp<\/p>\n<p>C\u1eaft tia n\u01b0\u1edbc l\u00e0 m\u1ed9t qu\u00e1 tr\u00ecnh s\u1eed d\u1ee5ng d\u00f2ng n\u01b0\u1edbc \u00e1p su\u1ea5t cao \u0111\u1ec3 mang h\u1ea1t m\u00e0i m\u00f2n. \u0111\u01b0\u1ee3c \u0111\u1eb7c tr\u01b0ng b\u1edfi \u0111\u1ed9 ch\u00ednh x\u00e1c, kinh t\u1ebf, th\u00e2n thi\u1ec7n v\u1edbi m\u00f4i tr\u01b0\u1eddng v\u00e0 kh\u00f4ng c\u1ea7n x\u1eed l\u00fd ti\u1ebfp theo v\u00e0 kh\u00f4ng g\u00e2y bi\u1ebfn d\u1ea1ng nhi\u1ec7t c\u1ee7a khu v\u1ef1c c\u1eaft.<\/p>\n<\/div><\/section><br \/>\n<div style='height:50px' class='hr hr-invisible'><span class='hr-inner' ><span class='hr-inner-style'><\/span><\/span><\/div><\/p><\/div><\/div><\/div><\/div><!-- close content main div --><\/div><\/div><div id='after_section_1' class='main_color av_default_container_wrap container_wrap sidebar_left'   ><div class='container' ><div class='template-page content  av-content-small units'><div class='post-entry post-entry-type-page post-entry-197'><div class='entry-content-wrapper clearfix'><div class=\"flex_column av_one_fourth  flex_column_div av-zero-column-padding first\" style='border-radius:0px; '><div class='avia-image-container  av-styling-circle    avia-align-center'  itemprop=\"ImageObject\" itemscope=\"itemscope\" itemtype=\"https:\/\/schema.org\/ImageObject\"  ><div class='avia-image-container-inner'><img class='avia_image' src='https:\/\/wldstainless.com\/wp-content\/uploads\/2020\/08\/Sandblasting.jpg' alt='' title='phun c\u00e1t'   itemprop=\"thumbnailUrl\"  \/><\/div><\/div><\/div><\/p>\n<div class=\"flex_column av_three_fourth  flex_column_div av-zero-column-padding\" style='border-radius:0px; '><section class=\"av_textblock_section\"  itemscope=\"itemscope\" itemtype=\"https:\/\/schema.org\/CreativeWork\" ><div class='avia_textblock'   itemprop=\"text\" ><h3>D\u1ecbch v\u1ee5 x\u1eed l\u00fd b\u1ec1 m\u1eb7t<\/h3>\n<p>WLD Steel lu\u00f4n x\u1eed l\u00fd m\u1ed9t lo\u1ea1t c\u00e1c x\u1eed l\u00fd b\u1ec1 m\u1eb7t t\u00f9y ch\u1ec9nh tr\u00ean t\u1ea5m v\u00e0 t\u1ea5m th\u00e9p kh\u00f4ng g\u1ec9, bao g\u1ed3m 2B Mill, BA (Bright Annealed), #4 ch\u1ea3i \/ No 4 Satin Finishes, ho\u00e0n thi\u1ec7n ch\u00e2n t\u00f3c, tr\u00e1ng g\u01b0\u01a1ng, ch\u00e2n t\u00f3c ch\u00e9o, m\u00e0u \/ l\u1edbp ph\u1ee7 PVD Ho\u00e0n thi\u1ec7n, l\u1edbp ph\u1ee7 ch\u1ed1ng d\u1ea5u v\u00e2n tay<\/p>\n<\/div><\/section><br \/>\n<div style='height:50px' class='hr hr-invisible'><span class='hr-inner' ><span class='hr-inner-style'><\/span><\/span><\/div><\/p><\/div><div class=\"flex_column av_one_fourth  flex_column_div av-zero-column-padding first\" style='border-radius:0px; '><div class='avia-image-container  av-styling-circle    avia-align-center'  itemprop=\"ImageObject\" itemscope=\"itemscope\" itemtype=\"https:\/\/schema.org\/ImageObject\"  ><div class='avia-image-container-inner'><img class='avia_image' src='https:\/\/wldstainless.com\/wp-content\/uploads\/2020\/08\/Bending-2.jpg' alt='' title='u\u1ed1n'   itemprop=\"thumbnailUrl\"  \/><\/div><\/div><\/div><\/p>\n<div class=\"flex_column av_three_fourth  flex_column_div av-zero-column-padding\" style='border-radius:0px; '><section class=\"av_textblock_section\"  itemscope=\"itemscope\" itemtype=\"https:\/\/schema.org\/CreativeWork\" ><div class='avia_textblock'   itemprop=\"text\" ><h3>D\u1ecbch v\u1ee5 u\u1ed1n CNC<\/h3>\n<p>U\u1ed1n ch\u1ee7 y\u1ebfu d\u00e0nh cho c\u00e1c t\u1ea5m v\u00e0 h\u1ed3 s\u01a1 b\u1eb1ng th\u00e9p kh\u00f4ng g\u1ec9. M\u00e1y u\u1ed1n CNC c\u1ee7a ch\u00fang t\u00f4i cho ph\u00e9p ch\u00fang t\u00f4i duy tr\u00ec ki\u1ec3m so\u00e1t ch\u1ea5t l\u01b0\u1ee3ng ch\u1eb7t ch\u1ebd trong c\u00e1c quy tr\u00ecnh s\u1ea3n xu\u1ea5t, cung c\u1ea5p cho b\u1ea1n c\u00e1c g\u00f3c u\u1ed1n v\u00e0 ch\u1ea5t l\u01b0\u1ee3ng b\u1ec1 m\u1eb7t ho\u00e0n h\u1ea3o. Ch\u00fang t\u00f4i c\u0169ng cung c\u1ea5p d\u1ecbch v\u1ee5 th\u1eed nghi\u1ec7m u\u1ed1n cong theo c\u00e1c th\u00f4ng s\u1ed1 k\u1ef9 thu\u1eadt kh\u1eaft khe nh\u01b0 ANSI, ASTM v\u00e0 ASME.<\/p>\n<\/div><\/section><\/div>","protected":false},"excerpt":{"rendered":"","protected":false},"author":1,"featured_media":0,"parent":76,"menu_order":0,"comment_status":"closed","ping_status":"closed","template":"","meta":{"footnotes":""},"class_list":["post-197","page","type-page","status-publish","hentry"],"aioseo_notices":[],"_links":{"self":[{"href":"https:\/\/wldstainless.com\/vi\/wp-json\/wp\/v2\/pages\/197","targetHints":{"allow":["GET"]}}],"collection":[{"href":"https:\/\/wldstainless.com\/vi\/wp-json\/wp\/v2\/pages"}],"about":[{"href":"https:\/\/wldstainless.com\/vi\/wp-json\/wp\/v2\/types\/page"}],"author":[{"embeddable":true,"href":"https:\/\/wldstainless.com\/vi\/wp-json\/wp\/v2\/users\/1"}],"replies":[{"embeddable":true,"href":"https:\/\/wldstainless.com\/vi\/wp-json\/wp\/v2\/comments?post=197"}],"version-history":[{"count":19,"href":"https:\/\/wldstainless.com\/vi\/wp-json\/wp\/v2\/pages\/197\/revisions"}],"predecessor-version":[{"id":2048,"href":"https:\/\/wldstainless.com\/vi\/wp-json\/wp\/v2\/pages\/197\/revisions\/2048"}],"up":[{"embeddable":true,"href":"https:\/\/wldstainless.com\/vi\/wp-json\/wp\/v2\/pages\/76"}],"wp:attachment":[{"href":"https:\/\/wldstainless.com\/vi\/wp-json\/wp\/v2\/media?parent=197"}],"curies":[{"name":"wp","href":"https:\/\/api.w.org\/{rel}","templated":true}]}}