{"id":1682,"date":"2020-09-09T02:12:40","date_gmt":"2020-09-09T02:12:40","guid":{"rendered":"http:\/\/wldstainless.com\/?page_id=1682"},"modified":"2020-12-11T05:50:03","modified_gmt":"2020-12-11T05:50:03","slug":"stainless-steel-hexagon-bars","status":"publish","type":"page","link":"https:\/\/wldstainless.com\/vi\/products\/stainless-steel-hexagon-bars\/","title":{"rendered":"Thanh l\u1ee5c gi\u00e1c b\u1eb1ng th\u00e9p kh\u00f4ng g\u1ec9"},"content":{"rendered":"<div class=\"flex_column av_one_fourth  flex_column_div av-zero-column-padding first\" style='border-radius:0px; '><p><div class='avia-builder-widget-area clearfix'><div id=\"nav_menu-7\" class=\"widget clearfix widget_nav_menu\"><h3 class=\"widgettitle\">C\u00e1c s\u1ea3n ph\u1ea9m<\/h3><div class=\"menu-accessories-container\"><ul id=\"menu-accessories\" class=\"menu\"><li id=\"menu-item-1924\" class=\"menu-item menu-item-type-post_type menu-item-object-page menu-item-1924\"><a href=\"https:\/\/wldstainless.com\/vi\/products\/stainless-steel-angle\/\">G\u00f3c th\u00e9p kh\u00f4ng g\u1ec9<\/a><\/li>\n<li id=\"menu-item-1925\" class=\"menu-item menu-item-type-post_type menu-item-object-page menu-item-1925\"><a href=\"https:\/\/wldstainless.com\/vi\/products\/stainless-steel-beam\/\">D\u1ea7m th\u00e9p kh\u00f4ng g\u1ec9<\/a><\/li>\n<li id=\"menu-item-1926\" class=\"menu-item menu-item-type-post_type menu-item-object-page menu-item-1926\"><a href=\"https:\/\/wldstainless.com\/vi\/products\/stainless-steel-capillary-tubes\/\">\u1ed0ng mao d\u1eabn b\u1eb1ng th\u00e9p kh\u00f4ng g\u1ec9<\/a><\/li>\n<li id=\"menu-item-1927\" class=\"menu-item menu-item-type-post_type menu-item-object-page menu-item-1927\"><a href=\"https:\/\/wldstainless.com\/vi\/products\/stainless-steel-channel\/\">K\u00eanh th\u00e9p kh\u00f4ng g\u1ec9<\/a><\/li>\n<li id=\"menu-item-1928\" class=\"menu-item menu-item-type-post_type menu-item-object-page menu-item-1928\"><a href=\"https:\/\/wldstainless.com\/vi\/products\/stainless-steel-coiled-tube\/\">\u1ed0ng th\u00e9p kh\u00f4ng g\u1ec9 cu\u1ed9n<\/a><\/li>\n<li id=\"menu-item-1929\" class=\"menu-item menu-item-type-post_type menu-item-object-page menu-item-1929\"><a href=\"https:\/\/wldstainless.com\/vi\/products\/stainless-steel-cold-rolled-plate-sheet-coil\/\">Th\u00e9p kh\u00f4ng g\u1ec9 c\u00e1n ngu\u1ed9i t\u1ea5m\/t\u1ea5m\/cu\u1ed9n<\/a><\/li>\n<li id=\"menu-item-1930\" class=\"menu-item menu-item-type-post_type menu-item-object-page menu-item-1930\"><a href=\"https:\/\/wldstainless.com\/vi\/products\/stainless-steel-flats\/\">C\u0103n h\u1ed9 th\u00e9p kh\u00f4ng g\u1ec9<\/a><\/li>\n<li id=\"menu-item-1931\" class=\"menu-item menu-item-type-post_type menu-item-object-page menu-item-1931\"><a href=\"https:\/\/wldstainless.com\/vi\/products\/stainless-steel-hexagon-bars\/\">Thanh l\u1ee5c gi\u00e1c b\u1eb1ng th\u00e9p kh\u00f4ng g\u1ec9<\/a><\/li>\n<li id=\"menu-item-1932\" class=\"menu-item menu-item-type-post_type menu-item-object-page menu-item-1932\"><a href=\"https:\/\/wldstainless.com\/vi\/products\/stainless-steel-hot-rolled-plate-sheet-coil\/\">Th\u00e9p kh\u00f4ng g\u1ec9 c\u00e1n n\u00f3ng t\u1ea5m\/t\u1ea5m\/cu\u1ed9n<\/a><\/li>\n<li id=\"menu-item-1933\" class=\"menu-item menu-item-type-post_type menu-item-object-page menu-item-1933\"><a href=\"https:\/\/wldstainless.com\/vi\/products\/stainless-steel-large-diameter-pipe\/\">\u1ed0ng th\u00e9p kh\u00f4ng g\u1ec9 c\u00f3 \u0111\u01b0\u1eddng k\u00ednh l\u1edbn<\/a><\/li>\n<li id=\"menu-item-1934\" class=\"menu-item menu-item-type-post_type menu-item-object-page menu-item-1934\"><a href=\"https:\/\/wldstainless.com\/vi\/products\/stainless-steel-round-bars\/\">Thanh tr\u00f2n b\u1eb1ng th\u00e9p kh\u00f4ng g\u1ec9<\/a><\/li>\n<li id=\"menu-item-1935\" class=\"menu-item menu-item-type-post_type menu-item-object-page menu-item-1935\"><a href=\"https:\/\/wldstainless.com\/vi\/products\/stainless-steel-square-tube\/\">\u1ed0ng vu\u00f4ng th\u00e9p kh\u00f4ng g\u1ec9<\/a><\/li>\n<li id=\"menu-item-1936\" class=\"menu-item menu-item-type-post_type menu-item-object-page menu-item-1936\"><a href=\"https:\/\/wldstainless.com\/vi\/products\/stainless-steel-u-bend-tube\/\">\u1ed0ng u\u1ed1n ch\u1eef U b\u1eb1ng th\u00e9p kh\u00f4ng g\u1ec9<\/a><\/li>\n<\/ul><\/div><\/div><\/div><br \/>\n<div  class='hr hr-default'><span class='hr-inner' ><span class='hr-inner-style'><\/span><\/span><\/div><br \/>\n<div class='avia-button-wrap avia-button-left'><a href='http:\/\/wldstainless.com\/contact\/#contact' class='avia-button   avia-icon_select-yes-left-icon avia-color-custom avia-size-large avia-position-left'  target=\"_blank\"  style='background-color:#e82221; border-color:#e82221; color:#ffffff; ' ><span class='avia_button_icon avia_button_icon_left' aria-hidden='true' data-av_icon='\ue84b' data-av_iconfont='entypo-fontello'><\/span><span class='avia_iconbox_title' >Y\u00eau c\u1ea7u b\u00e1o gi\u00e1<\/span><\/a><\/div><\/p><\/div>\n<div class=\"flex_column av_three_fourth  flex_column_div\" style='padding:0px 0px 50px 0px ; border-radius:0px; '><p><div style='padding-bottom:10px;color:#d3311f;' class='av-special-heading av-special-heading-h3 custom-color-heading'><h3 class='av-special-heading-tag'  itemprop=\"headline\"  >Thanh l\u1ee5c gi\u00e1c b\u1eb1ng th\u00e9p kh\u00f4ng g\u1ec9<\/h3><div class='special-heading-border'><div class='special-heading-inner-border' style='border-color:#d3311f'><\/div><\/div><\/div><br \/>\n<div class='avia-gallery  avia-gallery-1 avia_lazyload avia_animate_when_visible'  itemprop=\"ImageObject\" itemscope=\"itemscope\" itemtype=\"https:\/\/schema.org\/ImageObject\" ><div class='avia-gallery-thumb'> <a href='https:\/\/wldstainless.com\/wp-content\/uploads\/2020\/09\/304-Hex-bar-1.jpg' data-rel='gallery-1' data-prev-img='https:\/\/wldstainless.com\/wp-content\/uploads\/2020\/09\/304-Hex-bar-1.jpg' class='first_thumb lightbox' data-onclick='1' title=''  itemprop=\"thumbnailUrl\" ><img  src='https:\/\/wldstainless.com\/wp-content\/uploads\/2020\/09\/304-Hex-bar-1.jpg' width='300' height='300'  title='Thanh l\u1ee5c gi\u00e1c 304' alt='' \/><\/a> <a href='https:\/\/wldstainless.com\/wp-content\/uploads\/2020\/09\/SS-Hex-bar-1.jpg' data-rel='gallery-1' data-prev-img='https:\/\/wldstainless.com\/wp-content\/uploads\/2020\/09\/SS-Hex-bar-1.jpg' class='lightbox' data-onclick='2' title=''  itemprop=\"thumbnailUrl\" ><img  src='https:\/\/wldstainless.com\/wp-content\/uploads\/2020\/09\/SS-Hex-bar-1.jpg' width='300' height='300'  title='Thanh l\u1ee5c gi\u00e1c SS' alt='' \/><\/a> <a href='https:\/\/wldstainless.com\/wp-content\/uploads\/2020\/09\/SS-rod.jpg' data-rel='gallery-1' data-prev-img='https:\/\/wldstainless.com\/wp-content\/uploads\/2020\/09\/SS-rod.jpg' class='lightbox' data-onclick='3' title=''  itemprop=\"thumbnailUrl\" ><img  src='https:\/\/wldstainless.com\/wp-content\/uploads\/2020\/09\/SS-rod.jpg' width='300' height='300'  title='Thanh SS' alt='' \/><\/a><\/div><\/div><br \/>\n<div  class='hr hr-default'><span class='hr-inner' ><span class='hr-inner-style'><\/span><\/span><\/div><br \/>\n<section class=\"av_textblock_section\"  itemscope=\"itemscope\" itemtype=\"https:\/\/schema.org\/CreativeWork\" ><div class='avia_textblock'   itemprop=\"text\" ><p>Thanh ho\u1eb7c que th\u00e9p kh\u00f4ng g\u1ec9 \u0111\u01b0\u1ee3c s\u1ea3n xu\u1ea5t b\u1eb1ng quy tr\u00ecnh c\u00e1n ngu\u1ed9i ho\u1eb7c c\u00e1n n\u00f3ng. Theo c\u1ea5u tr\u00fac v\u00e0 th\u00e0nh ph\u1ea7n h\u00f3a h\u1ecdc c\u1ee7a th\u00e9p, thanh th\u00e9p kh\u00f4ng g\u1ec9 c\u00f3 th\u1ec3 \u0111\u01b0\u1ee3c chia th\u00e0nh thanh th\u00e9p kh\u00f4ng g\u1ec9 Martensitic, thanh th\u00e9p kh\u00f4ng g\u1ec9 Ferritic, thanh th\u00e9p kh\u00f4ng g\u1ec9 Austenitic, thanh th\u00e9p kh\u00f4ng g\u1ec9 Duplex v\u00e0 thanh th\u00e9p kh\u00f4ng g\u1ec9 c\u1ee9ng k\u1ebft t\u1ee7a ho\u1eb7c thanh th\u00e9p kh\u00f4ng g\u1ec9 Chrome v\u00e0 Niken. -thanh th\u00e9p kh\u00f4ng g\u1ec9. Theo h\u00ecnh d\u1ea1ng v\u00e0 h\u00ecnh d\u1ea1ng c\u1ee7a n\u00f3, thanh inox c\u00f3 th\u1ec3 l\u00e0 thanh ph\u1eb3ng, thanh l\u1ee5c gi\u00e1c, thanh vu\u00f4ng, thanh tr\u00f2n.<\/p>\n<p>Thanh l\u1ee5c gi\u00e1c b\u1eb1ng th\u00e9p kh\u00f4ng g\u1ec9 cung c\u1ea5p nhi\u1ec1u \u1ee9ng d\u1ee5ng kh\u00e1c nhau v\u00e0 c\u00f3 th\u1ec3 \u0111\u01b0\u1ee3c s\u1eed d\u1ee5ng cho c\u00e1c b\u1ed9 ph\u1eadn c\u01a1 kh\u00ed \u0111\u00f2i h\u1ecfi kh\u1ea3 n\u0103ng ch\u1ed1ng \u0103n m\u00f2n t\u1ed1t v\u00e0 \u0111\u1ed9 b\u1ec1n tuy\u1ec7t v\u1eddi nh\u01b0 ph\u1ee5 t\u00f9ng \u00f4 t\u00f4, ph\u1ee5 t\u00f9ng thang m\u00e1y, thi\u1ebft b\u1ecb nh\u00e0 b\u1ebfp, b\u00ecnh ch\u1ecbu \u00e1p l\u1ef1c v\u00e0 c\u00e1c l\u0129nh v\u1ef1c kh\u00e1c \u0111\u1ec3 gia c\u00f4ng v\u00e0 s\u1ea3n xu\u1ea5t linh ki\u1ec7n nh\u01b0 bu l\u00f4ng l\u1ee5c gi\u00e1c, v\u00edt l\u1ee5c gi\u00e1c, v\u00edt c\u00e0i \u0111\u1eb7t l\u1ee5c gi\u00e1c. T\u1ea1i WLD steel, ch\u00fang t\u00f4i cung c\u1ea5p v\u00e0 s\u1ea3n xu\u1ea5t thanh l\u1ee5c gi\u00e1c b\u1eb1ng th\u00e9p kh\u00f4ng g\u1ec9 v\u1edbi nhi\u1ec1u k\u00edch th\u01b0\u1edbc v\u00e0 c\u1ea5p \u0111\u1ed9 kh\u00e1c nhau, v\u1edbi c\u00e1c \u0111i\u1ec1u ki\u1ec7n c\u00e1n, \u1ee7 v\u00e0 chu\u1ea9n h\u00f3a. Ch\u00fang t\u00f4i c\u0169ng cung c\u1ea5p d\u1ecbch v\u1ee5 c\u1eaft theo k\u00edch th\u01b0\u1edbc v\u00e0 x\u1eed l\u00fd nhi\u1ec7t th\u00f4ng qua trung t\u00e2m d\u1ecbch v\u1ee5 c\u1ee7a ch\u00fang t\u00f4i.<\/p>\n<\/div><\/section><br \/>\n<div  class='hr hr-default'><span class='hr-inner' ><span class='hr-inner-style'><\/span><\/span><\/div><br \/>\n<section class=\"av_textblock_section\"  itemscope=\"itemscope\" itemtype=\"https:\/\/schema.org\/CreativeWork\" ><div class='avia_textblock'   itemprop=\"text\" ><h3>Th\u00f4ng s\u1ed1 k\u1ef9 thu\u1eadt thanh SS Hex c\u00f4ng nghi\u1ec7p<\/h3>\n<table>\n<tbody>\n<tr>\n<td width=\"323\">C\u00e1c h\u00ecnh th\u1ee9c:<\/td>\n<td width=\"529\">Thanh l\u1ee5c gi\u00e1c, thanh l\u1ee5c gi\u00e1c<\/td>\n<\/tr>\n<tr>\n<td width=\"323\">V\u1eadt li\u1ec7u<\/td>\n<td width=\"529\">Th\u00e9p kh\u00f4ng g\u1ec9<\/p>\n<p>Th\u00e9p kh\u00f4ng g\u1ec9 song c\u00f4ng<\/td>\n<\/tr>\n<tr>\n<td width=\"323\">B\u1ec1 m\u1eb7t ho\u00e0n thi\u1ec7n<\/td>\n<td width=\"529\">\u0110\u00e1nh b\u00f3ng, s\u00e1ng, nghi\u1ec1n, phun c\u00e1t, ng\u00e2m, nghi\u1ec1n th\u00e0nh ph\u1ea9m<\/td>\n<\/tr>\n<tr>\n<td width=\"323\">S\u1ef1 ch\u1ec9 r\u00f5<\/td>\n<td width=\"529\">ASTM A276<\/p>\n<p>ASTM A484<\/p>\n<p>ASTM A564<\/p>\n<p>ASTM A581<\/p>\n<p>ASTM A582<\/td>\n<\/tr>\n<tr>\n<td width=\"323\">K\u00edch c\u1ee1<\/td>\n<td width=\"529\">K\u00edch th\u01b0\u1edbc: 8 mm-100mm, M\u1eb7t b\u00ean: 8 * 8 mm-100 * 100mm<\/td>\n<\/tr>\n<tr>\n<td width=\"323\">Chi\u1ec1u d\u00e0i<\/td>\n<td width=\"529\">5,8M, 6M ho\u1eb7c theo y\u00eau c\u1ea7u \u0111\u1eb7c bi\u1ec7t<\/td>\n<\/tr>\n<\/tbody>\n<\/table>\n<h4><\/h4>\n<h4>C\u00e1c lo\u1ea1i thanh SS Hex c\u00f3 s\u1eb5n t\u1ea1i WID Steel<\/h4>\n<ul>\n<li>Th\u00e9p kh\u00f4ng g\u1ec9 <a href=\"https:\/\/wldstainless.com\/materials\/austenitic-stainless-steel\/304-304l-stainless-steel\/\">304\/304L<\/a> Thanh\/thanh l\u1ee5c gi\u00e1c<\/li>\n<li>Th\u00e9p kh\u00f4ng g\u1ec9 <a href=\"https:\/\/wldstainless.com\/materials\/austenitic-stainless-steel\/310s-stainless-steel\/\">310\/310S<\/a> Thanh \/ thanh l\u1ee5c gi\u00e1c<\/li>\n<li>Th\u00e9p kh\u00f4ng g\u1ec9 <a href=\"https:\/\/wldstainless.com\/materials\/austenitic-stainless-steel\/316-316l-stainless-steel\/\">316\/316L<\/a> Thanh\/thanh l\u1ee5c gi\u00e1c<\/li>\n<li>Th\u00e9p kh\u00f4ng g\u1ec9 <a href=\"https:\/\/wldstainless.com\/materials\/austenitic-stainless-steel\/321-321h-stainless-steel\/\">321<\/a> Thanh\/thanh l\u1ee5c gi\u00e1c<\/li>\n<li>Th\u00e9p kh\u00f4ng g\u1ec9 <a href=\"https:\/\/wldstainless.com\/materials\/austenitic-stainless-steel\/347-347h-stainless-steel\/\">347H<\/a> Thanh\/thanh l\u1ee5c gi\u00e1c<\/li>\n<li>Th\u00e9p kh\u00f4ng g\u1ec9 <a href=\"https:\/\/wldstainless.com\/materials\/austenitic-stainless-steel\/904l-stainless-steel\/\">904L<\/a> Thanh\/thanh l\u1ee5c gi\u00e1c<\/li>\n<li>Th\u00e9p kh\u00f4ng g\u1ec9 <a href=\"https:\/\/wldstainless.com\/materials\/ferritic-stainless-steel\/409-409l-stainless-steel\/\">409\/409L<\/a> Thanh\/thanh l\u1ee5c gi\u00e1c<\/li>\n<li>Th\u00e9p kh\u00f4ng g\u1ec9 <a href=\"https:\/\/wldstainless.com\/materials\/ferritic-stainless-steel\/410-410s-stainless-steel\/\">410\/410S<\/a> Thanh\/thanh l\u1ee5c gi\u00e1c<\/li>\n<li>Th\u00e9p kh\u00f4ng g\u1ec9 <a href=\"https:\/\/wldstainless.com\/materials\/ferritic-stainless-steel\/430-430f-stainless-steel\/\">430<\/a> Thanh\/thanh l\u1ee5c gi\u00e1c<\/li>\n<li>Th\u00e9p kh\u00f4ng g\u1ec9 song c\u00f4ng <a href=\"https:\/\/wldstainless.com\/materials\/duplex-stainless-steel\/alloy-2205-stainless-steel\/\">2205<\/a> Thanh\/thanh l\u1ee5c gi\u00e1c<\/li>\n<\/ul>\n<\/div><\/section><\/p><\/div>","protected":false},"excerpt":{"rendered":"","protected":false},"author":1,"featured_media":0,"parent":346,"menu_order":0,"comment_status":"closed","ping_status":"closed","template":"","meta":{"footnotes":""},"class_list":["post-1682","page","type-page","status-publish","hentry"],"aioseo_notices":[],"_links":{"self":[{"href":"https:\/\/wldstainless.com\/vi\/wp-json\/wp\/v2\/pages\/1682","targetHints":{"allow":["GET"]}}],"collection":[{"href":"https:\/\/wldstainless.com\/vi\/wp-json\/wp\/v2\/pages"}],"about":[{"href":"https:\/\/wldstainless.com\/vi\/wp-json\/wp\/v2\/types\/page"}],"author":[{"embeddable":true,"href":"https:\/\/wldstainless.com\/vi\/wp-json\/wp\/v2\/users\/1"}],"replies":[{"embeddable":true,"href":"https:\/\/wldstainless.com\/vi\/wp-json\/wp\/v2\/comments?post=1682"}],"version-history":[{"count":12,"href":"https:\/\/wldstainless.com\/vi\/wp-json\/wp\/v2\/pages\/1682\/revisions"}],"predecessor-version":[{"id":2056,"href":"https:\/\/wldstainless.com\/vi\/wp-json\/wp\/v2\/pages\/1682\/revisions\/2056"}],"up":[{"embeddable":true,"href":"https:\/\/wldstainless.com\/vi\/wp-json\/wp\/v2\/pages\/346"}],"wp:attachment":[{"href":"https:\/\/wldstainless.com\/vi\/wp-json\/wp\/v2\/media?parent=1682"}],"curies":[{"name":"wp","href":"https:\/\/api.w.org\/{rel}","templated":true}]}}