{"id":1680,"date":"2020-09-09T02:11:54","date_gmt":"2020-09-09T02:11:54","guid":{"rendered":"http:\/\/wldstainless.com\/?page_id=1680"},"modified":"2020-12-11T06:05:25","modified_gmt":"2020-12-11T06:05:25","slug":"stainless-steel-square-tube","status":"publish","type":"page","link":"https:\/\/wldstainless.com\/vi\/products\/stainless-steel-square-tube\/","title":{"rendered":"\u1ed0ng vu\u00f4ng th\u00e9p kh\u00f4ng g\u1ec9"},"content":{"rendered":"<div class=\"flex_column av_one_fourth  flex_column_div av-zero-column-padding first\" style='border-radius:0px; '><p><div class='avia-builder-widget-area clearfix'><div id=\"nav_menu-7\" class=\"widget clearfix widget_nav_menu\"><h3 class=\"widgettitle\">C\u00e1c s\u1ea3n ph\u1ea9m<\/h3><div class=\"menu-accessories-container\"><ul id=\"menu-accessories\" class=\"menu\"><li id=\"menu-item-1924\" class=\"menu-item menu-item-type-post_type menu-item-object-page menu-item-1924\"><a href=\"https:\/\/wldstainless.com\/vi\/products\/stainless-steel-angle\/\">G\u00f3c th\u00e9p kh\u00f4ng g\u1ec9<\/a><\/li>\n<li id=\"menu-item-1925\" class=\"menu-item menu-item-type-post_type menu-item-object-page menu-item-1925\"><a href=\"https:\/\/wldstainless.com\/vi\/products\/stainless-steel-beam\/\">D\u1ea7m th\u00e9p kh\u00f4ng g\u1ec9<\/a><\/li>\n<li id=\"menu-item-1926\" class=\"menu-item menu-item-type-post_type menu-item-object-page menu-item-1926\"><a href=\"https:\/\/wldstainless.com\/vi\/products\/stainless-steel-capillary-tubes\/\">\u1ed0ng mao d\u1eabn b\u1eb1ng th\u00e9p kh\u00f4ng g\u1ec9<\/a><\/li>\n<li id=\"menu-item-1927\" class=\"menu-item menu-item-type-post_type menu-item-object-page menu-item-1927\"><a href=\"https:\/\/wldstainless.com\/vi\/products\/stainless-steel-channel\/\">K\u00eanh th\u00e9p kh\u00f4ng g\u1ec9<\/a><\/li>\n<li id=\"menu-item-1928\" class=\"menu-item menu-item-type-post_type menu-item-object-page menu-item-1928\"><a href=\"https:\/\/wldstainless.com\/vi\/products\/stainless-steel-coiled-tube\/\">\u1ed0ng th\u00e9p kh\u00f4ng g\u1ec9 cu\u1ed9n<\/a><\/li>\n<li id=\"menu-item-1929\" class=\"menu-item menu-item-type-post_type menu-item-object-page menu-item-1929\"><a href=\"https:\/\/wldstainless.com\/vi\/products\/stainless-steel-cold-rolled-plate-sheet-coil\/\">Th\u00e9p kh\u00f4ng g\u1ec9 c\u00e1n ngu\u1ed9i t\u1ea5m\/t\u1ea5m\/cu\u1ed9n<\/a><\/li>\n<li id=\"menu-item-1930\" class=\"menu-item menu-item-type-post_type menu-item-object-page menu-item-1930\"><a href=\"https:\/\/wldstainless.com\/vi\/products\/stainless-steel-flats\/\">C\u0103n h\u1ed9 th\u00e9p kh\u00f4ng g\u1ec9<\/a><\/li>\n<li id=\"menu-item-1931\" class=\"menu-item menu-item-type-post_type menu-item-object-page menu-item-1931\"><a href=\"https:\/\/wldstainless.com\/vi\/products\/stainless-steel-hexagon-bars\/\">Thanh l\u1ee5c gi\u00e1c b\u1eb1ng th\u00e9p kh\u00f4ng g\u1ec9<\/a><\/li>\n<li id=\"menu-item-1932\" class=\"menu-item menu-item-type-post_type menu-item-object-page menu-item-1932\"><a href=\"https:\/\/wldstainless.com\/vi\/products\/stainless-steel-hot-rolled-plate-sheet-coil\/\">Th\u00e9p kh\u00f4ng g\u1ec9 c\u00e1n n\u00f3ng t\u1ea5m\/t\u1ea5m\/cu\u1ed9n<\/a><\/li>\n<li id=\"menu-item-1933\" class=\"menu-item menu-item-type-post_type menu-item-object-page menu-item-1933\"><a href=\"https:\/\/wldstainless.com\/vi\/products\/stainless-steel-large-diameter-pipe\/\">\u1ed0ng th\u00e9p kh\u00f4ng g\u1ec9 c\u00f3 \u0111\u01b0\u1eddng k\u00ednh l\u1edbn<\/a><\/li>\n<li id=\"menu-item-1934\" class=\"menu-item menu-item-type-post_type menu-item-object-page menu-item-1934\"><a href=\"https:\/\/wldstainless.com\/vi\/products\/stainless-steel-round-bars\/\">Thanh tr\u00f2n b\u1eb1ng th\u00e9p kh\u00f4ng g\u1ec9<\/a><\/li>\n<li id=\"menu-item-1935\" class=\"menu-item menu-item-type-post_type menu-item-object-page menu-item-1935\"><a href=\"https:\/\/wldstainless.com\/vi\/products\/stainless-steel-square-tube\/\">\u1ed0ng vu\u00f4ng th\u00e9p kh\u00f4ng g\u1ec9<\/a><\/li>\n<li id=\"menu-item-1936\" class=\"menu-item menu-item-type-post_type menu-item-object-page menu-item-1936\"><a href=\"https:\/\/wldstainless.com\/vi\/products\/stainless-steel-u-bend-tube\/\">\u1ed0ng u\u1ed1n ch\u1eef U b\u1eb1ng th\u00e9p kh\u00f4ng g\u1ec9<\/a><\/li>\n<\/ul><\/div><\/div><\/div><br \/>\n<div  class='hr hr-default'><span class='hr-inner' ><span class='hr-inner-style'><\/span><\/span><\/div><br \/>\n<div class='avia-button-wrap avia-button-left'><a href='http:\/\/wldstainless.com\/contact\/#contact' class='avia-button   avia-icon_select-yes-left-icon avia-color-custom avia-size-large avia-position-left'  target=\"_blank\"  style='background-color:#e82221; border-color:#e82221; color:#ffffff; ' ><span class='avia_button_icon avia_button_icon_left' aria-hidden='true' data-av_icon='\ue84b' data-av_iconfont='entypo-fontello'><\/span><span class='avia_iconbox_title' >Y\u00eau c\u1ea7u b\u00e1o gi\u00e1<\/span><\/a><\/div><\/p><\/div>\n<div class=\"flex_column av_three_fourth  flex_column_div\" style='padding:0px 0px 50px 0px ; border-radius:0px; '><p><div style='padding-bottom:10px;color:#d3311f;' class='av-special-heading av-special-heading-h3 custom-color-heading'><h3 class='av-special-heading-tag'  itemprop=\"headline\"  >\u1ed0ng vu\u00f4ng th\u00e9p kh\u00f4ng g\u1ec9<\/h3><div class='special-heading-border'><div class='special-heading-inner-border' style='border-color:#d3311f'><\/div><\/div><\/div><br \/>\n<section class=\"av_textblock_section\"  itemscope=\"itemscope\" itemtype=\"https:\/\/schema.org\/CreativeWork\" ><div class='avia_textblock'   itemprop=\"text\" ><p>\u1ed0ng th\u00e9p kh\u00f4ng g\u1ec9 vu\u00f4ng l\u00e0 m\u1ed9t lo\u1ea1i \u1ed1ng r\u1ed7ng b\u1eb1ng th\u00e9p d\u00e0i c\u00f3 \u0111\u1ed9 b\u1ec1n u\u1ed1n v\u00e0 xo\u1eafn t\u1ed1t, c\u00f3 th\u1ec3 \u0111\u01b0\u1ee3c s\u1eed d\u1ee5ng \u0111\u1ec3 v\u1eadn chuy\u1ec3n c\u00e1c ch\u1ea5t l\u1ecfng nh\u01b0 d\u1ea7u, kh\u00ed t\u1ef1 nhi\u00ean, n\u01b0\u1edbc, kh\u00ed \u0111\u1ed1t, h\u01a1i n\u01b0\u1edbc, v.v., c\u0169ng nh\u01b0 s\u1ea3n xu\u1ea5t c\u00e1c b\u1ed9 ph\u1eadn c\u01a1 kh\u00ed v\u00e0 k\u1ebft c\u1ea5u k\u1ef9 thu\u1eadt. \u1ed0ng th\u00e9p kh\u00f4ng g\u1ec9 vu\u00f4ng c\u00f3 th\u1ec3 li\u1ec1n m\u1ea1ch v\u00e0 h\u00e0n, h\u00ecnh vu\u00f4ng ho\u1eb7c h\u00ecnh ch\u1eef nh\u1eadt, \u0111\u00f4i khi c\u0169ng c\u00f3 nh\u1eefng \u1ed1ng th\u00e9p c\u00f3 h\u00ecnh d\u1ea1ng kh\u00e1c nh\u01b0 h\u00ecnh b\u00e1n nguy\u1ec7t h\u00ecnh b\u1ea7u d\u1ee5c, h\u00ecnh l\u1ee5c gi\u00e1c, h\u00ecnh tam gi\u00e1c \u0111\u1ec1u, h\u00ecnh b\u00e1t gi\u00e1c. \u1ed0ng vu\u00f4ng b\u1eb1ng th\u00e9p kh\u00f4ng g\u1ec9 d\u01b0\u1edbi \u00e1p su\u1ea5t ch\u1ea5t l\u1ecfng ph\u1ea3i \u0111\u01b0\u1ee3c ki\u1ec3m tra th\u1ee7y t\u0129nh \u0111\u1ec3 ki\u1ec3m tra hi\u1ec7u su\u1ea5t v\u00e0 ch\u1ea5t l\u01b0\u1ee3ng n\u00e9n c\u1ee7a n\u00f3. M\u1ed9t ph\u1ea7n c\u1ee7a \u1ed1ng vu\u00f4ng ph\u1ea3i l\u00e0 th\u1eed nghi\u1ec7m u\u1ed1n, th\u1eed gi\u00e3n n\u1edf, th\u1eed l\u00e0m ph\u1eb3ng, v.v. theo ti\u00eau chu\u1ea9n ho\u1eb7c y\u00eau c\u1ea7u c\u1ee7a ng\u01b0\u1eddi y\u00eau c\u1ea7u.<\/p>\n<p>WLD Steel l\u00e0 nh\u00e0 cung c\u1ea5p, nh\u00e0 ph\u00e2n ph\u1ed1i &amp; kho h\u00e0ng \u0111\u1ea7u v\u1ec1 \u1ed0ng vu\u00f4ng th\u00e9p kh\u00f4ng g\u1ec9 c\u00f3 kh\u1ea3 n\u0103ng ch\u1ed1ng \u0103n m\u00f2n v\u00e0 ch\u1ecbu nhi\u1ec7t \u0111\u1ed9 cao nh\u1ea5t. \u1ed0ng vu\u00f4ng th\u00e9p kh\u00f4ng g\u1ec9 c\u00f3 th\u1ec3 \u0111\u01b0\u1ee3c s\u1eed d\u1ee5ng \u1edf m\u1ecdi n\u01a1i nh\u01b0 c\u00e1c d\u1ea1ng th\u00e9p kh\u00f4ng g\u1ec9 kh\u00e1c nh\u01b0 x\u00e2y d\u1ef1ng, d\u01b0\u1ee3c ph\u1ea9m, ch\u1ea5t b\u00e1n d\u1eabn, \u0111i\u1ec7n, d\u1ea7u kh\u00ed, qu\u00e2n s\u1ef1 v\u00e0 c\u00e1c c\u00f4ng ty th\u01b0\u01a1ng m\u1ea1i v\u00e0 c\u00f4ng nghi\u1ec7p kh\u00e1c. WLD Steel \u0111\u1ea3m b\u1ea3o \u1ed1ng vu\u00f4ng th\u00e9p kh\u00f4ng g\u1ec9 ch\u1ea5t l\u01b0\u1ee3ng cao nh\u1ea5t m\u00e0 ch\u00fang t\u00f4i cung c\u1ea5p c\u00f3 ngu\u1ed3n g\u1ed1c t\u1eeb nh\u00e0 m\u00e1y th\u00e9p h\u00e0ng \u0111\u1ea7u Trung Qu\u1ed1c \u0111\u1ec3 s\u1eed d\u1ee5ng trong m\u00f4i tr\u01b0\u1eddng kh\u1eafc nghi\u1ec7t. \u0110\u1ec3 mua \u1ed1ng vu\u00f4ng SS 201, 304, 316 v\u1edbi gi\u00e1 t\u1ed1t nh\u1ea5t t\u1ea1i Trung Qu\u1ed1c? Li\u00ean h\u1ec7 v\u1edbi ch\u00fang t\u00f4i ngay.<\/p>\n<\/div><\/section><br \/>\n<div  class='hr hr-default'><span class='hr-inner' ><span class='hr-inner-style'><\/span><\/span><\/div><br \/>\n<div class='avia-gallery  avia-gallery-1 avia_lazyload avia_animate_when_visible'  itemprop=\"ImageObject\" itemscope=\"itemscope\" itemtype=\"https:\/\/schema.org\/ImageObject\" ><div class='avia-gallery-thumb'> <a href='https:\/\/wldstainless.com\/wp-content\/uploads\/2020\/09\/SS-suare-tube-1.jpg' data-rel='gallery-1' data-prev-img='https:\/\/wldstainless.com\/wp-content\/uploads\/2020\/09\/SS-suare-tube-1.jpg' class='first_thumb lightbox' data-onclick='1' title='\u1ed0ng h\u00ecnh ch\u1eef nh\u1eadt 304'  itemprop=\"thumbnailUrl\" ><img data-avia-tooltip='304 Rectangle Tube' src='https:\/\/wldstainless.com\/wp-content\/uploads\/2020\/09\/SS-suare-tube-1.jpg' width='300' height='300'  title='\u1ed1ng SS suare' alt='' \/><\/a> <a href='https:\/\/wldstainless.com\/wp-content\/uploads\/2020\/09\/304-SS-square-pipe.jpg' data-rel='gallery-1' data-prev-img='https:\/\/wldstainless.com\/wp-content\/uploads\/2020\/09\/304-SS-square-pipe.jpg' class='lightbox' data-onclick='2' title='\u1ed0ng vu\u00f4ng 304'  itemprop=\"thumbnailUrl\" ><img data-avia-tooltip='304 Square tube' src='https:\/\/wldstainless.com\/wp-content\/uploads\/2020\/09\/304-SS-square-pipe.jpg' width='300' height='300'  title='\u1ed0ng vu\u00f4ng 304 SS' alt='' \/><\/a> <a href='https:\/\/wldstainless.com\/wp-content\/uploads\/2020\/09\/Square-Tube-2.jpg' data-rel='gallery-1' data-prev-img='https:\/\/wldstainless.com\/wp-content\/uploads\/2020\/09\/Square-Tube-2.jpg' class='lightbox' data-onclick='3' title='\u1ed0ng vu\u00f4ng 316'  itemprop=\"thumbnailUrl\" ><img data-avia-tooltip='316 Square Tube' src='https:\/\/wldstainless.com\/wp-content\/uploads\/2020\/09\/Square-Tube-2.jpg' width='300' height='300'  title='\u1ed0ng vu\u00f4ng' alt='' \/><\/a><\/div><\/div><br \/>\n<div  class='hr hr-default'><span class='hr-inner' ><span class='hr-inner-style'><\/span><\/span><\/div><br \/>\n<section class=\"av_textblock_section\"  itemscope=\"itemscope\" itemtype=\"https:\/\/schema.org\/CreativeWork\" ><div class='avia_textblock'   itemprop=\"text\" ><h4><strong>Th\u00f4ng s\u1ed1 k\u1ef9 thu\u1eadt \u1ed1ng ch\u1eef U SS c\u00f4ng nghi\u1ec7p<\/strong><\/h4>\n<table>\n<tbody>\n<tr>\n<td width=\"323\">C\u00e1c h\u00ecnh th\u1ee9c:<\/td>\n<td width=\"529\">\u1ed0ng vu\u00f4ng SS<\/p>\n<p>\u1ed0ng h\u00ecnh ch\u1eef nh\u1eadt SS<\/td>\n<\/tr>\n<tr>\n<td width=\"323\">V\u1eadt li\u1ec7u<\/td>\n<td width=\"529\">Th\u00e9p kh\u00f4ng g\u1ec9<\/p>\n<p>Th\u00e9p kh\u00f4ng g\u1ec9 song c\u00f4ng<\/td>\n<\/tr>\n<tr>\n<td width=\"323\">S\u1ef1 ch\u1ec9 r\u00f5<\/td>\n<td width=\"529\">\n<ul>\n<li>ASTM A249<\/li>\n<li>ASTM A269<\/li>\n<li>ASTM A312<\/li>\n<li>ASTM A358<\/li>\n<li>ASTM A409<\/li>\n<li>ASTM A554<\/li>\n<li>ASTM A778<\/li>\n<li>ASTM A789<\/li>\n<li>ASTM A790<\/li>\n<\/ul>\n<\/td>\n<\/tr>\n<tr>\n<td width=\"323\">B\u1ec1 m\u1eb7t ho\u00e0n thi\u1ec7n<\/td>\n<td width=\"529\">\u0110\u00e1nh b\u00f3ng, s\u00e1ng, xay, phun c\u00e1t, ng\u00e2m, g\u01b0\u01a1ng vu\u00f4ng, nghi\u1ec1n th\u00e0nh ph\u1ea9m<\/td>\n<\/tr>\n<tr>\n<td width=\"323\">K\u00edch c\u1ee1<\/td>\n<td width=\"529\">Tr\u1ecdng l\u01b0\u1ee3ng: 5*5 ~ 150*150mm<\/p>\n<p>\u0110\u01b0\u1eddng k\u00ednh ngo\u00e0i: 0,4 ~ 6,0mm<\/p>\n<p>Chi\u1ec1u d\u00e0i: 6000mm, 12000mm +\/- 30mm<\/td>\n<\/tr>\n<\/tbody>\n<\/table>\n<\/div><\/section><br \/>\n<div  class='hr hr-default'><span class='hr-inner' ><span class='hr-inner-style'><\/span><\/span><\/div><br \/>\n<section class=\"av_textblock_section\"  itemscope=\"itemscope\" itemtype=\"https:\/\/schema.org\/CreativeWork\" ><div class='avia_textblock'   itemprop=\"text\" ><h4>C\u00e1c lo\u1ea1i \u1ed1ng vu\u00f4ng SS c\u00f3 s\u1eb5n t\u1ea1i WID Steel<\/h4>\n<ul>\n<li>Th\u00e9p kh\u00f4ng g\u1ec9 <a href=\"https:\/\/wldstainless.com\/materials\/austenitic-stainless-steel\/304-304l-stainless-steel\/\">304\/304L<\/a> \u1ed0ng vu\u00f4ng<\/li>\n<li>Th\u00e9p kh\u00f4ng g\u1ec9 <a href=\"https:\/\/wldstainless.com\/materials\/austenitic-stainless-steel\/316-316l-stainless-steel\/\">316\/316L<\/a> \u1ed0ng vu\u00f4ng<\/li>\n<li>\u1ed0ng vu\u00f4ng inox 309S<\/li>\n<li>Th\u00e9p kh\u00f4ng g\u1ec9 <a href=\"https:\/\/wldstainless.com\/materials\/austenitic-stainless-steel\/321-321h-stainless-steel\/\">321\/321H<\/a> \u1ed0ng vu\u00f4ng<\/li>\n<li>Th\u00e9p kh\u00f4ng g\u1ec9 <a href=\"https:\/\/wldstainless.com\/materials\/austenitic-stainless-steel\/347-347h-stainless-steel\/\">347\/347H<\/a> \u1ed0ng vu\u00f4ng<\/li>\n<li>Th\u00e9p kh\u00f4ng g\u1ec9 <a href=\"https:\/\/wldstainless.com\/materials\/ferritic-stainless-steel\/409-409l-stainless-steel\/\">409<\/a> \u1ed0ng vu\u00f4ng<\/li>\n<li>Th\u00e9p kh\u00f4ng g\u1ec9 <a href=\"https:\/\/wldstainless.com\/materials\/austenitic-stainless-steel\/904l-stainless-steel\/\">904L<\/a> \u1ed0ng vu\u00f4ng<\/li>\n<\/ul>\n<\/div><\/section><\/p><\/div>","protected":false},"excerpt":{"rendered":"","protected":false},"author":1,"featured_media":0,"parent":346,"menu_order":0,"comment_status":"closed","ping_status":"closed","template":"","meta":{"footnotes":""},"class_list":["post-1680","page","type-page","status-publish","hentry"],"aioseo_notices":[],"_links":{"self":[{"href":"https:\/\/wldstainless.com\/vi\/wp-json\/wp\/v2\/pages\/1680","targetHints":{"allow":["GET"]}}],"collection":[{"href":"https:\/\/wldstainless.com\/vi\/wp-json\/wp\/v2\/pages"}],"about":[{"href":"https:\/\/wldstainless.com\/vi\/wp-json\/wp\/v2\/types\/page"}],"author":[{"embeddable":true,"href":"https:\/\/wldstainless.com\/vi\/wp-json\/wp\/v2\/users\/1"}],"replies":[{"embeddable":true,"href":"https:\/\/wldstainless.com\/vi\/wp-json\/wp\/v2\/comments?post=1680"}],"version-history":[{"count":12,"href":"https:\/\/wldstainless.com\/vi\/wp-json\/wp\/v2\/pages\/1680\/revisions"}],"predecessor-version":[{"id":2059,"href":"https:\/\/wldstainless.com\/vi\/wp-json\/wp\/v2\/pages\/1680\/revisions\/2059"}],"up":[{"embeddable":true,"href":"https:\/\/wldstainless.com\/vi\/wp-json\/wp\/v2\/pages\/346"}],"wp:attachment":[{"href":"https:\/\/wldstainless.com\/vi\/wp-json\/wp\/v2\/media?parent=1680"}],"curies":[{"name":"wp","href":"https:\/\/api.w.org\/{rel}","templated":true}]}}