{"id":1627,"date":"2020-08-26T09:28:37","date_gmt":"2020-08-26T09:28:37","guid":{"rendered":"http:\/\/wldstainless.com\/?page_id=1627"},"modified":"2020-12-11T05:35:29","modified_gmt":"2020-12-11T05:35:29","slug":"stainless-steel-capillary-tubes","status":"publish","type":"page","link":"https:\/\/wldstainless.com\/vi\/products\/stainless-steel-capillary-tubes\/","title":{"rendered":"\u1ed0ng mao d\u1eabn b\u1eb1ng th\u00e9p kh\u00f4ng g\u1ec9"},"content":{"rendered":"<div class=\"flex_column av_one_fourth  flex_column_div av-zero-column-padding first\" style='border-radius:0px; '><p><div class='avia-builder-widget-area clearfix'><div id=\"nav_menu-7\" class=\"widget clearfix widget_nav_menu\"><h3 class=\"widgettitle\">C\u00e1c s\u1ea3n ph\u1ea9m<\/h3><div class=\"menu-accessories-container\"><ul id=\"menu-accessories\" class=\"menu\"><li id=\"menu-item-1924\" class=\"menu-item menu-item-type-post_type menu-item-object-page menu-item-1924\"><a href=\"https:\/\/wldstainless.com\/vi\/products\/stainless-steel-angle\/\">G\u00f3c th\u00e9p kh\u00f4ng g\u1ec9<\/a><\/li>\n<li id=\"menu-item-1925\" class=\"menu-item menu-item-type-post_type menu-item-object-page menu-item-1925\"><a href=\"https:\/\/wldstainless.com\/vi\/products\/stainless-steel-beam\/\">D\u1ea7m th\u00e9p kh\u00f4ng g\u1ec9<\/a><\/li>\n<li id=\"menu-item-1926\" class=\"menu-item menu-item-type-post_type menu-item-object-page menu-item-1926\"><a href=\"https:\/\/wldstainless.com\/vi\/products\/stainless-steel-capillary-tubes\/\">\u1ed0ng mao d\u1eabn b\u1eb1ng th\u00e9p kh\u00f4ng g\u1ec9<\/a><\/li>\n<li id=\"menu-item-1927\" class=\"menu-item menu-item-type-post_type menu-item-object-page menu-item-1927\"><a href=\"https:\/\/wldstainless.com\/vi\/products\/stainless-steel-channel\/\">K\u00eanh th\u00e9p kh\u00f4ng g\u1ec9<\/a><\/li>\n<li id=\"menu-item-1928\" class=\"menu-item menu-item-type-post_type menu-item-object-page menu-item-1928\"><a href=\"https:\/\/wldstainless.com\/vi\/products\/stainless-steel-coiled-tube\/\">\u1ed0ng th\u00e9p kh\u00f4ng g\u1ec9 cu\u1ed9n<\/a><\/li>\n<li id=\"menu-item-1929\" class=\"menu-item menu-item-type-post_type menu-item-object-page menu-item-1929\"><a href=\"https:\/\/wldstainless.com\/vi\/products\/stainless-steel-cold-rolled-plate-sheet-coil\/\">Th\u00e9p kh\u00f4ng g\u1ec9 c\u00e1n ngu\u1ed9i t\u1ea5m\/t\u1ea5m\/cu\u1ed9n<\/a><\/li>\n<li id=\"menu-item-1930\" class=\"menu-item menu-item-type-post_type menu-item-object-page menu-item-1930\"><a href=\"https:\/\/wldstainless.com\/vi\/products\/stainless-steel-flats\/\">C\u0103n h\u1ed9 th\u00e9p kh\u00f4ng g\u1ec9<\/a><\/li>\n<li id=\"menu-item-1931\" class=\"menu-item menu-item-type-post_type menu-item-object-page menu-item-1931\"><a href=\"https:\/\/wldstainless.com\/vi\/products\/stainless-steel-hexagon-bars\/\">Thanh l\u1ee5c gi\u00e1c b\u1eb1ng th\u00e9p kh\u00f4ng g\u1ec9<\/a><\/li>\n<li id=\"menu-item-1932\" class=\"menu-item menu-item-type-post_type menu-item-object-page menu-item-1932\"><a href=\"https:\/\/wldstainless.com\/vi\/products\/stainless-steel-hot-rolled-plate-sheet-coil\/\">Th\u00e9p kh\u00f4ng g\u1ec9 c\u00e1n n\u00f3ng t\u1ea5m\/t\u1ea5m\/cu\u1ed9n<\/a><\/li>\n<li id=\"menu-item-1933\" class=\"menu-item menu-item-type-post_type menu-item-object-page menu-item-1933\"><a href=\"https:\/\/wldstainless.com\/vi\/products\/stainless-steel-large-diameter-pipe\/\">\u1ed0ng th\u00e9p kh\u00f4ng g\u1ec9 c\u00f3 \u0111\u01b0\u1eddng k\u00ednh l\u1edbn<\/a><\/li>\n<li id=\"menu-item-1934\" class=\"menu-item menu-item-type-post_type menu-item-object-page menu-item-1934\"><a href=\"https:\/\/wldstainless.com\/vi\/products\/stainless-steel-round-bars\/\">Thanh tr\u00f2n b\u1eb1ng th\u00e9p kh\u00f4ng g\u1ec9<\/a><\/li>\n<li id=\"menu-item-1935\" class=\"menu-item menu-item-type-post_type menu-item-object-page menu-item-1935\"><a href=\"https:\/\/wldstainless.com\/vi\/products\/stainless-steel-square-tube\/\">\u1ed0ng vu\u00f4ng th\u00e9p kh\u00f4ng g\u1ec9<\/a><\/li>\n<li id=\"menu-item-1936\" class=\"menu-item menu-item-type-post_type menu-item-object-page menu-item-1936\"><a href=\"https:\/\/wldstainless.com\/vi\/products\/stainless-steel-u-bend-tube\/\">\u1ed0ng u\u1ed1n ch\u1eef U b\u1eb1ng th\u00e9p kh\u00f4ng g\u1ec9<\/a><\/li>\n<\/ul><\/div><\/div><\/div><br \/>\n<div  class='hr hr-default'><span class='hr-inner' ><span class='hr-inner-style'><\/span><\/span><\/div><br \/>\n<div class='avia-button-wrap avia-button-left'><a href='http:\/\/wldstainless.com\/contact\/#contact' class='avia-button   avia-icon_select-yes-left-icon avia-color-custom avia-size-large avia-position-left'  target=\"_blank\"  style='background-color:#e82221; border-color:#e82221; color:#ffffff; ' ><span class='avia_button_icon avia_button_icon_left' aria-hidden='true' data-av_icon='\ue84b' data-av_iconfont='entypo-fontello'><\/span><span class='avia_iconbox_title' >Y\u00eau c\u1ea7u b\u00e1o gi\u00e1<\/span><\/a><\/div><\/p><\/div>\n<div class=\"flex_column av_three_fourth  flex_column_div\" style='padding:0px 0px 50px 0px ; border-radius:0px; '><p><div style='padding-bottom:10px;color:#d3311f;' class='av-special-heading av-special-heading-h3 custom-color-heading'><h3 class='av-special-heading-tag'  itemprop=\"headline\"  >\u1ed0ng mao d\u1eabn b\u1eb1ng th\u00e9p kh\u00f4ng g\u1ec9<\/h3><div class='special-heading-border'><div class='special-heading-inner-border' style='border-color:#d3311f'><\/div><\/div><\/div><br \/>\n<section class=\"av_textblock_section\"  itemscope=\"itemscope\" itemtype=\"https:\/\/schema.org\/CreativeWork\" ><div class='avia_textblock'   itemprop=\"text\" ><p>C\u00e1c \u1ed1ng th\u00e9p kh\u00f4ng g\u1ec9 c\u00f3 \u0111\u01b0\u1eddng k\u00ednh ngo\u00e0i t\u1eeb 0,32 mm \u0111\u1ebfn 8,0 mm \u0111\u01b0\u1ee3c g\u1ecdi l\u00e0 \u1ed1ng mao d\u1eabn, trong \u0111\u00f3 \u0111\u1ed9 d\u00e0y th\u00e0nh dao \u0111\u1ed9ng t\u1eeb 0,08 mm \u0111\u1ebfn 2,0 mm. C\u00e1c \u1ed1ng mao d\u1eabn \u0111\u01b0\u1ee3c \u0111\u1eb7c tr\u01b0ng b\u1edfi dung sai ch\u1eb7t ch\u1ebd v\u00e0 b\u1ec1 m\u1eb7t \u1ed1ng b\u00ean trong kh\u00f4ng c\u00f3 d\u1ea7u, m\u1ee1 v\u00e0 c\u00e1c h\u1ea1t kh\u00e1c. T\u1ea1i WLDSTEEL, ch\u00fang t\u00f4i th\u01b0\u1eddng s\u1ea3n xu\u1ea5t v\u00e0 ch\u1ebf t\u1ea1o \u1ed1ng th\u00e9p mao d\u1eabn theo ti\u00eau chu\u1ea9n ASTM A\/ASME SA 213\/269\/632\/511. Ch\u00fang t\u00f4i c\u00f3 th\u1ec3 cung c\u1ea5p d\u1ecbch v\u1ee5 t\u00f9y ch\u1ec9nh n\u1ebfu kh\u00e1ch h\u00e0ng c\u00f3 y\u00eau c\u1ea7u nghi\u00eam ng\u1eb7t h\u01a1n v\u1ec1 \u0111\u1ed9 ch\u00ednh x\u00e1c k\u00edch th\u01b0\u1edbc mao qu\u1ea3n v\u00e0 \u0111\u1ed9 ho\u00e0n thi\u1ec7n b\u1ec1 m\u1eb7t, bao g\u1ed3m \u1ed1ng \u1ee7 s\u00e1ng b\u1eb1ng th\u00e9p kh\u00f4ng g\u1ec9, \u1ed1ng \u0111\u01b0\u1ee3c \u0111\u00e1nh b\u00f3ng \u0111i\u1ec7n ph\u00e2n, ngo\u00e0i ra, ch\u00fang t\u00f4i c\u00f2n cung c\u1ea5p c\u00e1c d\u1ecbch v\u1ee5 bong tr\u00f3c, \u0111\u00f3ng, \u0111\u1ee5c l\u1ed7, c\u1eaft, u\u1ed1n v\u00e0 c\u00e1c d\u1ecbch v\u1ee5 x\u1eed l\u00fd kh\u00e1c<\/p>\n<\/div><\/section><br \/>\n<div class='avia-gallery  avia-gallery-1 avia_lazyload avia_animate_when_visible'  itemprop=\"ImageObject\" itemscope=\"itemscope\" itemtype=\"https:\/\/schema.org\/ImageObject\" ><div class='avia-gallery-thumb'> <a href='https:\/\/wldstainless.com\/wp-content\/uploads\/2020\/09\/SS-Capillary-Tubes.jpg' data-rel='gallery-1' data-prev-img='https:\/\/wldstainless.com\/wp-content\/uploads\/2020\/09\/SS-Capillary-Tubes.jpg' class='first_thumb lightbox' data-onclick='1' title=''  itemprop=\"thumbnailUrl\" ><img  src='https:\/\/wldstainless.com\/wp-content\/uploads\/2020\/09\/SS-Capillary-Tubes.jpg' width='300' height='300'  title='\u1ed0ng mao d\u1eabn SS' alt='' \/><\/a> <a href='https:\/\/wldstainless.com\/wp-content\/uploads\/2020\/09\/Capillary-Tubes-for-medical-1.jpg' data-rel='gallery-1' data-prev-img='https:\/\/wldstainless.com\/wp-content\/uploads\/2020\/09\/Capillary-Tubes-for-medical-1.jpg' class='lightbox' data-onclick='2' title=''  itemprop=\"thumbnailUrl\" ><img  src='https:\/\/wldstainless.com\/wp-content\/uploads\/2020\/09\/Capillary-Tubes-for-medical-1.jpg' width='300' height='300'  title='\u1ed0ng mao d\u1eabn cho y t\u1ebf' alt='' \/><\/a> <a href='https:\/\/wldstainless.com\/wp-content\/uploads\/2020\/09\/Coiled-capillary-tubes.jpg' data-rel='gallery-1' data-prev-img='https:\/\/wldstainless.com\/wp-content\/uploads\/2020\/09\/Coiled-capillary-tubes.jpg' class='lightbox' data-onclick='3' title=''  itemprop=\"thumbnailUrl\" ><img  src='https:\/\/wldstainless.com\/wp-content\/uploads\/2020\/09\/Coiled-capillary-tubes.jpg' width='300' height='300'  title='\u1ed0ng mao d\u1eabn cu\u1ed9n' alt='' \/><\/a><\/div><\/div><br \/>\n<div  class='hr hr-default'><span class='hr-inner' ><span class='hr-inner-style'><\/span><\/span><\/div><br \/>\n<section class=\"av_textblock_section\"  itemscope=\"itemscope\" itemtype=\"https:\/\/schema.org\/CreativeWork\" ><div class='avia_textblock'   itemprop=\"text\" ><h4><strong>Th\u00f4ng s\u1ed1 k\u1ef9 thu\u1eadt \u1ed1ng mao d\u1eabn b\u1eb1ng th\u00e9p kh\u00f4ng g\u1ec9<\/strong><\/h4>\n<ul>\n<li>\u1ed0ng mao d\u1eabn ASTM A\/ASME SA 213<\/li>\n<li>\u1ed0ng mao d\u1eabn ASTM A\/ASME SA269<\/li>\n<li>\u1ed0ng mao d\u1eabn ASTM A\/ASME SA511<\/li>\n<li>\u1ed0ng mao d\u1eabn ASTM A\/ASME SA632<\/li>\n<li>&#8230;&#8230;<\/li>\n<\/ul>\n<hr \/>\n<h4><strong>C\u00e1c lo\u1ea1i \u1ed1ng mao d\u1eabn b\u1eb1ng th\u00e9p kh\u00f4ng g\u1ec9 c\u00f3 s\u1eb5n<\/strong><\/h4>\n<ul>\n<li><a href=\"https:\/\/wldstainless.com\/materials\/austenitic-stainless-steel\/304-304l-stainless-steel\/\">TP304\/304L<\/a> \u1ed1ng mao d\u1eabn<\/li>\n<li><a href=\"https:\/\/wldstainless.com\/materials\/austenitic-stainless-steel\/316-316l-stainless-steel\/\">TP316\/316L<\/a> \u1ed1ng mao d\u1eabn<\/li>\n<li><a href=\"https:\/\/wldstainless.com\/materials\/austenitic-stainless-steel\/321-321h-stainless-steel\/\">TP321<\/a> \u1ed1ng mao d\u1eabn<\/li>\n<li><a href=\"https:\/\/wldstainless.com\/materials\/austenitic-stainless-steel\/310s-stainless-steel\/\">TP310\/310S<\/a> \u1ed1ng mao d\u1eabn<\/li>\n<li><a href=\"https:\/\/wldstainless.com\/materials\/duplex-stainless-steel\/alloy-2205-stainless-steel\/\">2205<\/a> \u1ed0ng mao d\u1eabn b\u1eb1ng th\u00e9p kh\u00f4ng g\u1ec9 song song<\/li>\n<li>&#8230;&#8230;<\/li>\n<\/ul>\n<hr \/>\n<h4><strong>C\u00e1c t\u00ednh n\u0103ng c\u1ee7a \u1ed1ng mao d\u1eabn b\u1eb1ng th\u00e9p kh\u00f4ng g\u1ec9<\/strong><\/h4>\n<ul>\n<li>\u0110\u1ed9 ch\u00ednh x\u00e1c chi\u1ec1u cao.<\/li>\n<\/ul>\n<p>Dung sai \u0111\u01b0\u1eddng k\u00ednh ngo\u00e0i c\u1ee7a mao qu\u1ea3n b\u1eb1ng th\u00e9p kh\u00f4ng g\u1ec9 th\u01b0\u1eddng n\u1eb1m trong kho\u1ea3ng \u00b1 0,10mm v\u00e0 \u0111\u1ed9 d\u00e0y th\u00e0nh n\u1eb1m trong kho\u1ea3ng \u00b1 10%. N\u00f3 c\u0169ng c\u00f3 th\u1ec3 \u0111\u01b0\u1ee3c t\u00f9y ch\u1ec9nh \u0111\u1ec3 t\u1ea1o ra dung sai \u0111\u01b0\u1eddng k\u00ednh ngo\u00e0i trong ph\u1ea1m vi \u00b1 0,05mm v\u00e0 \u0111\u1ed9 d\u00e0y th\u00e0nh trong ph\u1ea1m vi \u00b1 5% theo y\u00eau c\u1ea7u c\u1ee7a kh\u00e1ch h\u00e0ng.<\/p>\n<ul>\n<li>B\u1ec1 m\u1eb7t ho\u00e0n thi\u1ec7n cao.<\/li>\n<\/ul>\n<p>N\u00f3i chung, \u1ee7 s\u00e1ng ho\u1eb7c \u0111\u00e1nh b\u00f3ng m\u1ecbn c\u00f3 th\u1ec3 l\u00e0m cho \u0111\u1ed9 nh\u00e1m b\u1ec1 m\u1eb7t l\u00ean \u0111\u1ebfn d\u01b0\u1edbi 0,2um.<\/p>\n<ul>\n<li>\u0110\u1ed9 c\u1ee9ng b\u1ec1 m\u1eb7t c\u1ee7a \u1ed1ng th\u00e9p c\u00f3 th\u1ec3 \u0111\u01b0\u1ee3c ki\u1ec3m so\u00e1t trong kho\u1ea3ng 70HRB-80HRB.<\/li>\n<\/ul>\n<hr \/>\n<h4><strong>C\u00e1c \u1ee9ng d\u1ee5ng c\u1ee7a \u1ed1ng mao d\u1eabn b\u1eb1ng th\u00e9p kh\u00f4ng g\u1ec9<\/strong><\/h4>\n<p>\u1ed0ng mao d\u1eabn b\u1eb1ng th\u00e9p kh\u00f4ng g\u1ec9 \u0111\u01b0\u1ee3c s\u1eed d\u1ee5ng r\u1ed9ng r\u00e3i trong h\u00f3a d\u1ea7u, \u0111i\u1ec7n t\u1eed, y t\u1ebf, h\u00e0ng kh\u00f4ng v\u0169 tr\u1ee5, y t\u1ebf, d\u01b0\u1ee3c ph\u1ea9m, m\u00e1y m\u00f3c th\u1ef1c ph\u1ea9m, s\u1ea3n xu\u1ea5t \u0111i\u1ec7n, ch\u1ea5t b\u00e1n d\u1eabn, trang s\u1ee9c v\u00e0 c\u00e1c l\u0129nh v\u1ef1c kh\u00e1c.<\/p>\n<ul>\n<li>Thi\u1ebft b\u1ecb y t\u1ebf. \u1ed0ng kim ti\u00eam, \u1ed1ng kim \u0111\u00e2m, \u1ed1ng c\u1ea3m bi\u1ebfn nhi\u1ec7t \u0111\u1ed9, \u1ed1ng nhi\u1ec7t k\u1ebf, \u1ed1ng \u0111i\u1ec1u khi\u1ec3n nhi\u1ec7t \u0111\u1ed9.<\/li>\n<li>D\u1ee5ng c\u1ee5 t\u1ef1 \u0111\u1ed9ng. \u1ed0ng t\u00edn hi\u1ec7u d\u1ee5ng c\u1ee5 t\u1ef1 \u0111\u1ed9ng, \u1ed1ng b\u1ea3o v\u1ec7; M\u1ea1ch th\u01b0\u1edbc quang ch\u00ednh x\u00e1c, c\u1ea3m bi\u1ebfn c\u00f4ng nghi\u1ec7p, \u1ed1ng b\u1ea3o v\u1ec7 m\u1ea1ch thi\u1ebft b\u1ecb \u0111i\u1ec7n t\u1eed, c\u00e1c lo\u1ea1i microtube \u0111i\u1ec7n t\u1eed, ph\u1ee5 ki\u1ec7n c\u00e1p quang, mixer quang.<\/li>\n<li>S\u1ea3n xu\u1ea5t b\u00fat. \u1ed0ng l\u00f5i, \u1ed1ng b\u00fat.<\/li>\n<li>H\u00e0ng \u0111i\u1ec7n t\u1eed v\u00e0 th\u1ec3 thao. T\u1ea5t c\u1ea3 c\u00e1c lo\u1ea1i \u1ed1ng \u0103ng-ten, \u0103ng-ten \u0111u\u00f4i \u00f4 t\u00f4, \u0103ng-ten m\u1edf r\u1ed9ng \u0111i\u1ec7n tho\u1ea1i di \u0111\u1ed9ng, \u0103ng-ten m\u00e1y t\u00ednh x\u00e1ch tay v\u00e0 \u1ed1ng c\u00e2u c\u00e1, c\u1ea7n c\u00e2u, v.v.<\/li>\n<\/ul>\n<\/div><\/section><\/p><\/div>","protected":false},"excerpt":{"rendered":"","protected":false},"author":1,"featured_media":0,"parent":346,"menu_order":0,"comment_status":"closed","ping_status":"closed","template":"","meta":{"footnotes":""},"class_list":["post-1627","page","type-page","status-publish","hentry"],"aioseo_notices":[],"_links":{"self":[{"href":"https:\/\/wldstainless.com\/vi\/wp-json\/wp\/v2\/pages\/1627","targetHints":{"allow":["GET"]}}],"collection":[{"href":"https:\/\/wldstainless.com\/vi\/wp-json\/wp\/v2\/pages"}],"about":[{"href":"https:\/\/wldstainless.com\/vi\/wp-json\/wp\/v2\/types\/page"}],"author":[{"embeddable":true,"href":"https:\/\/wldstainless.com\/vi\/wp-json\/wp\/v2\/users\/1"}],"replies":[{"embeddable":true,"href":"https:\/\/wldstainless.com\/vi\/wp-json\/wp\/v2\/comments?post=1627"}],"version-history":[{"count":12,"href":"https:\/\/wldstainless.com\/vi\/wp-json\/wp\/v2\/pages\/1627\/revisions"}],"predecessor-version":[{"id":2051,"href":"https:\/\/wldstainless.com\/vi\/wp-json\/wp\/v2\/pages\/1627\/revisions\/2051"}],"up":[{"embeddable":true,"href":"https:\/\/wldstainless.com\/vi\/wp-json\/wp\/v2\/pages\/346"}],"wp:attachment":[{"href":"https:\/\/wldstainless.com\/vi\/wp-json\/wp\/v2\/media?parent=1627"}],"curies":[{"name":"wp","href":"https:\/\/api.w.org\/{rel}","templated":true}]}}