{"id":1622,"date":"2020-08-26T09:26:00","date_gmt":"2020-08-26T09:26:00","guid":{"rendered":"http:\/\/wldstainless.com\/?page_id=1622"},"modified":"2020-12-11T05:52:43","modified_gmt":"2020-12-11T05:52:43","slug":"stainless-steel-large-diameter-pipe","status":"publish","type":"page","link":"https:\/\/wldstainless.com\/vi\/products\/stainless-steel-large-diameter-pipe\/","title":{"rendered":"\u1ed0ng th\u00e9p kh\u00f4ng g\u1ec9 c\u00f3 \u0111\u01b0\u1eddng k\u00ednh l\u1edbn"},"content":{"rendered":"<div class=\"flex_column av_one_fourth  flex_column_div av-zero-column-padding first\" style='border-radius:0px; '><p><div class='avia-builder-widget-area clearfix'><div id=\"nav_menu-7\" class=\"widget clearfix widget_nav_menu\"><h3 class=\"widgettitle\">C\u00e1c s\u1ea3n ph\u1ea9m<\/h3><div class=\"menu-accessories-container\"><ul id=\"menu-accessories\" class=\"menu\"><li id=\"menu-item-1924\" class=\"menu-item menu-item-type-post_type menu-item-object-page menu-item-1924\"><a href=\"https:\/\/wldstainless.com\/vi\/products\/stainless-steel-angle\/\">G\u00f3c th\u00e9p kh\u00f4ng g\u1ec9<\/a><\/li>\n<li id=\"menu-item-1925\" class=\"menu-item menu-item-type-post_type menu-item-object-page menu-item-1925\"><a href=\"https:\/\/wldstainless.com\/vi\/products\/stainless-steel-beam\/\">D\u1ea7m th\u00e9p kh\u00f4ng g\u1ec9<\/a><\/li>\n<li id=\"menu-item-1926\" class=\"menu-item menu-item-type-post_type menu-item-object-page menu-item-1926\"><a href=\"https:\/\/wldstainless.com\/vi\/products\/stainless-steel-capillary-tubes\/\">\u1ed0ng mao d\u1eabn b\u1eb1ng th\u00e9p kh\u00f4ng g\u1ec9<\/a><\/li>\n<li id=\"menu-item-1927\" class=\"menu-item menu-item-type-post_type menu-item-object-page menu-item-1927\"><a href=\"https:\/\/wldstainless.com\/vi\/products\/stainless-steel-channel\/\">K\u00eanh th\u00e9p kh\u00f4ng g\u1ec9<\/a><\/li>\n<li id=\"menu-item-1928\" class=\"menu-item menu-item-type-post_type menu-item-object-page menu-item-1928\"><a href=\"https:\/\/wldstainless.com\/vi\/products\/stainless-steel-coiled-tube\/\">\u1ed0ng th\u00e9p kh\u00f4ng g\u1ec9 cu\u1ed9n<\/a><\/li>\n<li id=\"menu-item-1929\" class=\"menu-item menu-item-type-post_type menu-item-object-page menu-item-1929\"><a href=\"https:\/\/wldstainless.com\/vi\/products\/stainless-steel-cold-rolled-plate-sheet-coil\/\">Th\u00e9p kh\u00f4ng g\u1ec9 c\u00e1n ngu\u1ed9i t\u1ea5m\/t\u1ea5m\/cu\u1ed9n<\/a><\/li>\n<li id=\"menu-item-1930\" class=\"menu-item menu-item-type-post_type menu-item-object-page menu-item-1930\"><a href=\"https:\/\/wldstainless.com\/vi\/products\/stainless-steel-flats\/\">C\u0103n h\u1ed9 th\u00e9p kh\u00f4ng g\u1ec9<\/a><\/li>\n<li id=\"menu-item-1931\" class=\"menu-item menu-item-type-post_type menu-item-object-page menu-item-1931\"><a href=\"https:\/\/wldstainless.com\/vi\/products\/stainless-steel-hexagon-bars\/\">Thanh l\u1ee5c gi\u00e1c b\u1eb1ng th\u00e9p kh\u00f4ng g\u1ec9<\/a><\/li>\n<li id=\"menu-item-1932\" class=\"menu-item menu-item-type-post_type menu-item-object-page menu-item-1932\"><a href=\"https:\/\/wldstainless.com\/vi\/products\/stainless-steel-hot-rolled-plate-sheet-coil\/\">Th\u00e9p kh\u00f4ng g\u1ec9 c\u00e1n n\u00f3ng t\u1ea5m\/t\u1ea5m\/cu\u1ed9n<\/a><\/li>\n<li id=\"menu-item-1933\" class=\"menu-item menu-item-type-post_type menu-item-object-page menu-item-1933\"><a href=\"https:\/\/wldstainless.com\/vi\/products\/stainless-steel-large-diameter-pipe\/\">\u1ed0ng th\u00e9p kh\u00f4ng g\u1ec9 c\u00f3 \u0111\u01b0\u1eddng k\u00ednh l\u1edbn<\/a><\/li>\n<li id=\"menu-item-1934\" class=\"menu-item menu-item-type-post_type menu-item-object-page menu-item-1934\"><a href=\"https:\/\/wldstainless.com\/vi\/products\/stainless-steel-round-bars\/\">Thanh tr\u00f2n b\u1eb1ng th\u00e9p kh\u00f4ng g\u1ec9<\/a><\/li>\n<li id=\"menu-item-1935\" class=\"menu-item menu-item-type-post_type menu-item-object-page menu-item-1935\"><a href=\"https:\/\/wldstainless.com\/vi\/products\/stainless-steel-square-tube\/\">\u1ed0ng vu\u00f4ng th\u00e9p kh\u00f4ng g\u1ec9<\/a><\/li>\n<li id=\"menu-item-1936\" class=\"menu-item menu-item-type-post_type menu-item-object-page menu-item-1936\"><a href=\"https:\/\/wldstainless.com\/vi\/products\/stainless-steel-u-bend-tube\/\">\u1ed0ng u\u1ed1n ch\u1eef U b\u1eb1ng th\u00e9p kh\u00f4ng g\u1ec9<\/a><\/li>\n<\/ul><\/div><\/div><\/div><br \/>\n<div  class='hr hr-default'><span class='hr-inner' ><span class='hr-inner-style'><\/span><\/span><\/div><br \/>\n<div class='avia-button-wrap avia-button-left'><a href='http:\/\/wldstainless.com\/contact\/#contact' class='avia-button   avia-icon_select-yes-left-icon avia-color-custom avia-size-large avia-position-left'  target=\"_blank\"  style='background-color:#e82221; border-color:#e82221; color:#ffffff; ' ><span class='avia_button_icon avia_button_icon_left' aria-hidden='true' data-av_icon='\ue84b' data-av_iconfont='entypo-fontello'><\/span><span class='avia_iconbox_title' >Y\u00eau c\u1ea7u b\u00e1o gi\u00e1<\/span><\/a><\/div><\/p><\/div>\n<div class=\"flex_column av_three_fourth  flex_column_div\" style='padding:0px 0px 50px 0px ; border-radius:0px; '><section class=\"av_textblock_section\"  itemscope=\"itemscope\" itemtype=\"https:\/\/schema.org\/CreativeWork\" ><div class='avia_textblock'   itemprop=\"text\" ><h3>\u1ed0ng th\u00e9p kh\u00f4ng g\u1ec9 c\u00f3 \u0111\u01b0\u1eddng k\u00ednh l\u1edbn<\/h3>\n<\/div><\/section><br \/>\n<div class='avia-gallery  avia-gallery-1 avia_lazyload avia_animate_when_visible'  itemprop=\"ImageObject\" itemscope=\"itemscope\" itemtype=\"https:\/\/schema.org\/ImageObject\" ><div class='avia-gallery-thumb'> <a href='https:\/\/wldstainless.com\/wp-content\/uploads\/2020\/09\/304-heavy-thickness-tube.jpg' data-rel='gallery-1' data-prev-img='https:\/\/wldstainless.com\/wp-content\/uploads\/2020\/09\/304-heavy-thickness-tube.jpg' class='first_thumb lightbox' data-onclick='1' title=''  itemprop=\"thumbnailUrl\" ><img  src='https:\/\/wldstainless.com\/wp-content\/uploads\/2020\/09\/304-heavy-thickness-tube.jpg' width='300' height='300'  title='\u1ed0ng d\u00e0y 304' alt='' \/><\/a> <a href='https:\/\/wldstainless.com\/wp-content\/uploads\/2020\/09\/304-Welded-pipe.jpg' data-rel='gallery-1' data-prev-img='https:\/\/wldstainless.com\/wp-content\/uploads\/2020\/09\/304-Welded-pipe.jpg' class='lightbox' data-onclick='2' title=''  itemprop=\"thumbnailUrl\" ><img  src='https:\/\/wldstainless.com\/wp-content\/uploads\/2020\/09\/304-Welded-pipe.jpg' width='300' height='300'  title='\u1ed0ng h\u00e0n 304' alt='' \/><\/a> <a href='https:\/\/wldstainless.com\/wp-content\/uploads\/2020\/09\/stainless-steel-pipe.jpg' data-rel='gallery-1' data-prev-img='https:\/\/wldstainless.com\/wp-content\/uploads\/2020\/09\/stainless-steel-pipe.jpg' class='lightbox' data-onclick='3' title=''  itemprop=\"thumbnailUrl\" ><img  src='https:\/\/wldstainless.com\/wp-content\/uploads\/2020\/09\/stainless-steel-pipe.jpg' width='300' height='300'  title='\u1ed1ng th\u00e9p kh\u00f4ng g\u1ec9' alt='' \/><\/a><\/div><\/div><br \/>\n<div  class='hr hr-default'><span class='hr-inner' ><span class='hr-inner-style'><\/span><\/span><\/div><br \/>\n<section class=\"av_textblock_section\"  itemscope=\"itemscope\" itemtype=\"https:\/\/schema.org\/CreativeWork\" ><div class='avia_textblock'   itemprop=\"text\" ><p>\u1ed0ng th\u00e9p kh\u00f4ng g\u1ec9 li\u1ec1n m\u1ea1ch v\u00e0 h\u00e0n c\u00f3 \u0111\u01b0\u1eddng k\u00ednh ngo\u00e0i l\u1edbn h\u01a1n 8 inch (219,1mm) th\u01b0\u1eddng \u0111\u01b0\u1ee3c g\u1ecdi l\u00e0 \u1ed1ng c\u00f3 \u0111\u01b0\u1eddng k\u00ednh l\u1edbn. C\u1ea3 hai \u0111\u1ec1u c\u00f3 c\u00e1c \u0111\u1eb7c t\u00ednh \u0111\u1eb7c bi\u1ec7t c\u1ee7a th\u00e9p kh\u00f4ng g\u1ec9 nh\u01b0 kh\u1ea3 n\u0103ng ch\u1ed1ng \u0103n m\u00f2n tuy\u1ec7t v\u1eddi v\u00e0 t\u00ednh ch\u1ea5t c\u01a1 h\u1ecdc t\u1ed1t, ch\u1ee7 y\u1ebfu \u0111\u01b0\u1ee3c s\u1eed d\u1ee5ng trong m\u00e1y m\u00f3c, v\u1eadn t\u1ea3i, h\u00e0ng kh\u00f4ng, x\u00e2y d\u1ef1ng v\u00e0 c\u00e1c l\u0129nh v\u1ef1c kh\u00e1c. K\u00edch th\u01b0\u1edbc c\u1ee7a th\u00e9p kh\u00f4ng g\u1ec9 li\u1ec1n m\u1ea1ch \u0111\u01b0\u1eddng k\u00ednh l\u1edbn l\u00e0 8 &quot;\u0111\u1ebfn 30&quot; tr\u1edf l\u00ean (219,1mm \u0111\u1ebfn 830mm) v\u00e0 ph\u1ea1m vi \u0111\u1ed9 d\u00e0y t\u1eeb 0,5mm \u0111\u1ebfn 59,54mm. \u1ed0ng th\u00e9p kh\u00f4ng g\u1ec9 h\u00e0n \u0111\u01b0\u1eddng k\u00ednh l\u1edbn c\u00f3 \u0111\u01b0\u1eddng k\u00ednh ngo\u00e0i t\u1eeb 219,1mm \u0111\u1ebfn 1800mm v\u00e0 \u0111\u1ed9 d\u00e0y t\u1eeb 0,5mm \u0111\u1ebfn 20 mm<\/p>\n<p>WLD Stainless cung c\u1ea5p nhi\u1ec1u lo\u1ea1i \u1ed1ng th\u00e9p kh\u00f4ng g\u1ec9 h\u00e0n &amp; \u1ed1ng th\u00e9p kh\u00f4ng g\u1ec9 theo ti\u00eau chu\u1ea9n ASTM, AISI, JIS, DIN, ISO v\u00e0 GB. Ch\u00fang t\u00f4i cung c\u1ea5p \u1ed1ng th\u00e9p kh\u00f4ng chu\u1ea9n t\u00f9y ch\u1ec9nh theo y\u00eau c\u1ea7u c\u1ee7a b\u1ea1n, c\u00f3 s\u1eb5n \u1edf nhi\u1ec1u k\u00edch th\u01b0\u1edbc &amp; c\u1ea5p \u0111\u1ed9 kh\u00e1c nhau, nh\u1eefng \u1ed1ng th\u00e9p kh\u00f4ng g\u1ec9 n\u00e0y \u0111\u01b0\u1ee3c s\u1eed d\u1ee5ng r\u1ed9ng r\u00e3i trong nhi\u1ec1u ng\u00e0nh c\u00f4ng nghi\u1ec7p kh\u00e1c nhau nh\u01b0 \u0111i\u1ec7n, k\u1ef9 thu\u1eadt, x\u00e2y d\u1ef1ng v\u00e0 nhi\u1ec1u ng\u00e0nh kh\u00e1c n\u1eefa. Ch\u00fang t\u00f4i cung c\u1ea5p s\u1ea3n ph\u1ea9m v\u1edbi gi\u00e1 c\u1ea3 c\u1ea1nh tranh cao v\u00e0 giao h\u00e0ng k\u00fd g\u1eedi s\u1edbm. C\u00e1c t\u00f9y ch\u1ecdn gia c\u00f4ng kh\u00e1c bao g\u1ed3m khoan, khoan, phay v\u00e0 c\u1eaft ren.<\/p>\n<hr \/>\n<p><strong>Th\u00f4ng s\u1ed1 k\u1ef9 thu\u1eadt \u1ed1ng \u0111\u01b0\u1eddng k\u00ednh l\u1edbn SS c\u00f4ng nghi\u1ec7p<\/strong><\/p>\n<table>\n<tbody>\n<tr>\n<td width=\"189\">V\u1eadt li\u1ec7u<\/td>\n<td width=\"640\">\u1ed0ng th\u00e9p kh\u00f4ng g\u1ec9 \u0111\u01b0\u1eddng k\u00ednh l\u1edbn li\u1ec1n m\u1ea1ch<\/p>\n<p>H\u00e0n \u1ed1ng th\u00e9p kh\u00f4ng g\u1ec9 \u0111\u01b0\u1eddng k\u00ednh l\u1edbn<\/td>\n<\/tr>\n<tr>\n<td width=\"189\">S\u1ef1 ch\u1ec9 r\u00f5<\/td>\n<td width=\"640\">ASTM A269\/ A270\/ A249\/ A312\/ A789\/ A790\/ A554\/ A688\/ A778<\/p>\n<p>ASTM A358<\/td>\n<\/tr>\n<tr>\n<td width=\"189\">K\u00edch c\u1ee1<\/td>\n<td width=\"640\">H\u00e0n: OD: 219,1mm \u0111\u1ebfn 830mm; Tr\u1ecdng l\u01b0\u1ee3ng: 0,5mm \u0111\u1ebfn 59,5mm<\/p>\n<p>Li\u1ec1n m\u1ea1ch: 219,1mm \u0111\u1ebfn 1800mm; Tr\u1ecdng l\u01b0\u1ee3ng: 0,5 mm \u0111\u1ebfn 20 mm<\/td>\n<\/tr>\n<tr>\n<td width=\"189\">\u1ee8ng d\u1ee5ng<\/td>\n<td width=\"640\">X\u00e2y d\u1ef1ng, x\u1eed l\u00fd th\u1ef1c ph\u1ea9m v\u00e0 y t\u1ebf, x\u1eed l\u00fd n\u01b0\u1edbc th\u1ea3i, h\u00f3a d\u1ea7u, s\u1ea3n xu\u1ea5t gi\u1ea5y, n\u0103ng l\u01b0\u1ee3ng \u0111i\u1ec7n, qu\u00e2n s\u1ef1, h\u00e0ng h\u1ea3i, h\u00e0ng kh\u00f4ng v\u0169 tr\u1ee5 v\u00e0 c\u00e1c l\u0129nh v\u1ef1c kh\u00e1c.<\/td>\n<\/tr>\n<\/tbody>\n<\/table>\n<\/div><\/section><br \/>\n<div  class='hr hr-default'><span class='hr-inner' ><span class='hr-inner-style'><\/span><\/span><\/div><br \/>\n<section class=\"av_textblock_section\"  itemscope=\"itemscope\" itemtype=\"https:\/\/schema.org\/CreativeWork\" ><div class='avia_textblock'   itemprop=\"text\" ><h4>C\u00e1c lo\u1ea1i \u0111\u01b0\u1eddng k\u00ednh l\u1edbn c\u00f3 s\u1eb5n t\u1ea1i WID Steel<\/h4>\n<ul>\n<li>Th\u00e9p kh\u00f4ng g\u1ec9 <a href=\"https:\/\/wldstainless.com\/materials\/austenitic-stainless-steel\/304-304l-stainless-steel\/\">304\/304L<\/a> \u1ed0ng li\u1ec1n m\u1ea1ch\/h\u00e0n<\/li>\n<li>Th\u00e9p kh\u00f4ng g\u1ec9 <a href=\"https:\/\/wldstainless.com\/materials\/austenitic-stainless-steel\/316-316l-stainless-steel\/\">316\/316L<\/a> \u1ed0ng h\u00e0n<\/li>\n<li>\u1ed0ng h\u00e0n th\u00e9p kh\u00f4ng g\u1ec9 317<\/li>\n<\/ul>\n<\/div><\/section><\/p><\/div>","protected":false},"excerpt":{"rendered":"","protected":false},"author":1,"featured_media":0,"parent":346,"menu_order":0,"comment_status":"closed","ping_status":"closed","template":"","meta":{"footnotes":""},"class_list":["post-1622","page","type-page","status-publish","hentry"],"aioseo_notices":[],"_links":{"self":[{"href":"https:\/\/wldstainless.com\/vi\/wp-json\/wp\/v2\/pages\/1622","targetHints":{"allow":["GET"]}}],"collection":[{"href":"https:\/\/wldstainless.com\/vi\/wp-json\/wp\/v2\/pages"}],"about":[{"href":"https:\/\/wldstainless.com\/vi\/wp-json\/wp\/v2\/types\/page"}],"author":[{"embeddable":true,"href":"https:\/\/wldstainless.com\/vi\/wp-json\/wp\/v2\/users\/1"}],"replies":[{"embeddable":true,"href":"https:\/\/wldstainless.com\/vi\/wp-json\/wp\/v2\/comments?post=1622"}],"version-history":[{"count":13,"href":"https:\/\/wldstainless.com\/vi\/wp-json\/wp\/v2\/pages\/1622\/revisions"}],"predecessor-version":[{"id":2058,"href":"https:\/\/wldstainless.com\/vi\/wp-json\/wp\/v2\/pages\/1622\/revisions\/2058"}],"up":[{"embeddable":true,"href":"https:\/\/wldstainless.com\/vi\/wp-json\/wp\/v2\/pages\/346"}],"wp:attachment":[{"href":"https:\/\/wldstainless.com\/vi\/wp-json\/wp\/v2\/media?parent=1622"}],"curies":[{"name":"wp","href":"https:\/\/api.w.org\/{rel}","templated":true}]}}