{"id":1619,"date":"2020-08-26T09:24:57","date_gmt":"2020-08-26T09:24:57","guid":{"rendered":"http:\/\/wldstainless.com\/?page_id=1619"},"modified":"2020-12-11T06:07:39","modified_gmt":"2020-12-11T06:07:39","slug":"stainless-steel-u-bend-tube","status":"publish","type":"page","link":"https:\/\/wldstainless.com\/vi\/products\/stainless-steel-u-bend-tube\/","title":{"rendered":"\u1ed0ng u\u1ed1n ch\u1eef U b\u1eb1ng th\u00e9p kh\u00f4ng g\u1ec9"},"content":{"rendered":"<div class=\"flex_column av_one_fourth  flex_column_div av-zero-column-padding first\" style='border-radius:0px; '><p><div class='avia-builder-widget-area clearfix'><div id=\"nav_menu-7\" class=\"widget clearfix widget_nav_menu\"><h3 class=\"widgettitle\">C\u00e1c s\u1ea3n ph\u1ea9m<\/h3><div class=\"menu-accessories-container\"><ul id=\"menu-accessories\" class=\"menu\"><li id=\"menu-item-1924\" class=\"menu-item menu-item-type-post_type menu-item-object-page menu-item-1924\"><a href=\"https:\/\/wldstainless.com\/vi\/products\/stainless-steel-angle\/\">G\u00f3c th\u00e9p kh\u00f4ng g\u1ec9<\/a><\/li>\n<li id=\"menu-item-1925\" class=\"menu-item menu-item-type-post_type menu-item-object-page menu-item-1925\"><a href=\"https:\/\/wldstainless.com\/vi\/products\/stainless-steel-beam\/\">D\u1ea7m th\u00e9p kh\u00f4ng g\u1ec9<\/a><\/li>\n<li id=\"menu-item-1926\" class=\"menu-item menu-item-type-post_type menu-item-object-page menu-item-1926\"><a href=\"https:\/\/wldstainless.com\/vi\/products\/stainless-steel-capillary-tubes\/\">\u1ed0ng mao d\u1eabn b\u1eb1ng th\u00e9p kh\u00f4ng g\u1ec9<\/a><\/li>\n<li id=\"menu-item-1927\" class=\"menu-item menu-item-type-post_type menu-item-object-page menu-item-1927\"><a href=\"https:\/\/wldstainless.com\/vi\/products\/stainless-steel-channel\/\">K\u00eanh th\u00e9p kh\u00f4ng g\u1ec9<\/a><\/li>\n<li id=\"menu-item-1928\" class=\"menu-item menu-item-type-post_type menu-item-object-page menu-item-1928\"><a href=\"https:\/\/wldstainless.com\/vi\/products\/stainless-steel-coiled-tube\/\">\u1ed0ng th\u00e9p kh\u00f4ng g\u1ec9 cu\u1ed9n<\/a><\/li>\n<li id=\"menu-item-1929\" class=\"menu-item menu-item-type-post_type menu-item-object-page menu-item-1929\"><a href=\"https:\/\/wldstainless.com\/vi\/products\/stainless-steel-cold-rolled-plate-sheet-coil\/\">Th\u00e9p kh\u00f4ng g\u1ec9 c\u00e1n ngu\u1ed9i t\u1ea5m\/t\u1ea5m\/cu\u1ed9n<\/a><\/li>\n<li id=\"menu-item-1930\" class=\"menu-item menu-item-type-post_type menu-item-object-page menu-item-1930\"><a href=\"https:\/\/wldstainless.com\/vi\/products\/stainless-steel-flats\/\">C\u0103n h\u1ed9 th\u00e9p kh\u00f4ng g\u1ec9<\/a><\/li>\n<li id=\"menu-item-1931\" class=\"menu-item menu-item-type-post_type menu-item-object-page menu-item-1931\"><a href=\"https:\/\/wldstainless.com\/vi\/products\/stainless-steel-hexagon-bars\/\">Thanh l\u1ee5c gi\u00e1c b\u1eb1ng th\u00e9p kh\u00f4ng g\u1ec9<\/a><\/li>\n<li id=\"menu-item-1932\" class=\"menu-item menu-item-type-post_type menu-item-object-page menu-item-1932\"><a href=\"https:\/\/wldstainless.com\/vi\/products\/stainless-steel-hot-rolled-plate-sheet-coil\/\">Th\u00e9p kh\u00f4ng g\u1ec9 c\u00e1n n\u00f3ng t\u1ea5m\/t\u1ea5m\/cu\u1ed9n<\/a><\/li>\n<li id=\"menu-item-1933\" class=\"menu-item menu-item-type-post_type menu-item-object-page menu-item-1933\"><a href=\"https:\/\/wldstainless.com\/vi\/products\/stainless-steel-large-diameter-pipe\/\">\u1ed0ng th\u00e9p kh\u00f4ng g\u1ec9 c\u00f3 \u0111\u01b0\u1eddng k\u00ednh l\u1edbn<\/a><\/li>\n<li id=\"menu-item-1934\" class=\"menu-item menu-item-type-post_type menu-item-object-page menu-item-1934\"><a href=\"https:\/\/wldstainless.com\/vi\/products\/stainless-steel-round-bars\/\">Thanh tr\u00f2n b\u1eb1ng th\u00e9p kh\u00f4ng g\u1ec9<\/a><\/li>\n<li id=\"menu-item-1935\" class=\"menu-item menu-item-type-post_type menu-item-object-page menu-item-1935\"><a href=\"https:\/\/wldstainless.com\/vi\/products\/stainless-steel-square-tube\/\">\u1ed0ng vu\u00f4ng th\u00e9p kh\u00f4ng g\u1ec9<\/a><\/li>\n<li id=\"menu-item-1936\" class=\"menu-item menu-item-type-post_type menu-item-object-page menu-item-1936\"><a href=\"https:\/\/wldstainless.com\/vi\/products\/stainless-steel-u-bend-tube\/\">\u1ed0ng u\u1ed1n ch\u1eef U b\u1eb1ng th\u00e9p kh\u00f4ng g\u1ec9<\/a><\/li>\n<\/ul><\/div><\/div><\/div><br \/>\n<div  class='hr hr-default'><span class='hr-inner' ><span class='hr-inner-style'><\/span><\/span><\/div><br \/>\n<div class='avia-button-wrap avia-button-left'><a href='http:\/\/wldstainless.com\/contact\/#contact' class='avia-button   avia-icon_select-yes-left-icon avia-color-custom avia-size-large avia-position-left'  target=\"_blank\"  style='background-color:#e82221; border-color:#e82221; color:#ffffff; ' ><span class='avia_button_icon avia_button_icon_left' aria-hidden='true' data-av_icon='\ue84b' data-av_iconfont='entypo-fontello'><\/span><span class='avia_iconbox_title' >Y\u00eau c\u1ea7u b\u00e1o gi\u00e1<\/span><\/a><\/div><\/p><\/div>\n<div class=\"flex_column av_three_fourth  flex_column_div\" style='padding:0px 0px 50px 0px ; border-radius:0px; '><p><div style='padding-bottom:10px;color:#d3311f;' class='av-special-heading av-special-heading-h3 custom-color-heading'><h3 class='av-special-heading-tag'  itemprop=\"headline\"  >\u1ed0ng u\u1ed1n ch\u1eef U b\u1eb1ng th\u00e9p kh\u00f4ng g\u1ec9<\/h3><div class='special-heading-border'><div class='special-heading-inner-border' style='border-color:#d3311f'><\/div><\/div><\/div><br \/>\n<div class='avia-gallery  avia-gallery-1 avia_lazyload avia_animate_when_visible'  itemprop=\"ImageObject\" itemscope=\"itemscope\" itemtype=\"https:\/\/schema.org\/ImageObject\" ><div class='avia-gallery-thumb'> <a href='https:\/\/wldstainless.com\/wp-content\/uploads\/2020\/09\/stainless-steel-condensor-U-tube.jpg' data-rel='gallery-1' data-prev-img='https:\/\/wldstainless.com\/wp-content\/uploads\/2020\/09\/stainless-steel-condensor-U-tube.jpg' class='first_thumb lightbox' data-onclick='1' title=''  itemprop=\"thumbnailUrl\" ><img  src='https:\/\/wldstainless.com\/wp-content\/uploads\/2020\/09\/stainless-steel-condensor-U-tube.jpg' width='300' height='300'  title='\u1ed1ng ch\u1eef U ng\u01b0ng t\u1ee5 b\u1eb1ng th\u00e9p kh\u00f4ng g\u1ec9' alt='' \/><\/a> <a href='https:\/\/wldstainless.com\/wp-content\/uploads\/2020\/09\/410-U-tube.jpg' data-rel='gallery-1' data-prev-img='https:\/\/wldstainless.com\/wp-content\/uploads\/2020\/09\/410-U-tube.jpg' class='lightbox' data-onclick='2' title=''  itemprop=\"thumbnailUrl\" ><img  src='https:\/\/wldstainless.com\/wp-content\/uploads\/2020\/09\/410-U-tube.jpg' width='300' height='300'  title='\u1ed0ng 410 U' alt='' \/><\/a> <a href='https:\/\/wldstainless.com\/wp-content\/uploads\/2020\/09\/304-SS-U-Tube.jpg' data-rel='gallery-1' data-prev-img='https:\/\/wldstainless.com\/wp-content\/uploads\/2020\/09\/304-SS-U-Tube.jpg' class='lightbox' data-onclick='3' title=''  itemprop=\"thumbnailUrl\" ><img  src='https:\/\/wldstainless.com\/wp-content\/uploads\/2020\/09\/304-SS-U-Tube.jpg' width='300' height='300'  title='\u1ed0ng ch\u1eef U 304 SS' alt='' \/><\/a><\/div><\/div><br \/>\n<div  class='hr hr-default'><span class='hr-inner' ><span class='hr-inner-style'><\/span><\/span><\/div><br \/>\n<section class=\"av_textblock_section\"  itemscope=\"itemscope\" itemtype=\"https:\/\/schema.org\/CreativeWork\" ><div class='avia_textblock'   itemprop=\"text\" ><p>\u1ed0ng th\u00e9p li\u1ec1n m\u1ea1ch h\u00ecnh ch\u1eef U b\u1eb1ng th\u00e9p kh\u00f4ng g\u1ec9 th\u01b0\u1eddng \u0111\u01b0\u1ee3c s\u1eed d\u1ee5ng cho n\u1ed3i h\u01a1i, b\u00ecnh ng\u01b0ng, b\u1ed9 trao \u0111\u1ed5i nhi\u1ec7t v\u00e0 c\u00e1c h\u1ec7 th\u1ed1ng \u0111\u1ea7u d\u00f2 nhi\u1ec7t kh\u00e1c. V\u1edbi k\u00edch th\u01b0\u1edbc 12,7-38,1mm*2m-15m, \u1ed1ng li\u1ec1n m\u1ea1ch SS u\u1ed1n ch\u1eef U c\u00f3 th\u1ec3 ph\u00f9 h\u1ee3p v\u1edbi nhi\u1ec1u lo\u1ea1i n\u1ed3i h\u01a1i kh\u00e1c nhau trong l\u0129nh v\u1ef1c \u0111i\u1ec7n. T\u1ea1i WLD Steel, ch\u00fang t\u00f4i th\u01b0\u1eddng s\u1ea3n xu\u1ea5t v\u00e0 cung c\u1ea5p \u1ed1ng th\u00e9p kh\u00f4ng g\u1ec9 h\u00ecnh ch\u1eef U theo ti\u00eau chu\u1ea9n ASTM A\/ASME SA 213\/ A269\/ A312\/ A511\/ A789\/ A790. Ch\u00fang t\u00f4i c\u00f3 th\u1ec3 cung c\u1ea5p d\u1ecbch v\u1ee5 t\u00f9y ch\u1ec9nh n\u1ebfu kh\u00e1ch h\u00e0ng c\u00f3 y\u00eau c\u1ea7u nghi\u00eam ng\u1eb7t h\u01a1n v\u1ec1 \u0111\u1ed9 ch\u00ednh x\u00e1c k\u00edch th\u01b0\u1edbc mao qu\u1ea3n v\u00e0 \u0111\u1ed9 ho\u00e0n thi\u1ec7n b\u1ec1 m\u1eb7t, bao g\u1ed3m \u1ed1ng \u1ee7 s\u00e1ng b\u1eb1ng th\u00e9p kh\u00f4ng g\u1ec9, \u1ed1ng \u0111\u01b0\u1ee3c \u0111\u00e1nh b\u00f3ng \u0111i\u1ec7n ph\u00e2n, ngo\u00e0i ra, ch\u00fang t\u00f4i c\u00f2n cung c\u1ea5p c\u00e1c d\u1ecbch v\u1ee5 bong tr\u00f3c, \u0111\u00f3ng, \u0111\u1ee5c l\u1ed7, c\u1eaft, u\u1ed1n v\u00e0 c\u00e1c d\u1ecbch v\u1ee5 x\u1eed l\u00fd kh\u00e1c<\/p>\n<h4><\/h4>\n<h4><strong>Th\u00f4ng s\u1ed1 k\u1ef9 thu\u1eadt \u1ed1ng ch\u1eef U SS c\u00f4ng nghi\u1ec7p:<\/strong><\/h4>\n<table>\n<tbody>\n<tr>\n<td width=\"426\">B\u00e1n k\u00ednh u\u1ed1n:<\/td>\n<td width=\"426\">t\u1eeb 1,5 * OD (\u0110\u01b0\u1eddng k\u00ednh ngo\u00e0i) \u0111\u1ebfn 1500mm<\/td>\n<\/tr>\n<tr>\n<td width=\"426\">V\u1eadt li\u1ec7u<\/td>\n<td width=\"426\">Th\u00e9p kh\u00f4ng g\u1ec9<\/p>\n<p>Th\u00e9p kh\u00f4ng g\u1ec9 song c\u00f4ng<\/td>\n<\/tr>\n<tr>\n<td width=\"426\">S\u1ef1 ch\u1ec9 r\u00f5<\/td>\n<td width=\"426\">\n<ul>\n<li>ASTM A 213\/A 213M<\/li>\n<li>ASTM A 269\/A 269M<\/li>\n<li>ASTM A 312\/A 312M<\/li>\n<li>ASTM A 511\/A 511M<\/li>\n<li>ASTM A 789\/A 789M<\/li>\n<li>ASTM A 790 \/A 790M<\/li>\n<\/ul>\n<\/td>\n<\/tr>\n<tr>\n<td width=\"426\">K\u00edch c\u1ee1<\/td>\n<td width=\"426\">\u0110\u01b0\u1eddng k\u00ednh ngo\u00e0i: 12,7-38,1mm<\/p>\n<p>Chi\u1ec1u d\u00e0i: 3M-12M ho\u1eb7c K\u00edch th\u01b0\u1edbc c\u1eaft t\u00f9y ch\u1ec9nh<\/td>\n<\/tr>\n<\/tbody>\n<\/table>\n<\/div><\/section><br \/>\n<div  class='hr hr-default'><span class='hr-inner' ><span class='hr-inner-style'><\/span><\/span><\/div><br \/>\n<section class=\"av_textblock_section\"  itemscope=\"itemscope\" itemtype=\"https:\/\/schema.org\/CreativeWork\" ><div class='avia_textblock'   itemprop=\"text\" ><h4>C\u00e1c lo\u1ea1i \u1ed1ng ch\u1eef U SS hi\u1ec7n c\u00f3 t\u1ea1i WID Steel<\/h4>\n<ul>\n<li>Th\u00e9p kh\u00f4ng g\u1ec9<a href=\"https:\/\/wldstainless.com\/materials\/austenitic-stainless-steel\/304-304l-stainless-steel\/\"> 304\/304L\/304H<\/a> \u1ed0ng h\u00ecnh ch\u1eef U<\/li>\n<li>Th\u00e9p kh\u00f4ng g\u1ec9 <a href=\"https:\/\/wldstainless.com\/materials\/austenitic-stainless-steel\/316-316l-stainless-steel\/\">316\/316L\/316Ti<\/a> \u1ed0ng h\u00ecnh ch\u1eef U<\/li>\n<li>Th\u00e9p kh\u00f4ng g\u1ec9 <a href=\"https:\/\/wldstainless.com\/materials\/austenitic-stainless-steel\/309s-stainless-steel\/\">309S<\/a> \u1ed0ng h\u00ecnh ch\u1eef U<\/li>\n<li>Th\u00e9p kh\u00f4ng g\u1ec9 <a href=\"https:\/\/wldstainless.com\/materials\/austenitic-stainless-steel\/310s-stainless-steel\/\">310\/310S<\/a> \u1ed0ng h\u00ecnh ch\u1eef U<\/li>\n<li>\u1ed0ng ch\u1eef U b\u1eb1ng th\u00e9p kh\u00f4ng g\u1ec9 317\/317L<\/li>\n<li>Th\u00e9p kh\u00f4ng g\u1ec9 <a href=\"https:\/\/wldstainless.com\/materials\/austenitic-stainless-steel\/321-321h-stainless-steel\/\">321\/321H<\/a> \u1ed0ng h\u00ecnh ch\u1eef U<\/li>\n<li>Th\u00e9p kh\u00f4ng g\u1ec9 <a href=\"https:\/\/wldstainless.com\/materials\/austenitic-stainless-steel\/347-347h-stainless-steel\/\">347\/347H<\/a> \u1ed0ng h\u00ecnh ch\u1eef U<\/li>\n<li>\u1ed0ng th\u00e9p \u0111\u00f4i 31803 h\u00ecnh ch\u1eef U<\/li>\n<li>Th\u00e9p song c\u00f4ng<a href=\"https:\/\/wldstainless.com\/materials\/duplex-stainless-steel\/alloy-2205-stainless-steel\/\"> 32550<\/a> \u1ed0ng h\u00ecnh ch\u1eef U<\/li>\n<\/ul>\n<\/div><\/section><\/p><\/div>","protected":false},"excerpt":{"rendered":"","protected":false},"author":1,"featured_media":0,"parent":346,"menu_order":0,"comment_status":"closed","ping_status":"closed","template":"","meta":{"footnotes":""},"class_list":["post-1619","page","type-page","status-publish","hentry"],"aioseo_notices":[],"_links":{"self":[{"href":"https:\/\/wldstainless.com\/vi\/wp-json\/wp\/v2\/pages\/1619","targetHints":{"allow":["GET"]}}],"collection":[{"href":"https:\/\/wldstainless.com\/vi\/wp-json\/wp\/v2\/pages"}],"about":[{"href":"https:\/\/wldstainless.com\/vi\/wp-json\/wp\/v2\/types\/page"}],"author":[{"embeddable":true,"href":"https:\/\/wldstainless.com\/vi\/wp-json\/wp\/v2\/users\/1"}],"replies":[{"embeddable":true,"href":"https:\/\/wldstainless.com\/vi\/wp-json\/wp\/v2\/comments?post=1619"}],"version-history":[{"count":8,"href":"https:\/\/wldstainless.com\/vi\/wp-json\/wp\/v2\/pages\/1619\/revisions"}],"predecessor-version":[{"id":2060,"href":"https:\/\/wldstainless.com\/vi\/wp-json\/wp\/v2\/pages\/1619\/revisions\/2060"}],"up":[{"embeddable":true,"href":"https:\/\/wldstainless.com\/vi\/wp-json\/wp\/v2\/pages\/346"}],"wp:attachment":[{"href":"https:\/\/wldstainless.com\/vi\/wp-json\/wp\/v2\/media?parent=1619"}],"curies":[{"name":"wp","href":"https:\/\/api.w.org\/{rel}","templated":true}]}}