{"id":1617,"date":"2020-08-26T09:24:14","date_gmt":"2020-08-26T09:24:14","guid":{"rendered":"http:\/\/wldstainless.com\/?page_id=1617"},"modified":"2020-12-11T05:20:24","modified_gmt":"2020-12-11T05:20:24","slug":"stainless-steel-beam","status":"publish","type":"page","link":"https:\/\/wldstainless.com\/vi\/products\/stainless-steel-beam\/","title":{"rendered":"D\u1ea7m th\u00e9p kh\u00f4ng g\u1ec9"},"content":{"rendered":"<div class=\"flex_column av_one_fourth  flex_column_div av-zero-column-padding first\" style='border-radius:0px; '><p><div class='avia-builder-widget-area clearfix'><div id=\"nav_menu-7\" class=\"widget clearfix widget_nav_menu\"><h3 class=\"widgettitle\">C\u00e1c s\u1ea3n ph\u1ea9m<\/h3><div class=\"menu-accessories-container\"><ul id=\"menu-accessories\" class=\"menu\"><li id=\"menu-item-1924\" class=\"menu-item menu-item-type-post_type menu-item-object-page menu-item-1924\"><a href=\"https:\/\/wldstainless.com\/vi\/products\/stainless-steel-angle\/\">G\u00f3c th\u00e9p kh\u00f4ng g\u1ec9<\/a><\/li>\n<li id=\"menu-item-1925\" class=\"menu-item menu-item-type-post_type menu-item-object-page menu-item-1925\"><a href=\"https:\/\/wldstainless.com\/vi\/products\/stainless-steel-beam\/\">D\u1ea7m th\u00e9p kh\u00f4ng g\u1ec9<\/a><\/li>\n<li id=\"menu-item-1926\" class=\"menu-item menu-item-type-post_type menu-item-object-page menu-item-1926\"><a href=\"https:\/\/wldstainless.com\/vi\/products\/stainless-steel-capillary-tubes\/\">\u1ed0ng mao d\u1eabn b\u1eb1ng th\u00e9p kh\u00f4ng g\u1ec9<\/a><\/li>\n<li id=\"menu-item-1927\" class=\"menu-item menu-item-type-post_type menu-item-object-page menu-item-1927\"><a href=\"https:\/\/wldstainless.com\/vi\/products\/stainless-steel-channel\/\">K\u00eanh th\u00e9p kh\u00f4ng g\u1ec9<\/a><\/li>\n<li id=\"menu-item-1928\" class=\"menu-item menu-item-type-post_type menu-item-object-page menu-item-1928\"><a href=\"https:\/\/wldstainless.com\/vi\/products\/stainless-steel-coiled-tube\/\">\u1ed0ng th\u00e9p kh\u00f4ng g\u1ec9 cu\u1ed9n<\/a><\/li>\n<li id=\"menu-item-1929\" class=\"menu-item menu-item-type-post_type menu-item-object-page menu-item-1929\"><a href=\"https:\/\/wldstainless.com\/vi\/products\/stainless-steel-cold-rolled-plate-sheet-coil\/\">Th\u00e9p kh\u00f4ng g\u1ec9 c\u00e1n ngu\u1ed9i t\u1ea5m\/t\u1ea5m\/cu\u1ed9n<\/a><\/li>\n<li id=\"menu-item-1930\" class=\"menu-item menu-item-type-post_type menu-item-object-page menu-item-1930\"><a href=\"https:\/\/wldstainless.com\/vi\/products\/stainless-steel-flats\/\">C\u0103n h\u1ed9 th\u00e9p kh\u00f4ng g\u1ec9<\/a><\/li>\n<li id=\"menu-item-1931\" class=\"menu-item menu-item-type-post_type menu-item-object-page menu-item-1931\"><a href=\"https:\/\/wldstainless.com\/vi\/products\/stainless-steel-hexagon-bars\/\">Thanh l\u1ee5c gi\u00e1c b\u1eb1ng th\u00e9p kh\u00f4ng g\u1ec9<\/a><\/li>\n<li id=\"menu-item-1932\" class=\"menu-item menu-item-type-post_type menu-item-object-page menu-item-1932\"><a href=\"https:\/\/wldstainless.com\/vi\/products\/stainless-steel-hot-rolled-plate-sheet-coil\/\">Th\u00e9p kh\u00f4ng g\u1ec9 c\u00e1n n\u00f3ng t\u1ea5m\/t\u1ea5m\/cu\u1ed9n<\/a><\/li>\n<li id=\"menu-item-1933\" class=\"menu-item menu-item-type-post_type menu-item-object-page menu-item-1933\"><a href=\"https:\/\/wldstainless.com\/vi\/products\/stainless-steel-large-diameter-pipe\/\">\u1ed0ng th\u00e9p kh\u00f4ng g\u1ec9 c\u00f3 \u0111\u01b0\u1eddng k\u00ednh l\u1edbn<\/a><\/li>\n<li id=\"menu-item-1934\" class=\"menu-item menu-item-type-post_type menu-item-object-page menu-item-1934\"><a href=\"https:\/\/wldstainless.com\/vi\/products\/stainless-steel-round-bars\/\">Thanh tr\u00f2n b\u1eb1ng th\u00e9p kh\u00f4ng g\u1ec9<\/a><\/li>\n<li id=\"menu-item-1935\" class=\"menu-item menu-item-type-post_type menu-item-object-page menu-item-1935\"><a href=\"https:\/\/wldstainless.com\/vi\/products\/stainless-steel-square-tube\/\">\u1ed0ng vu\u00f4ng th\u00e9p kh\u00f4ng g\u1ec9<\/a><\/li>\n<li id=\"menu-item-1936\" class=\"menu-item menu-item-type-post_type menu-item-object-page menu-item-1936\"><a href=\"https:\/\/wldstainless.com\/vi\/products\/stainless-steel-u-bend-tube\/\">\u1ed0ng u\u1ed1n ch\u1eef U b\u1eb1ng th\u00e9p kh\u00f4ng g\u1ec9<\/a><\/li>\n<\/ul><\/div><\/div><\/div><br \/>\n<div  class='hr hr-default'><span class='hr-inner' ><span class='hr-inner-style'><\/span><\/span><\/div><br \/>\n<div class='avia-button-wrap avia-button-left'><a href='http:\/\/wldstainless.com\/contact\/#contact' class='avia-button   avia-icon_select-yes-left-icon avia-color-custom avia-size-large avia-position-left'  target=\"_blank\"  style='background-color:#e82221; border-color:#e82221; color:#ffffff; ' ><span class='avia_button_icon avia_button_icon_left' aria-hidden='true' data-av_icon='\ue84b' data-av_iconfont='entypo-fontello'><\/span><span class='avia_iconbox_title' >Y\u00eau c\u1ea7u b\u00e1o gi\u00e1<\/span><\/a><\/div><\/p><\/div>\n<div class=\"flex_column av_three_fourth  flex_column_div\" style='padding:0px 0px 50px 0px ; border-radius:0px; '><p><div style='padding-bottom:10px;color:#d3311f;' class='av-special-heading av-special-heading-h3 custom-color-heading'><h3 class='av-special-heading-tag'  itemprop=\"headline\"  >D\u1ea7m th\u00e9p kh\u00f4ng g\u1ec9<\/h3><div class='special-heading-border'><div class='special-heading-inner-border' style='border-color:#d3311f'><\/div><\/div><\/div><br \/>\n<div  class='hr hr-default'><span class='hr-inner' ><span class='hr-inner-style'><\/span><\/span><\/div><br \/>\n<section class=\"av_textblock_section\"  itemscope=\"itemscope\" itemtype=\"https:\/\/schema.org\/CreativeWork\" ><div class='avia_textblock'   itemprop=\"text\" ><p>Th\u00e9p kh\u00f4ng g\u1ec9 l\u00e0 th\u00e9p \u0111\u1ecbnh h\u00ecnh c\u00f3 ti\u1ebft di\u1ec7n thu \u0111\u01b0\u1ee3c b\u1eb1ng c\u00e1ch n\u00f3ng ch\u1ea3y, t\u1ea1o h\u00ecnh, nung ch\u1ea3y b\u1eb1ng laser, c\u00e1n ngu\u1ed9i, \u00e9p \u0111\u00f9n ho\u1eb7c c\u00e1c ph\u01b0\u01a1ng ph\u00e1p kh\u00e1c tr\u00ean thanh ho\u1eb7c d\u1ea3i th\u00e9p kh\u00f4ng g\u1ec9. C\u00e1c lo\u1ea1i ph\u1ed5 bi\u1ebfn bao g\u1ed3m th\u00e9p kh\u00f4ng g\u1ec9 g\u00f3c r, th\u00e9p kh\u00f4ng g\u1ec9 ph\u1eb3ng, th\u00e9p kh\u00f4ng g\u1ec9 k\u00eanh (K\u00eanh C, K\u00eanh U), d\u1ea7m (D\u1ea7m H, d\u1ea7m I) v\u00e0 c\u00e1c h\u00ecnh d\u1ea1ng l\u01b0\u1edbi g\u1ea7n ho\u00e0n to\u00e0n t\u00f9y ch\u1ec9nh trong h\u1ee3p kim c\u1ee7a ch\u00fang t\u00f4i. WLD Steel l\u00e0 nh\u00e0 s\u1ea3n xu\u1ea5t, cung c\u1ea5p v\u00e0 xu\u1ea5t kh\u1ea9u d\u1ea7m th\u00e9p kh\u00f4ng g\u1ec9 h\u00e0ng \u0111\u1ea7u v\u1edbi nhi\u1ec1u k\u00edch c\u1ee1 v\u00e0 th\u00f4ng s\u1ed1 k\u1ef9 thu\u1eadt.<\/p>\n<p><img decoding=\"async\" class=\"aligncenter size-full wp-image-1660\" src=\"http:\/\/wldstainless.com\/wp-content\/uploads\/2020\/09\/SS-beams.jpg\" alt=\"\" width=\"127\" height=\"120\" \/><\/p>\n<p>D\u1ea7m th\u00e9p kh\u00f4ng g\u1ec9 c\u00e1n l\u00e0 m\u1ed9t ph\u1ea7n th\u00e9p \u0111\u1ecbnh h\u00ecnh c\u00f3 h\u00ecnh ch\u1eef I v\u00e0 H. N\u00f3 th\u01b0\u1eddng \u0111\u01b0\u1ee3c bi\u1ec3u th\u1ecb b\u1eb1ng chi\u1ec1u cao * chi\u1ec1u r\u1ed9ng * \u0111\u1ed9 d\u00e0y. C\u00e1c c\u00e1nh c\u1ee7a d\u1ea7m ch\u1eef I m\u1ecfng d\u1ea7n t\u1eeb g\u1ed1c \u1edf m\u1ed9t G\u00f3c nh\u1ea5t \u0111\u1ecbnh. Ch\u00fang \u0111\u01b0\u1ee3c s\u1eed d\u1ee5ng r\u1ed9ng r\u00e3i trong c\u00e1c s\u1ea3n ph\u1ea9m ph\u1ea7n c\u1ee9ng, t\u00e0u th\u1ee7y, xe c\u1ed9, \u0111\u1ed3 n\u1ed9i th\u1ea5t, m\u00e1y m\u00f3c, v.v. v\u00e0 th\u01b0\u1eddng \u0111\u01b0\u1ee3c s\u1eed d\u1ee5ng k\u1ebft h\u1ee3p v\u1edbi th\u00e9p k\u00eanh. T\u1ea1i th\u00e9p kh\u00f4ng g\u1ec9 WLD, ch\u00fang t\u00f4i c\u00f3 th\u1ec3 thi\u1ebft k\u1ebf v\u00e0 s\u1ea3n xu\u1ea5t d\u1ea7m th\u00e9p kh\u00f4ng g\u1ec9 theo ti\u00eau chu\u1ea9n ASTM A312\/A312M, ASTM A213\/A213M, ASTM A269\/A269M, DIN 2462, JIS G3463 ho\u1eb7c c\u00e1c y\u00eau c\u1ea7u \u0111\u1eb7c bi\u1ec7t c\u1ee7a kh\u00e1ch h\u00e0ng.<\/p>\n<h4><strong>Th\u00f4ng s\u1ed1 k\u1ef9 thu\u1eadt ch\u00f9m tia SS c\u00f4ng nghi\u1ec7p:<\/strong><\/h4>\n<table>\n<tbody>\n<tr>\n<td width=\"426\">C\u00e1c h\u00ecnh th\u1ee9c:<\/td>\n<td width=\"426\">Ch\u00f9m ch\u1eef H<\/p>\n<p>t\u00f4i ch\u00f9m<\/p>\n<p>tia ch\u1eef T<\/p>\n<p>Tia W<\/td>\n<\/tr>\n<tr>\n<td width=\"426\">V\u1eadt li\u1ec7u<\/td>\n<td width=\"426\">Th\u00e9p kh\u00f4ng g\u1ec9<\/p>\n<p>Th\u00e9p kh\u00f4ng g\u1ec9 song c\u00f4ng<\/td>\n<\/tr>\n<tr>\n<td width=\"426\">S\u1ef1 ch\u1ec9 r\u00f5<\/td>\n<td width=\"426\">ASTM A 276\/A 276M<\/p>\n<p>ASTM A 484\/A 484M<\/p>\n<p>ASTM A 564\/A 564M<\/p>\n<p>ASTM A 582\/A 582M<\/p>\n<p>ASTM A 638 \/A 638M<\/p>\n<p>ASTM A 705\/A 705M<\/td>\n<\/tr>\n<tr>\n<td width=\"426\">K\u00edch c\u1ee1<\/td>\n<td width=\"426\">G\u00f3c: 5mm \u0111\u1ebfn 9mm<\/p>\n<p>Chi\u1ec1u d\u00e0i: 3M, 4M, 5M, 6M ho\u1eb7c K\u00edch th\u01b0\u1edbc c\u1eaft t\u00f9y ch\u1ec9nh<\/td>\n<\/tr>\n<\/tbody>\n<\/table>\n<\/div><\/section><br \/>\n<section class=\"av_textblock_section\"  itemscope=\"itemscope\" itemtype=\"https:\/\/schema.org\/CreativeWork\" ><div class='avia_textblock'   itemprop=\"text\" ><h4>C\u00e1c lo\u1ea1i d\u1ea7m c\u00f3 s\u1eb5n t\u1ea1i WID Steel<\/h4>\n<ul>\n<li>Th\u00e9p kh\u00f4ng g\u1ec9 <a href=\"https:\/\/wldstainless.com\/materials\/austenitic-stainless-steel\/201-stainless-steel\/\">Ch\u00f9m tia 201<\/a><\/li>\n<li>Th\u00e9p kh\u00f4ng g\u1ec9 <a href=\"https:\/\/wldstainless.com\/materials\/austenitic-stainless-steel\/304-304l-stainless-steel\/\">304\/304L<\/a> Ch\u00f9m tia<\/li>\n<li>Th\u00e9p kh\u00f4ng g\u1ec9 <a href=\"https:\/\/wldstainless.com\/materials\/austenitic-stainless-steel\/310s-stainless-steel\/\">310\/310S<\/a> Ch\u00f9m tia<\/li>\n<li>Th\u00e9p kh\u00f4ng g\u1ec9 <a href=\"https:\/\/wldstainless.com\/materials\/austenitic-stainless-steel\/316-316l-stainless-steel\/\">316\/316L<\/a> Ch\u00f9m tia<\/li>\n<li>Th\u00e9p kh\u00f4ng g\u1ec9 <a href=\"https:\/\/wldstainless.com\/materials\/austenitic-stainless-steel\/321-321h-stainless-steel\/\">321<\/a> Ch\u00f9m tia<\/li>\n<li>Th\u00e9p kh\u00f4ng g\u1ec9 <a href=\"https:\/\/wldstainless.com\/materials\/austenitic-stainless-steel\/347-347h-stainless-steel\/\">347H<\/a> Ch\u00f9m tia<\/li>\n<li>Th\u00e9p kh\u00f4ng g\u1ec9 <a href=\"https:\/\/wldstainless.com\/materials\/austenitic-stainless-steel\/904l-stainless-steel\/\">904L<\/a> Ch\u00f9m tia<\/li>\n<li>Th\u00e9p kh\u00f4ng g\u1ec9 <a href=\"https:\/\/wldstainless.com\/materials\/ferritic-stainless-steel\/409-409l-stainless-steel\/\">409\/409L<\/a> Ch\u00f9m tia<\/li>\n<li>Th\u00e9p kh\u00f4ng g\u1ec9 <a href=\"https:\/\/wldstainless.com\/materials\/ferritic-stainless-steel\/410-410s-stainless-steel\/\">410\/410S<\/a> Ch\u00f9m tia<\/li>\n<li>Th\u00e9p kh\u00f4ng g\u1ec9 <a href=\"https:\/\/wldstainless.com\/materials\/martensitic-stainless-steel\/420-stainless-steel\/\">420<\/a> Ch\u00f9m tia<\/li>\n<li>Th\u00e9p kh\u00f4ng g\u1ec9 <a href=\"https:\/\/wldstainless.com\/materials\/ferritic-stainless-steel\/430-430f-stainless-steel\/\">430<\/a> Ch\u00f9m tia<\/li>\n<li>Th\u00e9p kh\u00f4ng g\u1ec9 song c\u00f4ng <a href=\"https:\/\/wldstainless.com\/materials\/duplex-stainless-steel\/alloy-2205-stainless-steel\/\">2205<\/a> Ch\u00f9m tia<\/li>\n<\/ul>\n<\/div><\/section><\/p><\/div>","protected":false},"excerpt":{"rendered":"","protected":false},"author":1,"featured_media":0,"parent":346,"menu_order":0,"comment_status":"closed","ping_status":"closed","template":"","meta":{"footnotes":""},"class_list":["post-1617","page","type-page","status-publish","hentry"],"aioseo_notices":[],"_links":{"self":[{"href":"https:\/\/wldstainless.com\/vi\/wp-json\/wp\/v2\/pages\/1617","targetHints":{"allow":["GET"]}}],"collection":[{"href":"https:\/\/wldstainless.com\/vi\/wp-json\/wp\/v2\/pages"}],"about":[{"href":"https:\/\/wldstainless.com\/vi\/wp-json\/wp\/v2\/types\/page"}],"author":[{"embeddable":true,"href":"https:\/\/wldstainless.com\/vi\/wp-json\/wp\/v2\/users\/1"}],"replies":[{"embeddable":true,"href":"https:\/\/wldstainless.com\/vi\/wp-json\/wp\/v2\/comments?post=1617"}],"version-history":[{"count":6,"href":"https:\/\/wldstainless.com\/vi\/wp-json\/wp\/v2\/pages\/1617\/revisions"}],"predecessor-version":[{"id":2050,"href":"https:\/\/wldstainless.com\/vi\/wp-json\/wp\/v2\/pages\/1617\/revisions\/2050"}],"up":[{"embeddable":true,"href":"https:\/\/wldstainless.com\/vi\/wp-json\/wp\/v2\/pages\/346"}],"wp:attachment":[{"href":"https:\/\/wldstainless.com\/vi\/wp-json\/wp\/v2\/media?parent=1617"}],"curies":[{"name":"wp","href":"https:\/\/api.w.org\/{rel}","templated":true}]}}