{"id":1613,"date":"2020-08-26T09:22:28","date_gmt":"2020-08-26T09:22:28","guid":{"rendered":"http:\/\/wldstainless.com\/?page_id=1613"},"modified":"2020-12-11T05:16:12","modified_gmt":"2020-12-11T05:16:12","slug":"stainless-steel-angle","status":"publish","type":"page","link":"https:\/\/wldstainless.com\/vi\/products\/stainless-steel-angle\/","title":{"rendered":"G\u00f3c th\u00e9p kh\u00f4ng g\u1ec9"},"content":{"rendered":"<div class=\"flex_column av_one_fourth  flex_column_div av-zero-column-padding first\" style='border-radius:0px; '><p><div class='avia-builder-widget-area clearfix'><div id=\"nav_menu-7\" class=\"widget clearfix widget_nav_menu\"><h3 class=\"widgettitle\">C\u00e1c s\u1ea3n ph\u1ea9m<\/h3><div class=\"menu-accessories-container\"><ul id=\"menu-accessories\" class=\"menu\"><li id=\"menu-item-1924\" class=\"menu-item menu-item-type-post_type menu-item-object-page menu-item-1924\"><a href=\"https:\/\/wldstainless.com\/vi\/products\/stainless-steel-angle\/\">G\u00f3c th\u00e9p kh\u00f4ng g\u1ec9<\/a><\/li>\n<li id=\"menu-item-1925\" class=\"menu-item menu-item-type-post_type menu-item-object-page menu-item-1925\"><a href=\"https:\/\/wldstainless.com\/vi\/products\/stainless-steel-beam\/\">D\u1ea7m th\u00e9p kh\u00f4ng g\u1ec9<\/a><\/li>\n<li id=\"menu-item-1926\" class=\"menu-item menu-item-type-post_type menu-item-object-page menu-item-1926\"><a href=\"https:\/\/wldstainless.com\/vi\/products\/stainless-steel-capillary-tubes\/\">\u1ed0ng mao d\u1eabn b\u1eb1ng th\u00e9p kh\u00f4ng g\u1ec9<\/a><\/li>\n<li id=\"menu-item-1927\" class=\"menu-item menu-item-type-post_type menu-item-object-page menu-item-1927\"><a href=\"https:\/\/wldstainless.com\/vi\/products\/stainless-steel-channel\/\">K\u00eanh th\u00e9p kh\u00f4ng g\u1ec9<\/a><\/li>\n<li id=\"menu-item-1928\" class=\"menu-item menu-item-type-post_type menu-item-object-page menu-item-1928\"><a href=\"https:\/\/wldstainless.com\/vi\/products\/stainless-steel-coiled-tube\/\">\u1ed0ng th\u00e9p kh\u00f4ng g\u1ec9 cu\u1ed9n<\/a><\/li>\n<li id=\"menu-item-1929\" class=\"menu-item menu-item-type-post_type menu-item-object-page menu-item-1929\"><a href=\"https:\/\/wldstainless.com\/vi\/products\/stainless-steel-cold-rolled-plate-sheet-coil\/\">Th\u00e9p kh\u00f4ng g\u1ec9 c\u00e1n ngu\u1ed9i t\u1ea5m\/t\u1ea5m\/cu\u1ed9n<\/a><\/li>\n<li id=\"menu-item-1930\" class=\"menu-item menu-item-type-post_type menu-item-object-page menu-item-1930\"><a href=\"https:\/\/wldstainless.com\/vi\/products\/stainless-steel-flats\/\">C\u0103n h\u1ed9 th\u00e9p kh\u00f4ng g\u1ec9<\/a><\/li>\n<li id=\"menu-item-1931\" class=\"menu-item menu-item-type-post_type menu-item-object-page menu-item-1931\"><a href=\"https:\/\/wldstainless.com\/vi\/products\/stainless-steel-hexagon-bars\/\">Thanh l\u1ee5c gi\u00e1c b\u1eb1ng th\u00e9p kh\u00f4ng g\u1ec9<\/a><\/li>\n<li id=\"menu-item-1932\" class=\"menu-item menu-item-type-post_type menu-item-object-page menu-item-1932\"><a href=\"https:\/\/wldstainless.com\/vi\/products\/stainless-steel-hot-rolled-plate-sheet-coil\/\">Th\u00e9p kh\u00f4ng g\u1ec9 c\u00e1n n\u00f3ng t\u1ea5m\/t\u1ea5m\/cu\u1ed9n<\/a><\/li>\n<li id=\"menu-item-1933\" class=\"menu-item menu-item-type-post_type menu-item-object-page menu-item-1933\"><a href=\"https:\/\/wldstainless.com\/vi\/products\/stainless-steel-large-diameter-pipe\/\">\u1ed0ng th\u00e9p kh\u00f4ng g\u1ec9 c\u00f3 \u0111\u01b0\u1eddng k\u00ednh l\u1edbn<\/a><\/li>\n<li id=\"menu-item-1934\" class=\"menu-item menu-item-type-post_type menu-item-object-page menu-item-1934\"><a href=\"https:\/\/wldstainless.com\/vi\/products\/stainless-steel-round-bars\/\">Thanh tr\u00f2n b\u1eb1ng th\u00e9p kh\u00f4ng g\u1ec9<\/a><\/li>\n<li id=\"menu-item-1935\" class=\"menu-item menu-item-type-post_type menu-item-object-page menu-item-1935\"><a href=\"https:\/\/wldstainless.com\/vi\/products\/stainless-steel-square-tube\/\">\u1ed0ng vu\u00f4ng th\u00e9p kh\u00f4ng g\u1ec9<\/a><\/li>\n<li id=\"menu-item-1936\" class=\"menu-item menu-item-type-post_type menu-item-object-page menu-item-1936\"><a href=\"https:\/\/wldstainless.com\/vi\/products\/stainless-steel-u-bend-tube\/\">\u1ed0ng u\u1ed1n ch\u1eef U b\u1eb1ng th\u00e9p kh\u00f4ng g\u1ec9<\/a><\/li>\n<\/ul><\/div><\/div><\/div><br \/>\n<div  class='hr hr-default'><span class='hr-inner' ><span class='hr-inner-style'><\/span><\/span><\/div><br \/>\n<div class='avia-button-wrap avia-button-left'><a href='http:\/\/wldstainless.com\/contact\/#contact' class='avia-button   avia-icon_select-yes-left-icon avia-color-custom avia-size-large avia-position-left'  target=\"_blank\"  style='background-color:#e82221; border-color:#e82221; color:#ffffff; ' ><span class='avia_button_icon avia_button_icon_left' aria-hidden='true' data-av_icon='\ue84b' data-av_iconfont='entypo-fontello'><\/span><span class='avia_iconbox_title' >Y\u00eau c\u1ea7u b\u00e1o gi\u00e1<\/span><\/a><\/div><\/p><\/div>\n<div class=\"flex_column av_three_fourth  flex_column_div\" style='padding:0px 0px 50px 0px ; border-radius:0px; '><section class=\"av_textblock_section\"  itemscope=\"itemscope\" itemtype=\"https:\/\/schema.org\/CreativeWork\" ><div class='avia_textblock'   itemprop=\"text\" ><h3>G\u00f3c th\u00e9p kh\u00f4ng g\u1ec9<\/h3>\n<\/div><\/section><br \/>\n<div class='avia-gallery  avia-gallery-1 avia_lazyload avia_animate_when_visible'  itemprop=\"ImageObject\" itemscope=\"itemscope\" itemtype=\"https:\/\/schema.org\/ImageObject\" ><div class='avia-gallery-thumb'> <a href='https:\/\/wldstainless.com\/wp-content\/uploads\/2020\/09\/316-angle.jpg' data-rel='gallery-1' data-prev-img='https:\/\/wldstainless.com\/wp-content\/uploads\/2020\/09\/316-angle.jpg' class='first_thumb lightbox' data-onclick='1' title='G\u00f3c th\u00e9p kh\u00f4ng g\u1ec9 316'  itemprop=\"thumbnailUrl\" ><img data-avia-tooltip='316 Stainless Steel Angle' src='https:\/\/wldstainless.com\/wp-content\/uploads\/2020\/09\/316-angle.jpg' width='300' height='300'  title='g\u00f3c 316' alt='' \/><\/a> <a href='https:\/\/wldstainless.com\/wp-content\/uploads\/2020\/09\/304-angle.jpg' data-rel='gallery-1' data-prev-img='https:\/\/wldstainless.com\/wp-content\/uploads\/2020\/09\/304-angle.jpg' class='lightbox' data-onclick='2' title='G\u00f3c 304'  itemprop=\"thumbnailUrl\" ><img data-avia-tooltip='304 Angle' src='https:\/\/wldstainless.com\/wp-content\/uploads\/2020\/09\/304-angle.jpg' width='300' height='300'  title='g\u00f3c 304' alt='' \/><\/a> <a href='https:\/\/wldstainless.com\/wp-content\/uploads\/2020\/09\/347-angle.jpg' data-rel='gallery-1' data-prev-img='https:\/\/wldstainless.com\/wp-content\/uploads\/2020\/09\/347-angle.jpg' class='lightbox' data-onclick='3' title='347 G\u00f3c'  itemprop=\"thumbnailUrl\" ><img data-avia-tooltip='347 Angle' src='https:\/\/wldstainless.com\/wp-content\/uploads\/2020\/09\/347-angle.jpg' width='300' height='300'  title='g\u00f3c 347' alt='' \/><\/a><\/div><\/div><br \/>\n<div  class='hr hr-default'><span class='hr-inner' ><span class='hr-inner-style'><\/span><\/span><\/div><br \/>\n<section class=\"av_textblock_section\"  itemscope=\"itemscope\" itemtype=\"https:\/\/schema.org\/CreativeWork\" ><div class='avia_textblock'   itemprop=\"text\" ><p>Th\u00e9p kh\u00f4ng g\u1ec9 l\u00e0 th\u00e9p \u0111\u1ecbnh h\u00ecnh c\u00f3 ti\u1ebft di\u1ec7n thu \u0111\u01b0\u1ee3c b\u1eb1ng c\u00e1ch n\u00f3ng ch\u1ea3y, t\u1ea1o h\u00ecnh, nung ch\u1ea3y b\u1eb1ng laser, c\u00e1n ngu\u1ed9i, \u00e9p \u0111\u00f9n ho\u1eb7c c\u00e1c ph\u01b0\u01a1ng ph\u00e1p kh\u00e1c tr\u00ean thanh ho\u1eb7c d\u1ea3i th\u00e9p kh\u00f4ng g\u1ec9. C\u00e1c lo\u1ea1i ph\u1ed5 bi\u1ebfn bao g\u1ed3m th\u00e9p kh\u00f4ng g\u1ec9 g\u00f3c r, th\u00e9p kh\u00f4ng g\u1ec9 ph\u1eb3ng, th\u00e9p kh\u00f4ng g\u1ec9 k\u00eanh (K\u00eanh C, K\u00eanh U), d\u1ea7m (D\u1ea7m H, d\u1ea7m I) v\u00e0 c\u00e1c h\u00ecnh d\u1ea1ng l\u01b0\u1edbi g\u1ea7n ho\u00e0n to\u00e0n t\u00f9y ch\u1ec9nh trong h\u1ee3p kim c\u1ee7a ch\u00fang t\u00f4i. WLD Steel l\u00e0 nh\u00e0 s\u1ea3n xu\u1ea5t, cung c\u1ea5p v\u00e0 xu\u1ea5t kh\u1ea9u th\u00e9p g\u00f3c kh\u00f4ng g\u1ec9 h\u00e0ng \u0111\u1ea7u v\u1edbi \u0111a d\u1ea1ng k\u00edch th\u01b0\u1edbc v\u00e0 th\u00f4ng s\u1ed1 k\u1ef9 thu\u1eadt.<\/p>\n<p><img decoding=\"async\" class=\"aligncenter size-full wp-image-1663\" src=\"http:\/\/wldstainless.com\/wp-content\/uploads\/2020\/09\/SS-angles.jpg\" alt=\"\" width=\"127\" height=\"120\" \/><\/p>\n<p>G\u00f3c inox vu\u00f4ng g\u00f3c v\u1edbi c\u1ea3 hai m\u1eb7t v\u1edbi m\u1ed9t G\u00f3c x\u00e1c \u0111\u1ecbnh c\u1ee7a th\u00e9p \u0111\u1ecbnh h\u00ecnh. N\u00f3 c\u00f3 \u0111\u1ed9 b\u1ec1n, kh\u1ea3 n\u0103ng ch\u1ed1ng \u0103n m\u00f2n v\u00e0 kh\u1ea3 n\u0103ng h\u00e0n tuy\u1ec7t v\u1eddi, \u0111\u01b0\u1ee3c bi\u1ec3u th\u1ecb b\u1eb1ng chi\u1ec1u r\u1ed9ng theo chi\u1ec1u r\u1ed9ng theo \u0111\u1ed9 d\u00e0y c\u1ea1nh (mm). V\u00ed d\u1ee5: G\u00f3c 25\u00d725\u00d73 \u201cbi\u1ec3u th\u1ecb G\u00f3c b\u1eb1ng th\u00e9p kh\u00f4ng g\u1ec9 c\u00f3 c\u1ea1nh b\u1eb1ng nhau v\u1edbi chi\u1ec1u r\u1ed9ng c\u1ea1nh l\u00e0 25 mm v\u00e0 \u0111\u1ed9 d\u00e0y m\u1ed9t c\u1ea1nh l\u00e0 3 mm. N\u00f3 ch\u1ee7 y\u1ebfu \u0111\u01b0\u1ee3c chia th\u00e0nh G\u00f3c th\u00e9p kh\u00f4ng g\u1ec9 b\u1eb1ng nhau v\u00e0 G\u00f3c th\u00e9p kh\u00f4ng g\u1ec9 kh\u00f4ng \u0111\u1ed3ng \u0111\u1ec1u c\u00f3 th\u1ec3 \u0111\u01b0\u1ee3c s\u1eed d\u1ee5ng l\u00e0m k\u1ebft n\u1ed1i gi\u1eefa c\u00e1c b\u1ed9 ph\u1eadn v\u00e0 th\u00e0nh ph\u1ea7n \u1ee9ng su\u1ea5t kh\u00e1c nhau, \u0111\u01b0\u1ee3c s\u1eed d\u1ee5ng r\u1ed9ng r\u00e3i trong t\u1ea5t c\u1ea3 c\u00e1c lo\u1ea1i k\u1ebft c\u1ea5u t\u00f2a nh\u00e0 v\u00e0 k\u1ebft c\u1ea5u k\u1ef9 thu\u1eadt, nh\u01b0 d\u1ea7m, c\u1ea7u, th\u00e1p truy\u1ec1n t\u1ea3i, n\u00e2ng v\u00e0 m\u00e1y m\u00f3c v\u1eadn t\u1ea3i, t\u00e0u th\u1ee7y, l\u00f2 c\u00f4ng nghi\u1ec7p, th\u00e1p ph\u1ea3n \u1ee9ng, k\u1ec7 container v\u00e0 k\u1ec7 kho.<\/p>\n<h4><strong>Th\u00f4ng s\u1ed1 k\u1ef9 thu\u1eadt g\u00f3c c\u00f4ng nghi\u1ec7p<\/strong><\/h4>\n<table>\n<tbody>\n<tr>\n<td width=\"426\">C\u00e1c h\u00ecnh th\u1ee9c:<\/td>\n<td width=\"426\">\n<ul>\n<li>G\u00f3c ch\u00e2n b\u1eb1ng nhau<\/li>\n<li>G\u00f3c ch\u00e2n kh\u00f4ng b\u1eb1ng nhau<\/li>\n<li>G\u00f3c k\u1ebft c\u1ea5u ch\u1eef L<\/li>\n<li>C-G\u00f3c k\u1ebft c\u1ea5u<\/li>\n<\/ul>\n<\/td>\n<\/tr>\n<tr>\n<td width=\"426\">V\u1eadt li\u1ec7u<\/td>\n<td width=\"426\">Th\u00e9p kh\u00f4ng g\u1ec9<\/p>\n<p>Th\u00e9p kh\u00f4ng g\u1ec9 song c\u00f4ng<\/td>\n<\/tr>\n<tr>\n<td width=\"426\">S\u1ef1 ch\u1ec9 r\u00f5<\/td>\n<td width=\"426\">\n<ul>\n<li>ASTM A 276\/A 276M<\/li>\n<li>ASTM A 484\/A 484M<\/li>\n<li>ASTM A 564\/A 564M<\/li>\n<li>ASTM A 582\/A 582M<\/li>\n<li>ASTM A 638 \/A 638M<\/li>\n<li>ASTM A 705\/A 705M<\/li>\n<\/ul>\n<\/td>\n<\/tr>\n<tr>\n<td width=\"426\">K\u00edch c\u1ee1<\/td>\n<td width=\"426\">G\u00f3c: 3\u20149m\u30014\u201412m\u30014\u201419m\u30016\u201419m ho\u1eb7c K\u00edch th\u01b0\u1edbc c\u1eaft t\u00f9y ch\u1ec9nh<\/td>\n<\/tr>\n<\/tbody>\n<\/table>\n<\/div><\/section><br \/>\n<div  class='hr hr-default'><span class='hr-inner' ><span class='hr-inner-style'><\/span><\/span><\/div><br \/>\n<section class=\"av_textblock_section\"  itemscope=\"itemscope\" itemtype=\"https:\/\/schema.org\/CreativeWork\" ><div class='avia_textblock'   itemprop=\"text\" ><h4>C\u00e1c lo\u1ea1i G\u00f3c c\u00f3 s\u1eb5n t\u1ea1i WID Steel<\/h4>\n<ul>\n<li>Th\u00e9p kh\u00f4ng g\u1ec9 <a href=\"https:\/\/wldstainless.com\/materials\/austenitic-stainless-steel\/201-stainless-steel\/\">201<\/a> G\u00f3c<\/li>\n<li>Th\u00e9p kh\u00f4ng g\u1ec9 <a href=\"https:\/\/wldstainless.com\/materials\/austenitic-stainless-steel\/304-304l-stainless-steel\/\">304\/304L<\/a> G\u00f3c<\/li>\n<li>Th\u00e9p kh\u00f4ng g\u1ec9 <a href=\"https:\/\/wldstainless.com\/materials\/austenitic-stainless-steel\/310s-stainless-steel\/\">310\/310S<\/a> G\u00f3c<\/li>\n<li>Th\u00e9p kh\u00f4ng g\u1ec9 <a href=\"https:\/\/wldstainless.com\/materials\/austenitic-stainless-steel\/316-316l-stainless-steel\/\">316\/316L<\/a> G\u00f3c<\/li>\n<li>Th\u00e9p kh\u00f4ng g\u1ec9 <a href=\"https:\/\/wldstainless.com\/materials\/austenitic-stainless-steel\/321-321h-stainless-steel\/\">321<\/a> G\u00f3c<\/li>\n<li>Th\u00e9p kh\u00f4ng g\u1ec9 <a href=\"https:\/\/wldstainless.com\/materials\/austenitic-stainless-steel\/347-347h-stainless-steel\/\">347H<\/a> G\u00f3c<\/li>\n<li>Th\u00e9p kh\u00f4ng g\u1ec9 <a href=\"https:\/\/wldstainless.com\/materials\/austenitic-stainless-steel\/904l-stainless-steel\/\">904L<\/a> Ch\u00f9m tia<\/li>\n<li>Th\u00e9p kh\u00f4ng g\u1ec9 <a href=\"https:\/\/wldstainless.com\/materials\/ferritic-stainless-steel\/409-409l-stainless-steel\/\">409\/409L<\/a> G\u00f3c<\/li>\n<li>Th\u00e9p kh\u00f4ng g\u1ec9 <a href=\"https:\/\/wldstainless.com\/materials\/ferritic-stainless-steel\/410-410s-stainless-steel\/\">410\/410S<\/a> G\u00f3c<\/li>\n<li>Th\u00e9p kh\u00f4ng g\u1ec9 <a href=\"https:\/\/wldstainless.com\/materials\/martensitic-stainless-steel\/420-stainless-steel\/\">420<\/a> G\u00f3c<\/li>\n<li>Th\u00e9p kh\u00f4ng g\u1ec9 song c\u00f4ng <a href=\"https:\/\/wldstainless.com\/materials\/duplex-stainless-steel\/alloy-2205-stainless-steel\/\">2205<\/a> G\u00f3c<\/li>\n<\/ul>\n<\/div><\/section><\/p><\/div>","protected":false},"excerpt":{"rendered":"","protected":false},"author":1,"featured_media":0,"parent":346,"menu_order":0,"comment_status":"closed","ping_status":"closed","template":"","meta":{"footnotes":""},"class_list":["post-1613","page","type-page","status-publish","hentry"],"aioseo_notices":[],"_links":{"self":[{"href":"https:\/\/wldstainless.com\/vi\/wp-json\/wp\/v2\/pages\/1613","targetHints":{"allow":["GET"]}}],"collection":[{"href":"https:\/\/wldstainless.com\/vi\/wp-json\/wp\/v2\/pages"}],"about":[{"href":"https:\/\/wldstainless.com\/vi\/wp-json\/wp\/v2\/types\/page"}],"author":[{"embeddable":true,"href":"https:\/\/wldstainless.com\/vi\/wp-json\/wp\/v2\/users\/1"}],"replies":[{"embeddable":true,"href":"https:\/\/wldstainless.com\/vi\/wp-json\/wp\/v2\/comments?post=1613"}],"version-history":[{"count":11,"href":"https:\/\/wldstainless.com\/vi\/wp-json\/wp\/v2\/pages\/1613\/revisions"}],"predecessor-version":[{"id":2049,"href":"https:\/\/wldstainless.com\/vi\/wp-json\/wp\/v2\/pages\/1613\/revisions\/2049"}],"up":[{"embeddable":true,"href":"https:\/\/wldstainless.com\/vi\/wp-json\/wp\/v2\/pages\/346"}],"wp:attachment":[{"href":"https:\/\/wldstainless.com\/vi\/wp-json\/wp\/v2\/media?parent=1613"}],"curies":[{"name":"wp","href":"https:\/\/api.w.org\/{rel}","templated":true}]}}