{"id":159,"date":"2019-05-16T07:29:29","date_gmt":"2019-05-16T07:29:29","guid":{"rendered":"http:\/\/wldstainless.com\/?page_id=159"},"modified":"2020-09-18T09:33:52","modified_gmt":"2020-09-18T09:33:52","slug":"ferritic-stainless-steel","status":"publish","type":"page","link":"https:\/\/wldstainless.com\/vi\/materials\/ferritic-stainless-steel\/","title":{"rendered":"Th\u00e9p kh\u00f4ng g\u1ec9 Ferritic"},"content":{"rendered":"<div class='flex_column_table av-equal-height-column-flextable -flextable' ><div class=\"flex_column av_one_fourth  flex_column_table_cell av-equal-height-column av-align-top av-zero-column-padding first\" style='border-radius:0px; '><p><div class='avia-builder-widget-area clearfix'><div id=\"nav_menu-5\" class=\"widget clearfix widget_nav_menu\"><h3 class=\"widgettitle\">V\u1eadt li\u1ec7u<\/h3><div class=\"menu-products-sidebar-menu-container\"><ul id=\"menu-products-sidebar-menu\" class=\"menu\"><li id=\"menu-item-1329\" class=\"menu-item menu-item-type-post_type menu-item-object-page menu-item-1329\"><a href=\"https:\/\/wldstainless.com\/vi\/materials\/ferritic-stainless-steel\/\">Th\u00e9p kh\u00f4ng g\u1ec9 Ferritic<\/a><\/li>\n<li id=\"menu-item-1328\" class=\"menu-item menu-item-type-post_type menu-item-object-page menu-item-1328\"><a href=\"https:\/\/wldstainless.com\/vi\/materials\/martensitic-stainless-steel\/\">Th\u00e9p kh\u00f4ng g\u1ec9 Martensitic<\/a><\/li>\n<li id=\"menu-item-1327\" class=\"menu-item menu-item-type-post_type menu-item-object-page menu-item-1327\"><a href=\"https:\/\/wldstainless.com\/vi\/materials\/austenitic-stainless-steel\/\">Th\u00e9p kh\u00f4ng g\u1ec9 austenit<\/a><\/li>\n<li id=\"menu-item-1889\" class=\"menu-item menu-item-type-post_type menu-item-object-page menu-item-1889\"><a href=\"https:\/\/wldstainless.com\/vi\/materials\/duplex-stainless-steel\/\">Th\u00e9p kh\u00f4ng g\u1ec9 song c\u00f4ng<\/a><\/li>\n<\/ul><\/div><\/div><\/div><br \/>\n<div  class='hr hr-default'><span class='hr-inner' ><span class='hr-inner-style'><\/span><\/span><\/div><br \/>\n<div class='avia-button-wrap avia-button-left'><a href='http:\/\/wldstainless.com\/contact\/#contact' class='avia-button   avia-icon_select-yes-left-icon avia-color-custom avia-size-large avia-position-left'  target=\"_blank\"  style='background-color:#e82221; border-color:#e82221; color:#ffffff; ' ><span class='avia_button_icon avia_button_icon_left' aria-hidden='true' data-av_icon='\ue84b' data-av_iconfont='entypo-fontello'><\/span><span class='avia_iconbox_title' >Y\u00eau c\u1ea7u b\u00e1o gi\u00e1<\/span><\/a><\/div><\/p><\/div><\/div><!--close column table wrapper. Autoclose: 1 --><div class='flex_column_table av-equal-height-column-flextable -flextable' ><div class='av-flex-placeholder'><\/div><div class=\"flex_column av_three_fourth  flex_column_table_cell av-equal-height-column av-align-top av-zero-column-padding\" style='border-radius:0px; '><p><div style='padding-bottom:10px;color:#d3311f;' class='av-special-heading av-special-heading-h3 custom-color-heading'><h3 class='av-special-heading-tag'  itemprop=\"headline\"  >Th\u00e9p kh\u00f4ng g\u1ec9 Ferritic<\/h3><div class='special-heading-border'><div class='special-heading-inner-border' style='border-color:#d3311f'><\/div><\/div><\/div><br \/>\n<section class=\"av_textblock_section\"  itemscope=\"itemscope\" itemtype=\"https:\/\/schema.org\/CreativeWork\" ><div class='avia_textblock'   itemprop=\"text\" ><p>Th\u00e9p kh\u00f4ng g\u1ec9 l\u00e0 th\u00e9p h\u1ee3p kim c\u00f3 ch\u1ee9a t\u1ed1i thi\u1ec3u 10,5% crom v\u00e0 6% niken, molypden v\u00e0 niobi. So v\u1edbi th\u00e9p th\u00f4ng th\u01b0\u1eddng, th\u00e9p kh\u00f4ng g\u1ec9 kh\u00f4ng d\u1ec5 b\u1ecb \u0103n m\u00f2n v\u00e0 r\u1ec9 s\u00e9t. C\u00e1c lo\u1ea1i Ferritic c\u00f3 h\u00e0m l\u01b0\u1ee3ng crom 17-27% v\u00e0 h\u00e0m l\u01b0\u1ee3ng cacbon th\u1ea5p, c\u00f3 t\u00ednh ch\u1ea5t t\u1eeb t\u00ednh. N\u00f3 cung c\u1ea5p \u1ee9ng d\u1ee5ng r\u1ed9ng r\u00e3i trong l\u0129nh v\u1ef1c x\u00e2y d\u1ef1ng, thi\u1ebft b\u1ecb gia d\u1ee5ng, giao th\u00f4ng v\u1eadn t\u1ea3i, l\u00f2 c\u00f4ng nghi\u1ec7p, v.v. Lo\u1ea1i 430 l\u00e0 lo\u1ea1i th\u00e9p Ferritic \u0111\u01b0\u1ee3c s\u1eed d\u1ee5ng ph\u1ed5 bi\u1ebfn nh\u1ea5t. T\u1ea1i WLD Steel, c\u00e1c s\u1ea3n ph\u1ea9m th\u00e9p kh\u00f4ng g\u1ec9 Ferritic c\u00f3 s\u1eb5n v\u1edbi nhi\u1ec1u h\u00ecnh th\u1ee9c, c\u1ea5p \u0111\u1ed9, l\u1edbp ho\u00e0n thi\u1ec7n, \u0111\u1ed3ng h\u1ed3 \u0111o, chi\u1ec1u r\u1ed9ng v\u00e0 chi\u1ec1u d\u00e0i.<\/p>\n<h2><\/h2>\n<\/div><\/section><\/p><\/div><\/div><!--close column table wrapper. Autoclose: 1 --><\/p>","protected":false},"excerpt":{"rendered":"","protected":false},"author":1,"featured_media":0,"parent":106,"menu_order":0,"comment_status":"closed","ping_status":"closed","template":"","meta":{"footnotes":""},"class_list":["post-159","page","type-page","status-publish","hentry"],"aioseo_notices":[],"_links":{"self":[{"href":"https:\/\/wldstainless.com\/vi\/wp-json\/wp\/v2\/pages\/159","targetHints":{"allow":["GET"]}}],"collection":[{"href":"https:\/\/wldstainless.com\/vi\/wp-json\/wp\/v2\/pages"}],"about":[{"href":"https:\/\/wldstainless.com\/vi\/wp-json\/wp\/v2\/types\/page"}],"author":[{"embeddable":true,"href":"https:\/\/wldstainless.com\/vi\/wp-json\/wp\/v2\/users\/1"}],"replies":[{"embeddable":true,"href":"https:\/\/wldstainless.com\/vi\/wp-json\/wp\/v2\/comments?post=159"}],"version-history":[{"count":12,"href":"https:\/\/wldstainless.com\/vi\/wp-json\/wp\/v2\/pages\/159\/revisions"}],"predecessor-version":[{"id":1318,"href":"https:\/\/wldstainless.com\/vi\/wp-json\/wp\/v2\/pages\/159\/revisions\/1318"}],"up":[{"embeddable":true,"href":"https:\/\/wldstainless.com\/vi\/wp-json\/wp\/v2\/pages\/106"}],"wp:attachment":[{"href":"https:\/\/wldstainless.com\/vi\/wp-json\/wp\/v2\/media?parent=159"}],"curies":[{"name":"wp","href":"https:\/\/api.w.org\/{rel}","templated":true}]}}