{"id":1589,"date":"2020-08-25T09:18:09","date_gmt":"2020-08-25T09:18:09","guid":{"rendered":"http:\/\/wldstainless.com\/?page_id=1589"},"modified":"2020-09-18T09:26:44","modified_gmt":"2020-09-18T09:26:44","slug":"301-301l-stainless-steel","status":"publish","type":"page","link":"https:\/\/wldstainless.com\/vi\/materials\/austenitic-stainless-steel\/301-301l-stainless-steel\/","title":{"rendered":"Th\u00e9p kh\u00f4ng g\u1ec9 301\/301L"},"content":{"rendered":"<div class='flex_column_table av-equal-height-column-flextable -flextable' ><div class=\"flex_column av_one_fourth  flex_column_table_cell av-equal-height-column av-align-top av-zero-column-padding first\" style='border-radius:0px; '><p><div class='avia-button-wrap avia-button-left'><a href='http:\/\/wldstainless.com\/contact\/#contact' class='avia-button   avia-icon_select-yes-left-icon avia-color-custom avia-size-large avia-position-left'  target=\"_blank\"  style='background-color:#e82221; border-color:#e82221; color:#ffffff; ' ><span class='avia_button_icon avia_button_icon_left' aria-hidden='true' data-av_icon='\ue84b' data-av_iconfont='entypo-fontello'><\/span><span class='avia_iconbox_title' >Y\u00eau c\u1ea7u b\u00e1o gi\u00e1<\/span><\/a><\/div><br \/>\n<div  class='hr hr-default'><span class='hr-inner' ><span class='hr-inner-style'><\/span><\/span><\/div><br \/>\n<div class='avia-builder-widget-area clearfix'><div id=\"nav_menu-5\" class=\"widget clearfix widget_nav_menu\"><h3 class=\"widgettitle\">V\u1eadt li\u1ec7u<\/h3><div class=\"menu-products-sidebar-menu-container\"><ul id=\"menu-products-sidebar-menu\" class=\"menu\"><li id=\"menu-item-1329\" class=\"menu-item menu-item-type-post_type menu-item-object-page menu-item-1329\"><a href=\"https:\/\/wldstainless.com\/vi\/materials\/ferritic-stainless-steel\/\">Th\u00e9p kh\u00f4ng g\u1ec9 Ferritic<\/a><\/li>\n<li id=\"menu-item-1328\" class=\"menu-item menu-item-type-post_type menu-item-object-page menu-item-1328\"><a href=\"https:\/\/wldstainless.com\/vi\/materials\/martensitic-stainless-steel\/\">Th\u00e9p kh\u00f4ng g\u1ec9 Martensitic<\/a><\/li>\n<li id=\"menu-item-1327\" class=\"menu-item menu-item-type-post_type menu-item-object-page menu-item-1327\"><a href=\"https:\/\/wldstainless.com\/vi\/materials\/austenitic-stainless-steel\/\">Th\u00e9p kh\u00f4ng g\u1ec9 austenit<\/a><\/li>\n<li id=\"menu-item-1889\" class=\"menu-item menu-item-type-post_type menu-item-object-page menu-item-1889\"><a href=\"https:\/\/wldstainless.com\/vi\/materials\/duplex-stainless-steel\/\">Th\u00e9p kh\u00f4ng g\u1ec9 song c\u00f4ng<\/a><\/li>\n<\/ul><\/div><\/div><\/div><\/p><\/div><\/div><!--close column table wrapper. Autoclose: 1 --><div class='flex_column_table av-equal-height-column-flextable -flextable' ><div class='av-flex-placeholder'><\/div><div class=\"flex_column av_three_fourth  flex_column_table_cell av-equal-height-column av-align-top av-zero-column-padding\" style='border-radius:0px; '><p><div style='padding-bottom:10px;color:#d3311f;font-size:26px;' class='av-special-heading av-special-heading-h3 custom-color-heading blockquote modern-quote   av-inherit-size'><h3 class='av-special-heading-tag'  itemprop=\"headline\"  >Th\u00e9p kh\u00f4ng g\u1ec9 301\/301L<\/h3><div class='special-heading-border'><div class='special-heading-inner-border' style='border-color:#d3311f'><\/div><\/div><\/div><br \/>\n<section class=\"av_textblock_section\"  itemscope=\"itemscope\" itemtype=\"https:\/\/schema.org\/CreativeWork\" ><div class='avia_textblock'   itemprop=\"text\" ><p>WLD Inox l\u00e0 nh\u00e0 s\u1ea3n xu\u1ea5t, cung c\u1ea5p v\u00e0 xu\u1ea5t kh\u1ea9u h\u00e0ng \u0111\u1ea7u th\u00e9p kh\u00f4ng g\u1ec9 301\/301L \u1edf d\u1ea1ng \u1ed1ng, \u1ed1ng, t\u1ea5m, t\u1ea5m, thanh, thanh v\u00e0 c\u00e1c h\u00ecnh d\u1ea1ng kh\u00e1c nh\u01b0 h\u00ecnh thi\u00ean th\u1ea7n, k\u00eanh, h\u00ecnh tr\u00f2n, mi\u1ebfng c\u1eaft.<\/p>\n<p>Th\u00e9p kh\u00f4ng g\u1ec9 lo\u1ea1i 301 l\u00e0 lo\u1ea1i th\u00e9p kh\u00f4ng g\u1ec9 Austenitic \u0111\u01b0\u1ee3c s\u1eed d\u1ee5ng ph\u1ed5 bi\u1ebfn v\u1edbi \u0111\u1ed9 c\u1ee9ng cao h\u01a1n. N\u00f3 c\u00f3 kh\u1ea3 n\u0103ng ch\u1ed1ng \u0103n m\u00f2n t\u1ed1t, \u0111\u1ed9 b\u1ec1n cao v\u00e0 h\u00e0m l\u01b0\u1ee3ng carbon cao \u0111\u1ec3 cho ph\u00e9p gia c\u00f4ng ngu\u1ed9i \u1edf nhi\u1ec1u nhi\u1ec7t \u0111\u1ed9 kh\u00e1c nhau. N\u00f3 c\u00f3 th\u1ec3 \u0111\u1ea1t \u0111\u01b0\u1ee3c \u1edf c\u00e1c m\u1ee9c \u0111\u1ed9 c\u1ee9ng 1\/4, 1\/2 c\u1ee9ng, c\u1ee9ng ho\u00e0n to\u00e0n v\u00e0 c\u1ef1c k\u1ef3 c\u1ee9ng. N\u00f3 duy tr\u00ec \u0111\u1ee7 \u0111\u1ed9 d\u1ebbo trong 1\/2 \u0111i\u1ec1u ki\u1ec7n \u0111\u00f4ng c\u1ee9ng \u0111\u1ec3 \u0111\u01b0\u1ee3c t\u1ea1o th\u00e0nh b\u1eb1ng c\u00e1ch l\u0103n ho\u1eb7c u\u1ed1n th\u00e0nh c\u00e1c b\u1ed9 ph\u1eadn m\u00e1y bay, b\u1ed9 ph\u1eadn k\u1ebft c\u1ea5u c\u1ee7a c\u00e1c t\u00f2a nh\u00e0 v\u00e0 \u0111\u1eb7c bi\u1ec7t l\u00e0 c\u00e1c b\u1ed9 ph\u1eadn v\u1eadn chuy\u1ec3n \u0111\u01b0\u1eddng s\u1eaft. N\u00ean s\u1eed d\u1ee5ng t\u1ea5m c\u00e1n ngu\u1ed9i \u0111\u01b0\u1ee3c l\u00e0m c\u1ee9ng t\u1eeb 3\/4 \u0111\u1ebfn c\u1ee9ng ho\u00e0n to\u00e0n cho c\u00e1c b\u1ed9 ph\u1eadn y\u00eau c\u1ea7u kh\u1ea3 n\u0103ng ch\u1ed1ng m\u00e0i m\u00f2n v\u00e0 \u0111\u1ed9 \u0111\u00e0n h\u1ed3i cao. Lo\u1ea1i 301L l\u00e0 phi\u00ean b\u1ea3n carbon th\u1ea5p c\u1ee7a th\u00e9p kh\u00f4ng g\u1ec9 301, \u1ee8ng d\u1ee5ng \u0111i\u1ec3n h\u00ecnh c\u1ee7a 301 v\u00e0 301L bao g\u1ed3m c\u00e1c mi\u1ebfng \u0111\u1ec7m, l\u00f2 xo, mi\u1ebfng ch\u00eam, \u1ed1c v\u00edt, d\u1ee5ng c\u1ee5, l\u01b0\u1ee1i dao, ph\u1ee5 t\u00f9ng \u00f4 t\u00f4, linh ki\u1ec7n h\u00e0ng kh\u00f4ng v\u0169 tr\u1ee5, d\u1ee5ng c\u1ee5 nh\u00e0 b\u1ebfp v\u00e0 B\u1ed9 \u0111\u1ed3 \u0103n, linh ki\u1ec7n \u0111i\u1ec7n v\u00e0 c\u00e1c lo\u1ea1i kh\u00e1c.<\/p>\n<p><strong>C\u00e1c m\u1eabu v\u00e0 th\u00f4ng s\u1ed1 k\u1ef9 thu\u1eadt hi\u1ec7n c\u00f3 c\u1ee7a 301\/301L t\u1ea1i WLD Steel l\u00e0 g\u00ec?<\/strong><\/p>\n<table>\n<tbody>\n<tr>\n<td width=\"170\">T\u1ea5m\/t\u1ea5m\/cu\u1ed9n<\/td>\n<td width=\"170\">\u1ed0ng \/ \u1ed1ng li\u1ec1n m\u1ea1ch<\/td>\n<td width=\"170\">\u1ed0ng\/\u1ed1ng h\u00e0n<\/td>\n<td width=\"170\">Thanh tr\u00f2n<\/td>\n<td width=\"170\">Th\u00e9p \u0111\u1ecbnh h\u00ecnh (\u0110\u1ecbnh h\u00ecnh)<\/td>\n<\/tr>\n<tr>\n<td width=\"170\">ASTM A240<\/p>\n<p>ASTM A480<\/p>\n<p>ASTM A666<\/td>\n<td width=\"170\">ASTM A789<\/p>\n<p>ASTM A790<\/td>\n<td width=\"170\">ASTM A269<\/p>\n<p>ASTM A790<\/td>\n<td width=\"170\">ASTM A276<\/p>\n<p>ASTM A479<\/td>\n<td width=\"170\">ASTM A276<\/td>\n<\/tr>\n<\/tbody>\n<\/table>\n<h2><\/h2>\n<\/div><\/section><br \/>\n<div class=\"togglecontainer   toggle_close_all\" >\n<section class=\"av_toggle_section\"  itemscope=\"itemscope\" itemtype=\"https:\/\/schema.org\/CreativeWork\"  >    <div class=\"single_toggle\" data-tags=\"{All} \"  >        <p data-fake-id=\"#toggle-id-1\" class=\"toggler\"  itemprop=\"headline\"  >C\u00e1c l\u1edbp t\u01b0\u01a1ng \u0111\u01b0\u01a1ng 301\/301L<span class=\"toggle_icon\" >        <span class=\"vert_icon\"><\/span><span class=\"hor_icon\"><\/span><\/span><\/p>        <div id=\"toggle-id-1-container\" class=\"toggle_wrap\"  >            <div class=\"toggle_content invers-color\"  itemprop=\"text\"   ><table>\n<tbody>\n<tr>\n<td width=\"136\">TI\u00caU CHU\u1ea8N<\/td>\n<td width=\"136\">UNS<\/td>\n<td width=\"136\">EN\/DIN<\/td>\n<td width=\"136\">JIS<\/td>\n<td width=\"136\">BS<\/td>\n<td width=\"137\">GB<\/td>\n<\/tr>\n<tr>\n<td width=\"136\">301<\/td>\n<td width=\"136\">S30100<\/td>\n<td width=\"136\">1.4319<\/p>\n<p>X5CrNi17-7<\/td>\n<td width=\"136\">SUS 301<\/td>\n<td width=\"136\">\/<\/td>\n<td width=\"137\">1Cr17Ni7<\/td>\n<\/tr>\n<tr>\n<td width=\"136\">301L<\/td>\n<td width=\"136\">S30103<\/td>\n<td width=\"136\">\/<\/td>\n<td width=\"136\">SUS 301L<\/td>\n<td width=\"136\">\/<\/td>\n<td width=\"137\">\/<\/td>\n<\/tr>\n<\/tbody>\n<\/table>\n            <\/div>        <\/div>    <\/div><\/section>\n<section class=\"av_toggle_section\"  itemscope=\"itemscope\" itemtype=\"https:\/\/schema.org\/CreativeWork\"  >    <div class=\"single_toggle\" data-tags=\"{All} \"  >        <p data-fake-id=\"#toggle-id-2\" class=\"toggler\"  itemprop=\"headline\"  >Th\u00e0nh ph\u1ea7n h\u00f3a h\u1ecdc 301\/301L<span class=\"toggle_icon\" >        <span class=\"vert_icon\"><\/span><span class=\"hor_icon\"><\/span><\/span><\/p>        <div id=\"toggle-id-2-container\" class=\"toggle_wrap\"  >            <div class=\"toggle_content invers-color\"  itemprop=\"text\"   ><table>\n<tbody>\n<tr>\n<td width=\"94\">C\u1ea5p<\/td>\n<td width=\"94\">C<\/td>\n<td width=\"94\">Cr<\/td>\n<td width=\"94\">Ni<\/td>\n<td width=\"94\">S\u0129<\/td>\n<td width=\"94\">Mn<\/td>\n<td width=\"94\">P<\/td>\n<td width=\"94\">S<\/td>\n<td width=\"94\">N<\/td>\n<\/tr>\n<tr>\n<td width=\"94\">301<\/td>\n<td width=\"94\">0.15<\/td>\n<td width=\"94\">16.0-18.0<\/td>\n<td width=\"94\">6.00-8.00<\/td>\n<td width=\"94\">1.00<\/td>\n<td width=\"94\">2.0<\/td>\n<td width=\"94\">0.045<\/td>\n<td width=\"94\">0.030<\/td>\n<td width=\"94\">0.10<\/td>\n<\/tr>\n<tr>\n<td width=\"94\">301L<\/td>\n<td width=\"94\">0.03<\/td>\n<td width=\"94\">16.0-18.0<\/td>\n<td width=\"94\">6.00-8.00<\/td>\n<td width=\"94\">1.00<\/td>\n<td width=\"94\">2.0<\/td>\n<td width=\"94\">0.045<\/td>\n<td width=\"94\">0.030<\/td>\n<td width=\"94\">0.10<\/td>\n<\/tr>\n<\/tbody>\n<\/table>\n            <\/div>        <\/div>    <\/div><\/section>\n<section class=\"av_toggle_section\"  itemscope=\"itemscope\" itemtype=\"https:\/\/schema.org\/CreativeWork\"  >    <div class=\"single_toggle\" data-tags=\"{All} \"  >        <p data-fake-id=\"#toggle-id-3\" class=\"toggler\"  itemprop=\"headline\"  >T\u00ednh ch\u1ea5t c\u01a1 h\u1ecdc 301\/301L<span class=\"toggle_icon\" >        <span class=\"vert_icon\"><\/span><span class=\"hor_icon\"><\/span><\/span><\/p>        <div id=\"toggle-id-3-container\" class=\"toggle_wrap\"  >            <div class=\"toggle_content invers-color\"  itemprop=\"text\"   ><table>\n<tbody>\n<tr>\n<td width=\"213\">L\u1edbp\/r<\/td>\n<td width=\"213\">\u0110\u1ed9 b\u1ec1n k\u00e9o, Mpa (t\u1ed1i thi\u1ec3u)<\/td>\n<td width=\"213\">S\u1ee9c m\u1ea1nh n\u0103ng su\u1ea5t 0,2%<br \/>\nMpa (t\u1ed1i thi\u1ec3u)<\/td>\n<td width=\"213\">\u0110\u1ed9 gi\u00e3n d\u00e0i -% trong 50 mm (t\u1ed1i thi\u1ec3u)<\/td>\n<\/tr>\n<tr>\n<td width=\"213\">301 \u0111\u01b0\u1ee3c \u1ee7<\/td>\n<td width=\"213\">515<\/td>\n<td width=\"213\">205<\/td>\n<td width=\"213\">40<\/td>\n<\/tr>\n<tr>\n<td width=\"213\">301 1\/4 Tempe<\/td>\n<td width=\"213\">860<\/td>\n<td width=\"213\">515<\/td>\n<td width=\"213\">25<\/td>\n<\/tr>\n<tr>\n<td width=\"213\">301 1\/2 Tempe<\/td>\n<td width=\"213\">1035<\/td>\n<td width=\"213\">760<\/td>\n<td width=\"213\">18<\/td>\n<\/tr>\n<tr>\n<td width=\"213\">301 \u0111\u1ea7y \u0111\u1ee7 c\u1ee9ng<\/td>\n<td width=\"213\">1275<\/td>\n<td width=\"213\">965<\/td>\n<td width=\"213\">9<\/td>\n<\/tr>\n<\/tbody>\n<\/table>\n            <\/div>        <\/div>    <\/div><\/section>\n<\/div><br \/>\n<\/p><\/div><\/div><!--close column table wrapper. Autoclose: 1 --><\/p>","protected":false},"excerpt":{"rendered":"","protected":false},"author":1,"featured_media":0,"parent":1323,"menu_order":0,"comment_status":"closed","ping_status":"closed","template":"","meta":{"footnotes":""},"class_list":["post-1589","page","type-page","status-publish","hentry"],"aioseo_notices":[],"_links":{"self":[{"href":"https:\/\/wldstainless.com\/vi\/wp-json\/wp\/v2\/pages\/1589","targetHints":{"allow":["GET"]}}],"collection":[{"href":"https:\/\/wldstainless.com\/vi\/wp-json\/wp\/v2\/pages"}],"about":[{"href":"https:\/\/wldstainless.com\/vi\/wp-json\/wp\/v2\/types\/page"}],"author":[{"embeddable":true,"href":"https:\/\/wldstainless.com\/vi\/wp-json\/wp\/v2\/users\/1"}],"replies":[{"embeddable":true,"href":"https:\/\/wldstainless.com\/vi\/wp-json\/wp\/v2\/comments?post=1589"}],"version-history":[{"count":5,"href":"https:\/\/wldstainless.com\/vi\/wp-json\/wp\/v2\/pages\/1589\/revisions"}],"predecessor-version":[{"id":1895,"href":"https:\/\/wldstainless.com\/vi\/wp-json\/wp\/v2\/pages\/1589\/revisions\/1895"}],"up":[{"embeddable":true,"href":"https:\/\/wldstainless.com\/vi\/wp-json\/wp\/v2\/pages\/1323"}],"wp:attachment":[{"href":"https:\/\/wldstainless.com\/vi\/wp-json\/wp\/v2\/media?parent=1589"}],"curies":[{"name":"wp","href":"https:\/\/api.w.org\/{rel}","templated":true}]}}