{"id":1581,"date":"2020-08-25T06:23:16","date_gmt":"2020-08-25T06:23:16","guid":{"rendered":"http:\/\/wldstainless.com\/?page_id=1581"},"modified":"2020-09-18T09:34:41","modified_gmt":"2020-09-18T09:34:41","slug":"430-430f-stainless-steel","status":"publish","type":"page","link":"https:\/\/wldstainless.com\/vi\/materials\/ferritic-stainless-steel\/430-430f-stainless-steel\/","title":{"rendered":"Th\u00e9p kh\u00f4ng g\u1ec9 430\/430F"},"content":{"rendered":"<div class='flex_column_table av-equal-height-column-flextable -flextable' ><div class=\"flex_column av_one_fourth  flex_column_table_cell av-equal-height-column av-align-top av-zero-column-padding first\" style='border-radius:0px; '><p><div class='avia-builder-widget-area clearfix'><div id=\"nav_menu-5\" class=\"widget clearfix widget_nav_menu\"><h3 class=\"widgettitle\">V\u1eadt li\u1ec7u<\/h3><div class=\"menu-products-sidebar-menu-container\"><ul id=\"menu-products-sidebar-menu\" class=\"menu\"><li id=\"menu-item-1329\" class=\"menu-item menu-item-type-post_type menu-item-object-page menu-item-1329\"><a href=\"https:\/\/wldstainless.com\/vi\/materials\/ferritic-stainless-steel\/\">Th\u00e9p kh\u00f4ng g\u1ec9 Ferritic<\/a><\/li>\n<li id=\"menu-item-1328\" class=\"menu-item menu-item-type-post_type menu-item-object-page menu-item-1328\"><a href=\"https:\/\/wldstainless.com\/vi\/materials\/martensitic-stainless-steel\/\">Th\u00e9p kh\u00f4ng g\u1ec9 Martensitic<\/a><\/li>\n<li id=\"menu-item-1327\" class=\"menu-item menu-item-type-post_type menu-item-object-page menu-item-1327\"><a href=\"https:\/\/wldstainless.com\/vi\/materials\/austenitic-stainless-steel\/\">Th\u00e9p kh\u00f4ng g\u1ec9 austenit<\/a><\/li>\n<li id=\"menu-item-1889\" class=\"menu-item menu-item-type-post_type menu-item-object-page menu-item-1889\"><a href=\"https:\/\/wldstainless.com\/vi\/materials\/duplex-stainless-steel\/\">Th\u00e9p kh\u00f4ng g\u1ec9 song c\u00f4ng<\/a><\/li>\n<\/ul><\/div><\/div><\/div><br \/>\n<div  class='hr hr-default'><span class='hr-inner' ><span class='hr-inner-style'><\/span><\/span><\/div><br \/>\n<div class='avia-button-wrap avia-button-left'><a href='http:\/\/wldstainless.com\/contact\/#contact' class='avia-button   avia-icon_select-yes-left-icon avia-color-custom avia-size-large avia-position-left'  target=\"_blank\"  style='background-color:#e82221; border-color:#e82221; color:#ffffff; ' ><span class='avia_button_icon avia_button_icon_left' aria-hidden='true' data-av_icon='\ue84b' data-av_iconfont='entypo-fontello'><\/span><span class='avia_iconbox_title' >Y\u00eau c\u1ea7u b\u00e1o gi\u00e1<\/span><\/a><\/div><\/p><\/div><\/div><!--close column table wrapper. Autoclose: 1 --><div class='flex_column_table av-equal-height-column-flextable -flextable' ><div class='av-flex-placeholder'><\/div><div class=\"flex_column av_three_fourth  flex_column_table_cell av-equal-height-column av-align-top av-zero-column-padding\" style='border-radius:0px; '><p><div style='padding-bottom:10px;color:#d3311f;font-size:26px;' class='av-special-heading av-special-heading-h3 custom-color-heading blockquote modern-quote   av-inherit-size'><h3 class='av-special-heading-tag'  itemprop=\"headline\"  >Th\u00e9p kh\u00f4ng g\u1ec9 430\/430F<\/h3><div class='special-heading-border'><div class='special-heading-inner-border' style='border-color:#d3311f'><\/div><\/div><\/div><br \/>\n<section class=\"av_textblock_section\"  itemscope=\"itemscope\" itemtype=\"https:\/\/schema.org\/CreativeWork\" ><div class='avia_textblock'   itemprop=\"text\" ><p>WLD Steel l\u00e0 nh\u00e0 s\u1ea3n xu\u1ea5t, cung c\u1ea5p v\u00e0 xu\u1ea5t kh\u1ea9u h\u00e0ng \u0111\u1ea7u th\u00e9p kh\u00f4ng g\u1ec9 430\/430F v\u1edbi nhi\u1ec1u k\u00edch c\u1ee1 v\u00e0 h\u00ecnh th\u1ee9c kh\u00e1c nhau bao g\u1ed3m thanh, que, \u1ed1ng, \u1ed1ng, t\u1ea5m, t\u1ea5m v\u00e0 ph\u00f4i th\u00e9p.<\/p>\n<p>Lo\u1ea1i 430 l\u00e0 th\u00e9p kh\u00f4ng g\u1ec9 Ferrite ch\u1ee9a crom c\u00f3 kh\u1ea3 n\u0103ng ch\u1ed1ng \u0103n m\u00f2n v\u00e0 ch\u1ecbu nhi\u1ec7t v\u1eeba ph\u1ea3i. N\u00f3 k\u1ebft h\u1ee3p c\u00e1c \u0111\u1eb7c t\u00ednh ch\u1ed1ng \u0103n m\u00f2n v\u00e0 \u0111\u1ed9 d\u1ebbo t\u1ed1t, \u0111\u00e3 \u0111\u01b0\u1ee3c s\u1eed d\u1ee5ng r\u1ed9ng r\u00e3i trong c\u00e1c \u1ee9ng d\u1ee5ng linh ki\u1ec7n v\u00e0 trang tr\u00ed \u00f4 t\u00f4 nh\u01b0 ph\u1ee5 t\u00f9ng \u00f4 t\u00f4, d\u1ee5ng c\u1ee5 n\u1ea5u \u0103n, van, b\u1ed9 ph\u1eadn ch\u1ebf bi\u1ebfn th\u1ef1c ph\u1ea9m, n\u00f3n tivi, ph\u1ee5 t\u00f9ng m\u00e1y m\u00f3c thu\u1ed1c l\u00e1.<\/p>\n<p>L\u1edbp 430LX l\u00e0 phi\u00ean b\u1ea3n \u0111\u01b0\u1ee3c th\u00eam Ti ho\u1eb7c Nb, h\u00e0m l\u01b0\u1ee3ng C gi\u1ea3m d\u1ef1a tr\u00ean th\u00e9p 430, gi\u00fap c\u1ea3i thi\u1ec7n hi\u1ec7u su\u1ea5t gia c\u00f4ng v\u00e0 h\u00e0n, ch\u1ee7 y\u1ebfu \u0111\u01b0\u1ee3c s\u1eed d\u1ee5ng trong h\u1ec7 th\u1ed1ng n\u01b0\u1edbc n\u00f3ng, thi\u1ebft b\u1ecb v\u1ec7 sinh, thi\u1ebft b\u1ecb gia d\u1ee5ng, b\u00e1nh \u0111\u00e0 xe \u0111\u1ea1p, v.v. L\u1edbp 430F l\u00e0 phi\u00ean b\u1ea3n gia c\u00f4ng t\u1ef1 do c\u1ee7a l\u1edbp n\u00e0y v\u00e0 c\u00f3 kh\u1ea3 n\u0103ng gia c\u00f4ng cao h\u01a1n l\u1edbp 430, kh\u1ea3 n\u0103ng ch\u1ed1ng \u0103n m\u00f2n gi\u1ea3m c\u00f3 th\u1ec3 ch\u1ea5p nh\u1eadn \u0111\u01b0\u1ee3c, c\u00f3 s\u1eb5n \u1edf d\u1ea1ng thanh \u0111\u1ec3 s\u1eed d\u1ee5ng trong m\u00e1y tr\u1ee5c v\u00edt t\u1ef1 \u0111\u1ed9ng.<\/p>\n<p><strong>C\u00e1c m\u1eabu \u0111\u01a1n 430\/430F c\u00f3 s\u1eb5n t\u1ea1i WLD Steel l\u00e0 g\u00ec?<\/strong><\/p>\n<ul>\n<li>T\u1ea5m\/T\u1ea5m\/Cu\u1ed9n: ASTM A240, ASTM A480<\/li>\n<li>Thanh tr\u00f2n: ASTM A276, ASTM A479<\/li>\n<li>\u1ed0ng\/\u1ed1ng: ASTM A335, A790, A268<\/li>\n<\/ul>\n<\/div><\/section><br \/>\n<div class=\"togglecontainer   toggle_close_all\" >\n<section class=\"av_toggle_section\"  itemscope=\"itemscope\" itemtype=\"https:\/\/schema.org\/CreativeWork\"  >    <div class=\"single_toggle\" data-tags=\"{All} \"  >        <p data-fake-id=\"#toggle-id-1\" class=\"toggler\"  itemprop=\"headline\"  >C\u00e1c l\u1edbp t\u01b0\u01a1ng \u0111\u01b0\u01a1ng 430\/430F<span class=\"toggle_icon\" >        <span class=\"vert_icon\"><\/span><span class=\"hor_icon\"><\/span><\/span><\/p>        <div id=\"toggle-id-1-container\" class=\"toggle_wrap\"  >            <div class=\"toggle_content invers-color\"  itemprop=\"text\"   ><table>\n<tbody>\n<tr>\n<td width=\"136\">TI\u00caU CHU\u1ea8N<\/td>\n<td width=\"136\">UNS<\/td>\n<td width=\"136\">EN\/DIN<\/td>\n<td width=\"136\">JIS<\/td>\n<td width=\"136\">BS<\/td>\n<td width=\"137\">GB<\/td>\n<\/tr>\n<tr>\n<td width=\"136\">430<\/td>\n<td width=\"136\">S43000<\/td>\n<td width=\"136\">X8Cr17<\/p>\n<p>1.4016<\/td>\n<td width=\"136\">SUS 430<\/td>\n<td width=\"136\">430S17<\/td>\n<td width=\"137\">1Cr17<\/td>\n<\/tr>\n<tr>\n<td width=\"136\">430F<\/td>\n<td width=\"136\">S43020<\/td>\n<td width=\"136\">X12CrMoS17<\/p>\n<p>1.4104<\/td>\n<td width=\"136\">SUS430F<\/td>\n<td width=\"136\">\/<\/td>\n<td width=\"137\">YCr17<\/td>\n<\/tr>\n<\/tbody>\n<\/table>\n            <\/div>        <\/div>    <\/div><\/section>\n<section class=\"av_toggle_section\"  itemscope=\"itemscope\" itemtype=\"https:\/\/schema.org\/CreativeWork\"  >    <div class=\"single_toggle\" data-tags=\"{All} \"  >        <p data-fake-id=\"#toggle-id-2\" class=\"toggler\"  itemprop=\"headline\"  >Th\u00e0nh ph\u1ea7n h\u00f3a h\u1ecdc 430\/430F<span class=\"toggle_icon\" >        <span class=\"vert_icon\"><\/span><span class=\"hor_icon\"><\/span><\/span><\/p>        <div id=\"toggle-id-2-container\" class=\"toggle_wrap\"  >            <div class=\"toggle_content invers-color\"  itemprop=\"text\"   ><table>\n<tbody>\n<tr>\n<td width=\"106\">\u0110i\u1ec3m<\/td>\n<td width=\"106\">C<\/td>\n<td width=\"106\">Mn<\/td>\n<td width=\"106\">S\u0129<\/td>\n<td width=\"106\">P<\/td>\n<td width=\"106\">S<\/td>\n<td width=\"106\">Cr<\/td>\n<td width=\"106\">Ni<\/td>\n<\/tr>\n<tr>\n<td width=\"106\">430<\/td>\n<td width=\"106\">\u2264<span style=\"font-family: inherit; font-size: inherit;\">0.12<\/span><\/td>\n<td width=\"106\">\u2264<span style=\"font-family: inherit; font-size: inherit;\">1<\/span><\/td>\n<td width=\"106\">1<\/td>\n<td width=\"106\">\u2264<span style=\"font-family: inherit; font-size: inherit;\">0.04<\/span><\/td>\n<td width=\"106\">\u2264<span style=\"font-family: inherit; font-size: inherit;\">0.03<\/span><\/td>\n<td width=\"106\">16.0-18.0<\/td>\n<td width=\"106\">\u2264<span style=\"font-family: inherit; font-size: inherit;\">0.75<\/span><\/td>\n<\/tr>\n<tr>\n<td width=\"106\">430F<\/td>\n<td width=\"106\">\u2264<span style=\"font-family: inherit; font-size: inherit;\">0.12<\/span><\/td>\n<td width=\"106\">\u2264<span style=\"font-family: inherit; font-size: inherit;\">1.25<\/span><\/td>\n<td width=\"106\">1<\/td>\n<td width=\"106\">\u2264<span style=\"font-family: inherit; font-size: inherit;\">0.06<\/span><\/td>\n<td width=\"106\">\u2264<span style=\"font-family: inherit; font-size: inherit;\">0.15<\/span><\/td>\n<td width=\"106\">16.0-18.0<\/td>\n<td width=\"106\">\/<\/td>\n<\/tr>\n<\/tbody>\n<\/table>\n            <\/div>        <\/div>    <\/div><\/section>\n<section class=\"av_toggle_section\"  itemscope=\"itemscope\" itemtype=\"https:\/\/schema.org\/CreativeWork\"  >    <div class=\"single_toggle\" data-tags=\"{All} \"  >        <p data-fake-id=\"#toggle-id-3\" class=\"toggler\"  itemprop=\"headline\"  >T\u00ednh ch\u1ea5t c\u01a1 h\u1ecdc 430\/430F<span class=\"toggle_icon\" >        <span class=\"vert_icon\"><\/span><span class=\"hor_icon\"><\/span><\/span><\/p>        <div id=\"toggle-id-3-container\" class=\"toggle_wrap\"  >            <div class=\"toggle_content invers-color\"  itemprop=\"text\"   ><table>\n<tbody>\n<tr>\n<td width=\"170\">\u0110i\u1ec3m<\/td>\n<td width=\"170\">\u0110\u1ed9 b\u1ec1n k\u00e9o (MPa) ph\u00fat<\/td>\n<td width=\"170\">C\u01b0\u1eddng \u0111\u1ed9 n\u0103ng su\u1ea5t 0,2% B\u1eb1ng ch\u1ee9ng (MPa) ph\u00fat<\/td>\n<td width=\"170\">\u0110\u1ed9 gi\u00e3n d\u00e0i (% trong 50mm) ph\u00fat<\/td>\n<td width=\"170\">\u0110\u1ed9 c\u1ee9ng, Brinell (HB) t\u1ed1i \u0111a<\/td>\n<\/tr>\n<tr>\n<td width=\"170\">430<\/td>\n<td width=\"170\">450<\/td>\n<td width=\"170\">205<\/td>\n<td width=\"170\">22<\/td>\n<td width=\"170\">183<\/td>\n<\/tr>\n<tr>\n<td width=\"170\">430F<\/td>\n<td width=\"170\">552 \u0111i\u1ec3n h\u00ecnh<\/td>\n<td width=\"170\">379 \u0111i\u1ec3n h\u00ecnh<\/td>\n<td width=\"170\">25 \u0111i\u1ec3n h\u00ecnh<\/td>\n<td width=\"170\">262<\/td>\n<\/tr>\n<\/tbody>\n<\/table>\n            <\/div>        <\/div>    <\/div><\/section>\n<\/div><\/p><\/div><\/div><!--close column table wrapper. Autoclose: 1 --><\/p>","protected":false},"excerpt":{"rendered":"","protected":false},"author":1,"featured_media":0,"parent":159,"menu_order":0,"comment_status":"closed","ping_status":"closed","template":"","meta":{"footnotes":""},"class_list":["post-1581","page","type-page","status-publish","hentry"],"aioseo_notices":[],"_links":{"self":[{"href":"https:\/\/wldstainless.com\/vi\/wp-json\/wp\/v2\/pages\/1581","targetHints":{"allow":["GET"]}}],"collection":[{"href":"https:\/\/wldstainless.com\/vi\/wp-json\/wp\/v2\/pages"}],"about":[{"href":"https:\/\/wldstainless.com\/vi\/wp-json\/wp\/v2\/types\/page"}],"author":[{"embeddable":true,"href":"https:\/\/wldstainless.com\/vi\/wp-json\/wp\/v2\/users\/1"}],"replies":[{"embeddable":true,"href":"https:\/\/wldstainless.com\/vi\/wp-json\/wp\/v2\/comments?post=1581"}],"version-history":[{"count":6,"href":"https:\/\/wldstainless.com\/vi\/wp-json\/wp\/v2\/pages\/1581\/revisions"}],"predecessor-version":[{"id":1914,"href":"https:\/\/wldstainless.com\/vi\/wp-json\/wp\/v2\/pages\/1581\/revisions\/1914"}],"up":[{"embeddable":true,"href":"https:\/\/wldstainless.com\/vi\/wp-json\/wp\/v2\/pages\/159"}],"wp:attachment":[{"href":"https:\/\/wldstainless.com\/vi\/wp-json\/wp\/v2\/media?parent=1581"}],"curies":[{"name":"wp","href":"https:\/\/api.w.org\/{rel}","templated":true}]}}