{"id":1578,"date":"2020-08-25T05:41:41","date_gmt":"2020-08-25T05:41:41","guid":{"rendered":"http:\/\/wldstainless.com\/?page_id=1578"},"modified":"2020-09-18T09:26:27","modified_gmt":"2020-09-18T09:26:27","slug":"201-stainless-steel","status":"publish","type":"page","link":"https:\/\/wldstainless.com\/vi\/materials\/austenitic-stainless-steel\/201-stainless-steel\/","title":{"rendered":"Th\u00e9p kh\u00f4ng g\u1ec9 201"},"content":{"rendered":"<div class='flex_column_table av-equal-height-column-flextable -flextable' ><div class=\"flex_column av_one_fourth  flex_column_table_cell av-equal-height-column av-align-top av-zero-column-padding first\" style='border-radius:0px; '><p><div class='avia-builder-widget-area clearfix'><div id=\"nav_menu-5\" class=\"widget clearfix widget_nav_menu\"><h3 class=\"widgettitle\">V\u1eadt li\u1ec7u<\/h3><div class=\"menu-products-sidebar-menu-container\"><ul id=\"menu-products-sidebar-menu\" class=\"menu\"><li id=\"menu-item-1329\" class=\"menu-item menu-item-type-post_type menu-item-object-page menu-item-1329\"><a href=\"https:\/\/wldstainless.com\/vi\/materials\/ferritic-stainless-steel\/\">Th\u00e9p kh\u00f4ng g\u1ec9 Ferritic<\/a><\/li>\n<li id=\"menu-item-1328\" class=\"menu-item menu-item-type-post_type menu-item-object-page menu-item-1328\"><a href=\"https:\/\/wldstainless.com\/vi\/materials\/martensitic-stainless-steel\/\">Th\u00e9p kh\u00f4ng g\u1ec9 Martensitic<\/a><\/li>\n<li id=\"menu-item-1327\" class=\"menu-item menu-item-type-post_type menu-item-object-page menu-item-1327\"><a href=\"https:\/\/wldstainless.com\/vi\/materials\/austenitic-stainless-steel\/\">Th\u00e9p kh\u00f4ng g\u1ec9 austenit<\/a><\/li>\n<li id=\"menu-item-1889\" class=\"menu-item menu-item-type-post_type menu-item-object-page menu-item-1889\"><a href=\"https:\/\/wldstainless.com\/vi\/materials\/duplex-stainless-steel\/\">Th\u00e9p kh\u00f4ng g\u1ec9 song c\u00f4ng<\/a><\/li>\n<\/ul><\/div><\/div><\/div><br \/>\n<div  class='hr hr-default'><span class='hr-inner' ><span class='hr-inner-style'><\/span><\/span><\/div><br \/>\n<div class='avia-button-wrap avia-button-left'><a href='http:\/\/wldstainless.com\/contact\/#contact' class='avia-button   avia-icon_select-yes-left-icon avia-color-custom avia-size-large avia-position-left'  target=\"_blank\"  style='background-color:#e82221; border-color:#e82221; color:#ffffff; ' ><span class='avia_button_icon avia_button_icon_left' aria-hidden='true' data-av_icon='\ue84b' data-av_iconfont='entypo-fontello'><\/span><span class='avia_iconbox_title' >Y\u00eau c\u1ea7u b\u00e1o gi\u00e1<\/span><\/a><\/div><\/p><\/div><\/div><!--close column table wrapper. Autoclose: 1 --><div class='flex_column_table av-equal-height-column-flextable -flextable' ><div class='av-flex-placeholder'><\/div><div class=\"flex_column av_three_fourth  flex_column_table_cell av-equal-height-column av-align-top av-zero-column-padding\" style='border-radius:0px; '><p><div style='padding-bottom:10px;color:#d3311f;font-size:26px;' class='av-special-heading av-special-heading-h3 custom-color-heading blockquote modern-quote   av-inherit-size'><h3 class='av-special-heading-tag'  itemprop=\"headline\"  >Th\u00e9p kh\u00f4ng g\u1ec9 201<\/h3><div class='special-heading-border'><div class='special-heading-inner-border' style='border-color:#d3311f'><\/div><\/div><\/div><br \/>\n<section class=\"av_textblock_section\"  itemscope=\"itemscope\" itemtype=\"https:\/\/schema.org\/CreativeWork\" ><div class='avia_textblock'   itemprop=\"text\" ><p>WLD Stainless l\u00e0 nh\u00e0 s\u1ea3n xu\u1ea5t, cung c\u1ea5p v\u00e0 xu\u1ea5t kh\u1ea9u h\u00e0ng \u0111\u1ea7u th\u00e9p kh\u00f4ng g\u1ec9 201 d\u01b0\u1edbi d\u1ea1ng \u1ed1ng, \u1ed1ng, t\u1ea5m, t\u1ea5m, thanh, que v\u00e0 c\u00e1c h\u00ecnh d\u1ea1ng kh\u00e1c nh\u01b0 thi\u00ean th\u1ea7n, k\u00eanh, h\u00ecnh tr\u00f2n, mi\u1ebfng c\u1eaft. Th\u00e9p kh\u00f4ng g\u1ec9 lo\u1ea1i 201 l\u00e0 h\u1ee3p kim th\u00e9p kh\u00f4ng g\u1ec9 Austenitic c\u00f3 h\u00e0m l\u01b0\u1ee3ng mangan cao, niken th\u1ea5p. N\u00f3 c\u00f3 \u0111\u1ed9 b\u1ec1n k\u00e9o t\u01b0\u01a1ng \u0111\u1ed1i cao v\u00e0 kh\u1ea3 n\u0103ng ch\u1ed1ng \u0103n m\u00f2n k\u00e9m, \u0111\u00e3 tr\u1edf th\u00e0nh m\u1ed9t gi\u1ea3i ph\u00e1p thay th\u1ebf kh\u1ea3 thi v\u1edbi chi ph\u00ed th\u1ea5p h\u01a1n cho c\u00e1c lo\u1ea1i Austenitic ph\u1ed5 bi\u1ebfn 301 &amp; 304 trong m\u1ed9t s\u1ed1 \u1ee9ng d\u1ee5ng t\u00f4i luy\u1ec7n. Th\u00e9p kh\u00f4ng g\u1ec9 201 th\u01b0\u1eddng \u0111\u01b0\u1ee3c s\u1eed d\u1ee5ng \u1edf tr\u1ea1ng th\u00e1i t\u00f4i luy\u1ec7n, \u0111\u1eb7c bi\u1ec7t l\u00e0 \u0111\u1ed1i v\u1edbi \u0111\u1ed3 d\u00f9ng nh\u00e0 b\u1ebfp, \u0111\u1ed3 trang tr\u00ed ngo\u00e0i tr\u1eddi v\u00e0 t\u1ea5m \u1ed1p \u0111\u1ed3 n\u1ed9i th\u1ea5t, l\u00f2 xo v\u00e0 ch\u1ed1t.<\/p>\n<p><strong>201 m\u1eabu m\u00e3 v\u00e0 th\u00f4ng s\u1ed1 k\u1ef9 thu\u1eadt hi\u1ec7n c\u00f3 t\u1ea1i WLD Steel l\u00e0 g\u00ec?<\/strong><\/p>\n<table>\n<tbody>\n<tr>\n<td width=\"170\">T\u1ea5m\/t\u1ea5m\/cu\u1ed9n<\/td>\n<td width=\"170\">\u1ed0ng \/ \u1ed1ng li\u1ec1n m\u1ea1ch<\/td>\n<td width=\"170\">\u1ed0ng\/\u1ed1ng h\u00e0n<\/td>\n<td width=\"170\">Thanh tr\u00f2n<\/td>\n<td width=\"170\">Th\u00e9p \u0111\u1ecbnh h\u00ecnh (\u0110\u1ecbnh h\u00ecnh)<\/td>\n<\/tr>\n<tr>\n<td width=\"170\">ASTM A240<\/td>\n<td width=\"170\">ASTM A789;<\/p>\n<p>ASTM A790<\/td>\n<td width=\"170\">ASTM A269<\/td>\n<td width=\"170\">ASTM A276;<\/p>\n<p>ASTM A479<\/td>\n<td width=\"170\">ASTM A276<\/td>\n<\/tr>\n<\/tbody>\n<\/table>\n<h2><\/h2>\n<\/div><\/section><br \/>\n<div class=\"togglecontainer   toggle_close_all\" >\n<section class=\"av_toggle_section\"  itemscope=\"itemscope\" itemtype=\"https:\/\/schema.org\/CreativeWork\"  >    <div class=\"single_toggle\" data-tags=\"{All} \"  >        <p data-fake-id=\"#toggle-id-1\" class=\"toggler activeTitle\"  itemprop=\"headline\"  >201 \u0110i\u1ec3m t\u01b0\u01a1ng \u0111\u01b0\u01a1ng<span class=\"toggle_icon\" >        <span class=\"vert_icon\"><\/span><span class=\"hor_icon\"><\/span><\/span><\/p>        <div id=\"toggle-id-1-container\" class=\"toggle_wrap active_tc\"  style='display:block;'>            <div class=\"toggle_content invers-color\"  itemprop=\"text\"   ><table>\n<tbody>\n<tr>\n<td width=\"112\">TI\u00caU CHU\u1ea8N<\/td>\n<td width=\"114\">UNS<\/td>\n<td width=\"114\">EN\/DIN<\/td>\n<td width=\"114\">JIS<\/td>\n<td width=\"114\">ISO<\/td>\n<td width=\"114\">TUY\u1ec6T V\u1edcI<\/td>\n<td width=\"115\">GB<\/td>\n<\/tr>\n<tr>\n<td width=\"112\">SS201<\/td>\n<td width=\"114\">S20100<\/td>\n<td width=\"114\">X12CrMnNiN 17-7-5<\/p>\n<p>1.4372<\/td>\n<td width=\"114\">SUS201<\/td>\n<td width=\"114\">A-2<\/td>\n<td width=\"114\">X12CrMnNiN 17-7-5<\/td>\n<td width=\"115\">1Cr17Mn6Ni5N<\/td>\n<\/tr>\n<\/tbody>\n<\/table>\n            <\/div>        <\/div>    <\/div><\/section>\n<section class=\"av_toggle_section\"  itemscope=\"itemscope\" itemtype=\"https:\/\/schema.org\/CreativeWork\"  >    <div class=\"single_toggle\" data-tags=\"{All} \"  >        <p data-fake-id=\"#toggle-id-2\" class=\"toggler\"  itemprop=\"headline\"  >201 Th\u00e0nh ph\u1ea7n h\u00f3a h\u1ecdc<span class=\"toggle_icon\" >        <span class=\"vert_icon\"><\/span><span class=\"hor_icon\"><\/span><\/span><\/p>        <div id=\"toggle-id-2-container\" class=\"toggle_wrap\"  >            <div class=\"toggle_content invers-color\"  itemprop=\"text\"   ><table>\n<tbody>\n<tr>\n<td width=\"106\">C<\/td>\n<td width=\"106\">S\u0129<\/td>\n<td width=\"106\">Mn<\/td>\n<td width=\"106\">P<\/td>\n<td width=\"106\">S<\/td>\n<td width=\"106\">Ni<\/td>\n<td width=\"106\">Cr<\/td>\n<td width=\"106\">N<\/td>\n<\/tr>\n<tr>\n<td width=\"106\">.10,15<\/td>\n<td width=\"106\">1,00<\/td>\n<td width=\"106\">5,50\uff5e7,50<\/td>\n<td width=\"106\">.0.060<\/td>\n<td width=\"106\">.030,030<\/td>\n<td width=\"106\">3,50\uff5e 5,50<\/td>\n<td width=\"106\">16.00\uff5e18.00<\/td>\n<td width=\"106\">.250,25<\/td>\n<\/tr>\n<\/tbody>\n<\/table>\n            <\/div>        <\/div>    <\/div><\/section>\n<section class=\"av_toggle_section\"  itemscope=\"itemscope\" itemtype=\"https:\/\/schema.org\/CreativeWork\"  >    <div class=\"single_toggle\" data-tags=\"{All} \"  >        <p data-fake-id=\"#toggle-id-3\" class=\"toggler\"  itemprop=\"headline\"  >201 T\u00ednh ch\u1ea5t c\u01a1 h\u1ecdc<span class=\"toggle_icon\" >        <span class=\"vert_icon\"><\/span><span class=\"hor_icon\"><\/span><\/span><\/p>        <div id=\"toggle-id-3-container\" class=\"toggle_wrap\"  >            <div class=\"toggle_content invers-color\"  itemprop=\"text\"   ><table>\n<tbody>\n<tr>\n<td width=\"200\">\u0110\u1ed9 b\u1ec1n k\u00e9o Mpa (ph\u00fat)<\/td>\n<td width=\"200\">C\u01b0\u1eddng \u0111\u1ed9 n\u0103ng su\u1ea5t 0,2% Mpa (ph\u00fat)<\/td>\n<td width=\"200\">\u0110\u1ed9 gi\u00e3n d\u00e0i %<\/td>\n<td width=\"200\">\u0110\u1ed9 c\u1ee9ng (Brinell, HBW, t\u1ed1i \u0111a)<\/td>\n<\/tr>\n<tr>\n<td width=\"200\">515<\/td>\n<td width=\"200\">260<\/td>\n<td width=\"200\">40<\/td>\n<td width=\"200\">217<\/td>\n<\/tr>\n<\/tbody>\n<\/table>\n            <\/div>        <\/div>    <\/div><\/section>\n<\/div><br \/>\n<\/p><\/div><\/div><!--close column table wrapper. Autoclose: 1 --><\/p>","protected":false},"excerpt":{"rendered":"","protected":false},"author":1,"featured_media":0,"parent":1323,"menu_order":0,"comment_status":"closed","ping_status":"closed","template":"","meta":{"footnotes":""},"class_list":["post-1578","page","type-page","status-publish","hentry"],"aioseo_notices":[],"_links":{"self":[{"href":"https:\/\/wldstainless.com\/vi\/wp-json\/wp\/v2\/pages\/1578","targetHints":{"allow":["GET"]}}],"collection":[{"href":"https:\/\/wldstainless.com\/vi\/wp-json\/wp\/v2\/pages"}],"about":[{"href":"https:\/\/wldstainless.com\/vi\/wp-json\/wp\/v2\/types\/page"}],"author":[{"embeddable":true,"href":"https:\/\/wldstainless.com\/vi\/wp-json\/wp\/v2\/users\/1"}],"replies":[{"embeddable":true,"href":"https:\/\/wldstainless.com\/vi\/wp-json\/wp\/v2\/comments?post=1578"}],"version-history":[{"count":8,"href":"https:\/\/wldstainless.com\/vi\/wp-json\/wp\/v2\/pages\/1578\/revisions"}],"predecessor-version":[{"id":1894,"href":"https:\/\/wldstainless.com\/vi\/wp-json\/wp\/v2\/pages\/1578\/revisions\/1894"}],"up":[{"embeddable":true,"href":"https:\/\/wldstainless.com\/vi\/wp-json\/wp\/v2\/pages\/1323"}],"wp:attachment":[{"href":"https:\/\/wldstainless.com\/vi\/wp-json\/wp\/v2\/media?parent=1578"}],"curies":[{"name":"wp","href":"https:\/\/api.w.org\/{rel}","templated":true}]}}