{"id":1571,"date":"2020-08-24T08:03:37","date_gmt":"2020-08-24T08:03:37","guid":{"rendered":"http:\/\/wldstainless.com\/?page_id=1571"},"modified":"2020-09-18T09:31:47","modified_gmt":"2020-09-18T09:31:47","slug":"alloy-2304-stainless-steel","status":"publish","type":"page","link":"https:\/\/wldstainless.com\/vi\/materials\/duplex-stainless-steel\/alloy-2304-stainless-steel\/","title":{"rendered":"H\u1ee3p kim th\u00e9p kh\u00f4ng g\u1ec9 2304"},"content":{"rendered":"<div class='flex_column_table av-equal-height-column-flextable -flextable' ><div class=\"flex_column av_one_fourth  flex_column_table_cell av-equal-height-column av-align-top av-zero-column-padding first\" style='border-radius:0px; '><p><div class='avia-builder-widget-area clearfix'><div id=\"nav_menu-5\" class=\"widget clearfix widget_nav_menu\"><h3 class=\"widgettitle\">V\u1eadt li\u1ec7u<\/h3><div class=\"menu-products-sidebar-menu-container\"><ul id=\"menu-products-sidebar-menu\" class=\"menu\"><li id=\"menu-item-1329\" class=\"menu-item menu-item-type-post_type menu-item-object-page menu-item-1329\"><a href=\"https:\/\/wldstainless.com\/vi\/materials\/ferritic-stainless-steel\/\">Th\u00e9p kh\u00f4ng g\u1ec9 Ferritic<\/a><\/li>\n<li id=\"menu-item-1328\" class=\"menu-item menu-item-type-post_type menu-item-object-page menu-item-1328\"><a href=\"https:\/\/wldstainless.com\/vi\/materials\/martensitic-stainless-steel\/\">Th\u00e9p kh\u00f4ng g\u1ec9 Martensitic<\/a><\/li>\n<li id=\"menu-item-1327\" class=\"menu-item menu-item-type-post_type menu-item-object-page menu-item-1327\"><a href=\"https:\/\/wldstainless.com\/vi\/materials\/austenitic-stainless-steel\/\">Th\u00e9p kh\u00f4ng g\u1ec9 austenit<\/a><\/li>\n<li id=\"menu-item-1889\" class=\"menu-item menu-item-type-post_type menu-item-object-page menu-item-1889\"><a href=\"https:\/\/wldstainless.com\/vi\/materials\/duplex-stainless-steel\/\">Th\u00e9p kh\u00f4ng g\u1ec9 song c\u00f4ng<\/a><\/li>\n<\/ul><\/div><\/div><\/div><br \/>\n<div  class='hr hr-default'><span class='hr-inner' ><span class='hr-inner-style'><\/span><\/span><\/div><br \/>\n<div class='avia-button-wrap avia-button-left'><a href='http:\/\/wldstainless.com\/contact\/#contact' class='avia-button   avia-icon_select-yes-left-icon avia-color-custom avia-size-large avia-position-left'  target=\"_blank\"  style='background-color:#e82221; border-color:#e82221; color:#ffffff; ' ><span class='avia_button_icon avia_button_icon_left' aria-hidden='true' data-av_icon='\ue84b' data-av_iconfont='entypo-fontello'><\/span><span class='avia_iconbox_title' >Y\u00eau c\u1ea7u b\u00e1o gi\u00e1<\/span><\/a><\/div><\/p><\/div><\/div><!--close column table wrapper. Autoclose: 1 --><div class='flex_column_table av-equal-height-column-flextable -flextable' ><div class='av-flex-placeholder'><\/div><div class=\"flex_column av_three_fourth  flex_column_table_cell av-equal-height-column av-align-top av-zero-column-padding\" style='border-radius:0px; '><p><div style='padding-bottom:10px;color:#d3311f;' class='av-special-heading av-special-heading-h3 custom-color-heading'><h3 class='av-special-heading-tag'  itemprop=\"headline\"  >H\u1ee3p kim th\u00e9p kh\u00f4ng g\u1ec9 2304<\/h3><div class='special-heading-border'><div class='special-heading-inner-border' style='border-color:#d3311f'><\/div><\/div><\/div><br \/>\n<section class=\"av_textblock_section\"  itemscope=\"itemscope\" itemtype=\"https:\/\/schema.org\/CreativeWork\" ><div class='avia_textblock'   itemprop=\"text\" ><p>WLD Steel l\u00e0 nh\u00e0 s\u1ea3n xu\u1ea5t, cung c\u1ea5p v\u00e0 xu\u1ea5t kh\u1ea9u h\u00e0ng \u0111\u1ea7u v\u1ec1 th\u00e9p kh\u00f4ng g\u1ec9 song c\u00f4ng 2304 v\u1edbi nhi\u1ec1u k\u00edch c\u1ee1 v\u00e0 h\u00ecnh th\u1ee9c kh\u00e1c nhau bao g\u1ed3m \u1ed1ng, \u1ed1ng, t\u1ea5m, t\u1ea5m, thanh, thanh v\u00e0 c\u00e1c h\u00ecnh d\u1ea1ng kh\u00e1c nh\u01b0 g\u00f3c, k\u00eanh, h\u00ecnh tr\u00f2n, m\u1ea3nh c\u1eaft v\u00e0 s\u1edbm.<\/p>\n<p>H\u1ee3p kim 2304 l\u00e0 m\u1ed9t lo\u1ea1i th\u00e9p kh\u00f4ng g\u1ec9 song c\u00f4ng kh\u00f4ng ch\u1ee9a molypden h\u1ee3p kim th\u1ea5p. N\u00f3 c\u00f3 c\u1ea5u tr\u00fac c\u00e2n b\u1eb1ng gi\u1eefa Ferritic v\u00e0 Austenitic v\u00e0 c\u00f3 kh\u1ea3 n\u0103ng ch\u1ed1ng \u0103n m\u00f2n r\u1ed7 v\u00e0 k\u1ebd h\u1edf t\u1ed1t, lo\u1ea1i th\u00e9p kh\u00f4ng g\u1ec9 song c\u00f4ng 2304 th\u01b0\u1eddng \u0111\u01b0\u1ee3c s\u1eed d\u1ee5ng l\u00e0m v\u1eadt li\u1ec7u thay th\u1ebf cho H\u1ee3p kim 304L v\u00e0 316L nh\u01b0ng c\u00f3 c\u01b0\u1eddng \u0111\u1ed9 ch\u1ea3y g\u1ea5p \u0111\u00f4i 304L\/316L, r\u1ed9ng r\u00e3i \u0111\u01b0\u1ee3c s\u1eed d\u1ee5ng trong n\u1ed3i h\u01a1i v\u00e0 b\u00ecnh ch\u1ecbu \u00e1p l\u1ef1c, nh\u00e0 m\u00e1y h\u00f3a ch\u1ea5t v\u00e0 \u0111\u01b0\u1eddng \u1ed1ng l\u1ecdc d\u1ea7u, thi\u1ebft b\u1ecb thu h\u1ed3i amin, thi\u1ebft b\u1ecb l\u00ean men hydrocarbon, b\u1ed9 s\u1ea5y s\u01a1 b\u1ed9 cho ng\u00e0nh c\u00f4ng nghi\u1ec7p gi\u1ea5y v\u00e0 b\u1ed9t gi\u1ea5y, v.v.<\/p>\n<p><strong>C\u00e1c m\u1eabu v\u00e0 th\u00f4ng s\u1ed1 k\u1ef9 thu\u1eadt th\u00e9p 2304 hi\u1ec7n c\u00f3 t\u1ea1i WLD Steel l\u00e0 g\u00ec?<\/strong><\/p>\n<table>\n<tbody>\n<tr>\n<td width=\"170\">T\u1ea5m\/t\u1ea5m\/cu\u1ed9n<\/td>\n<td width=\"170\">\u1ed0ng \/ \u1ed1ng li\u1ec1n m\u1ea1ch<\/td>\n<td width=\"170\">\u1ed0ng\/\u1ed1ng h\u00e0n<\/td>\n<td width=\"170\">Thanh tr\u00f2n<\/td>\n<td width=\"170\">Th\u00e9p \u0111\u1ecbnh h\u00ecnh (\u0110\u1ecbnh h\u00ecnh)<\/td>\n<\/tr>\n<tr>\n<td width=\"170\">JIS G4304\/4305, ASTM A240<\/td>\n<td width=\"170\">ASTMA789,<\/p>\n<p>ASTM A790<\/td>\n<td width=\"170\">ASTM A928<\/td>\n<td width=\"170\">ASTM A479, ASTM A276<\/td>\n<td width=\"170\">ASTM A276<\/td>\n<\/tr>\n<\/tbody>\n<\/table>\n<\/div><\/section><br \/>\n<div class=\"togglecontainer   toggle_close_all\" >\n<section class=\"av_toggle_section\"  itemscope=\"itemscope\" itemtype=\"https:\/\/schema.org\/CreativeWork\"  >    <div class=\"single_toggle\" data-tags=\"{All} \"  >        <p data-fake-id=\"#toggle-id-1\" class=\"toggler\"  itemprop=\"headline\"  >V\u1eadt li\u1ec7u t\u01b0\u01a1ng \u0111\u01b0\u01a1ng h\u1ee3p kim 2304<span class=\"toggle_icon\" >        <span class=\"vert_icon\"><\/span><span class=\"hor_icon\"><\/span><\/span><\/p>        <div id=\"toggle-id-1-container\" class=\"toggle_wrap\"  >            <div class=\"toggle_content invers-color\"  itemprop=\"text\"   ><table>\n<tbody>\n<tr>\n<td width=\"121\">UNS<\/td>\n<td width=\"121\">Th\u1ee5y \u0110i\u1ec3n<\/td>\n<td width=\"121\">JIS<\/td>\n<td width=\"121\">DIN<\/td>\n<td width=\"121\">ANSI<\/td>\n<td width=\"121\">NF<\/td>\n<td width=\"122\">GB<\/td>\n<\/tr>\n<tr>\n<td width=\"121\">S32304<\/td>\n<td width=\"121\">SS232(SAF2304)<\/td>\n<td width=\"121\">DP11<\/td>\n<td width=\"121\">1.4362 &#8211;<\/p>\n<p>X2CrNi23.4<\/td>\n<td width=\"121\">UN23<\/td>\n<td width=\"121\">Z3 CN 23.04 Az<\/td>\n<td width=\"122\">00Cr23Ni4N<\/td>\n<\/tr>\n<\/tbody>\n<\/table>\n            <\/div>        <\/div>    <\/div><\/section>\n<section class=\"av_toggle_section\"  itemscope=\"itemscope\" itemtype=\"https:\/\/schema.org\/CreativeWork\"  >    <div class=\"single_toggle\" data-tags=\"{All} \"  >        <p data-fake-id=\"#toggle-id-2\" class=\"toggler\"  itemprop=\"headline\"  >Th\u00e0nh ph\u1ea7n h\u00f3a h\u1ecdc h\u1ee3p kim 2304<span class=\"toggle_icon\" >        <span class=\"vert_icon\"><\/span><span class=\"hor_icon\"><\/span><\/span><\/p>        <div id=\"toggle-id-2-container\" class=\"toggle_wrap\"  >            <div class=\"toggle_content invers-color\"  itemprop=\"text\"   ><table>\n<tbody>\n<tr>\n<td width=\"85\">C<\/td>\n<td width=\"85\">\u00a0S\u0129<\/td>\n<td width=\"85\">Mn<\/td>\n<td width=\"85\">S<\/td>\n<td width=\"85\">P<\/td>\n<td width=\"85\">\u00a0Cr<\/td>\n<td width=\"85\">Ni<\/td>\n<td width=\"85\">M\u01a1<\/td>\n<td width=\"85\">N<\/td>\n<td width=\"85\">C\u1ee7<\/td>\n<\/tr>\n<tr>\n<td width=\"85\">\u2264 0,030<\/td>\n<td width=\"85\">1,0<\/td>\n<td width=\"85\">2,5<\/td>\n<td width=\"85\">\u2264 0,030<\/td>\n<td width=\"85\">\u00a0\u2264 0,040<\/td>\n<td width=\"85\">\u00a021.5 &#8211; 24.5<\/td>\n<td width=\"85\">3.0 &#8211; 5.5<\/td>\n<td width=\"85\">0.05 &#8211; 0.6<\/td>\n<td width=\"85\">0.05 &#8211; 0.20<\/td>\n<td width=\"85\">0.05 &#8211; 0.6<\/td>\n<\/tr>\n<\/tbody>\n<\/table>\n            <\/div>        <\/div>    <\/div><\/section>\n<section class=\"av_toggle_section\"  itemscope=\"itemscope\" itemtype=\"https:\/\/schema.org\/CreativeWork\"  >    <div class=\"single_toggle\" data-tags=\"{All} \"  >        <p data-fake-id=\"#toggle-id-3\" class=\"toggler\"  itemprop=\"headline\"  >T\u00ednh ch\u1ea5t c\u01a1 h\u1ecdc h\u1ee3p kim 2304<span class=\"toggle_icon\" >        <span class=\"vert_icon\"><\/span><span class=\"hor_icon\"><\/span><\/span><\/p>        <div id=\"toggle-id-3-container\" class=\"toggle_wrap\"  >            <div class=\"toggle_content invers-color\"  itemprop=\"text\"   ><table>\n<tbody>\n<tr>\n<td width=\"213\">\u0110i\u1ec3m<\/td>\n<td width=\"213\">S\u1ee9c c\u0103ng<\/p>\n<p>ph\u00fat, Mpa<\/td>\n<td width=\"213\">S\u1ee9c m\u1ea1nh n\u0103ng su\u1ea5t<\/p>\n<p>\u0110\u1ed9 l\u1ec7ch 0,2%, t\u1ed1i thi\u1ec3u, Mpa<\/td>\n<td width=\"213\">\u0110\u1ed9 gi\u00e3n d\u00e0i, A5%<\/td>\n<\/tr>\n<tr>\n<td width=\"213\">UNS S32304<\/td>\n<td width=\"213\">758<\/td>\n<td width=\"213\">448<\/td>\n<td width=\"213\">30<\/td>\n<\/tr>\n<\/tbody>\n<\/table>\n            <\/div>        <\/div>    <\/div><\/section>\n<\/div><\/p><\/div><\/div><!--close column table wrapper. Autoclose: 1 --><\/p>","protected":false},"excerpt":{"rendered":"","protected":false},"author":1,"featured_media":0,"parent":1432,"menu_order":0,"comment_status":"closed","ping_status":"closed","template":"","meta":{"footnotes":""},"class_list":["post-1571","page","type-page","status-publish","hentry"],"aioseo_notices":[],"_links":{"self":[{"href":"https:\/\/wldstainless.com\/vi\/wp-json\/wp\/v2\/pages\/1571","targetHints":{"allow":["GET"]}}],"collection":[{"href":"https:\/\/wldstainless.com\/vi\/wp-json\/wp\/v2\/pages"}],"about":[{"href":"https:\/\/wldstainless.com\/vi\/wp-json\/wp\/v2\/types\/page"}],"author":[{"embeddable":true,"href":"https:\/\/wldstainless.com\/vi\/wp-json\/wp\/v2\/users\/1"}],"replies":[{"embeddable":true,"href":"https:\/\/wldstainless.com\/vi\/wp-json\/wp\/v2\/comments?post=1571"}],"version-history":[{"count":5,"href":"https:\/\/wldstainless.com\/vi\/wp-json\/wp\/v2\/pages\/1571\/revisions"}],"predecessor-version":[{"id":1842,"href":"https:\/\/wldstainless.com\/vi\/wp-json\/wp\/v2\/pages\/1571\/revisions\/1842"}],"up":[{"embeddable":true,"href":"https:\/\/wldstainless.com\/vi\/wp-json\/wp\/v2\/pages\/1432"}],"wp:attachment":[{"href":"https:\/\/wldstainless.com\/vi\/wp-json\/wp\/v2\/media?parent=1571"}],"curies":[{"name":"wp","href":"https:\/\/api.w.org\/{rel}","templated":true}]}}