{"id":1566,"date":"2020-08-24T06:23:17","date_gmt":"2020-08-24T06:23:17","guid":{"rendered":"http:\/\/wldstainless.com\/?page_id=1566"},"modified":"2020-09-18T09:33:38","modified_gmt":"2020-09-18T09:33:38","slug":"alloy-2507-stainless-steel","status":"publish","type":"page","link":"https:\/\/wldstainless.com\/vi\/materials\/duplex-stainless-steel\/alloy-2507-stainless-steel\/","title":{"rendered":"H\u1ee3p kim th\u00e9p kh\u00f4ng g\u1ec9 2507"},"content":{"rendered":"<div class='flex_column_table av-equal-height-column-flextable -flextable' ><div class=\"flex_column av_one_fourth  flex_column_table_cell av-equal-height-column av-align-top av-zero-column-padding first\" style='border-radius:0px; '><p><div class='avia-builder-widget-area clearfix'><div id=\"nav_menu-5\" class=\"widget clearfix widget_nav_menu\"><h3 class=\"widgettitle\">V\u1eadt li\u1ec7u<\/h3><div class=\"menu-products-sidebar-menu-container\"><ul id=\"menu-products-sidebar-menu\" class=\"menu\"><li id=\"menu-item-1329\" class=\"menu-item menu-item-type-post_type menu-item-object-page menu-item-1329\"><a href=\"https:\/\/wldstainless.com\/vi\/materials\/ferritic-stainless-steel\/\">Th\u00e9p kh\u00f4ng g\u1ec9 Ferritic<\/a><\/li>\n<li id=\"menu-item-1328\" class=\"menu-item menu-item-type-post_type menu-item-object-page menu-item-1328\"><a href=\"https:\/\/wldstainless.com\/vi\/materials\/martensitic-stainless-steel\/\">Th\u00e9p kh\u00f4ng g\u1ec9 Martensitic<\/a><\/li>\n<li id=\"menu-item-1327\" class=\"menu-item menu-item-type-post_type menu-item-object-page menu-item-1327\"><a href=\"https:\/\/wldstainless.com\/vi\/materials\/austenitic-stainless-steel\/\">Th\u00e9p kh\u00f4ng g\u1ec9 austenit<\/a><\/li>\n<li id=\"menu-item-1889\" class=\"menu-item menu-item-type-post_type menu-item-object-page menu-item-1889\"><a href=\"https:\/\/wldstainless.com\/vi\/materials\/duplex-stainless-steel\/\">Th\u00e9p kh\u00f4ng g\u1ec9 song c\u00f4ng<\/a><\/li>\n<\/ul><\/div><\/div><\/div><br \/>\n<div  class='hr hr-default'><span class='hr-inner' ><span class='hr-inner-style'><\/span><\/span><\/div><br \/>\n<div class='avia-button-wrap avia-button-left'><a href='http:\/\/wldstainless.com\/contact\/#contact' class='avia-button   avia-icon_select-yes-left-icon avia-color-custom avia-size-large avia-position-left'  target=\"_blank\"  style='background-color:#e82221; border-color:#e82221; color:#ffffff; ' ><span class='avia_button_icon avia_button_icon_left' aria-hidden='true' data-av_icon='\ue84b' data-av_iconfont='entypo-fontello'><\/span><span class='avia_iconbox_title' >Y\u00eau c\u1ea7u b\u00e1o gi\u00e1<\/span><\/a><\/div><\/p><\/div><\/div><!--close column table wrapper. Autoclose: 1 --><div class='flex_column_table av-equal-height-column-flextable -flextable' ><div class='av-flex-placeholder'><\/div><div class=\"flex_column av_three_fourth  flex_column_table_cell av-equal-height-column av-align-top av-zero-column-padding\" style='border-radius:0px; '><p><div style='padding-bottom:10px;color:#d3311f;' class='av-special-heading av-special-heading-h3 custom-color-heading'><h3 class='av-special-heading-tag'  itemprop=\"headline\"  >H\u1ee3p kim th\u00e9p kh\u00f4ng g\u1ec9 2507<\/h3><div class='special-heading-border'><div class='special-heading-inner-border' style='border-color:#d3311f'><\/div><\/div><\/div><br \/>\n<section class=\"av_textblock_section\"  itemscope=\"itemscope\" itemtype=\"https:\/\/schema.org\/CreativeWork\" ><div class='avia_textblock'   itemprop=\"text\" ><p>WLD Steel l\u00e0 nh\u00e0 s\u1ea3n xu\u1ea5t, cung c\u1ea5p v\u00e0 xu\u1ea5t kh\u1ea9u h\u00e0ng \u0111\u1ea7u v\u1ec1 th\u00e9p kh\u00f4ng g\u1ec9 song c\u00f4ng 2507 v\u1edbi nhi\u1ec1u k\u00edch c\u1ee1 v\u00e0 h\u00ecnh th\u1ee9c kh\u00e1c nhau bao g\u1ed3m \u1ed1ng, \u1ed1ng, t\u1ea5m, t\u1ea5m, thanh, thanh v\u00e0 c\u00e1c h\u00ecnh d\u1ea1ng kh\u00e1c nh\u01b0 thi\u00ean th\u1ea7n, k\u00eanh, h\u00ecnh tr\u00f2n, m\u1ea3nh c\u1eaft v\u00e0 s\u1edbm.<\/p>\n<p>B\u1eb1ng c\u00e1ch ch\u1ee9a 25% crom v\u00e0 7% niken, UNS S32750 v\u00e0 UNS S32550 th\u01b0\u1eddng \u0111\u01b0\u1ee3c g\u1ecdi l\u00e0 H\u1ee3p kim 2507. Th\u00e9p kh\u00f4ng g\u1ec9 si\u00eau song c\u00f4ng 2507 ch\u1ee9a 25% Crom v\u00e0 7% Niken c\u00f9ng v\u1edbi m\u1ed9t t\u1ef7 l\u1ec7 nh\u1ecf \u0111\u1ed3ng \u0111\u1ec3 t\u0103ng c\u01b0\u1eddng kh\u1ea3 n\u0103ng ch\u1ed1ng \u0103n m\u00f2n chung. H\u1ee3p kim 2507 cung c\u1ea5p c\u00e1c \u1ee9ng d\u1ee5ng kh\u00e1c nhau trong m\u00f4i tr\u01b0\u1eddng kh\u1eafc nghi\u1ec7t, c\u00f3 ch\u1ee9a clo nh\u01b0 h\u00e0ng h\u1ea3i, d\u1ea7u kh\u00ed, l\u0129nh v\u1ef1c x\u1eed l\u00fd h\u00f3a d\u1ea7u\/h\u00f3a ch\u1ea5t do kh\u1ea3 n\u0103ng ch\u1ed1ng \u0103n m\u00f2n r\u1ed7 v\u00e0 k\u1ebd h\u1edf tuy\u1ec7t v\u1eddi c\u0169ng nh\u01b0 n\u1ee9t \u0103n m\u00f2n \u1ee9ng su\u1ea5t clorua.<\/p>\n<p><strong>C\u00e1c m\u1eabu v\u00e0 th\u00f4ng s\u1ed1 k\u1ef9 thu\u1eadt th\u00e9p 2507 hi\u1ec7n c\u00f3 t\u1ea1i WLD Steel l\u00e0 g\u00ec?<\/strong><\/p>\n<table>\n<tbody>\n<tr>\n<td width=\"170\">T\u1ea5m\/t\u1ea5m\/cu\u1ed9n<\/td>\n<td width=\"170\">\u1ed0ng \/ \u1ed1ng li\u1ec1n m\u1ea1ch<\/td>\n<td width=\"170\">\u1ed0ng\/\u1ed1ng h\u00e0n<\/td>\n<td width=\"170\">Thanh tr\u00f2n<\/td>\n<td width=\"170\">Th\u00e9p \u0111\u1ecbnh h\u00ecnh (\u0110\u1ecbnh h\u00ecnh)<\/td>\n<\/tr>\n<tr>\n<td width=\"170\">JIS G4304\/4305, ASTM A240<\/td>\n<td width=\"170\">ASTMA789,<\/p>\n<p>ASTM A790<\/td>\n<td width=\"170\">ASTM A928<\/td>\n<td width=\"170\">ASTM A479, ASTM A276<\/td>\n<td width=\"170\">ASTM A276<\/td>\n<\/tr>\n<\/tbody>\n<\/table>\n<\/div><\/section><br \/>\n<div class=\"togglecontainer   toggle_close_all\" >\n<section class=\"av_toggle_section\"  itemscope=\"itemscope\" itemtype=\"https:\/\/schema.org\/CreativeWork\"  >    <div class=\"single_toggle\" data-tags=\"{All} \"  >        <p data-fake-id=\"#toggle-id-1\" class=\"toggler\"  itemprop=\"headline\"  >V\u1eadt li\u1ec7u t\u01b0\u01a1ng \u0111\u01b0\u01a1ng h\u1ee3p kim 2507<span class=\"toggle_icon\" >        <span class=\"vert_icon\"><\/span><span class=\"hor_icon\"><\/span><\/span><\/p>        <div id=\"toggle-id-1-container\" class=\"toggle_wrap\"  >            <div class=\"toggle_content invers-color\"  itemprop=\"text\"   ><table>\n<tbody>\n<tr>\n<td width=\"121\">UNS<\/td>\n<td width=\"121\">Th\u1ee5y \u0110i\u1ec3n<\/td>\n<td width=\"121\">JIS<\/td>\n<td width=\"121\">DIN<\/td>\n<td width=\"121\">BS<\/td>\n<td width=\"244\">GB<\/td>\n<\/tr>\n<tr>\n<td width=\"121\">S32750<\/p>\n<p>S32550<\/td>\n<td width=\"121\">SS2328(SAF2507)<\/td>\n<td width=\"121\">UR47N<\/p>\n<p>UR52N<\/td>\n<td width=\"121\">1.4410<\/p>\n<p>1.4507<\/td>\n<td width=\"121\">\/<\/td>\n<td width=\"244\">00Cr25Ni7Mo4N<\/p>\n<p>00Cr25Ni6Mo3CuN<\/td>\n<\/tr>\n<\/tbody>\n<\/table>\n            <\/div>        <\/div>    <\/div><\/section>\n<section class=\"av_toggle_section\"  itemscope=\"itemscope\" itemtype=\"https:\/\/schema.org\/CreativeWork\"  >    <div class=\"single_toggle\" data-tags=\"{All} \"  >        <p data-fake-id=\"#toggle-id-2\" class=\"toggler\"  itemprop=\"headline\"  >H\u1ee3p kim 2507 Th\u00e0nh ph\u1ea7n h\u00f3a h\u1ecdc <span class=\"toggle_icon\" >        <span class=\"vert_icon\"><\/span><span class=\"hor_icon\"><\/span><\/span><\/p>        <div id=\"toggle-id-2-container\" class=\"toggle_wrap\"  >            <div class=\"toggle_content invers-color\"  itemprop=\"text\"   ><table>\n<tbody>\n<tr>\n<td width=\"82\">\u0110i\u1ec3m<\/td>\n<td width=\"99\">Cr<\/td>\n<td width=\"79\">Ni<\/td>\n<td width=\"79\">M\u01a1<\/td>\n<td width=\"89\">N<\/td>\n<td width=\"79\">Mn<\/td>\n<td width=\"57\">S\u0129<\/td>\n<td width=\"68\">C<\/td>\n<td width=\"79\">C\u1ee7<\/td>\n<td width=\"68\">S<\/td>\n<td width=\"68\">P<\/td>\n<\/tr>\n<tr>\n<td width=\"82\">S32750<\/td>\n<td width=\"99\">24.5-26.0<\/td>\n<td width=\"79\">6.0-8.0<\/td>\n<td width=\"79\">3.0-5.0<\/td>\n<td width=\"89\">0.24-0.32<\/td>\n<td width=\"79\">0.5-1.2<\/td>\n<td width=\"57\">0.1-0.8<\/td>\n<td width=\"68\">0.03<\/p>\n<p>t\u1ed1i \u0111a<\/td>\n<td width=\"79\">0.5<\/p>\n<p>t\u1ed1i \u0111a<\/td>\n<td width=\"68\">0.02<\/td>\n<td width=\"68\">0.035<\/td>\n<\/tr>\n<tr>\n<td width=\"82\">S32550<\/td>\n<td width=\"99\">24.5-26.5<\/td>\n<td width=\"79\">5.5-6.5<\/td>\n<td width=\"79\">3.1-3.8<\/td>\n<td width=\"89\">0.2-0.35<\/td>\n<td width=\"79\">0.8-1.2<\/td>\n<td width=\"57\">0.7<\/p>\n<p>t\u1ed1i \u0111a<\/td>\n<td width=\"68\">0.025<\/p>\n<p>t\u1ed1i \u0111a<\/td>\n<td width=\"79\">1.5-2.0<\/td>\n<td width=\"68\">0.005<\/td>\n<td width=\"68\">0.025<\/td>\n<\/tr>\n<\/tbody>\n<\/table>\n            <\/div>        <\/div>    <\/div><\/section>\n<section class=\"av_toggle_section\"  itemscope=\"itemscope\" itemtype=\"https:\/\/schema.org\/CreativeWork\"  >    <div class=\"single_toggle\" data-tags=\"{All} \"  >        <p data-fake-id=\"#toggle-id-3\" class=\"toggler\"  itemprop=\"headline\"  >H\u1ee3p kim c\u01a1 kh\u00ed 2507<span class=\"toggle_icon\" >        <span class=\"vert_icon\"><\/span><span class=\"hor_icon\"><\/span><\/span><\/p>        <div id=\"toggle-id-3-container\" class=\"toggle_wrap\"  >            <div class=\"toggle_content invers-color\"  itemprop=\"text\"   ><table>\n<tbody>\n<tr>\n<td width=\"213\">\u0110i\u1ec3m<\/td>\n<td width=\"213\">S\u1ee9c c\u0103ng<\/p>\n<p>ph\u00fat, Mpa<\/td>\n<td width=\"213\">S\u1ee9c m\u1ea1nh n\u0103ng su\u1ea5t<\/p>\n<p>\u0110\u1ed9 l\u1ec7ch 0,2%, t\u1ed1i thi\u1ec3u, Mpa<\/td>\n<td width=\"213\">\u0110\u1ed9 gi\u00e3n d\u00e0i, A5%<\/td>\n<\/tr>\n<tr>\n<td width=\"213\">S32750<\/td>\n<td width=\"213\">800<\/td>\n<td width=\"213\">550<\/td>\n<td width=\"213\">15<\/td>\n<\/tr>\n<tr>\n<td width=\"213\">S32550<\/td>\n<td width=\"213\">760<\/td>\n<td width=\"213\">550<\/td>\n<td width=\"213\">15<\/td>\n<\/tr>\n<\/tbody>\n<\/table>\n            <\/div>        <\/div>    <\/div><\/section>\n<\/div><\/p><\/div><\/div><!--close column table wrapper. Autoclose: 1 --><\/p>","protected":false},"excerpt":{"rendered":"","protected":false},"author":1,"featured_media":0,"parent":1432,"menu_order":0,"comment_status":"closed","ping_status":"closed","template":"","meta":{"footnotes":""},"class_list":["post-1566","page","type-page","status-publish","hentry"],"aioseo_notices":[],"_links":{"self":[{"href":"https:\/\/wldstainless.com\/vi\/wp-json\/wp\/v2\/pages\/1566","targetHints":{"allow":["GET"]}}],"collection":[{"href":"https:\/\/wldstainless.com\/vi\/wp-json\/wp\/v2\/pages"}],"about":[{"href":"https:\/\/wldstainless.com\/vi\/wp-json\/wp\/v2\/types\/page"}],"author":[{"embeddable":true,"href":"https:\/\/wldstainless.com\/vi\/wp-json\/wp\/v2\/users\/1"}],"replies":[{"embeddable":true,"href":"https:\/\/wldstainless.com\/vi\/wp-json\/wp\/v2\/comments?post=1566"}],"version-history":[{"count":6,"href":"https:\/\/wldstainless.com\/vi\/wp-json\/wp\/v2\/pages\/1566\/revisions"}],"predecessor-version":[{"id":1909,"href":"https:\/\/wldstainless.com\/vi\/wp-json\/wp\/v2\/pages\/1566\/revisions\/1909"}],"up":[{"embeddable":true,"href":"https:\/\/wldstainless.com\/vi\/wp-json\/wp\/v2\/pages\/1432"}],"wp:attachment":[{"href":"https:\/\/wldstainless.com\/vi\/wp-json\/wp\/v2\/media?parent=1566"}],"curies":[{"name":"wp","href":"https:\/\/api.w.org\/{rel}","templated":true}]}}