{"id":1544,"date":"2020-08-21T01:43:23","date_gmt":"2020-08-21T01:43:23","guid":{"rendered":"http:\/\/wldstainless.com\/?page_id=1544"},"modified":"2020-09-18T09:35:27","modified_gmt":"2020-09-18T09:35:27","slug":"15-5ph-stainless-steel","status":"publish","type":"page","link":"https:\/\/wldstainless.com\/vi\/materials\/martensitic-stainless-steel\/15-5ph-stainless-steel\/","title":{"rendered":"Th\u00e9p kh\u00f4ng g\u1ec9 15-5PH"},"content":{"rendered":"<div class='flex_column_table av-equal-height-column-flextable -flextable' ><div class=\"flex_column av_one_fourth  flex_column_table_cell av-equal-height-column av-align-top av-zero-column-padding first\" style='border-radius:0px; '><p><div class='avia-builder-widget-area clearfix'><div id=\"nav_menu-5\" class=\"widget clearfix widget_nav_menu\"><h3 class=\"widgettitle\">V\u1eadt li\u1ec7u<\/h3><div class=\"menu-products-sidebar-menu-container\"><ul id=\"menu-products-sidebar-menu\" class=\"menu\"><li id=\"menu-item-1329\" class=\"menu-item menu-item-type-post_type menu-item-object-page menu-item-1329\"><a href=\"https:\/\/wldstainless.com\/vi\/materials\/ferritic-stainless-steel\/\">Th\u00e9p kh\u00f4ng g\u1ec9 Ferritic<\/a><\/li>\n<li id=\"menu-item-1328\" class=\"menu-item menu-item-type-post_type menu-item-object-page menu-item-1328\"><a href=\"https:\/\/wldstainless.com\/vi\/materials\/martensitic-stainless-steel\/\">Th\u00e9p kh\u00f4ng g\u1ec9 Martensitic<\/a><\/li>\n<li id=\"menu-item-1327\" class=\"menu-item menu-item-type-post_type menu-item-object-page menu-item-1327\"><a href=\"https:\/\/wldstainless.com\/vi\/materials\/austenitic-stainless-steel\/\">Th\u00e9p kh\u00f4ng g\u1ec9 austenit<\/a><\/li>\n<li id=\"menu-item-1889\" class=\"menu-item menu-item-type-post_type menu-item-object-page menu-item-1889\"><a href=\"https:\/\/wldstainless.com\/vi\/materials\/duplex-stainless-steel\/\">Th\u00e9p kh\u00f4ng g\u1ec9 song c\u00f4ng<\/a><\/li>\n<\/ul><\/div><\/div><\/div><br \/>\n<div  class='hr hr-default'><span class='hr-inner' ><span class='hr-inner-style'><\/span><\/span><\/div><br \/>\n<div class='avia-button-wrap avia-button-left'><a href='http:\/\/wldstainless.com\/contact\/#contact' class='avia-button   avia-icon_select-yes-left-icon avia-color-custom avia-size-large avia-position-left'  target=\"_blank\"  style='background-color:#e82221; border-color:#e82221; color:#ffffff; ' ><span class='avia_button_icon avia_button_icon_left' aria-hidden='true' data-av_icon='\ue84b' data-av_iconfont='entypo-fontello'><\/span><span class='avia_iconbox_title' >Y\u00eau c\u1ea7u b\u00e1o gi\u00e1<\/span><\/a><\/div><\/p><\/div><\/div><!--close column table wrapper. Autoclose: 1 --><div class='flex_column_table av-equal-height-column-flextable -flextable' ><div class='av-flex-placeholder'><\/div><div class=\"flex_column av_three_fourth  flex_column_table_cell av-equal-height-column av-align-top av-zero-column-padding\" style='border-radius:0px; '><p><div style='padding-bottom:10px;color:#d3311f;font-size:26px;' class='av-special-heading av-special-heading-h3 custom-color-heading blockquote modern-quote   av-inherit-size'><h3 class='av-special-heading-tag'  itemprop=\"headline\"  >Th\u00e9p kh\u00f4ng g\u1ec9 15-5PH<\/h3><div class='special-heading-border'><div class='special-heading-inner-border' style='border-color:#d3311f'><\/div><\/div><\/div><br \/>\n<section class=\"av_textblock_section\"  itemscope=\"itemscope\" itemtype=\"https:\/\/schema.org\/CreativeWork\" ><div class='avia_textblock'   itemprop=\"text\" ><p>WLD Steel l\u00e0 nh\u00e0 s\u1ea3n xu\u1ea5t, cung c\u1ea5p v\u00e0 xu\u1ea5t kh\u1ea9u h\u00e0ng \u0111\u1ea7u th\u00e9p kh\u00f4ng g\u1ec9 15-5 PH v\u1edbi nhi\u1ec1u k\u00edch c\u1ee1 v\u00e0 h\u00ecnh th\u1ee9c kh\u00e1c nhau bao g\u1ed3m thanh, t\u1ea5m v\u00e0 d\u00e2y. Ch\u00fang t\u00f4i ch\u1ee7 y\u1ebfu d\u1ef1 tr\u1eef 15-5 trong \u0111i\u1ec1u ki\u1ec7n \u1ee7. 15-5 PH l\u00e0 th\u00e9p kh\u00f4ng g\u1ec9 Martensitic l\u00e0m c\u1ee9ng k\u1ebft t\u1ee7a \u0111\u01b0\u1ee3c ph\u00e1t tri\u1ec3n d\u1ef1a tr\u00ean th\u00e9p 17-4PH v\u00e0 l\u00e0 phi\u00ean b\u1ea3n kh\u00f4ng ch\u1ee9a Ferrite c\u1ee7a th\u00e9p kh\u00f4ng g\u1ec9 Lo\u1ea1i 17-4 PH. N\u00f3 cung c\u1ea5p \u0111\u1ed9 b\u1ec1n cao, kh\u1ea3 n\u0103ng ch\u1ed1ng \u0103n m\u00f2n t\u1ed1t, t\u00ednh ch\u1ea5t c\u01a1 h\u1ecdc t\u1ed1t v\u00e0 \u0111\u1ed9 d\u1ebbo dai. N\u00f3 c\u00f3 \u1ee9ng d\u1ee5ng t\u01b0\u01a1ng t\u1ef1 v\u1edbi th\u00e9p 17-4 PH, c\u1ea3 hai \u0111\u1ec1u c\u00f3 th\u1ec3 \u0111\u01b0\u1ee3c s\u1eed d\u1ee5ng \u1edf nh\u1eefng n\u01a1i y\u00eau c\u1ea7u kh\u1ea3 n\u0103ng ch\u1ed1ng \u0103n m\u00f2n t\u1ed1t h\u01a1n v\u00e0 c\u00e1c \u0111\u1eb7c t\u00ednh ngang nh\u01b0 h\u00e0ng kh\u00f4ng v\u0169 tr\u1ee5, h\u00f3a ch\u1ea5t, h\u00f3a d\u1ea7u, ch\u1ebf bi\u1ebfn th\u1ef1c ph\u1ea9m, gi\u1ea5y v\u00e0 c\u00e1c ng\u00e0nh c\u00f4ng nghi\u1ec7p gia c\u00f4ng kim lo\u1ea1i n\u00f3i chung.<\/p>\n<p><strong>Th\u00e9p kh\u00f4ng g\u1ec9 15-5 PH c\u00f3 s\u1eb5n t\u1ea1i WLD Steel l\u00e0 nh\u1eefng d\u1ea1ng n\u00e0o?<\/strong><\/p>\n<ul>\n<li>T\u1ea5m\/T\u1ea5m: ASTM A 693 \/ ASME SA 693<\/li>\n<li>Thanh tr\u00f2n: ASTM A 564\/ASME SA 564<\/li>\n<\/ul>\n<\/div><\/section><br \/>\n<div class=\"togglecontainer   toggle_close_all\" >\n<section class=\"av_toggle_section\"  itemscope=\"itemscope\" itemtype=\"https:\/\/schema.org\/CreativeWork\"  >    <div class=\"single_toggle\" data-tags=\"{All} \"  >        <p data-fake-id=\"#toggle-id-1\" class=\"toggler\"  itemprop=\"headline\"  style='background-color: #d3311f; '>C\u00e1c lo\u1ea1i th\u00e9p t\u01b0\u01a1ng \u0111\u01b0\u01a1ng 15-5PH<span class=\"toggle_icon\" >        <span class=\"vert_icon\"><\/span><span class=\"hor_icon\"><\/span><\/span><\/p>        <div id=\"toggle-id-1-container\" class=\"toggle_wrap\"  >            <div class=\"toggle_content invers-color\"  itemprop=\"text\"  style='background-color: #d3311f; ' ><table>\n<tbody>\n<tr>\n<td width=\"142\">Ti\u00eau chu\u1ea9n<\/td>\n<td width=\"142\">UNS<\/td>\n<td width=\"142\">ASTM<\/td>\n<td width=\"142\">DIN<\/td>\n<td width=\"142\">VN<\/td>\n<td width=\"142\">GB<\/td>\n<\/tr>\n<tr>\n<td width=\"142\">Th\u00e9p 15-5PH<\/td>\n<td width=\"142\">\u00a0S15500<\/td>\n<td width=\"142\">XM-12<\/td>\n<td width=\"142\">1.4545<\/td>\n<td width=\"142\">X5CrNiCuNb15-5-4<\/td>\n<td width=\"142\">0Cr15Ni5Cu3Nb<\/td>\n<\/tr>\n<\/tbody>\n<\/table>\n            <\/div>        <\/div>    <\/div><\/section>\n<section class=\"av_toggle_section\"  itemscope=\"itemscope\" itemtype=\"https:\/\/schema.org\/CreativeWork\"  >    <div class=\"single_toggle\" data-tags=\"{All} \"  >        <p data-fake-id=\"#toggle-id-2\" class=\"toggler\"  itemprop=\"headline\"  style='background-color: #d3311f; '>Th\u00e0nh ph\u1ea7n h\u00f3a h\u1ecdc th\u00e9p 15-5PH<span class=\"toggle_icon\" >        <span class=\"vert_icon\"><\/span><span class=\"hor_icon\"><\/span><\/span><\/p>        <div id=\"toggle-id-2-container\" class=\"toggle_wrap\"  >            <div class=\"toggle_content invers-color\"  itemprop=\"text\"  style='background-color: #d3311f; ' ><table>\n<tbody>\n<tr>\n<td width=\"94\">C<\/td>\n<td width=\"94\">Cr<\/td>\n<td width=\"94\">C\u1ee7<\/td>\n<td width=\"94\">Mn<\/td>\n<td width=\"94\">Ni<\/td>\n<td width=\"94\">Nb<\/td>\n<td width=\"94\">P<\/td>\n<td width=\"94\">S<\/td>\n<td width=\"94\">S\u0129<\/td>\n<\/tr>\n<tr>\n<td width=\"94\">t\u1ed1i \u0111a 0,07<\/td>\n<td width=\"94\">14-\u00a015.5<\/td>\n<td width=\"94\">2.5 &#8211; 4.5<\/td>\n<td width=\"94\">t\u1ed1i \u0111a 1<\/td>\n<td width=\"94\">3.5 &#8211; 5.5<\/td>\n<td width=\"94\">0.15-\u00a00.45<\/td>\n<td width=\"94\">t\u1ed1i \u0111a 0,04<\/td>\n<td width=\"94\">t\u1ed1i \u0111a 0,03<\/td>\n<td width=\"94\">t\u1ed1i \u0111a 1<\/td>\n<\/tr>\n<\/tbody>\n<\/table>\n            <\/div>        <\/div>    <\/div><\/section>\n<section class=\"av_toggle_section\"  itemscope=\"itemscope\" itemtype=\"https:\/\/schema.org\/CreativeWork\"  >    <div class=\"single_toggle\" data-tags=\"{All} \"  >        <p data-fake-id=\"#toggle-id-3\" class=\"toggler\"  itemprop=\"headline\"  style='background-color: #d3311f; '>T\u00ednh ch\u1ea5t c\u01a1 h\u1ecdc th\u00e9p 15-5PH<span class=\"toggle_icon\" >        <span class=\"vert_icon\"><\/span><span class=\"hor_icon\"><\/span><\/span><\/p>        <div id=\"toggle-id-3-container\" class=\"toggle_wrap\"  >            <div class=\"toggle_content invers-color\"  itemprop=\"text\"  style='background-color: #d3311f; ' ><table>\n<tbody>\n<tr>\n<td width=\"170\">T\u00ecnh tr\u1ea1ng<\/td>\n<td width=\"170\">\u0110\u1ed9 b\u1ec1n k\u00e9o (psi)<\/td>\n<td width=\"170\">S\u1ee9c m\u1ea1nh n\u0103ng su\u1ea5t (psi)<\/td>\n<td width=\"170\">\u0110\u1ed9 gi\u00e3n d\u00e0i, (t\u00ednh b\u1eb1ng 2in.)%)<\/td>\n<td width=\"170\">\u0110\u1ed9 c\u1ee9ng, HBW<\/td>\n<\/tr>\n<tr>\n<td width=\"170\">H900 tu\u1ed5i<\/td>\n<td width=\"170\">190,000<\/td>\n<td width=\"170\">170,000<\/td>\n<td width=\"170\">6<\/td>\n<td width=\"170\">388<\/td>\n<\/tr>\n<tr>\n<td width=\"170\">H1025 tu\u1ed5i<\/td>\n<td width=\"170\">155,000<\/td>\n<td width=\"170\">125,000<\/td>\n<td width=\"170\">8<\/td>\n<td width=\"170\">331<\/td>\n<\/tr>\n<tr>\n<td width=\"170\">H1075 tu\u1ed5i<\/td>\n<td width=\"170\">145,000<\/td>\n<td width=\"170\">125,000<\/td>\n<td width=\"170\">9<\/td>\n<td width=\"170\">311<\/td>\n<\/tr>\n<tr>\n<td width=\"170\">H1150 tu\u1ed5i<\/td>\n<td width=\"170\">135,000<\/td>\n<td width=\"170\">105,000<\/td>\n<td width=\"170\">11<\/td>\n<td width=\"170\">277<\/td>\n<\/tr>\n<\/tbody>\n<\/table>\n            <\/div>        <\/div>    <\/div><\/section>\n<\/div><\/p><\/div><\/div><!--close column table wrapper. Autoclose: 1 --><\/p>","protected":false},"excerpt":{"rendered":"","protected":false},"author":1,"featured_media":0,"parent":1321,"menu_order":0,"comment_status":"closed","ping_status":"closed","template":"","meta":{"footnotes":""},"class_list":["post-1544","page","type-page","status-publish","hentry"],"aioseo_notices":[],"_links":{"self":[{"href":"https:\/\/wldstainless.com\/vi\/wp-json\/wp\/v2\/pages\/1544","targetHints":{"allow":["GET"]}}],"collection":[{"href":"https:\/\/wldstainless.com\/vi\/wp-json\/wp\/v2\/pages"}],"about":[{"href":"https:\/\/wldstainless.com\/vi\/wp-json\/wp\/v2\/types\/page"}],"author":[{"embeddable":true,"href":"https:\/\/wldstainless.com\/vi\/wp-json\/wp\/v2\/users\/1"}],"replies":[{"embeddable":true,"href":"https:\/\/wldstainless.com\/vi\/wp-json\/wp\/v2\/comments?post=1544"}],"version-history":[{"count":6,"href":"https:\/\/wldstainless.com\/vi\/wp-json\/wp\/v2\/pages\/1544\/revisions"}],"predecessor-version":[{"id":1918,"href":"https:\/\/wldstainless.com\/vi\/wp-json\/wp\/v2\/pages\/1544\/revisions\/1918"}],"up":[{"embeddable":true,"href":"https:\/\/wldstainless.com\/vi\/wp-json\/wp\/v2\/pages\/1321"}],"wp:attachment":[{"href":"https:\/\/wldstainless.com\/vi\/wp-json\/wp\/v2\/media?parent=1544"}],"curies":[{"name":"wp","href":"https:\/\/api.w.org\/{rel}","templated":true}]}}