{"id":1541,"date":"2020-08-21T01:38:04","date_gmt":"2020-08-21T01:38:04","guid":{"rendered":"http:\/\/wldstainless.com\/?page_id=1541"},"modified":"2020-09-18T09:35:51","modified_gmt":"2020-09-18T09:35:51","slug":"17-4-ph-stainless-steel","status":"publish","type":"page","link":"https:\/\/wldstainless.com\/vi\/materials\/martensitic-stainless-steel\/17-4-ph-stainless-steel\/","title":{"rendered":"Th\u00e9p kh\u00f4ng g\u1ec9 17-4PH"},"content":{"rendered":"<div class='flex_column_table av-equal-height-column-flextable -flextable' ><div class=\"flex_column av_one_fourth  flex_column_table_cell av-equal-height-column av-align-top av-zero-column-padding first\" style='border-radius:0px; '><p><div class='avia-builder-widget-area clearfix'><div id=\"nav_menu-5\" class=\"widget clearfix widget_nav_menu\"><h3 class=\"widgettitle\">V\u1eadt li\u1ec7u<\/h3><div class=\"menu-products-sidebar-menu-container\"><ul id=\"menu-products-sidebar-menu\" class=\"menu\"><li id=\"menu-item-1329\" class=\"menu-item menu-item-type-post_type menu-item-object-page menu-item-1329\"><a href=\"https:\/\/wldstainless.com\/vi\/materials\/ferritic-stainless-steel\/\">Th\u00e9p kh\u00f4ng g\u1ec9 Ferritic<\/a><\/li>\n<li id=\"menu-item-1328\" class=\"menu-item menu-item-type-post_type menu-item-object-page menu-item-1328\"><a href=\"https:\/\/wldstainless.com\/vi\/materials\/martensitic-stainless-steel\/\">Th\u00e9p kh\u00f4ng g\u1ec9 Martensitic<\/a><\/li>\n<li id=\"menu-item-1327\" class=\"menu-item menu-item-type-post_type menu-item-object-page menu-item-1327\"><a href=\"https:\/\/wldstainless.com\/vi\/materials\/austenitic-stainless-steel\/\">Th\u00e9p kh\u00f4ng g\u1ec9 austenit<\/a><\/li>\n<li id=\"menu-item-1889\" class=\"menu-item menu-item-type-post_type menu-item-object-page menu-item-1889\"><a href=\"https:\/\/wldstainless.com\/vi\/materials\/duplex-stainless-steel\/\">Th\u00e9p kh\u00f4ng g\u1ec9 song c\u00f4ng<\/a><\/li>\n<\/ul><\/div><\/div><\/div><br \/>\n<div  class='hr hr-default'><span class='hr-inner' ><span class='hr-inner-style'><\/span><\/span><\/div><br \/>\n<div class='avia-button-wrap avia-button-left'><a href='http:\/\/wldstainless.com\/contact\/#contact' class='avia-button   avia-icon_select-yes-left-icon avia-color-custom avia-size-large avia-position-left'  target=\"_blank\"  style='background-color:#e82221; border-color:#e82221; color:#ffffff; ' ><span class='avia_button_icon avia_button_icon_left' aria-hidden='true' data-av_icon='\ue84b' data-av_iconfont='entypo-fontello'><\/span><span class='avia_iconbox_title' >Y\u00eau c\u1ea7u b\u00e1o gi\u00e1<\/span><\/a><\/div><\/p><\/div><\/div><!--close column table wrapper. Autoclose: 1 --><div class='flex_column_table av-equal-height-column-flextable -flextable' ><div class='av-flex-placeholder'><\/div><div class=\"flex_column av_three_fourth  flex_column_table_cell av-equal-height-column av-align-top av-zero-column-padding\" style='border-radius:0px; '><p><div style='padding-bottom:10px;color:#d3311f;font-size:26px;' class='av-special-heading av-special-heading-h3 custom-color-heading blockquote modern-quote   av-inherit-size'><h3 class='av-special-heading-tag'  itemprop=\"headline\"  >Th\u00e9p kh\u00f4ng g\u1ec9 17-4 PH(630) <\/h3><div class='special-heading-border'><div class='special-heading-inner-border' style='border-color:#d3311f'><\/div><\/div><\/div><br \/>\n<section class=\"av_textblock_section\"  itemscope=\"itemscope\" itemtype=\"https:\/\/schema.org\/CreativeWork\" ><div class='avia_textblock'   itemprop=\"text\" ><p>WLD Steel l\u00e0 nh\u00e0 s\u1ea3n xu\u1ea5t, nh\u00e0 cung c\u1ea5p v\u00e0 xu\u1ea5t kh\u1ea9u h\u00e0ng \u0111\u1ea7u v\u1ec1 th\u00e9p kh\u00f4ng g\u1ec9 c\u1ee9ng k\u1ebft t\u1ee7a 17-4 v\u1edbi nhi\u1ec1u k\u00edch c\u1ee1 v\u00e0 h\u00ecnh th\u1ee9c kh\u00e1c nhau bao g\u1ed3m thanh, que, t\u1ea5m v\u00e0 t\u1ea5m. Ch\u00fang t\u00f4i ch\u1ee7 y\u1ebfu d\u1ef1 tr\u1eef 17-4 trong \u0111i\u1ec1u ki\u1ec7n \u1ee7. 17-4 PH l\u00e0 nh\u00e3n hi\u1ec7u \u0111\u00e3 \u0111\u0103ng k\u00fd c\u1ee7a AK Steel Holding, \u0111\u00f3 l\u00e0 th\u00e9p kh\u00f4ng g\u1ec9 Martensitic 630 \u0111\u1ed9 c\u1ee9ng k\u1ebft t\u1ee7a c\u00f3 b\u1ed5 sung \u0111\u1ed3ng. N\u00f3 \u0111\u01b0\u1ee3c \u0111\u1eb7c tr\u01b0ng b\u1edfi \u0111\u1ed9 b\u1ec1n cao, kh\u1ea3 n\u0103ng ch\u1ed1ng \u0103n m\u00f2n v\u00e0 hi\u1ec7u su\u1ea5t c\u1eaft t\u1ed1t, \u0111\u1ed9 c\u1ee9ng cao h\u01a1n \u0111\u1ea1t \u0111\u01b0\u1ee3c th\u00f4ng qua qu\u00e1 tr\u00ecnh x\u1eed l\u00fd l\u00e0m c\u1ee9ng kh\u00e1c nhau. \u0110\u1ed9 b\u1ec1n k\u00e9o c\u1ee7a n\u00f3 c\u00f3 th\u1ec3 \u0111\u1ea1t t\u1edbi 1100 ~ 1300MPa v\u00e0 c\u00f3 th\u1ec3 \u0111\u01b0\u1ee3c t\u0103ng c\u01b0\u1eddng h\u01a1n n\u1eefa th\u00f4ng qua x\u1eed l\u00fd l\u00e3o h\u00f3a, th\u00edch h\u1ee3p cho c\u00e1c b\u1ed9 ph\u1eadn s\u1ea3n xu\u1ea5t c\u00f3 kh\u1ea3 n\u0103ng ch\u1ed1ng \u0103n m\u00f2n axit cao nh\u01b0 m\u00e1y bay v\u00e0 tua bin kh\u00ed, l\u00f2 ph\u1ea3n \u1ee9ng h\u1ea1t nh\u00e2n, nh\u00e0 m\u00e1y gi\u1ea5y, m\u1ecf d\u1ea7u v\u00e0 c\u00e1c b\u1ed9 ph\u1eadn x\u1eed l\u00fd h\u00f3a h\u1ecdc. N\u00f3 kh\u00f4ng \u0111\u1ec1 ngh\u1ecb s\u1eed d\u1ee5ng \u1edf nhi\u1ec7t \u0111\u1ed9 tr\u00ean 300\u00b0.<\/p>\n<p><strong>C\u00e1c m\u1eabu v\u00e0 th\u00f4ng s\u1ed1 k\u1ef9 thu\u1eadt inox 17-4 PH hi\u1ec7n c\u00f3 t\u1ea1i WLD Steel l\u00e0 g\u00ec?<\/strong><\/p>\n<ul>\n<li>T\u1ea5m\/T\u1ea5m: ASTM A240, ASTM A480, ASTM A 693 \/ ASME SA 693<\/li>\n<li>Thanh tr\u00f2n: ASTM A276, ASTM A479, ASTM A 564\/ASME SA 564<\/li>\n<\/ul>\n<\/div><\/section><br \/>\n<div class=\"togglecontainer   toggle_close_all\" >\n<section class=\"av_toggle_section\"  itemscope=\"itemscope\" itemtype=\"https:\/\/schema.org\/CreativeWork\"  >    <div class=\"single_toggle\" data-tags=\"{All} \"  >        <p data-fake-id=\"#toggle-id-1\" class=\"toggler\"  itemprop=\"headline\"  >C\u00e1c lo\u1ea1i th\u00e9p t\u01b0\u01a1ng \u0111\u01b0\u01a1ng 17-4PH<span class=\"toggle_icon\" >        <span class=\"vert_icon\"><\/span><span class=\"hor_icon\"><\/span><\/span><\/p>        <div id=\"toggle-id-1-container\" class=\"toggle_wrap\"  >            <div class=\"toggle_content invers-color\"  itemprop=\"text\"   ><table>\n<tbody>\n<tr>\n<td width=\"142\">Ti\u00eau chu\u1ea9n<\/td>\n<td width=\"142\">UNS<\/td>\n<td width=\"142\">JIS<\/td>\n<td width=\"142\">DIN<\/td>\n<td width=\"142\">VN<\/td>\n<td width=\"142\">GB<\/td>\n<\/tr>\n<tr>\n<td width=\"142\">SS 630<\/td>\n<td width=\"142\">S17400<\/td>\n<td width=\"142\">SUS630<\/td>\n<td width=\"142\">1.4548<\/td>\n<td width=\"142\">X5CrNiCuNb16-4<\/td>\n<td width=\"142\">0Cr17Ni4Cu4Nb<\/td>\n<\/tr>\n<\/tbody>\n<\/table>\n            <\/div>        <\/div>    <\/div><\/section>\n<section class=\"av_toggle_section\"  itemscope=\"itemscope\" itemtype=\"https:\/\/schema.org\/CreativeWork\"  >    <div class=\"single_toggle\" data-tags=\"{All} \"  >        <p data-fake-id=\"#toggle-id-2\" class=\"toggler\"  itemprop=\"headline\"  >Th\u00e0nh ph\u1ea7n h\u00f3a h\u1ecdc th\u00e9p 17-4PH<span class=\"toggle_icon\" >        <span class=\"vert_icon\"><\/span><span class=\"hor_icon\"><\/span><\/span><\/p>        <div id=\"toggle-id-2-container\" class=\"toggle_wrap\"  >            <div class=\"toggle_content invers-color\"  itemprop=\"text\"   ><table>\n<tbody>\n<tr>\n<td width=\"94\">C<\/td>\n<td width=\"94\">S\u0129<\/td>\n<td width=\"94\">Mn<\/td>\n<td width=\"94\">P<\/td>\n<td width=\"94\">S<\/td>\n<td width=\"94\">Cr<\/td>\n<td width=\"94\">Ni<\/td>\n<td width=\"94\">C\u1ee7<\/td>\n<td width=\"94\">Nb<\/td>\n<\/tr>\n<tr>\n<td width=\"94\">.00,07<\/td>\n<td width=\"94\">1,00<\/td>\n<td width=\"94\">1,00<\/td>\n<td width=\"94\">.00,040<\/td>\n<td width=\"94\">.030,030<\/td>\n<td width=\"94\">15.00-17.00<\/td>\n<td width=\"94\">3.0-5.0<\/td>\n<td width=\"94\">3.0-5.0<\/td>\n<td width=\"94\">0.15-0.45<\/td>\n<\/tr>\n<\/tbody>\n<\/table>\n            <\/div>        <\/div>    <\/div><\/section>\n<section class=\"av_toggle_section\"  itemscope=\"itemscope\" itemtype=\"https:\/\/schema.org\/CreativeWork\"  >    <div class=\"single_toggle\" data-tags=\"{All} \"  >        <p data-fake-id=\"#toggle-id-3\" class=\"toggler\"  itemprop=\"headline\"  >T\u00ednh ch\u1ea5t c\u01a1 h\u1ecdc c\u1ee7a th\u00e9p 17-4PH<span class=\"toggle_icon\" >        <span class=\"vert_icon\"><\/span><span class=\"hor_icon\"><\/span><\/span><\/p>        <div id=\"toggle-id-3-container\" class=\"toggle_wrap\"  >            <div class=\"toggle_content invers-color\"  itemprop=\"text\"   ><table>\n<tbody>\n<tr>\n<td width=\"170\">X\u1eed l\u00fd nhi\u1ec7t<\/td>\n<td width=\"170\">\u0110\u1ed9 b\u1ec1n k\u00e9o (MPa)<\/td>\n<td width=\"170\">S\u1ee9c m\u1ea1nh n\u0103ng su\u1ea5t (MPa)<\/td>\n<td width=\"170\">\u0110\u1ed9 gi\u00e3n d\u00e0i, (%)<\/td>\n<td width=\"170\">\u0110\u1ed9 c\u1ee9ng, HBW<\/td>\n<\/tr>\n<tr>\n<td width=\"170\">L\u00e0m c\u1ee9ng 480 oC<\/td>\n<td width=\"170\">1180<\/td>\n<td width=\"170\">1310<\/td>\n<td width=\"170\">10<\/td>\n<td width=\"170\">363<\/td>\n<\/tr>\n<tr>\n<td width=\"170\">L\u00e0m c\u1ee9ng 550 oC<\/td>\n<td width=\"170\">1000<\/td>\n<td width=\"170\">1070<\/td>\n<td width=\"170\">12<\/td>\n<td width=\"170\">\u2265331<\/td>\n<\/tr>\n<tr>\n<td width=\"170\">L\u00e0m c\u1ee9ng 580 oC<\/td>\n<td width=\"170\">865<\/td>\n<td width=\"170\">1000<\/td>\n<td width=\"170\">13<\/td>\n<td width=\"170\">\u2265302<\/td>\n<\/tr>\n<tr>\n<td width=\"170\">L\u00e0m c\u1ee9ng 620 oC<\/td>\n<td width=\"170\">725<\/td>\n<td width=\"170\">930<\/td>\n<td width=\"170\">16<\/td>\n<td width=\"170\">\u2265277<\/td>\n<\/tr>\n<\/tbody>\n<\/table>\n            <\/div>        <\/div>    <\/div><\/section>\n<\/div><\/p><\/div><\/div><!--close column table wrapper. Autoclose: 1 --><\/p>","protected":false},"excerpt":{"rendered":"","protected":false},"author":1,"featured_media":0,"parent":1321,"menu_order":0,"comment_status":"closed","ping_status":"closed","template":"","meta":{"footnotes":""},"class_list":["post-1541","page","type-page","status-publish","hentry"],"aioseo_notices":[],"_links":{"self":[{"href":"https:\/\/wldstainless.com\/vi\/wp-json\/wp\/v2\/pages\/1541","targetHints":{"allow":["GET"]}}],"collection":[{"href":"https:\/\/wldstainless.com\/vi\/wp-json\/wp\/v2\/pages"}],"about":[{"href":"https:\/\/wldstainless.com\/vi\/wp-json\/wp\/v2\/types\/page"}],"author":[{"embeddable":true,"href":"https:\/\/wldstainless.com\/vi\/wp-json\/wp\/v2\/users\/1"}],"replies":[{"embeddable":true,"href":"https:\/\/wldstainless.com\/vi\/wp-json\/wp\/v2\/comments?post=1541"}],"version-history":[{"count":5,"href":"https:\/\/wldstainless.com\/vi\/wp-json\/wp\/v2\/pages\/1541\/revisions"}],"predecessor-version":[{"id":1919,"href":"https:\/\/wldstainless.com\/vi\/wp-json\/wp\/v2\/pages\/1541\/revisions\/1919"}],"up":[{"embeddable":true,"href":"https:\/\/wldstainless.com\/vi\/wp-json\/wp\/v2\/pages\/1321"}],"wp:attachment":[{"href":"https:\/\/wldstainless.com\/vi\/wp-json\/wp\/v2\/media?parent=1541"}],"curies":[{"name":"wp","href":"https:\/\/api.w.org\/{rel}","templated":true}]}}