{"id":1526,"date":"2020-08-19T08:22:01","date_gmt":"2020-08-19T08:22:01","guid":{"rendered":"http:\/\/wldstainless.com\/?page_id=1526"},"modified":"2020-09-18T09:30:09","modified_gmt":"2020-09-18T09:30:09","slug":"904l-stainless-steel","status":"publish","type":"page","link":"https:\/\/wldstainless.com\/vi\/materials\/austenitic-stainless-steel\/904l-stainless-steel\/","title":{"rendered":"Th\u00e9p kh\u00f4ng g\u1ec9 904L"},"content":{"rendered":"<div class='flex_column_table av-equal-height-column-flextable -flextable' ><div class=\"flex_column av_one_fourth  flex_column_table_cell av-equal-height-column av-align-top av-zero-column-padding first\" style='border-radius:0px; '><p><div class='avia-builder-widget-area clearfix'><div id=\"nav_menu-5\" class=\"widget clearfix widget_nav_menu\"><h3 class=\"widgettitle\">V\u1eadt li\u1ec7u<\/h3><div class=\"menu-products-sidebar-menu-container\"><ul id=\"menu-products-sidebar-menu\" class=\"menu\"><li id=\"menu-item-1329\" class=\"menu-item menu-item-type-post_type menu-item-object-page menu-item-1329\"><a href=\"https:\/\/wldstainless.com\/vi\/materials\/ferritic-stainless-steel\/\">Th\u00e9p kh\u00f4ng g\u1ec9 Ferritic<\/a><\/li>\n<li id=\"menu-item-1328\" class=\"menu-item menu-item-type-post_type menu-item-object-page menu-item-1328\"><a href=\"https:\/\/wldstainless.com\/vi\/materials\/martensitic-stainless-steel\/\">Th\u00e9p kh\u00f4ng g\u1ec9 Martensitic<\/a><\/li>\n<li id=\"menu-item-1327\" class=\"menu-item menu-item-type-post_type menu-item-object-page menu-item-1327\"><a href=\"https:\/\/wldstainless.com\/vi\/materials\/austenitic-stainless-steel\/\">Th\u00e9p kh\u00f4ng g\u1ec9 austenit<\/a><\/li>\n<li id=\"menu-item-1889\" class=\"menu-item menu-item-type-post_type menu-item-object-page menu-item-1889\"><a href=\"https:\/\/wldstainless.com\/vi\/materials\/duplex-stainless-steel\/\">Th\u00e9p kh\u00f4ng g\u1ec9 song c\u00f4ng<\/a><\/li>\n<\/ul><\/div><\/div><\/div><br \/>\n<div  class='hr hr-default'><span class='hr-inner' ><span class='hr-inner-style'><\/span><\/span><\/div><br \/>\n<div class='avia-button-wrap avia-button-left'><a href='http:\/\/wldstainless.com\/contact\/#contact' class='avia-button   avia-icon_select-yes-left-icon avia-color-custom avia-size-large avia-position-left'  target=\"_blank\"  style='background-color:#e82221; border-color:#e82221; color:#ffffff; ' ><span class='avia_button_icon avia_button_icon_left' aria-hidden='true' data-av_icon='\ue84b' data-av_iconfont='entypo-fontello'><\/span><span class='avia_iconbox_title' >Y\u00eau c\u1ea7u b\u00e1o gi\u00e1<\/span><\/a><\/div><\/p><\/div><\/div><!--close column table wrapper. Autoclose: 1 --><div class='flex_column_table av-equal-height-column-flextable -flextable' ><div class='av-flex-placeholder'><\/div><div class=\"flex_column av_three_fourth  flex_column_table_cell av-equal-height-column av-align-top av-zero-column-padding\" style='border-radius:0px; '><p><div style='padding-bottom:10px;color:#d3311f;' class='av-special-heading av-special-heading-h3 custom-color-heading'><h3 class='av-special-heading-tag'  itemprop=\"headline\"  >Th\u00e9p kh\u00f4ng g\u1ec9 904L <\/h3><div class='special-heading-border'><div class='special-heading-inner-border' style='border-color:#d3311f'><\/div><\/div><\/div><br \/>\n<section class=\"av_textblock_section\"  itemscope=\"itemscope\" itemtype=\"https:\/\/schema.org\/CreativeWork\" ><div class='avia_textblock'   itemprop=\"text\" ><p>WLD Steel l\u00e0 nh\u00e0 s\u1ea3n xu\u1ea5t, cung c\u1ea5p v\u00e0 xu\u1ea5t kh\u1ea9u h\u00e0ng \u0111\u1ea7u th\u00e9p kh\u00f4ng g\u1ec9 904L v\u1edbi nhi\u1ec1u k\u00edch c\u1ee1 v\u00e0 h\u00ecnh th\u1ee9c kh\u00e1c nhau bao g\u1ed3m \u1ed1ng, \u1ed1ng, t\u1ea5m, t\u1ea5m, thanh, thanh v\u00e0 c\u00e1c h\u00ecnh d\u1ea1ng kh\u00e1c nh\u01b0 g\u00f3c, k\u00eanh, h\u00ecnh tr\u00f2n, m\u1ea3nh c\u1eaft, v.v. TR\u00caN. Lo\u1ea1i 904L l\u00e0 m\u1ed9t lo\u1ea1i th\u00e9p kh\u00f4ng g\u1ec9 si\u00eau Austenitic \u0111\u01b0\u1ee3c bi\u1ebft \u0111\u1ebfn v\u1edbi kh\u1ea3 n\u0103ng ch\u1ed1ng n\u1ee9t cao v\u00e0 n\u1ee9t \u0103n m\u00f2n do \u1ee9ng su\u1ea5t \u0111\u1ed1i v\u1edbi axit sunfuric, photphoric v\u00e0 acetic. Vi\u1ec7c b\u1ed5 sung th\u00e0nh ph\u1ea7n \u0110\u1ed3ng gi\u00fap th\u00e9p kh\u00f4ng g\u1ec9 904L c\u00f3 kh\u1ea3 n\u0103ng ch\u1ed1ng m\u00e0i m\u00f2n v\u00e0 \u0103n m\u00f2n cao h\u01a1n. Th\u00e9p 904L \u0111\u01b0\u1ee3c s\u1eed d\u1ee5ng r\u1ed9ng r\u00e3i l\u00e0m thi\u1ebft b\u1ecb l\u00e0m m\u00e1t cho n\u01b0\u1edbc bi\u1ec3n, B\u1ed9 trao \u0111\u1ed5i nhi\u1ec7t, \u1ed1ng ng\u01b0ng t\u1ee5, Thi\u1ebft b\u1ecb \u0111i\u1ec1u khi\u1ec3n v\u00e0 thi\u1ebft b\u1ecb \u0111o \u0111\u1ea1c, C\u00f4ng nghi\u1ec7p d\u1ea7u kh\u00ed.<\/p>\n<p><strong>C\u00e1c h\u00ecnh th\u1ee9c v\u00e0 th\u00f4ng s\u1ed1 k\u1ef9 thu\u1eadt c\u00f3 s\u1eb5n c\u1ee7a 904L t\u1ea1i WLD Steel l\u00e0 g\u00ec?<\/strong><\/p>\n<table>\n<tbody>\n<tr>\n<td width=\"170\">T\u1ea5m\/T\u1ea5m\/Cu\u1ed9n<\/td>\n<td width=\"170\">\u1ed0ng \/ \u1ed1ng li\u1ec1n m\u1ea1ch<\/td>\n<td width=\"170\">\u1ed0ng\/\u1ed1ng h\u00e0n<\/td>\n<td width=\"170\">Thanh tr\u00f2n<\/td>\n<td width=\"170\">Th\u00e9p \u0111\u1ecbnh h\u00ecnh (\u0111\u1ecbnh h\u00ecnh)<\/td>\n<\/tr>\n<tr>\n<td width=\"170\">ASTM A240<\/p>\n<p>ASTM A480<\/td>\n<td width=\"170\">ASTM A312<\/p>\n<p>ASTM A213<\/td>\n<td width=\"170\">ASTM A554<\/td>\n<td width=\"170\">ASTM A276<\/p>\n<p>ASTM A479<\/td>\n<td width=\"170\">ASTM A276<\/td>\n<\/tr>\n<\/tbody>\n<\/table>\n<\/div><\/section><br \/>\n<div class=\"togglecontainer   toggle_close_all\" >\n<section class=\"av_toggle_section\"  itemscope=\"itemscope\" itemtype=\"https:\/\/schema.org\/CreativeWork\"  >    <div class=\"single_toggle\" data-tags=\"{All} \"  >        <p data-fake-id=\"#toggle-id-1\" class=\"toggler\"  itemprop=\"headline\"  >V\u1eadt li\u1ec7u t\u01b0\u01a1ng \u0111\u01b0\u01a1ng th\u00e9p 904L<span class=\"toggle_icon\" >        <span class=\"vert_icon\"><\/span><span class=\"hor_icon\"><\/span><\/span><\/p>        <div id=\"toggle-id-1-container\" class=\"toggle_wrap\"  >            <div class=\"toggle_content invers-color\"  itemprop=\"text\"   ><table>\n<tbody>\n<tr>\n<td width=\"142\">Ti\u00eau chu\u1ea9n<\/td>\n<td width=\"142\">UNS<\/td>\n<td width=\"142\">DIN<\/td>\n<td width=\"142\">JIS<\/td>\n<td width=\"142\">BS<\/td>\n<td width=\"142\">VN<\/td>\n<\/tr>\n<tr>\n<td width=\"142\">904L<\/td>\n<td width=\"142\">N08904<\/td>\n<td width=\"142\">1.4539<\/td>\n<td width=\"142\">SUS 890L<\/td>\n<td width=\"142\">904S13<\/td>\n<td width=\"142\">X1NiCrMoCu25-20-5<\/td>\n<\/tr>\n<\/tbody>\n<\/table>\n            <\/div>        <\/div>    <\/div><\/section>\n<section class=\"av_toggle_section\"  itemscope=\"itemscope\" itemtype=\"https:\/\/schema.org\/CreativeWork\"  >    <div class=\"single_toggle\" data-tags=\"{All} \"  >        <p data-fake-id=\"#toggle-id-2\" class=\"toggler\"  itemprop=\"headline\"  >Th\u00e0nh ph\u1ea7n h\u00f3a h\u1ecdc 904L<span class=\"toggle_icon\" >        <span class=\"vert_icon\"><\/span><span class=\"hor_icon\"><\/span><\/span><\/p>        <div id=\"toggle-id-2-container\" class=\"toggle_wrap\"  >            <div class=\"toggle_content invers-color\"  itemprop=\"text\"   ><table>\n<tbody>\n<tr>\n<td width=\"105\">Ni<\/td>\n<td width=\"105\">Cr<\/td>\n<td width=\"105\">C\u1ee7<\/td>\n<td width=\"105\">Mn<\/td>\n<td width=\"105\">M\u01a1<\/td>\n<td width=\"105\">S\u0129<\/td>\n<td width=\"105\">C<\/td>\n<td width=\"105\">P<\/td>\n<td width=\"106\">S<\/td>\n<\/tr>\n<tr>\n<td width=\"105\">23,0 \u2013 28,0<\/td>\n<td width=\"105\">19,0 \u2013 23,0<\/td>\n<td width=\"105\">1,0 \u2013 2,0<\/td>\n<td width=\"105\">t\u1ed1i \u0111a 2,0<\/td>\n<td width=\"105\">4.0 \u2013 5.0<\/td>\n<td width=\"105\">t\u1ed1i \u0111a 1,0<\/td>\n<td width=\"105\">t\u1ed1i \u0111a 0,20<\/td>\n<td width=\"105\">t\u1ed1i \u0111a 0,040<\/td>\n<td width=\"106\">t\u1ed1i \u0111a 0,030<\/td>\n<\/tr>\n<\/tbody>\n<\/table>\n            <\/div>        <\/div>    <\/div><\/section>\n<section class=\"av_toggle_section\"  itemscope=\"itemscope\" itemtype=\"https:\/\/schema.org\/CreativeWork\"  >    <div class=\"single_toggle\" data-tags=\"{All} \"  >        <p data-fake-id=\"#toggle-id-3\" class=\"toggler\"  itemprop=\"headline\"  >T\u00ednh ch\u1ea5t c\u01a1 h\u1ecdc 904L<span class=\"toggle_icon\" >        <span class=\"vert_icon\"><\/span><span class=\"hor_icon\"><\/span><\/span><\/p>        <div id=\"toggle-id-3-container\" class=\"toggle_wrap\"  >            <div class=\"toggle_content invers-color\"  itemprop=\"text\"   ><table>\n<tbody>\n<tr>\n<td width=\"213\">\u0110\u1ed9 b\u1ec1n k\u00e9o (MPa) ph\u00fat<\/td>\n<td width=\"213\">C\u01b0\u1eddng \u0111\u1ed9 n\u0103ng su\u1ea5t 0,2% B\u1eb1ng ch\u1ee9ng (MPa) ph\u00fat<\/td>\n<td width=\"213\">\u0110\u1ed9 gi\u00e3n d\u00e0i (% trong 50mm) ph\u00fat<\/td>\n<td width=\"213\">\u0110\u1ed9 c\u1ee9ng, Brinell<\/td>\n<\/tr>\n<tr>\n<td width=\"213\">490<\/td>\n<td width=\"213\">220<\/td>\n<td width=\"213\">36<\/td>\n<td width=\"213\">150<\/td>\n<\/tr>\n<\/tbody>\n<\/table>\n            <\/div>        <\/div>    <\/div><\/section>\n<\/div><\/p><\/div><\/div><!--close column table wrapper. Autoclose: 1 --><\/p>","protected":false},"excerpt":{"rendered":"","protected":false},"author":1,"featured_media":0,"parent":1323,"menu_order":0,"comment_status":"closed","ping_status":"closed","template":"","meta":{"footnotes":""},"class_list":["post-1526","page","type-page","status-publish","hentry"],"aioseo_notices":[],"_links":{"self":[{"href":"https:\/\/wldstainless.com\/vi\/wp-json\/wp\/v2\/pages\/1526","targetHints":{"allow":["GET"]}}],"collection":[{"href":"https:\/\/wldstainless.com\/vi\/wp-json\/wp\/v2\/pages"}],"about":[{"href":"https:\/\/wldstainless.com\/vi\/wp-json\/wp\/v2\/types\/page"}],"author":[{"embeddable":true,"href":"https:\/\/wldstainless.com\/vi\/wp-json\/wp\/v2\/users\/1"}],"replies":[{"embeddable":true,"href":"https:\/\/wldstainless.com\/vi\/wp-json\/wp\/v2\/comments?post=1526"}],"version-history":[{"count":6,"href":"https:\/\/wldstainless.com\/vi\/wp-json\/wp\/v2\/pages\/1526\/revisions"}],"predecessor-version":[{"id":1905,"href":"https:\/\/wldstainless.com\/vi\/wp-json\/wp\/v2\/pages\/1526\/revisions\/1905"}],"up":[{"embeddable":true,"href":"https:\/\/wldstainless.com\/vi\/wp-json\/wp\/v2\/pages\/1323"}],"wp:attachment":[{"href":"https:\/\/wldstainless.com\/vi\/wp-json\/wp\/v2\/media?parent=1526"}],"curies":[{"name":"wp","href":"https:\/\/api.w.org\/{rel}","templated":true}]}}