{"id":1446,"date":"2020-08-11T03:30:24","date_gmt":"2020-08-11T03:30:24","guid":{"rendered":"http:\/\/wldstainless.com\/?page_id=1446"},"modified":"2020-09-18T09:29:08","modified_gmt":"2020-09-18T09:29:08","slug":"321-321h-stainless-steel","status":"publish","type":"page","link":"https:\/\/wldstainless.com\/vi\/materials\/austenitic-stainless-steel\/321-321h-stainless-steel\/","title":{"rendered":"Th\u00e9p kh\u00f4ng g\u1ec9 321\/321H"},"content":{"rendered":"<div class='flex_column_table av-equal-height-column-flextable -flextable' ><div class=\"flex_column av_one_fourth  flex_column_table_cell av-equal-height-column av-align-top av-zero-column-padding first\" style='border-radius:0px; '><p><div class='avia-builder-widget-area clearfix'><div id=\"nav_menu-5\" class=\"widget clearfix widget_nav_menu\"><h3 class=\"widgettitle\">V\u1eadt li\u1ec7u<\/h3><div class=\"menu-products-sidebar-menu-container\"><ul id=\"menu-products-sidebar-menu\" class=\"menu\"><li id=\"menu-item-1329\" class=\"menu-item menu-item-type-post_type menu-item-object-page menu-item-1329\"><a href=\"https:\/\/wldstainless.com\/vi\/materials\/ferritic-stainless-steel\/\">Th\u00e9p kh\u00f4ng g\u1ec9 Ferritic<\/a><\/li>\n<li id=\"menu-item-1328\" class=\"menu-item menu-item-type-post_type menu-item-object-page menu-item-1328\"><a href=\"https:\/\/wldstainless.com\/vi\/materials\/martensitic-stainless-steel\/\">Th\u00e9p kh\u00f4ng g\u1ec9 Martensitic<\/a><\/li>\n<li id=\"menu-item-1327\" class=\"menu-item menu-item-type-post_type menu-item-object-page menu-item-1327\"><a href=\"https:\/\/wldstainless.com\/vi\/materials\/austenitic-stainless-steel\/\">Th\u00e9p kh\u00f4ng g\u1ec9 austenit<\/a><\/li>\n<li id=\"menu-item-1889\" class=\"menu-item menu-item-type-post_type menu-item-object-page menu-item-1889\"><a href=\"https:\/\/wldstainless.com\/vi\/materials\/duplex-stainless-steel\/\">Th\u00e9p kh\u00f4ng g\u1ec9 song c\u00f4ng<\/a><\/li>\n<\/ul><\/div><\/div><\/div><br \/>\n<div  class='hr hr-default'><span class='hr-inner' ><span class='hr-inner-style'><\/span><\/span><\/div><br \/>\n<div class='avia-button-wrap avia-button-left'><a href='http:\/\/wldstainless.com\/contact\/#contact' class='avia-button   avia-icon_select-yes-left-icon avia-color-custom avia-size-large avia-position-left'  target=\"_blank\"  style='background-color:#e82221; border-color:#e82221; color:#ffffff; ' ><span class='avia_button_icon avia_button_icon_left' aria-hidden='true' data-av_icon='\ue84b' data-av_iconfont='entypo-fontello'><\/span><span class='avia_iconbox_title' >Y\u00eau c\u1ea7u b\u00e1o gi\u00e1<\/span><\/a><\/div><\/p><\/div><\/div><!--close column table wrapper. Autoclose: 1 --><div class='flex_column_table av-equal-height-column-flextable -flextable' ><div class='av-flex-placeholder'><\/div><div class=\"flex_column av_three_fourth  flex_column_table_cell av-equal-height-column av-align-top av-zero-column-padding\" style='border-radius:0px; '><p><div style='padding-bottom:10px;color:#d3311f;' class='av-special-heading av-special-heading-h3 custom-color-heading'><h3 class='av-special-heading-tag'  itemprop=\"headline\"  >Th\u00e9p kh\u00f4ng g\u1ec9 321\/321H<\/h3><div class='special-heading-border'><div class='special-heading-inner-border' style='border-color:#d3311f'><\/div><\/div><\/div><br \/>\n<section class=\"av_textblock_section\"  itemscope=\"itemscope\" itemtype=\"https:\/\/schema.org\/CreativeWork\" ><div class='avia_textblock'   itemprop=\"text\" ><p>WLD Steel l\u00e0 nh\u00e0 s\u1ea3n xu\u1ea5t, cung c\u1ea5p v\u00e0 xu\u1ea5t kh\u1ea9u h\u00e0ng \u0111\u1ea7u th\u00e9p kh\u00f4ng g\u1ec9 321\/321H v\u1edbi nhi\u1ec1u k\u00edch c\u1ee1 v\u00e0 h\u00ecnh th\u1ee9c kh\u00e1c nhau bao g\u1ed3m \u1ed1ng, \u1ed1ng, t\u1ea5m, t\u1ea5m, thanh, thanh v\u00e0 c\u00e1c h\u00ecnh d\u1ea1ng kh\u00e1c nh\u01b0 h\u00ecnh thi\u00ean th\u1ea7n, k\u00eanh, h\u00ecnh tr\u00f2n, h\u00ecnh c\u1eaft. m\u1ea3nh v\u00e0 nh\u01b0 v\u1eady. Lo\u1ea1i 321 (UNS S32100) l\u00e0 th\u00e9p kh\u00f4ng g\u1ec9 Austenitic \u0111\u01b0\u1ee3c \u1ed5n \u0111\u1ecbnh b\u1eb1ng titan v\u1edbi kh\u1ea3 n\u0103ng ch\u1ed1ng \u0103n m\u00f2n gi\u1eefa c\u00e1c h\u1ea1t v\u00e0 \u0111\u1eb7c t\u00ednh nhi\u1ec7t \u0111\u1ed9 cao tuy\u1ec7t v\u1eddi. H\u1ee3p kim 321H (UNS S 32109) l\u00e0 phi\u00ean b\u1ea3n c\u00f3 h\u00e0m l\u01b0\u1ee3ng carbon cao h\u01a1n c\u1ee7a h\u1ee3p kim, \u0111\u01b0\u1ee3c s\u1eed d\u1ee5ng cho nh\u1eefng n\u01a1i c\u1ea7n t\u0103ng c\u01b0\u1eddng kh\u1ea3 n\u0103ng ch\u1ed1ng r\u00e3o ho\u1eb7c c\u01b0\u1eddng \u0111\u1ed9 cao h\u01a1n \u1edf nhi\u1ec7t \u0111\u1ed9 tr\u00ean 537\u00b0C.<\/p>\n<p><strong>C\u00e1c m\u1eabu v\u00e0 th\u00f4ng s\u1ed1 k\u1ef9 thu\u1eadt hi\u1ec7n c\u00f3 c\u1ee7a 321\/321H t\u1ea1i WLD Steel l\u00e0 g\u00ec?<\/strong><\/p>\n<table>\n<tbody>\n<tr>\n<td width=\"170\">T\u1ea5m\/T\u1ea5m\/Cu\u1ed9n<\/td>\n<td width=\"170\">\u1ed0ng \/ \u1ed1ng li\u1ec1n m\u1ea1ch<\/td>\n<td width=\"170\">\u1ed0ng\/\u1ed1ng h\u00e0n<\/td>\n<td width=\"170\">Thanh tr\u00f2n<\/td>\n<td width=\"170\">Th\u00e9p \u0111\u1ecbnh h\u00ecnh (\u0111\u1ecbnh h\u00ecnh)<\/td>\n<\/tr>\n<tr>\n<td width=\"170\">ASTM A240<\/td>\n<td width=\"170\">ASTM A789<\/p>\n<p>ASTM A790<\/td>\n<td width=\"170\">ASTM A928<\/td>\n<td width=\"170\">ASTM A276<\/p>\n<p>ASTM A479<\/td>\n<td width=\"170\">ASTM A276<\/td>\n<\/tr>\n<\/tbody>\n<\/table>\n<h2><\/h2>\n<\/div><\/section><br \/>\n<div class=\"togglecontainer   toggle_close_all\" >\n<section class=\"av_toggle_section\"  itemscope=\"itemscope\" itemtype=\"https:\/\/schema.org\/CreativeWork\"  >    <div class=\"single_toggle\" data-tags=\"{All} \"  >        <p data-fake-id=\"#toggle-id-1\" class=\"toggler\"  itemprop=\"headline\"  >V\u1eadt li\u1ec7u t\u01b0\u01a1ng \u0111\u01b0\u01a1ng th\u00e9p 321\/321H<span class=\"toggle_icon\" >        <span class=\"vert_icon\"><\/span><span class=\"hor_icon\"><\/span><\/span><\/p>        <div id=\"toggle-id-1-container\" class=\"toggle_wrap\"  >            <div class=\"toggle_content invers-color\"  itemprop=\"text\"   ><table>\n<tbody>\n<tr>\n<td width=\"170\">Ti\u00eau chu\u1ea9n<\/td>\n<td width=\"170\">DIN<\/td>\n<td width=\"170\">UNS<\/td>\n<td width=\"170\">JIS<\/td>\n<td width=\"171\">GB<\/td>\n<\/tr>\n<tr>\n<td width=\"170\">321<\/td>\n<td width=\"170\">1.4541 \/ 1.4878<\/td>\n<td width=\"170\">S32100<\/td>\n<td width=\"170\">SUS321<\/td>\n<td width=\"171\">06Cr18Ni11Ti<\/td>\n<\/tr>\n<tr>\n<td width=\"170\">321H<\/td>\n<td width=\"170\">\/<\/td>\n<td width=\"170\">321S20<\/td>\n<td width=\"170\">SUS 321H<\/td>\n<td width=\"171\">\/<\/td>\n<\/tr>\n<\/tbody>\n<\/table>\n            <\/div>        <\/div>    <\/div><\/section>\n<section class=\"av_toggle_section\"  itemscope=\"itemscope\" itemtype=\"https:\/\/schema.org\/CreativeWork\"  >    <div class=\"single_toggle\" data-tags=\"{All} \"  >        <p data-fake-id=\"#toggle-id-2\" class=\"toggler\"  itemprop=\"headline\"  >Th\u00e0nh ph\u1ea7n h\u00f3a h\u1ecdc 321\/321H<span class=\"toggle_icon\" >        <span class=\"vert_icon\"><\/span><span class=\"hor_icon\"><\/span><\/span><\/p>        <div id=\"toggle-id-2-container\" class=\"toggle_wrap\"  >            <div class=\"toggle_content invers-color\"  itemprop=\"text\"   ><table>\n<tbody>\n<tr>\n<td>\u0110i\u1ec3m<\/td>\n<td>Cr<\/td>\n<td>Ni<\/td>\n<td>C<\/td>\n<td>S\u0129<\/td>\n<td>Mn<\/td>\n<td>P<\/td>\n<td width=\"78\">S<\/td>\n<td width=\"177\">Ti<\/td>\n<\/tr>\n<tr>\n<td>321<\/td>\n<td>17.0<br \/>\n-19.0<\/td>\n<td>9.0<br \/>\n-12.0<\/td>\n<td>0.08<\/td>\n<td>0.75<\/td>\n<td>2.0<\/td>\n<td>0.045<\/td>\n<td width=\"78\">0.03<\/td>\n<td width=\"177\">5 x (C + N) t\u1ed1i thi\u1ec3u-0,70<\/td>\n<\/tr>\n<tr>\n<td>321H<\/td>\n<td>17.0<br \/>\n-19.0<\/td>\n<td>9.0<br \/>\n-12.0<\/td>\n<td>0.04-<br \/>\n0.10<\/td>\n<td>0.75<\/td>\n<td>2.0<\/td>\n<td>0.045<\/td>\n<td width=\"78\">0.03<\/td>\n<td width=\"177\">4 x (C + N) t\u1ed1i thi\u1ec3u-0,70<\/td>\n<\/tr>\n<\/tbody>\n<\/table>\n            <\/div>        <\/div>    <\/div><\/section>\n<section class=\"av_toggle_section\"  itemscope=\"itemscope\" itemtype=\"https:\/\/schema.org\/CreativeWork\"  >    <div class=\"single_toggle\" data-tags=\"{All} \"  >        <p data-fake-id=\"#toggle-id-3\" class=\"toggler\"  itemprop=\"headline\"  >T\u00ednh ch\u1ea5t c\u01a1 h\u1ecdc 321\/321H<span class=\"toggle_icon\" >        <span class=\"vert_icon\"><\/span><span class=\"hor_icon\"><\/span><\/span><\/p>        <div id=\"toggle-id-3-container\" class=\"toggle_wrap\"  >            <div class=\"toggle_content invers-color\"  itemprop=\"text\"   ><table>\n<tbody>\n<tr>\n<td>C\u1ea5p<\/td>\n<td>S\u1ee9c c\u0103ng<\/td>\n<td width=\"200\">S\u1ee9c m\u1ea1nh n\u0103ng su\u1ea5t 0,2%<\/td>\n<td width=\"160\">\u0110\u1ed9 gi\u00e3n d\u00e0i -%<\/td>\n<td width=\"146\">\u0111\u1ed9 c\u1ee9ng<\/td>\n<\/tr>\n<tr>\n<td>321\/321H<\/td>\n<td>515<\/td>\n<td width=\"200\">205<\/td>\n<td width=\"160\">40<\/td>\n<td width=\"146\">217Brinell<\/td>\n<\/tr>\n<\/tbody>\n<\/table>\n            <\/div>        <\/div>    <\/div><\/section>\n<\/div><\/p><\/div><\/div><!--close column table wrapper. Autoclose: 1 --><\/p>","protected":false},"excerpt":{"rendered":"","protected":false},"author":1,"featured_media":0,"parent":1323,"menu_order":0,"comment_status":"closed","ping_status":"closed","template":"","meta":{"footnotes":""},"class_list":["post-1446","page","type-page","status-publish","hentry"],"aioseo_notices":[],"_links":{"self":[{"href":"https:\/\/wldstainless.com\/vi\/wp-json\/wp\/v2\/pages\/1446","targetHints":{"allow":["GET"]}}],"collection":[{"href":"https:\/\/wldstainless.com\/vi\/wp-json\/wp\/v2\/pages"}],"about":[{"href":"https:\/\/wldstainless.com\/vi\/wp-json\/wp\/v2\/types\/page"}],"author":[{"embeddable":true,"href":"https:\/\/wldstainless.com\/vi\/wp-json\/wp\/v2\/users\/1"}],"replies":[{"embeddable":true,"href":"https:\/\/wldstainless.com\/vi\/wp-json\/wp\/v2\/comments?post=1446"}],"version-history":[{"count":6,"href":"https:\/\/wldstainless.com\/vi\/wp-json\/wp\/v2\/pages\/1446\/revisions"}],"predecessor-version":[{"id":1902,"href":"https:\/\/wldstainless.com\/vi\/wp-json\/wp\/v2\/pages\/1446\/revisions\/1902"}],"up":[{"embeddable":true,"href":"https:\/\/wldstainless.com\/vi\/wp-json\/wp\/v2\/pages\/1323"}],"wp:attachment":[{"href":"https:\/\/wldstainless.com\/vi\/wp-json\/wp\/v2\/media?parent=1446"}],"curies":[{"name":"wp","href":"https:\/\/api.w.org\/{rel}","templated":true}]}}