{"id":1377,"date":"2020-08-10T05:15:05","date_gmt":"2020-08-10T05:15:05","guid":{"rendered":"http:\/\/wldstainless.com\/?page_id=1377"},"modified":"2020-12-11T05:41:57","modified_gmt":"2020-12-11T05:41:57","slug":"stainless-steel-coiled-tube","status":"publish","type":"page","link":"https:\/\/wldstainless.com\/vi\/products\/stainless-steel-coiled-tube\/","title":{"rendered":"\u1ed0ng th\u00e9p kh\u00f4ng g\u1ec9 cu\u1ed9n"},"content":{"rendered":"<div class=\"flex_column av_one_fourth  flex_column_div av-zero-column-padding first\" style='border-radius:0px; '><p><div class='avia-builder-widget-area clearfix'><div id=\"nav_menu-7\" class=\"widget clearfix widget_nav_menu\"><h3 class=\"widgettitle\">C\u00e1c s\u1ea3n ph\u1ea9m<\/h3><div class=\"menu-accessories-container\"><ul id=\"menu-accessories\" class=\"menu\"><li id=\"menu-item-1924\" class=\"menu-item menu-item-type-post_type menu-item-object-page menu-item-1924\"><a href=\"https:\/\/wldstainless.com\/vi\/products\/stainless-steel-angle\/\">G\u00f3c th\u00e9p kh\u00f4ng g\u1ec9<\/a><\/li>\n<li id=\"menu-item-1925\" class=\"menu-item menu-item-type-post_type menu-item-object-page menu-item-1925\"><a href=\"https:\/\/wldstainless.com\/vi\/products\/stainless-steel-beam\/\">D\u1ea7m th\u00e9p kh\u00f4ng g\u1ec9<\/a><\/li>\n<li id=\"menu-item-1926\" class=\"menu-item menu-item-type-post_type menu-item-object-page menu-item-1926\"><a href=\"https:\/\/wldstainless.com\/vi\/products\/stainless-steel-capillary-tubes\/\">\u1ed0ng mao d\u1eabn b\u1eb1ng th\u00e9p kh\u00f4ng g\u1ec9<\/a><\/li>\n<li id=\"menu-item-1927\" class=\"menu-item menu-item-type-post_type menu-item-object-page menu-item-1927\"><a href=\"https:\/\/wldstainless.com\/vi\/products\/stainless-steel-channel\/\">K\u00eanh th\u00e9p kh\u00f4ng g\u1ec9<\/a><\/li>\n<li id=\"menu-item-1928\" class=\"menu-item menu-item-type-post_type menu-item-object-page menu-item-1928\"><a href=\"https:\/\/wldstainless.com\/vi\/products\/stainless-steel-coiled-tube\/\">\u1ed0ng th\u00e9p kh\u00f4ng g\u1ec9 cu\u1ed9n<\/a><\/li>\n<li id=\"menu-item-1929\" class=\"menu-item menu-item-type-post_type menu-item-object-page menu-item-1929\"><a href=\"https:\/\/wldstainless.com\/vi\/products\/stainless-steel-cold-rolled-plate-sheet-coil\/\">Th\u00e9p kh\u00f4ng g\u1ec9 c\u00e1n ngu\u1ed9i t\u1ea5m\/t\u1ea5m\/cu\u1ed9n<\/a><\/li>\n<li id=\"menu-item-1930\" class=\"menu-item menu-item-type-post_type menu-item-object-page menu-item-1930\"><a href=\"https:\/\/wldstainless.com\/vi\/products\/stainless-steel-flats\/\">C\u0103n h\u1ed9 th\u00e9p kh\u00f4ng g\u1ec9<\/a><\/li>\n<li id=\"menu-item-1931\" class=\"menu-item menu-item-type-post_type menu-item-object-page menu-item-1931\"><a href=\"https:\/\/wldstainless.com\/vi\/products\/stainless-steel-hexagon-bars\/\">Thanh l\u1ee5c gi\u00e1c b\u1eb1ng th\u00e9p kh\u00f4ng g\u1ec9<\/a><\/li>\n<li id=\"menu-item-1932\" class=\"menu-item menu-item-type-post_type menu-item-object-page menu-item-1932\"><a href=\"https:\/\/wldstainless.com\/vi\/products\/stainless-steel-hot-rolled-plate-sheet-coil\/\">Th\u00e9p kh\u00f4ng g\u1ec9 c\u00e1n n\u00f3ng t\u1ea5m\/t\u1ea5m\/cu\u1ed9n<\/a><\/li>\n<li id=\"menu-item-1933\" class=\"menu-item menu-item-type-post_type menu-item-object-page menu-item-1933\"><a href=\"https:\/\/wldstainless.com\/vi\/products\/stainless-steel-large-diameter-pipe\/\">\u1ed0ng th\u00e9p kh\u00f4ng g\u1ec9 c\u00f3 \u0111\u01b0\u1eddng k\u00ednh l\u1edbn<\/a><\/li>\n<li id=\"menu-item-1934\" class=\"menu-item menu-item-type-post_type menu-item-object-page menu-item-1934\"><a href=\"https:\/\/wldstainless.com\/vi\/products\/stainless-steel-round-bars\/\">Thanh tr\u00f2n b\u1eb1ng th\u00e9p kh\u00f4ng g\u1ec9<\/a><\/li>\n<li id=\"menu-item-1935\" class=\"menu-item menu-item-type-post_type menu-item-object-page menu-item-1935\"><a href=\"https:\/\/wldstainless.com\/vi\/products\/stainless-steel-square-tube\/\">\u1ed0ng vu\u00f4ng th\u00e9p kh\u00f4ng g\u1ec9<\/a><\/li>\n<li id=\"menu-item-1936\" class=\"menu-item menu-item-type-post_type menu-item-object-page menu-item-1936\"><a href=\"https:\/\/wldstainless.com\/vi\/products\/stainless-steel-u-bend-tube\/\">\u1ed0ng u\u1ed1n ch\u1eef U b\u1eb1ng th\u00e9p kh\u00f4ng g\u1ec9<\/a><\/li>\n<\/ul><\/div><\/div><\/div><br \/>\n<div  class='hr hr-default'><span class='hr-inner' ><span class='hr-inner-style'><\/span><\/span><\/div><br \/>\n<div class='avia-button-wrap avia-button-left'><a href='http:\/\/wldstainless.com\/contact\/#contact' class='avia-button   avia-icon_select-yes-left-icon avia-color-custom avia-size-large avia-position-left'  target=\"_blank\"  style='background-color:#e82221; border-color:#e82221; color:#ffffff; ' ><span class='avia_button_icon avia_button_icon_left' aria-hidden='true' data-av_icon='\ue84b' data-av_iconfont='entypo-fontello'><\/span><span class='avia_iconbox_title' >Y\u00eau c\u1ea7u b\u00e1o gi\u00e1<\/span><\/a><\/div><\/p><\/div>\n<div class=\"flex_column av_three_fourth  flex_column_div\" style='padding:0px 0px 50px 0px ; border-radius:0px; '><p><div style='padding-bottom:10px;color:#d3311f;' class='av-special-heading av-special-heading-h3 custom-color-heading'><h3 class='av-special-heading-tag'  itemprop=\"headline\"  >\u1ed0ng th\u00e9p kh\u00f4ng g\u1ec9 cu\u1ed9n<\/h3><div class='special-heading-border'><div class='special-heading-inner-border' style='border-color:#d3311f'><\/div><\/div><\/div><br \/>\n<section class=\"av_textblock_section\"  itemscope=\"itemscope\" itemtype=\"https:\/\/schema.org\/CreativeWork\" ><div class='avia_textblock'   itemprop=\"text\" ><p>\u1ed0ng cu\u1ed9n th\u01b0\u1eddng l\u00e0 c\u00e1c cu\u1ed9n \u1ed1ng xo\u1eafn \u1ed1c tr\u00f2n u\u1ed1n cong c\u00f3 \u0111\u01b0\u1eddng k\u00ednh t\u1eeb 0,5 \u0111\u1ebfn 25 mm v\u00e0 \u0111\u1ed9 d\u00e0y t\u1eeb 0,1 \u0111\u1ebfn 2,5 mm. N\u00f3 mang l\u1ea1i \u0111\u1eb7c t\u00ednh tuy\u1ec7t v\u1eddi c\u1ee7a th\u00e9p kh\u00f4ng g\u1ec9 c\u00f3 kh\u1ea3 n\u0103ng ch\u1ecbu nhi\u1ec7t \u0111\u1ed9 cao v\u00e0 \u0103n m\u00f2n, tu\u1ed5i th\u1ecd d\u00e0i v\u00e0 h\u00ecnh d\u1ea1ng cu\u1ed9n c\u0169ng gi\u00fap ti\u1ebft ki\u1ec7m chi ph\u00ed l\u01b0u tr\u1eef v\u00e0 v\u1eadn chuy\u1ec3n. \u1ed0ng cu\u1ed9n b\u1eb1ng th\u00e9p kh\u00f4ng g\u1ec9 s\u00e1ng \u0111\u01b0\u1ee3c l\u00e0m b\u1eb1ng \u1ed1ng th\u00e9p kh\u00f4ng g\u1ec9 v\u1edbi quy tr\u00ecnh kh\u1eed th\u00e0nh b\u1eb1ng c\u00e1ch x\u1eed l\u00fd \u1ee7 s\u00e1ng, n\u00f3i chung \u1ee7 s\u00e1ng ho\u1eb7c \u0111\u00e1nh b\u00f3ng m\u1ecbn c\u00f3 th\u1ec3 l\u00e0m cho \u0111\u1ed9 nh\u00e1m b\u1ec1 m\u1eb7t l\u00ean \u0111\u1ebfn d\u01b0\u1edbi 0,2um, t\u1ea1o th\u00e0nh c\u00e1c b\u1ee9c t\u01b0\u1eddng b\u00ean trong v\u00e0 b\u00ean ngo\u00e0i ch\u00ednh x\u00e1c v\u00e0 m\u1ecbn m\u00e0ng h\u01a1n v\u00e0 s\u1ebd kh\u00f4ng xu\u1ea5t hi\u1ec7n oxit \u0111en. Dung sai \u0111\u01b0\u1eddng k\u00ednh ngo\u00e0i c\u00f3 th\u1ec3 \u0111\u01b0\u1ee3c ki\u1ec3m so\u00e1t \u0111\u1ebfn \u00b1 0,05mm v\u00e0 \u0111\u01b0\u1eddng k\u00ednh ngo\u00e0i \u0111\u1ebfn \u00b1 0,02mm t\u1ed1t h\u01a1n so v\u1edbi \u1ed1ng th\u00e9p kh\u00f4ng g\u1ec9 th\u00f4ng th\u01b0\u1eddng. \u1ed0ng th\u00e9p kh\u00f4ng g\u1ec9 cu\u1ed9n \u0111\u01b0\u1ee3c s\u1eed d\u1ee5ng r\u1ed9ng r\u00e3i trong khoan d\u1ea7u kh\u00ed, thi\u1ebft b\u1ecb ho\u00e0n ch\u1ec9nh (\u0111\u01b0\u1eddng \u1ed1ng v\u00e0 c\u00e1p), c\u00f4ng nghi\u1ec7p h\u00f3a ch\u1ea5t, c\u00f4ng nghi\u1ec7p d\u01b0\u1ee3c ph\u1ea9m, c\u00f4ng nghi\u1ec7p th\u1ef1c ph\u1ea9m, c\u00f4ng nghi\u1ec7p m\u00e1y m\u00f3c, c\u00f4ng nghi\u1ec7p n\u1ed3i h\u01a1i, c\u00f4ng nghi\u1ec7p s\u1ea3n xu\u1ea5t t\u00e0u th\u1ee7y, v.v.<\/p>\n<p>T\u1ea1i WLD Steel, ch\u00fang t\u00f4i cung c\u1ea5p v\u00e0 s\u1ea3n xu\u1ea5t \u1ed1ng th\u00e9p kh\u00f4ng g\u1ec9 d\u1ea1ng cu\u1ed9n c\u00f3 \u0111\u01b0\u1eddng k\u00ednh ngo\u00e0i 1,6mm-25mm v\u00e0 \u0111\u1ed9 d\u00e0y th\u00e0nh \u1ed1ng 0,4mm-2,1mm. \u1ede \u0111\u00e2y ch\u00fang t\u00f4i th\u01b0\u1eddng s\u1ea3n xu\u1ea5t v\u00e0 ki\u1ec3m so\u00e1t ch\u1ea5t l\u01b0\u1ee3ng \u1ed1ng cu\u1ed9n theo ti\u00eau chu\u1ea9n ASTM A\/ASME SA 213\/269\/511\/632. Ch\u00fang t\u00f4i c\u00f3 th\u1ec3 cung c\u1ea5p d\u1ecbch v\u1ee5 t\u00f9y ch\u1ec9nh n\u1ebfu kh\u00e1ch h\u00e0ng c\u00f3 y\u00eau c\u1ea7u nghi\u00eam ng\u1eb7t h\u01a1n v\u1ec1 \u0111\u1ed9 ch\u00ednh x\u00e1c k\u00edch th\u01b0\u1edbc mao qu\u1ea3n v\u00e0 \u0111\u1ed9 ho\u00e0n thi\u1ec7n b\u1ec1 m\u1eb7t, bao g\u1ed3m \u1ed1ng \u1ee7 s\u00e1ng b\u1eb1ng th\u00e9p kh\u00f4ng g\u1ec9, \u1ed1ng \u0111\u01b0\u1ee3c \u0111\u00e1nh b\u00f3ng \u0111i\u1ec7n ph\u00e2n, ngo\u00e0i ra, ch\u00fang t\u00f4i c\u00f2n cung c\u1ea5p c\u00e1c d\u1ecbch v\u1ee5 bong tr\u00f3c, \u0111\u00f3ng, \u0111\u1ee5c l\u1ed7, c\u1eaft, u\u1ed1n v\u00e0 c\u00e1c d\u1ecbch v\u1ee5 x\u1eed l\u00fd kh\u00e1c<\/p>\n<\/div><\/section><br \/>\n<div class='avia-gallery  avia-gallery-1 avia_lazyload avia_animate_when_visible'  itemprop=\"ImageObject\" itemscope=\"itemscope\" itemtype=\"https:\/\/schema.org\/ImageObject\" ><div class='avia-gallery-thumb'> <a href='https:\/\/wldstainless.com\/wp-content\/uploads\/2020\/09\/316-coild-boiler-tube.jpg' data-rel='gallery-1' data-prev-img='https:\/\/wldstainless.com\/wp-content\/uploads\/2020\/09\/316-coild-boiler-tube.jpg' class='first_thumb lightbox' data-onclick='1' title=''  itemprop=\"thumbnailUrl\" ><img  src='https:\/\/wldstainless.com\/wp-content\/uploads\/2020\/09\/316-coild-boiler-tube.jpg' width='300' height='300'  title='\u1ed1ng n\u1ed3i h\u01a1i cu\u1ed9n 316' alt='' \/><\/a> <a href='https:\/\/wldstainless.com\/wp-content\/uploads\/2020\/09\/304-coild-tube.jpg' data-rel='gallery-1' data-prev-img='https:\/\/wldstainless.com\/wp-content\/uploads\/2020\/09\/304-coild-tube.jpg' class='lightbox' data-onclick='2' title=''  itemprop=\"thumbnailUrl\" ><img  src='https:\/\/wldstainless.com\/wp-content\/uploads\/2020\/09\/304-coild-tube.jpg' width='300' height='300'  title='\u1ed1ng cu\u1ed9n 304' alt='' \/><\/a> <a href='https:\/\/wldstainless.com\/wp-content\/uploads\/2020\/09\/SS-BA-tube-1.jpg' data-rel='gallery-1' data-prev-img='https:\/\/wldstainless.com\/wp-content\/uploads\/2020\/09\/SS-BA-tube-1.jpg' class='lightbox' data-onclick='3' title=''  itemprop=\"thumbnailUrl\" ><img  src='https:\/\/wldstainless.com\/wp-content\/uploads\/2020\/09\/SS-BA-tube-1.jpg' width='300' height='300'  title='\u1ed0ng SS BA' alt='' \/><\/a><\/div><\/div><br \/>\n<section class=\"av_textblock_section\"  itemscope=\"itemscope\" itemtype=\"https:\/\/schema.org\/CreativeWork\" ><div class='avia_textblock'   itemprop=\"text\" ><h4><strong>Th\u00f4ng s\u1ed1 k\u1ef9 thu\u1eadt \u1ed1ng cu\u1ed9n SS c\u00f4ng nghi\u1ec7p<\/strong><\/h4>\n<table>\n<tbody>\n<tr>\n<td width=\"191\">V\u1eadt li\u1ec7u<\/td>\n<td width=\"661\">Th\u00e9p kh\u00f4ng g\u1ec9<\/p>\n<p>Th\u00e9p kh\u00f4ng g\u1ec9 song c\u00f4ng<\/td>\n<\/tr>\n<tr>\n<td width=\"191\">S\u1ef1 ch\u1ec9 r\u00f5<\/td>\n<td width=\"661\">ASTM A269\/A312\/A213\/A511<\/td>\n<\/tr>\n<tr>\n<td width=\"191\">K\u00edch c\u1ee1<\/td>\n<td width=\"661\">OD:3,18-19,05mm, WT:0,5-2,1mm<\/td>\n<\/tr>\n<tr>\n<td width=\"191\">C\u00f4ng d\u1ee5ng<\/td>\n<td width=\"661\">\u1ed0ng cu\u1ed9n SS cho thi\u1ebft b\u1ecb \u0111o \u0111\u1ea1c, thi\u1ebft b\u1ecb bay h\u01a1i, n\u1ed3i h\u01a1i, b\u1ed9 trao \u0111\u1ed5i nhi\u1ec7t, b\u00ecnh ng\u01b0ng<\/td>\n<\/tr>\n<\/tbody>\n<\/table>\n<\/div><\/section><br \/>\n<section class=\"av_textblock_section\"  itemscope=\"itemscope\" itemtype=\"https:\/\/schema.org\/CreativeWork\" ><div class='avia_textblock'   itemprop=\"text\" ><h4><strong>C\u00e1c lo\u1ea1i \u1ed1ng cu\u1ed9n SS c\u00f3 s\u1eb5n t\u1ea1i WID Steel<\/strong><\/h4>\n<ul>\n<li>Th\u00e9p kh\u00f4ng g\u1ec9 <a href=\"https:\/\/wldstainless.com\/materials\/austenitic-stainless-steel\/304-304l-stainless-steel\/\">304\/304L<\/a> \u1ed1ng cu\u1ed9n<\/li>\n<li>Th\u00e9p kh\u00f4ng g\u1ec9 <a href=\"https:\/\/wldstainless.com\/materials\/austenitic-stainless-steel\/316-316l-stainless-steel\/\">316\/316L<\/a>\u00a0\u1ed1ng cu\u1ed9n<\/li>\n<li>Th\u00e9p kh\u00f4ng g\u1ec9 <a href=\"https:\/\/wldstainless.com\/materials\/austenitic-stainless-steel\/309s-stainless-steel\/\">309\/309S<\/a>\u00a0\u1ed1ng cu\u1ed9n<\/li>\n<li>Th\u00e9p kh\u00f4ng g\u1ec9 <a href=\"https:\/\/wldstainless.com\/materials\/austenitic-stainless-steel\/310s-stainless-steel\/\">310\/310S<\/a> \u1ed1ng cu\u1ed9n<\/li>\n<li>Th\u00e9p kh\u00f4ng g\u1ec9 <a href=\"https:\/\/wldstainless.com\/materials\/austenitic-stainless-steel\/321-321h-stainless-steel\/\">321\/321H<\/a> \u1ed1ng cu\u1ed9n<\/li>\n<li>Th\u00e9p kh\u00f4ng g\u1ec9 <a href=\"https:\/\/wldstainless.com\/materials\/austenitic-stainless-steel\/347-347h-stainless-steel\/\">347\/347H<\/a> \u1ed1ng cu\u1ed9n<\/li>\n<li>Th\u00e9p song c\u00f4ng <a href=\"https:\/\/wldstainless.com\/materials\/duplex-stainless-steel\/alloy-2304-stainless-steel\/\">31803<\/a> \u1ed0ng cu\u1ed9n<\/li>\n<li>Th\u00e9p song c\u00f4ng <a href=\"https:\/\/wldstainless.com\/materials\/duplex-stainless-steel\/alloy-2205-stainless-steel\/\">32550<\/a> \u1ed0ng cu\u1ed9n<\/li>\n<\/ul>\n<p><!--more--><\/p>\n<\/div><\/section><\/p><\/div>","protected":false},"excerpt":{"rendered":"<p>C\u00e1c lo\u1ea1i \u1ed0ng cu\u1ed9n SS c\u00f3 s\u1eb5n t\u1ea1i WID Steel \u1ed0ng cu\u1ed9n b\u1eb1ng th\u00e9p kh\u00f4ng g\u1ec9 304\/304L \u1ed0ng cu\u1ed9n b\u1eb1ng th\u00e9p kh\u00f4ng g\u1ec9 316\/316L \u1ed0ng cu\u1ed9n b\u1eb1ng th\u00e9p kh\u00f4ng g\u1ec9 309\/309S \u1ed0ng cu\u1ed9n b\u1eb1ng th\u00e9p kh\u00f4ng g\u1ec9 310\/310S \u1ed0ng cu\u1ed9n b\u1eb1ng th\u00e9p kh\u00f4ng g\u1ec9 321\/321H \u1ed0ng cu\u1ed9n b\u1eb1ng th\u00e9p kh\u00f4ng g\u1ec9 347\/347H \u1ed0ng cu\u1ed9n b\u1eb1ng th\u00e9p Duplex 31803 \u1ed0ng cu\u1ed9n b\u1eb1ng th\u00e9p Duplex 32550 \u1ed0ng cu\u1ed9n<\/p>","protected":false},"author":1,"featured_media":0,"parent":346,"menu_order":0,"comment_status":"closed","ping_status":"closed","template":"","meta":{"footnotes":""},"class_list":["post-1377","page","type-page","status-publish","hentry"],"aioseo_notices":[],"_links":{"self":[{"href":"https:\/\/wldstainless.com\/vi\/wp-json\/wp\/v2\/pages\/1377","targetHints":{"allow":["GET"]}}],"collection":[{"href":"https:\/\/wldstainless.com\/vi\/wp-json\/wp\/v2\/pages"}],"about":[{"href":"https:\/\/wldstainless.com\/vi\/wp-json\/wp\/v2\/types\/page"}],"author":[{"embeddable":true,"href":"https:\/\/wldstainless.com\/vi\/wp-json\/wp\/v2\/users\/1"}],"replies":[{"embeddable":true,"href":"https:\/\/wldstainless.com\/vi\/wp-json\/wp\/v2\/comments?post=1377"}],"version-history":[{"count":15,"href":"https:\/\/wldstainless.com\/vi\/wp-json\/wp\/v2\/pages\/1377\/revisions"}],"predecessor-version":[{"id":2053,"href":"https:\/\/wldstainless.com\/vi\/wp-json\/wp\/v2\/pages\/1377\/revisions\/2053"}],"up":[{"embeddable":true,"href":"https:\/\/wldstainless.com\/vi\/wp-json\/wp\/v2\/pages\/346"}],"wp:attachment":[{"href":"https:\/\/wldstainless.com\/vi\/wp-json\/wp\/v2\/media?parent=1377"}],"curies":[{"name":"wp","href":"https:\/\/api.w.org\/{rel}","templated":true}]}}