{"id":1375,"date":"2020-08-10T05:14:35","date_gmt":"2020-08-10T05:14:35","guid":{"rendered":"http:\/\/wldstainless.com\/?page_id=1375"},"modified":"2020-12-11T05:51:52","modified_gmt":"2020-12-11T05:51:52","slug":"stainless-steel-hot-rolled-plate-sheet-coil","status":"publish","type":"page","link":"https:\/\/wldstainless.com\/vi\/products\/stainless-steel-hot-rolled-plate-sheet-coil\/","title":{"rendered":"Th\u00e9p kh\u00f4ng g\u1ec9 c\u00e1n n\u00f3ng t\u1ea5m\/t\u1ea5m\/cu\u1ed9n"},"content":{"rendered":"<div class=\"flex_column av_one_fourth  flex_column_div av-zero-column-padding first\" style='border-radius:0px; '><p><div class='avia-builder-widget-area clearfix'><div id=\"nav_menu-7\" class=\"widget clearfix widget_nav_menu\"><h3 class=\"widgettitle\">C\u00e1c s\u1ea3n ph\u1ea9m<\/h3><div class=\"menu-accessories-container\"><ul id=\"menu-accessories\" class=\"menu\"><li id=\"menu-item-1924\" class=\"menu-item menu-item-type-post_type menu-item-object-page menu-item-1924\"><a href=\"https:\/\/wldstainless.com\/vi\/products\/stainless-steel-angle\/\">G\u00f3c th\u00e9p kh\u00f4ng g\u1ec9<\/a><\/li>\n<li id=\"menu-item-1925\" class=\"menu-item menu-item-type-post_type menu-item-object-page menu-item-1925\"><a href=\"https:\/\/wldstainless.com\/vi\/products\/stainless-steel-beam\/\">D\u1ea7m th\u00e9p kh\u00f4ng g\u1ec9<\/a><\/li>\n<li id=\"menu-item-1926\" class=\"menu-item menu-item-type-post_type menu-item-object-page menu-item-1926\"><a href=\"https:\/\/wldstainless.com\/vi\/products\/stainless-steel-capillary-tubes\/\">\u1ed0ng mao d\u1eabn b\u1eb1ng th\u00e9p kh\u00f4ng g\u1ec9<\/a><\/li>\n<li id=\"menu-item-1927\" class=\"menu-item menu-item-type-post_type menu-item-object-page menu-item-1927\"><a href=\"https:\/\/wldstainless.com\/vi\/products\/stainless-steel-channel\/\">K\u00eanh th\u00e9p kh\u00f4ng g\u1ec9<\/a><\/li>\n<li id=\"menu-item-1928\" class=\"menu-item menu-item-type-post_type menu-item-object-page menu-item-1928\"><a href=\"https:\/\/wldstainless.com\/vi\/products\/stainless-steel-coiled-tube\/\">\u1ed0ng th\u00e9p kh\u00f4ng g\u1ec9 cu\u1ed9n<\/a><\/li>\n<li id=\"menu-item-1929\" class=\"menu-item menu-item-type-post_type menu-item-object-page menu-item-1929\"><a href=\"https:\/\/wldstainless.com\/vi\/products\/stainless-steel-cold-rolled-plate-sheet-coil\/\">Th\u00e9p kh\u00f4ng g\u1ec9 c\u00e1n ngu\u1ed9i t\u1ea5m\/t\u1ea5m\/cu\u1ed9n<\/a><\/li>\n<li id=\"menu-item-1930\" class=\"menu-item menu-item-type-post_type menu-item-object-page menu-item-1930\"><a href=\"https:\/\/wldstainless.com\/vi\/products\/stainless-steel-flats\/\">C\u0103n h\u1ed9 th\u00e9p kh\u00f4ng g\u1ec9<\/a><\/li>\n<li id=\"menu-item-1931\" class=\"menu-item menu-item-type-post_type menu-item-object-page menu-item-1931\"><a href=\"https:\/\/wldstainless.com\/vi\/products\/stainless-steel-hexagon-bars\/\">Thanh l\u1ee5c gi\u00e1c b\u1eb1ng th\u00e9p kh\u00f4ng g\u1ec9<\/a><\/li>\n<li id=\"menu-item-1932\" class=\"menu-item menu-item-type-post_type menu-item-object-page menu-item-1932\"><a href=\"https:\/\/wldstainless.com\/vi\/products\/stainless-steel-hot-rolled-plate-sheet-coil\/\">Th\u00e9p kh\u00f4ng g\u1ec9 c\u00e1n n\u00f3ng t\u1ea5m\/t\u1ea5m\/cu\u1ed9n<\/a><\/li>\n<li id=\"menu-item-1933\" class=\"menu-item menu-item-type-post_type menu-item-object-page menu-item-1933\"><a href=\"https:\/\/wldstainless.com\/vi\/products\/stainless-steel-large-diameter-pipe\/\">\u1ed0ng th\u00e9p kh\u00f4ng g\u1ec9 c\u00f3 \u0111\u01b0\u1eddng k\u00ednh l\u1edbn<\/a><\/li>\n<li id=\"menu-item-1934\" class=\"menu-item menu-item-type-post_type menu-item-object-page menu-item-1934\"><a href=\"https:\/\/wldstainless.com\/vi\/products\/stainless-steel-round-bars\/\">Thanh tr\u00f2n b\u1eb1ng th\u00e9p kh\u00f4ng g\u1ec9<\/a><\/li>\n<li id=\"menu-item-1935\" class=\"menu-item menu-item-type-post_type menu-item-object-page menu-item-1935\"><a href=\"https:\/\/wldstainless.com\/vi\/products\/stainless-steel-square-tube\/\">\u1ed0ng vu\u00f4ng th\u00e9p kh\u00f4ng g\u1ec9<\/a><\/li>\n<li id=\"menu-item-1936\" class=\"menu-item menu-item-type-post_type menu-item-object-page menu-item-1936\"><a href=\"https:\/\/wldstainless.com\/vi\/products\/stainless-steel-u-bend-tube\/\">\u1ed0ng u\u1ed1n ch\u1eef U b\u1eb1ng th\u00e9p kh\u00f4ng g\u1ec9<\/a><\/li>\n<\/ul><\/div><\/div><\/div><br \/>\n<div  class='hr hr-default'><span class='hr-inner' ><span class='hr-inner-style'><\/span><\/span><\/div><br \/>\n<div class='avia-button-wrap avia-button-left'><a href='http:\/\/wldstainless.com\/contact\/#contact' class='avia-button   avia-icon_select-yes-left-icon avia-color-custom avia-size-large avia-position-left'  target=\"_blank\"  style='background-color:#e82221; border-color:#e82221; color:#ffffff; ' ><span class='avia_button_icon avia_button_icon_left' aria-hidden='true' data-av_icon='\ue84b' data-av_iconfont='entypo-fontello'><\/span><span class='avia_iconbox_title' >Y\u00eau c\u1ea7u b\u00e1o gi\u00e1<\/span><\/a><\/div><\/p><\/div>\n<div class=\"flex_column av_three_fourth  flex_column_div\" style='padding:0px 0px 50px 0px ; border-radius:0px; '><p><div style='padding-bottom:10px;color:#d3311f;' class='av-special-heading av-special-heading-h3 custom-color-heading'><h3 class='av-special-heading-tag'  itemprop=\"headline\"  >T\u1ea5m\/t\u1ea5m\/cu\u1ed9n th\u00e9p kh\u00f4ng g\u1ec9 c\u00e1n n\u00f3ng<\/h3><div class='special-heading-border'><div class='special-heading-inner-border' style='border-color:#d3311f'><\/div><\/div><\/div><br \/>\n<div  class='hr hr-default'><span class='hr-inner' ><span class='hr-inner-style'><\/span><\/span><\/div><br \/>\n<section class=\"av_textblock_section\"  itemscope=\"itemscope\" itemtype=\"https:\/\/schema.org\/CreativeWork\" ><div class='avia_textblock'   itemprop=\"text\" ><p>T\u1ea5m c\u00e1n n\u00f3ng b\u1eb1ng th\u00e9p kh\u00f4ng g\u1ec9 \u0111\u01b0\u1ee3c l\u00e0m t\u1eeb t\u1ea5m (ch\u1ee7 y\u1ebfu l\u00e0 t\u1ea5m \u0111\u00fac li\u00ean t\u1ee5c) sau khi gia nhi\u1ec7t b\u1eb1ng m\u00e1y nghi\u1ec1n th\u00f4 v\u00e0 m\u00e1y nghi\u1ec1n ho\u00e0n thi\u1ec7n. T\u1ea5m inox c\u00e1n n\u00f3ng c\u00f3 \u0111\u1ed9 b\u1ec1n v\u00e0 \u0111\u1ed9 d\u1ebbo t\u1ed1t, \u0111\u1ed9 c\u1ee9ng th\u1ea5p, d\u1ec5 gia c\u00f4ng, \u0111\u1ed9 d\u1ebbo t\u1ed1t, gi\u00e1 th\u00e0nh r\u1ebb nh\u01b0ng t\u00ednh ch\u1ea5t c\u01a1 l\u00fd v\u00e0 ch\u1ea5t l\u01b0\u1ee3ng b\u1ec1 m\u1eb7t k\u00e9m h\u01a1n t\u1ea5m inox gia c\u00f4ng ngu\u1ed9i, ch\u1ec9 \u0111\u1ee9ng sau th\u00e9p r\u00e8n. So v\u1edbi t\u1ea5m c\u00e1n ngu\u1ed9i, t\u1ea5m c\u00e1n n\u00f3ng inox c\u00f3 l\u1edbp oxit v\u00e0 b\u1ec1 m\u1eb7t m\u00e0u x\u00e1m. N\u00f3 ch\u1ee7 y\u1ebfu \u0111\u01b0\u1ee3c s\u1eed d\u1ee5ng trong t\u00e0u th\u1ee7y, d\u1ea7u m\u1ecf v\u00e0 kh\u00ed \u0111\u1ed1t t\u1ef1 nhi\u00ean, c\u00f4ng nghi\u1ec7p h\u00f3a ch\u1ea5t, th\u1ef1c ph\u1ea9m, \u0111\u1ed3 d\u00f9ng nh\u00e0 b\u1ebfp, thi\u1ebft b\u1ecb gia d\u1ee5ng n\u00f3i chung, v.v.<\/p>\n<p>L\u00e0 nh\u00e0 cung c\u1ea5p v\u00e0 s\u1ea3n xu\u1ea5t c\u00e1c lo\u1ea1i t\u1ea5m, t\u1ea5m inox kh\u00f4ng g\u1ec9 \u0111\u1ea1t ti\u00eau chu\u1ea9n ASTM, ASME v\u00e0 EN. Th\u00e9p WLD cung c\u1ea5p c\u00e1c s\u1ea3n ph\u1ea9m th\u00e9p kh\u00f4ng g\u1ec9 c\u00e1n n\u00f3ng (t\u1ea5m, t\u1ea5m, cu\u1ed9n, d\u1ea3i) c\u00f3 s\u1eb5n c\u00e1c lo\u1ea1i 201, 304\/304L, 316\/316L, 430, 410S, 409\/409L v\u00e0 lo\u1ea1i song c\u00f4ng 2205, t\u1ea5t c\u1ea3 c\u00e1c s\u1ea3n ph\u1ea9m c\u1ee7a ch\u00fang t\u00f4i \u0111\u1ec1u c\u00f3 th\u1ec3 \u0111\u01b0\u1ee3c t\u00e1i ch\u1ebf qu\u00e1 tr\u00ecnh u\u1ed1n, c\u1eaft t\u1ec9a, t\u1ea9y r\u1eeda, x\u1eed l\u00fd nhi\u1ec7t, tr\u00e1ng ho\u1eb7c c\u00e1c qu\u00e1 tr\u00ecnh kh\u00e1c.<\/p>\n<\/div><\/section><br \/>\n<div  class='hr hr-default'><span class='hr-inner' ><span class='hr-inner-style'><\/span><\/span><\/div><br \/>\n<section class=\"av_textblock_section\"  itemscope=\"itemscope\" itemtype=\"https:\/\/schema.org\/CreativeWork\" ><div class='avia_textblock'   itemprop=\"text\" ><p>Th\u00f4ng s\u1ed1 k\u1ef9 thu\u1eadt: ASTM A240, ASTM A480<\/p>\n<p>B\u1ec1 m\u1eb7t ho\u00e0n thi\u1ec7n: S\u1ed1 1<\/p>\n<p>K\u00edch th\u01b0\u1edbc: 800-2000*3-10.0mm (T\u1ea5m)<\/p>\n<p>C\u00e1c l\u1edbp c\u00f3 s\u1eb5n: 201, <a href=\"https:\/\/wldstainless.com\/materials\/austenitic-stainless-steel\/304-304l-stainless-steel\/\">304\/304L<\/a>, <a href=\"https:\/\/wldstainless.com\/materials\/austenitic-stainless-steel\/316-316l-stainless-steel\/\">316\/316L<\/a>, 317, 309S, 321H, 347, 409L, <a href=\"https:\/\/wldstainless.com\/materials\/austenitic-stainless-steel\/904l-stainless-steel\/\">904L<\/a>, <a href=\"https:\/\/wldstainless.com\/materials\/duplex-stainless-steel\/alloy-2205-stainless-steel\/\">2205<\/a><\/p>\n<h4>K\u00edch th\u01b0\u1edbc c\u1ee7a t\u1ea5m\/t\u1ea5m\/cu\u1ed9n th\u00e9p kh\u00f4ng g\u1ec9 c\u00e1n n\u00f3ng<\/h4>\n<table>\n<tbody>\n<tr>\n<td>C\u00e1c lo\u1ea1i ho\u00e0n thi\u1ec7n b\u1ec1 m\u1eb7t<\/td>\n<td colspan=\"2\">Lo\u1ea1i s\u1ea3n ph\u1ea9m<\/td>\n<td>\u0110\u1ed9 d\u00e0y danh ngh\u0129a<br \/>\nmm<\/td>\n<td>\u0110\u01b0\u1eddng k\u00ednh ngo\u00e0i<br \/>\nmm<\/td>\n<td>Chi\u1ec1u d\u00e0i danh ngh\u0129a c\u1ee7a t\u1ea5m ho\u1eb7c cu\u1ed9n d\u00e2y c\u00f3 \u0111\u01b0\u1eddng k\u00ednh trong, mm<\/td>\n<\/tr>\n<tr>\n<td>s\u1ed1 1U<br \/>\nS\u1ed1 1C<\/td>\n<td>Cu\u1ed9n d\u00e2y th\u00e9p<\/td>\n<td>Kh\u00f4ng c\u1eaft c\u1ea1nh<\/td>\n<td>2.0\uff5e10.0<\/td>\n<td>750\uff5e1600<\/td>\n<td>760(Cu\u1ed9n d\u00e2y)<\/td>\n<\/tr>\n<tr>\n<td rowspan=\"4\">s\u1ed1 1<\/td>\n<td rowspan=\"2\">T\u1ea5m th\u00e9p<\/td>\n<td>C\u1eaft c\u1ea1nh<\/td>\n<td rowspan=\"2\">2.0\uff5e10.0<\/td>\n<td>730\uff5e1570<\/td>\n<td rowspan=\"2\">1000\uff5e12000(T\u1ea5m)<\/td>\n<\/tr>\n<tr>\n<td>Kh\u00f4ng c\u1eaft c\u1ea1nh<\/td>\n<td>750\uff5e1600<\/td>\n<\/tr>\n<tr>\n<td rowspan=\"2\">Cu\u1ed9n d\u00e2y th\u00e9p<\/td>\n<td>C\u1eaft c\u1ea1nh<\/td>\n<td rowspan=\"2\">2.0\uff5e10.0<\/td>\n<td>730\uff5e1570<\/td>\n<td rowspan=\"2\">610(Cu\u1ed9n d\u00e2y)<\/td>\n<\/tr>\n<tr>\n<td>Kh\u00f4ng c\u1eaft c\u1ea1nh<\/td>\n<td>750\uff5e1600<\/td>\n<\/tr>\n<\/tbody>\n<\/table>\n<\/div><\/section><\/p><\/div>","protected":false},"excerpt":{"rendered":"","protected":false},"author":1,"featured_media":0,"parent":346,"menu_order":0,"comment_status":"closed","ping_status":"closed","template":"","meta":{"footnotes":""},"class_list":["post-1375","page","type-page","status-publish","hentry"],"aioseo_notices":[],"_links":{"self":[{"href":"https:\/\/wldstainless.com\/vi\/wp-json\/wp\/v2\/pages\/1375","targetHints":{"allow":["GET"]}}],"collection":[{"href":"https:\/\/wldstainless.com\/vi\/wp-json\/wp\/v2\/pages"}],"about":[{"href":"https:\/\/wldstainless.com\/vi\/wp-json\/wp\/v2\/types\/page"}],"author":[{"embeddable":true,"href":"https:\/\/wldstainless.com\/vi\/wp-json\/wp\/v2\/users\/1"}],"replies":[{"embeddable":true,"href":"https:\/\/wldstainless.com\/vi\/wp-json\/wp\/v2\/comments?post=1375"}],"version-history":[{"count":12,"href":"https:\/\/wldstainless.com\/vi\/wp-json\/wp\/v2\/pages\/1375\/revisions"}],"predecessor-version":[{"id":2057,"href":"https:\/\/wldstainless.com\/vi\/wp-json\/wp\/v2\/pages\/1375\/revisions\/2057"}],"up":[{"embeddable":true,"href":"https:\/\/wldstainless.com\/vi\/wp-json\/wp\/v2\/pages\/346"}],"wp:attachment":[{"href":"https:\/\/wldstainless.com\/vi\/wp-json\/wp\/v2\/media?parent=1375"}],"curies":[{"name":"wp","href":"https:\/\/api.w.org\/{rel}","templated":true}]}}