{"id":114,"date":"2019-04-25T09:02:31","date_gmt":"2019-04-25T09:02:31","guid":{"rendered":"http:\/\/wldstainless.com\/?page_id=114"},"modified":"2020-12-11T06:24:33","modified_gmt":"2020-12-11T06:24:33","slug":"markets","status":"publish","type":"page","link":"https:\/\/wldstainless.com\/vi\/markets\/","title":{"rendered":"TH\u1eca TR\u01af\u1edcNG"},"content":{"rendered":"<div id='fullscreen_slider_1' class='avia-fullscreen-slider main_color   container_wrap sidebar_left'   ><div  data-size='no scaling'  data-lightbox_size='large'  data-animation='slide'  data-ids='2034'  data-video_counter='0'  data-autoplay='false'  data-bg_slider='true'  data-slide_height='100'  data-handle='av_fullscreen'  data-interval='5'  data-class=' '  data-css_id='fullscreen_slider_1'  data-scroll_down=''  data-control_layout='av-control-default'  data-custom_markup=''  data-perma_caption=''  data-autoplay_stopper=''  data-image_attachment=''  data-min_height='0px'  data-stretch=''  class='avia-slideshow avia-slideshow-1  av-control-default av-default-height-applied avia-slideshow-no scaling av_fullscreen   avia-slide-slider'  itemprop=\"ImageObject\" itemscope=\"itemscope\" itemtype=\"https:\/\/schema.org\/ImageObject\" ><ul class='avia-slideshow-inner' style='padding-bottom: 43.9453125%;'><li style='background-position:center center;' data-img-url='https:\/\/wldstainless.com\/wp-content\/uploads\/2020\/10\/WLDSS.jpg' class='av-single-slide slide-1' ><div data-rel='slideshow-1' class='avia-slide-wrap'  ><\/div><\/li><\/ul><\/div><\/div>\n<div class=\"flex_column av_one_full  flex_column_div av-zero-column-padding first\" style='border-radius:0px; '><section class=\"av_textblock_section\"  itemscope=\"itemscope\" itemtype=\"https:\/\/schema.org\/CreativeWork\" ><div class='avia_textblock'   itemprop=\"text\" ><p>V\u1edbi nhi\u1ec1u n\u0103m kinh nghi\u1ec7m, WLD Steel l\u00e0 nh\u00e0 cung c\u1ea5p h\u00e0ng \u0111\u1ea7u c\u00e1c s\u1ea3n ph\u1ea9m th\u00e9p kh\u00f4ng g\u1ec9 cho c\u00e1c quy tr\u00ecnh c\u1ef1c k\u1ef3 kh\u1eaft khe trong ch\u1ebf bi\u1ebfn th\u1ef1c ph\u1ea9m, h\u00f3a d\u1ea7u, \u00f4 t\u00f4, ph\u00e2n b\u00f3n, y t\u1ebf, c\u00f4ng nghi\u1ec7p h\u1ea1t nh\u00e2n kh\u1eed mu\u1ed1i trong n\u01b0\u1edbc v\u00e0 c\u00e1c l\u0129nh v\u1ef1c kh\u00e1c.<\/p>\n<p>Luy\u1ec7n kim xu\u1ea5t s\u1eafc, ti\u00eau chu\u1ea9n \u0111\u1ea3m b\u1ea3o ch\u1ea5t l\u01b0\u1ee3ng \u1ed5n \u0111\u1ecbnh v\u00e0 d\u1ecbch v\u1ee5 \u0111\u00e1p \u1ee9ng nhanh ch\u00f3ng \u0111\u00e3 gi\u00fap WLD Steel tr\u1edf th\u00e0nh \u0111\u1ed1i t\u00e1c th\u1ef1c s\u1ef1 h\u01b0\u1edbng d\u1eabn kh\u00e1ch h\u00e0ng c\u1ee7a m\u00ecnh c\u00f3 \u0111\u01b0\u1ee3c c\u00e1c th\u00f4ng s\u1ed1 k\u1ef9 thu\u1eadt v\u00e0 v\u1eadt li\u1ec7u kh\u00f3 t\u00ecm. Th\u00e9p WLD ph\u1ee5c v\u1ee5 nhi\u1ec1u ng\u00e0nh c\u00f4ng nghi\u1ec7p \u0111\u00f2i h\u1ecfi h\u1ee3p kim kim lo\u1ea1i t\u1ed1t nh\u1ea5t hi\u1ec7n c\u00f3.<\/p>\n<\/div><\/section><\/div>\n<div class=\"flex_column av_one_fourth  flex_column_div av-zero-column-padding first\" style='border-radius:0px; '><div class='avia-image-container  av-styling-    avia-align-center'  itemprop=\"ImageObject\" itemscope=\"itemscope\" itemtype=\"https:\/\/schema.org\/ImageObject\"  ><div class='avia-image-container-inner'><img class='avia_image' src='https:\/\/wldstainless.com\/wp-content\/uploads\/2020\/09\/Food-processing.png' alt='' title='Ch\u1ebf bi\u1ebfn th\u1ee9c \u0103n'   itemprop=\"thumbnailUrl\"  \/><\/div><\/div><\/div>\n<div class=\"flex_column av_three_fourth  flex_column_div av-zero-column-padding\" style='border-radius:0px; '><section class=\"av_textblock_section\"  itemscope=\"itemscope\" itemtype=\"https:\/\/schema.org\/CreativeWork\" ><div class='avia_textblock'   itemprop=\"text\" ><h3>Th\u1ef1c ph\u1ea9m &amp; \u0110\u1ed3 u\u1ed1ng<\/h3>\n<p>Th\u00e9p kh\u00f4ng g\u1ec9 \u0111\u00e3 \u0111\u01b0\u1ee3c s\u1eed d\u1ee5ng r\u1ed9ng r\u00e3i trong ng\u00e0nh th\u1ef1c ph\u1ea9m v\u00e0 \u0111\u1ed3 u\u1ed1ng.<br \/>\n\u0110i\u1ec1u ki\u1ec7n b\u1ec1 m\u1eb7t d\u01b0\u1eddng nh\u01b0 quan tr\u1ecdng h\u01a1n so v\u1edbi c\u00e1c l\u0129nh v\u1ef1c kh\u00e1c nh\u01b0 s\u1ea3n xu\u1ea5t d\u1ea7u kh\u00ed. N\u00f3 kh\u00f4ng ch\u1ec9 ch\u1ed1ng \u0103n m\u00f2n m\u00e0 \u0111\u1eb7c t\u00ednh v\u1ec7 sinh v\u00e0 kh\u00f4ng b\u00e1m d\u00ednh c\u00f2n quy\u1ebft \u0111\u1ecbnh \u0111i\u1ec1u ki\u1ec7n b\u1ec1 m\u1eb7t t\u1ed1i \u01b0u. C\u00e1c ng\u00e0nh v\u00e0 ph\u00e2n kh\u00fac ch\u00ednh bao g\u1ed3m:<\/p>\n<ul>\n<li>S\u1ea3n xu\u1ea5t bia<\/li>\n<li>Ng\u00e0nh c\u00f4ng nghi\u1ec7p s\u1eefa<\/li>\n<li>D\u01b0\u1ee3c ph\u1ea9m<\/li>\n<li>M\u1ef9 ph\u1ea9m ho\u1eb7c c\u00e1c ng\u00e0nh c\u00f4ng nghi\u1ec7p t\u1ed5ng h\u1ee3p kh\u00e1c c\u00f3 <span class=\"tran\" data-group=\"20_16\">thu\u1ed9c v\u1eadt ch\u1ea5t<\/span> <span class=\"tran\" data-group=\"21_17\">li\u00ean h\u1ec7<\/span>.<\/li>\n<\/ul>\n<\/div><\/section><\/div>\n<div class=\"flex_column av_one_fourth  flex_column_div av-zero-column-padding first\" style='border-radius:0px; '><div class='avia-image-container  av-styling-    avia-align-center'  itemprop=\"ImageObject\" itemscope=\"itemscope\" itemtype=\"https:\/\/schema.org\/ImageObject\"  ><div class='avia-image-container-inner'><img class='avia_image' src='https:\/\/wldstainless.com\/wp-content\/uploads\/2020\/09\/Chemical.png' alt='' title='H\u00f3a ch\u1ea5t'   itemprop=\"thumbnailUrl\"  \/><\/div><\/div><\/div>\n<div class=\"flex_column av_three_fourth  flex_column_div av-zero-column-padding\" style='border-radius:0px; '><section class=\"av_textblock_section\"  itemscope=\"itemscope\" itemtype=\"https:\/\/schema.org\/CreativeWork\" ><div class='avia_textblock'   itemprop=\"text\" ><h3>H\u00f3a ch\u1ea5t<\/h3>\n<p>Nhu c\u1ea7u v\u1ec1 h\u00f3a ch\u1ea5t \u0111\u00f2i h\u1ecfi \u0111\u1ed9 b\u1ec1n v\u00e0 kh\u1ea3 n\u0103ng ch\u1ed1ng \u0103n m\u00f2n t\u1ed1t v\u00e0 c\u00e1c s\u1ea3n ph\u1ea9m c\u1ee7a ch\u00fang t\u00f4i cung c\u1ea5p c\u00e1c s\u1ea3n ph\u1ea9m ch\u1ea5t l\u01b0\u1ee3ng c\u01a1 b\u1ea3n \u0111\u00e1p \u1ee9ng nhu c\u1ea7u c\u1ee7a kh\u00e1ch h\u00e0ng t\u1eeb c\u00e1c th\u1ecb tr\u01b0\u1eddng n\u00e0y. Th\u00e9p WLD c\u00f3 c\u00e1c \u0111\u1eb7c t\u00ednh c\u1ea7n thi\u1ebft cho m\u00f4i tr\u01b0\u1eddng c\u00f3 t\u00ednh axit v\u00e0 clo c\u00f3 t\u00ednh \u0103n m\u00f2n cao ho\u1eb7c thay \u0111\u1ed5i \u0111\u01b0\u1ee3c t\u00ecm th\u1ea5y trong ho\u1ea1t \u0111\u1ed9ng khoan d\u1ea7u v\u00e0 trong c\u00e1c nh\u00e0 m\u00e1y x\u1eed l\u00fd h\u00f3a ch\u1ea5t.<\/p>\n<p>Th\u00e9p kh\u00f4ng g\u1ec9 k\u00e9p <a href=\"https:\/\/wldstainless.com\/materials\/duplex-stainless-steel\/alloy-2205-stainless-steel\/\">2205 \u1ed1ng<\/a> ch\u1ee9a h\u00e0m l\u01b0\u1ee3ng crom, molypden, vonfram v\u00e0 nit\u01a1 t\u01b0\u01a1ng \u0111\u1ed1i cao, l\u00e0m cho n\u00f3 c\u00f3 kh\u1ea3 n\u0103ng ch\u1ed1ng \u0103n m\u00f2n v\u00e0 \u0111\u1ed9 b\u1ec1n cao v\u00e0 c\u00f3 th\u1ec3 ch\u1ed1ng l\u1ea1i nhi\u1ec1u lo\u1ea1i h\u00f3a ch\u1ea5t \u0103n m\u00f2n, \u0111\u1eb7c bi\u1ec7t th\u00edch h\u1ee3p cho c\u00e1c \u1ee9ng d\u1ee5ng h\u00f3a h\u1ecdc v\u00e0 h\u00f3a d\u1ea7u kh\u00e1c nhau.<\/p>\n<\/div><\/section><\/div><div class=\"flex_column av_one_fourth  flex_column_div av-zero-column-padding first\" style='border-radius:0px; '><div class='avia-image-container  av-styling-    avia-align-center'  itemprop=\"ImageObject\" itemscope=\"itemscope\" itemtype=\"https:\/\/schema.org\/ImageObject\"  ><div class='avia-image-container-inner'><img class='avia_image' src='https:\/\/wldstainless.com\/wp-content\/uploads\/2020\/09\/medical.jpg' alt='' title='thu\u1ed9c v\u1ec1 y h\u1ecdc'   itemprop=\"thumbnailUrl\"  \/><\/div><\/div><\/div><\/p>\n<div class=\"flex_column av_three_fourth  flex_column_div av-zero-column-padding\" style='border-radius:0px; '><section class=\"av_textblock_section\"  itemscope=\"itemscope\" itemtype=\"https:\/\/schema.org\/CreativeWork\" ><div class='avia_textblock'   itemprop=\"text\" ><h3>sinh h\u1ecdc<\/h3>\n<p>V\u1eadt li\u1ec7u \u0111\u01b0\u1ee3c s\u1eed d\u1ee5ng trong s\u1ea3n xu\u1ea5t th\u00f9ng ch\u1ee9a v\u00e0 h\u1ec7 th\u1ed1ng \u0111\u01b0\u1eddng \u1ed1ng cho ng\u00e0nh c\u00f4ng nghi\u1ec7p c\u00f4ng ngh\u1ec7 sinh h\u1ecdc ph\u1ea3i c\u00f3 kh\u1ea3 n\u0103ng ch\u1ed1ng \u0103n m\u00f2n tuy\u1ec7t v\u1eddi \u0111\u1ec3 \u0111\u1ea3m b\u1ea3o \u0111\u1ed9 tinh khi\u1ebft v\u00e0 ch\u1ea5t l\u01b0\u1ee3ng c\u1ee7a s\u1ea3n ph\u1ea9m. V\u1eadt li\u1ec7u th\u00e9p c\u0169ng ph\u1ea3i c\u00f3 kh\u1ea3 n\u0103ng ch\u1ecbu nhi\u1ec7t \u0111\u1ed9 v\u00e0 \u00e1p su\u1ea5t cao trong qu\u00e1 tr\u00ecnh s\u1ea3n xu\u1ea5t, kh\u1eed tr\u00f9ng v\u00e0 l\u00e0m s\u1ea1ch, c\u0169ng nh\u01b0 kh\u1ea3 n\u0103ng h\u00e0n t\u1ed1t v\u00e0 \u0111\u1ed9 ho\u00e0n thi\u1ec7n b\u1ec1 m\u1eb7t t\u1ed1t.<\/p>\n<p>Th\u00e9p kh\u00f4ng g\u1ec9 Austenitic 316L l\u00e0 v\u1eadt li\u1ec7u ch\u00ednh v\u00e0 l\u00e0 v\u1eadt li\u1ec7u thay th\u1ebf l\u00fd t\u01b0\u1edfng cho c\u00e1c ng\u00e0nh c\u00f4ng ngh\u1ec7 sinh h\u1ecdc nh\u1edd kh\u1ea3 n\u0103ng ch\u1ed1ng \u0103n m\u00f2n, kh\u1ea3 n\u0103ng h\u00e0n, \u0111\u00e1nh b\u00f3ng \u0111i\u1ec7n ph\u00e2n t\u1ed1t. Kh\u00e1ch h\u00e0ng c\u0169ng \u0111\u00e3 c\u1ea3i thi\u1ec7n hi\u1ec7u su\u1ea5t c\u1ee7a <a href=\"https:\/\/wldstainless.com\/materials\/austenitic-stainless-steel\/316-316l-stainless-steel\/\">316L<\/a> th\u00e9p kh\u00f4ng g\u1ec9 b\u1eb1ng c\u00e1ch l\u1ef1a ch\u1ecdn c\u1ea9n th\u1eadn c\u00e1c th\u00e0nh ph\u1ea7n h\u00f3a h\u1ecdc c\u1ee5 th\u1ec3 c\u1ee7a <a href=\"https:\/\/wldstainless.com\/materials\/austenitic-stainless-steel\/316-316l-stainless-steel\/\">316L<\/a> th\u00e9p kh\u00f4ng g\u1ec9 v\u00e0 b\u1eb1ng quy tr\u00ecnh s\u1ea3n xu\u1ea5t ESR \u0111\u01b0\u1ee3c c\u1ea3i ti\u1ebfn. th\u00e9p kh\u00f4ng g\u1ec9 song c\u00f4ng 2205 ph\u1ed5 bi\u1ebfn h\u01a1n \u1edf c\u00e1c th\u1ecb tr\u01b0\u1eddng n\u00e0y trong nh\u1eefng n\u0103m g\u1ea7n \u0111\u00e2y.<\/p>\n<\/div><\/section><\/div><div class=\"flex_column av_one_fourth  flex_column_div av-zero-column-padding first\" style='border-radius:0px; '><div class='avia-image-container  av-styling-    avia-align-center'  itemprop=\"ImageObject\" itemscope=\"itemscope\" itemtype=\"https:\/\/schema.org\/ImageObject\"  ><div class='avia-image-container-inner'><img class='avia_image' src='https:\/\/wldstainless.com\/wp-content\/uploads\/2020\/09\/Power.png' alt='' title='Quy\u1ec1n l\u1ef1c'   itemprop=\"thumbnailUrl\"  \/><\/div><\/div><\/div><\/p>\n<div class=\"flex_column av_three_fourth  flex_column_div av-zero-column-padding\" style='border-radius:0px; '><section class=\"av_textblock_section\"  itemscope=\"itemscope\" itemtype=\"https:\/\/schema.org\/CreativeWork\" ><div class='avia_textblock'   itemprop=\"text\" ><h3>Quy\u1ec1n l\u1ef1c<\/h3>\n<p>Ph\u00e1t \u0111i\u1ec7n nhi\u1ec7t l\u00e0 m\u1ed9t c\u00e1ch s\u1eed d\u1ee5ng nhi\u1ec7t sinh ra khi \u0111\u1ed1t than \u0111\u1ec3 bi\u1ebfn n\u01b0\u1edbc th\u00e0nh h\u01a1i n\u01b0\u1edbc \u00e1p su\u1ea5t cao \u0111\u1ec3 ch\u1ea1y m\u00e1y ph\u00e1t \u0111i\u1ec7n \u0111\u1ec3 t\u1ea1o ra \u0111i\u1ec7n. Nh\u00e0 m\u00e1y \u0111i\u1ec7n \u0111\u1ed1t than ch\u1ee7 y\u1ebfu bao g\u1ed3m l\u00f2 h\u01a1i, tua bin h\u01a1i v\u00e0 m\u00e1y ph\u00e1t \u0111i\u1ec7n ph\u00e1t \u0111i\u1ec7n trong l\u00f2 h\u01a1i &amp; \u0111\u01b0\u1eddng \u1ed1ng n\u01b0\u1edbc bao g\u1ed3m \u1ed1ng gia nhi\u1ec7t l\u1ea1i, t\u01b0\u1eddng n\u01b0\u1edbc, b\u1ed9 si\u00eau nhi\u1ec7t, \u1ed1ng ti\u1ebft ki\u1ec7m, \u1ed1ng gia nhi\u1ec7t tr\u01b0\u1edbc kh\u00f4ng kh\u00ed, \u1ed1ng d\u1eabn nhi\u1ec7t, \u1ed1ng x\u1ea3 v\u00e0 t\u1ea5t c\u1ea3 c\u00e1c lo\u1ea1i thi\u1ebft b\u1ecb \u0111i\u1ec1u khi\u1ec3n, ho\u1ea1t \u0111\u1ed9ng \u1edf nhi\u1ec7t \u0111\u1ed9 cao v\u00e0 \u00e1p su\u1ea5t cao trong kh\u00ed v\u00e0 h\u01a1i v\u00e0 s\u1ebd g\u00e2y ra qu\u00e1 tr\u00ecnh oxy h\u00f3a v\u00e0 \u0103n m\u00f2n trong m\u00f4i tr\u01b0\u1eddng kh\u1eafc nghi\u1ec7t, v\u00ec v\u1eady \u1ed1ng th\u00e9p kh\u00f4ng g\u1ec9 \u0111\u01b0\u1ee3c s\u1eed d\u1ee5ng r\u1ed9ng r\u00e3i trong c\u00e1c l\u00f2 h\u01a1i nhi\u1ec7t \u0111i\u1ec7n. <a href=\"https:\/\/wldstainless.com\/materials\/austenitic-stainless-steel\/309s-stainless-steel\/\">309H<\/a>, <a href=\"https:\/\/wldstainless.com\/materials\/austenitic-stainless-steel\/321-321h-stainless-steel\/\">321H<\/a> V\u00e0 <a href=\"https:\/\/wldstainless.com\/materials\/austenitic-stainless-steel\/347-347h-stainless-steel\/\">347H<\/a> C\u00e1c s\u1ea3n ph\u1ea9m \u1ed1ng, thanh d\u1eb9t v\u00e0 t\u1ea5m th\u00e9p kh\u00f4ng g\u1ec9 ch\u1ee7 y\u1ebfu \u0111\u01b0\u1ee3c s\u1eed d\u1ee5ng \u0111\u1ec3 s\u1ea3n xu\u1ea5t n\u1ed3i h\u01a1i, c\u00e1nh qu\u1ea1t cho tua bin h\u01a1i n\u01b0\u1edbc v\u00e0 kh\u00ed.<\/p>\n<\/div><\/section><\/div>","protected":false},"excerpt":{"rendered":"","protected":false},"author":1,"featured_media":0,"parent":0,"menu_order":0,"comment_status":"closed","ping_status":"closed","template":"","meta":{"footnotes":""},"class_list":["post-114","page","type-page","status-publish","hentry"],"aioseo_notices":[],"_links":{"self":[{"href":"https:\/\/wldstainless.com\/vi\/wp-json\/wp\/v2\/pages\/114","targetHints":{"allow":["GET"]}}],"collection":[{"href":"https:\/\/wldstainless.com\/vi\/wp-json\/wp\/v2\/pages"}],"about":[{"href":"https:\/\/wldstainless.com\/vi\/wp-json\/wp\/v2\/types\/page"}],"author":[{"embeddable":true,"href":"https:\/\/wldstainless.com\/vi\/wp-json\/wp\/v2\/users\/1"}],"replies":[{"embeddable":true,"href":"https:\/\/wldstainless.com\/vi\/wp-json\/wp\/v2\/comments?post=114"}],"version-history":[{"count":13,"href":"https:\/\/wldstainless.com\/vi\/wp-json\/wp\/v2\/pages\/114\/revisions"}],"predecessor-version":[{"id":2062,"href":"https:\/\/wldstainless.com\/vi\/wp-json\/wp\/v2\/pages\/114\/revisions\/2062"}],"wp:attachment":[{"href":"https:\/\/wldstainless.com\/vi\/wp-json\/wp\/v2\/media?parent=114"}],"curies":[{"name":"wp","href":"https:\/\/api.w.org\/{rel}","templated":true}]}}