{"id":106,"date":"2019-04-25T08:36:57","date_gmt":"2019-04-25T08:36:57","guid":{"rendered":"http:\/\/wldstainless.com\/?page_id=106"},"modified":"2020-12-15T05:27:34","modified_gmt":"2020-12-15T05:27:34","slug":"materials","status":"publish","type":"page","link":"https:\/\/wldstainless.com\/vi\/materials\/","title":{"rendered":"NGUY\u00caN V\u1eacT LI\u1ec6U"},"content":{"rendered":"<div id='fullscreen_slider_1' class='avia-fullscreen-slider main_color   container_wrap sidebar_left'   ><div  data-size='no scaling'  data-lightbox_size='large'  data-animation='slide'  data-ids='2063'  data-video_counter='0'  data-autoplay='false'  data-bg_slider='true'  data-slide_height='100'  data-handle='av_fullscreen'  data-interval='5'  data-class=' '  data-css_id='fullscreen_slider_1'  data-scroll_down=''  data-control_layout='av-control-default'  data-custom_markup=''  data-perma_caption=''  data-autoplay_stopper=''  data-image_attachment=''  data-min_height='0px'  data-stretch=''  class='avia-slideshow avia-slideshow-1  av-control-default av-default-height-applied avia-slideshow-no scaling av_fullscreen   avia-slide-slider'  itemprop=\"ImageObject\" itemscope=\"itemscope\" itemtype=\"https:\/\/schema.org\/ImageObject\" ><ul class='avia-slideshow-inner' style='padding-bottom: 22.03125%;'><li style='background-position:center center;' data-img-url='https:\/\/wldstainless.com\/wp-content\/uploads\/2020\/12\/Material.png' class='av-single-slide slide-1' ><div data-rel='slideshow-1' class='avia-slide-wrap'  ><\/div><\/li><\/ul><\/div><\/div>\n<div class=\"flex_column av_one_fourth  flex_column_div av-zero-column-padding first\" style='border-radius:0px; '><p><div class='avia-builder-widget-area clearfix'><div id=\"nav_menu-5\" class=\"widget clearfix widget_nav_menu\"><h3 class=\"widgettitle\">V\u1eadt li\u1ec7u<\/h3><div class=\"menu-products-sidebar-menu-container\"><ul id=\"menu-products-sidebar-menu\" class=\"menu\"><li id=\"menu-item-1329\" class=\"menu-item menu-item-type-post_type menu-item-object-page menu-item-1329\"><a href=\"https:\/\/wldstainless.com\/vi\/materials\/ferritic-stainless-steel\/\">Th\u00e9p kh\u00f4ng g\u1ec9 Ferritic<\/a><\/li>\n<li id=\"menu-item-1328\" class=\"menu-item menu-item-type-post_type menu-item-object-page menu-item-1328\"><a href=\"https:\/\/wldstainless.com\/vi\/materials\/martensitic-stainless-steel\/\">Th\u00e9p kh\u00f4ng g\u1ec9 Martensitic<\/a><\/li>\n<li id=\"menu-item-1327\" class=\"menu-item menu-item-type-post_type menu-item-object-page menu-item-1327\"><a href=\"https:\/\/wldstainless.com\/vi\/materials\/austenitic-stainless-steel\/\">Th\u00e9p kh\u00f4ng g\u1ec9 austenit<\/a><\/li>\n<li id=\"menu-item-1889\" class=\"menu-item menu-item-type-post_type menu-item-object-page menu-item-1889\"><a href=\"https:\/\/wldstainless.com\/vi\/materials\/duplex-stainless-steel\/\">Th\u00e9p kh\u00f4ng g\u1ec9 song c\u00f4ng<\/a><\/li>\n<\/ul><\/div><\/div><\/div><br \/>\n<div  class='hr hr-default'><span class='hr-inner' ><span class='hr-inner-style'><\/span><\/span><\/div><br \/>\n<div class='avia-button-wrap avia-button-left'><a href='http:\/\/wldstainless.com\/contact\/#contact' class='avia-button   avia-icon_select-yes-left-icon avia-color-custom avia-size-large avia-position-left'  target=\"_blank\"  style='background-color:#e82221; border-color:#e82221; color:#ffffff; ' ><span class='avia_button_icon avia_button_icon_left' aria-hidden='true' data-av_icon='\ue84b' data-av_iconfont='entypo-fontello'><\/span><span class='avia_iconbox_title' >Y\u00eau c\u1ea7u b\u00e1o gi\u00e1<\/span><\/a><\/div><\/p><\/div>\n<div class=\"flex_column av_three_fourth  flex_column_div\" style='padding:0px 0px 50px 0px ; border-radius:0px; '><section class=\"av_textblock_section\"  itemscope=\"itemscope\" itemtype=\"https:\/\/schema.org\/CreativeWork\" ><div class='avia_textblock'   itemprop=\"text\" ><p>C\u00f3 n\u0103m lo\u1ea1i th\u00e9p kh\u00f4ng g\u1ec9 kh\u00e1c nhau tr\u00ean to\u00e0n th\u1ebf gi\u1edbi v\u00e0 lo\u1ea1i th\u00e9p kh\u00f4ng g\u1ec9 Austenitic c\u00f3 m\u1ee9c ti\u00eau th\u1ee5 70% trong c\u00e1c \u1ee9ng d\u1ee5ng th\u00e9p kh\u00f4ng g\u1ec9. T\u1ea5t c\u1ea3 c\u00e1c lo\u1ea1i th\u00e9p kh\u00f4ng g\u1ec9 200 v\u00e0 300 \u0111\u1ec1u thu\u1ed9c lo\u1ea1i th\u00e9p kh\u00f4ng g\u1ec9 n\u00e0y. Th\u00e9p kh\u00f4ng g\u1ec9 Ferritic c\u00f3 t\u1eeb t\u00ednh v\u00e0 c\u00f3 kh\u1ea3 n\u0103ng ch\u1ed1ng oxy h\u00f3a \u1edf nhi\u1ec7t \u0111\u1ed9 cao t\u1ed1t. Th\u00e9p kh\u00f4ng g\u1ec9 Martensitic l\u00e0 m\u1ed9t lo\u1ea1i th\u00e9p kh\u00f4ng g\u1ec9 kh\u00e1c n\u1ed5i ti\u1ebfng nh\u1edd kh\u1ea3 n\u0103ng x\u1eed l\u00fd nhi\u1ec7t. Th\u00e9p kh\u00f4ng g\u1ec9 l\u00e0m c\u1ee9ng song c\u00f4ng v\u00e0 k\u1ebft t\u1ee7a ph\u1ed5 bi\u1ebfn h\u01a1n \u0111\u1ed1i v\u1edbi m\u1ed9t s\u1ed1 \u1ee9ng d\u1ee5ng \u0111\u1eb7c bi\u1ec7t.<\/p>\n<p>Ch\u00fang t\u00f4i cam k\u1ebft cung c\u1ea5p th\u00e9p kh\u00f4ng g\u1ec9 Austenitic, th\u00e9p kh\u00f4ng g\u1ec9 Ferritic, th\u00e9p kh\u00f4ng g\u1ec9 Martensitic, th\u00e9p kh\u00f4ng g\u1ec9 song v\u00e0 \u1ed1ng th\u00e9p h\u1ee3p kim g\u1ed1c niken ch\u1ea5t l\u01b0\u1ee3ng cao v\u00e0 c\u00e1c d\u1ecbch v\u1ee5 gia c\u00f4ng. Nh\u1eefng v\u1eadt li\u1ec7u n\u00e0y bao g\u1ed3m:<\/p>\n<p>Th\u00e9p kh\u00f4ng g\u1ec9 Austenitic: 201, 202, 301, <a href=\"https:\/\/wldstainless.com\/materials\/austenitic-stainless-steel\/304-304l-stainless-steel\/\">304<\/a>, 316, 317, 309, 310, <a href=\"https:\/\/wldstainless.com\/materials\/austenitic-stainless-steel\/321-321h-stainless-steel\/\">321<\/a>, <a href=\"https:\/\/wldstainless.com\/materials\/austenitic-stainless-steel\/347-347h-stainless-steel\/\">347<\/a>, <a href=\"https:\/\/wldstainless.com\/materials\/austenitic-stainless-steel\/904l-stainless-steel\/\">904L<\/a><\/p>\n<p>Ferritic:<a href=\"https:\/\/wldstainless.com\/materials\/ferritic-stainless-steel\/409-409l-stainless-steel\/\">409<\/a>, 410S, <a href=\"https:\/\/wldstainless.com\/materials\/ferritic-stainless-steel\/430-430f-stainless-steel\/\">430\/430F<\/a>, 430Ti (439), 441, 444<\/p>\n<p>Martensitic:<a href=\"https:\/\/wldstainless.com\/materials\/ferritic-stainless-steel\/410-410s-stainless-steel\/\">410<\/a>, 420, 431<\/p>\n<p>L\u01b0\u1ee3ng m\u01b0a c\u1ee9ng l\u1ea1i:<a href=\"https:\/\/wldstainless.com\/materials\/martensitic-stainless-steel\/17-4-ph-stainless-steel\/\">17\/4PH<\/a>, 17\/7PH<\/p>\n<p>Th\u00e9p song c\u00f4ng: 31803, <a href=\"https:\/\/wldstainless.com\/materials\/duplex-stainless-steel\/alloy-2205-stainless-steel\/\">S 32205<\/a>, <a href=\"https:\/\/wldstainless.com\/materials\/duplex-stainless-steel\/alloy-2205-stainless-steel\/\">S 32550<\/a>, S 32750 , S 32760.<\/p>\n<\/div><\/section><\/div>","protected":false},"excerpt":{"rendered":"","protected":false},"author":1,"featured_media":0,"parent":0,"menu_order":0,"comment_status":"closed","ping_status":"closed","template":"","meta":{"footnotes":""},"class_list":["post-106","page","type-page","status-publish","hentry"],"aioseo_notices":[],"_links":{"self":[{"href":"https:\/\/wldstainless.com\/vi\/wp-json\/wp\/v2\/pages\/106","targetHints":{"allow":["GET"]}}],"collection":[{"href":"https:\/\/wldstainless.com\/vi\/wp-json\/wp\/v2\/pages"}],"about":[{"href":"https:\/\/wldstainless.com\/vi\/wp-json\/wp\/v2\/types\/page"}],"author":[{"embeddable":true,"href":"https:\/\/wldstainless.com\/vi\/wp-json\/wp\/v2\/users\/1"}],"replies":[{"embeddable":true,"href":"https:\/\/wldstainless.com\/vi\/wp-json\/wp\/v2\/comments?post=106"}],"version-history":[{"count":23,"href":"https:\/\/wldstainless.com\/vi\/wp-json\/wp\/v2\/pages\/106\/revisions"}],"predecessor-version":[{"id":1756,"href":"https:\/\/wldstainless.com\/vi\/wp-json\/wp\/v2\/pages\/106\/revisions\/1756"}],"wp:attachment":[{"href":"https:\/\/wldstainless.com\/vi\/wp-json\/wp\/v2\/media?parent=106"}],"curies":[{"name":"wp","href":"https:\/\/api.w.org\/{rel}","templated":true}]}}