{"id":76,"date":"2019-04-24T18:14:45","date_gmt":"2019-04-24T18:14:45","guid":{"rendered":"http:\/\/wldstainless.com\/?page_id=76"},"modified":"2020-12-11T03:34:19","modified_gmt":"2020-12-11T03:34:19","slug":"about","status":"publish","type":"page","link":"https:\/\/wldstainless.com\/tr\/about\/","title":{"rendered":"HAKKINDA"},"content":{"rendered":"<div id='fullscreen_slider_1' class='avia-fullscreen-slider main_color   container_wrap sidebar_left'   ><div  data-size='no scaling'  data-lightbox_size='large'  data-animation='slide'  data-ids='2030'  data-video_counter='0'  data-autoplay='false'  data-bg_slider='true'  data-slide_height='100'  data-handle='av_fullscreen'  data-interval='5'  data-class=' '  data-css_id='fullscreen_slider_1'  data-scroll_down=''  data-control_layout='av-control-default'  data-custom_markup=''  data-perma_caption=''  data-autoplay_stopper=''  data-image_attachment=''  data-min_height='0px'  data-stretch=''  class='avia-slideshow avia-slideshow-1  av-control-default av-default-height-applied avia-slideshow-no scaling av_fullscreen   avia-slide-slider'  itemprop=\"ImageObject\" itemscope=\"itemscope\" itemtype=\"https:\/\/schema.org\/ImageObject\" ><ul class='avia-slideshow-inner' style='padding-bottom: 43.9453125%;'><li style='background-position:center center;' data-img-url='https:\/\/wldstainless.com\/wp-content\/uploads\/2020\/10\/About-SS.jpg' class='av-single-slide slide-1' ><div data-rel='slideshow-1' class='avia-slide-wrap'  ><\/div><\/li><\/ul><\/div><\/div>\n<div class=\"flex_column av_one_full  flex_column_div av-zero-column-padding first\" style='border-radius:0px; '><p><section class=\"av_textblock_section\"  itemscope=\"itemscope\" itemtype=\"https:\/\/schema.org\/CreativeWork\" ><div class='avia_textblock'   itemprop=\"text\" ><p>WLD Paslanmaz, 200 serisi paslanmaz \u00e7elik, 300 serisi paslanmaz \u00e7elik, 400 serisi paslanmaz \u00e7elik, \u00e7\u00f6keltme sertle\u015ftirmeli paslanmaz \u00e7elik ve \u00e7ok \u00e7e\u015fitli kalitelerde Dubleks paslanmaz \u00e7elik dahil olmak \u00fczere profesyonel yar\u0131 mamul ve mamul paslanmaz \u00e7elik \u00fcr\u00fcnleri tedarik\u00e7isi, \u00fcreticisi ve distrib\u00fct\u00f6r\u00fcd\u00fcr. ve formlar. Servis merkezlerine, d\u00f6vmecilere, silindirlere ve orijinal ekipman \u00fcreticilerine sat\u0131lan \u00fcr\u00fcnlerimiz, m\u00fc\u015fterilerimiz taraf\u0131ndan offshore, havac\u0131l\u0131k, enerji \u00fcretimi, petrol ve gaz, petrokimya, a\u011f\u0131r ekipman imalat\u0131 da dahil olmak \u00fczere \u00e7e\u015fitli end\u00fcstrilerde kullan\u0131lmak \u00fczere i\u015flenmektedir.<\/p>\n<p>Biz esas olarak paslanmaz \u00e7elik borular sa\u011fl\u0131yoruz, <a href=\"https:\/\/wldstainless.com\/products\/stainless-steel-square-tube\/\">t\u00fcpler<\/a>, <a href=\"https:\/\/wldstainless.com\/products\/stainless-steel-cold-rolled-plate-sheet-coil\/\">\u00e7ar\u015faflar<\/a>, plakalar, bobinler, \u015feritler, <a href=\"https:\/\/wldstainless.com\/products\/stainless-steel-round-bars\/\">yuvarlak \u00e7ubuk<\/a>, alt\u0131gen \u00e7ubuk, d\u00fcz ve \u015fekillendirilmi\u015f \u00e7elik gibi <a href=\"https:\/\/wldstainless.com\/products\/stainless-steel-angle\/\">a\u00e7\u0131lar<\/a>, <a href=\"https:\/\/wldstainless.com\/products\/stainless-steel-beam\/\">kiri\u015fler<\/a> Ve <a href=\"https:\/\/wldstainless.com\/products\/stainless-steel-channel\/\">kanallar<\/a>. Sunduklar\u0131m\u0131z kaliteli hammaddeler ve en ileri tekniklerle \u00fcretilmektedir. \u0130htiya\u00e7lar\u0131n\u0131za ba\u011fl\u0131 olarak \u00fcr\u00fcnlerimizin sekt\u00f6rde iyi tan\u0131mlanm\u0131\u015f spesifikasyonlara ve standartlara uygun olmas\u0131n\u0131 sa\u011fl\u0131yoruz.<\/p>\n<h3><\/h3>\n<\/div><\/section><br \/>\n<div style='padding-bottom:10px;color:#d3311f;' class='av-special-heading av-special-heading-h3 custom-color-heading'><h3 class='av-special-heading-tag'  itemprop=\"headline\"  >Neden Bizi Se\u00e7melisiniz?<\/h3><div class='special-heading-border'><div class='special-heading-inner-border' style='border-color:#d3311f'><\/div><\/div><\/div><\/p><\/div><div class=\"flex_column av_one_full  flex_column_div av-zero-column-padding first\" style='border-radius:0px; '><section class=\"av_textblock_section\"  itemscope=\"itemscope\" itemtype=\"https:\/\/schema.org\/CreativeWork\" ><div class='avia_textblock'   itemprop=\"text\" ><h3><\/h3>\n<h4>\u00d6nce kalite<\/h4>\n<p>&quot;Yapabilece\u011fimizi yapar\u0131z ve yapamayaca\u011f\u0131m\u0131z\u0131 yapmazsak&quot;. Onlarca y\u0131ll\u0131k ilerleme bize yaln\u0131zca nitelikli \u00fcr\u00fcnlerin temel prensibimiz oldu\u011funu fark ettirdi, tam olarak gurur duydu\u011fumuz \u015fey budur. WLD \u00e7elik, \u015fekillendirme, ta\u015flama, kaynaklama, honlama, i\u015fleme, \u0131s\u0131l i\u015flem ve fiziksel ve kimyasal test tesisleriyle donat\u0131lm\u0131\u015f i\u015fleme fabrikas\u0131yla birlikte \u00e7al\u0131\u015fm\u0131\u015ft\u0131r, bu da m\u00fc\u015fterilerin s\u0131k\u0131 gereksinimlerini kar\u015f\u0131lamam\u0131z\u0131 sa\u011flar.<\/p>\n<h4>Deneyimli Personel<\/h4>\n<p>WLD Steel, d\u00fcnyan\u0131n her yerinden m\u00fc\u015fteriler i\u00e7in g\u00fc\u00e7l\u00fc \u00e7oklu dil becerilerine sahip bir ekibe sahiptir ve bu, y\u00fcksek performansl\u0131 bir i\u015fletmenin temelidir. Geni\u015f teknik bilgi birikimine sahip metalurji m\u00fchendisi, lojistik uzman\u0131n\u0131n da bulundu\u011fu kadromuz, \u00fcr\u00fcnlerinizin ihtiya\u00e7lar\u0131n\u0131 \u00e7ok k\u0131sa s\u00fcrede kar\u015f\u0131lamaktad\u0131r.<\/p>\n<h4>Ek hizmet<\/h4>\n<p>Geli\u015fmi\u015f ekipmanlar\u0131m\u0131z ve s\u0131k\u0131 \u00fcretim plan\u0131m\u0131zla, standart \u00fcr\u00fcnlerimizin yan\u0131 s\u0131ra, m\u00fc\u015fterinin \u00f6zel ihtiya\u00e7lar\u0131na ve \u00e7izimlerine g\u00f6re \u00f6zel \u00fcr\u00fcnler de \u00fcretmekteyiz. Yetenekli m\u00fchendisimiz ve \u00e7al\u0131\u015fan\u0131m\u0131z, paradan ve zamandan tasarruf etmenize yard\u0131mc\u0131 olacak bir dizi ek hizmet sunmak i\u00e7in bir araya gelir.<\/p>\n<h4>Geni\u015f Malzemeler<\/h4>\n<p>WLD \u00e7elik, geni\u015f bir sertifikal\u0131 ASME\/EN\/JIS malzemesi yelpazesine sahiptir ve ayn\u0131 zamanda g\u0131da s\u0131n\u0131f\u0131, t\u0131bbi s\u0131n\u0131f, \u00fcre ve nitrik kalitelerden olu\u015fan geni\u015f bir \u00fcr\u00fcn yelpazesini de an\u0131nda stoklamaktad\u0131r. Genel, end\u00fcstriyel ve \u00f6zel kalitelerde borular, levhalar, \u015fekillendirilmi\u015f par\u00e7alar, ba\u011flant\u0131 par\u00e7alar\u0131, flan\u015flar, \u00e7ubuklar, levhalar ve d\u00f6vme ba\u011flant\u0131 elemanlar\u0131ndan olu\u015fan geni\u015f bir envanter.<\/p>\n<\/div><\/section><\/div><\/p>","protected":false},"excerpt":{"rendered":"","protected":false},"author":1,"featured_media":0,"parent":0,"menu_order":0,"comment_status":"closed","ping_status":"closed","template":"","meta":{"footnotes":""},"class_list":["post-76","page","type-page","status-publish","hentry"],"aioseo_notices":[],"_links":{"self":[{"href":"https:\/\/wldstainless.com\/tr\/wp-json\/wp\/v2\/pages\/76","targetHints":{"allow":["GET"]}}],"collection":[{"href":"https:\/\/wldstainless.com\/tr\/wp-json\/wp\/v2\/pages"}],"about":[{"href":"https:\/\/wldstainless.com\/tr\/wp-json\/wp\/v2\/types\/page"}],"author":[{"embeddable":true,"href":"https:\/\/wldstainless.com\/tr\/wp-json\/wp\/v2\/users\/1"}],"replies":[{"embeddable":true,"href":"https:\/\/wldstainless.com\/tr\/wp-json\/wp\/v2\/comments?post=76"}],"version-history":[{"count":29,"href":"https:\/\/wldstainless.com\/tr\/wp-json\/wp\/v2\/pages\/76\/revisions"}],"predecessor-version":[{"id":2047,"href":"https:\/\/wldstainless.com\/tr\/wp-json\/wp\/v2\/pages\/76\/revisions\/2047"}],"wp:attachment":[{"href":"https:\/\/wldstainless.com\/tr\/wp-json\/wp\/v2\/media?parent=76"}],"curies":[{"name":"wp","href":"https:\/\/api.w.org\/{rel}","templated":true}]}}