{"id":558,"date":"2019-06-26T00:45:37","date_gmt":"2019-06-26T00:45:37","guid":{"rendered":"http:\/\/wldstainless.com\/?page_id=558"},"modified":"2020-12-11T05:43:53","modified_gmt":"2020-12-11T05:43:53","slug":"stainless-steel-cold-rolled-plate-sheet-coil","status":"publish","type":"page","link":"https:\/\/wldstainless.com\/tr\/products\/stainless-steel-cold-rolled-plate-sheet-coil\/","title":{"rendered":"Paslanmaz \u00c7elik So\u011fuk Haddelenmi\u015f Levha \/ Levha \/ Rulo"},"content":{"rendered":"<div class=\"flex_column av_one_fourth  flex_column_div av-zero-column-padding first\" style='border-radius:0px; '><p><div class='avia-builder-widget-area clearfix'><div id=\"nav_menu-7\" class=\"widget clearfix widget_nav_menu\"><h3 class=\"widgettitle\">\u00dcr\u00fcnler<\/h3><div class=\"menu-accessories-container\"><ul id=\"menu-accessories\" class=\"menu\"><li id=\"menu-item-1924\" class=\"menu-item menu-item-type-post_type menu-item-object-page menu-item-1924\"><a href=\"https:\/\/wldstainless.com\/tr\/products\/stainless-steel-angle\/\">Paslanmaz \u00c7elik A\u00e7\u0131<\/a><\/li>\n<li id=\"menu-item-1925\" class=\"menu-item menu-item-type-post_type menu-item-object-page menu-item-1925\"><a href=\"https:\/\/wldstainless.com\/tr\/products\/stainless-steel-beam\/\">Paslanmaz \u00c7elik Kiri\u015f<\/a><\/li>\n<li id=\"menu-item-1926\" class=\"menu-item menu-item-type-post_type menu-item-object-page menu-item-1926\"><a href=\"https:\/\/wldstainless.com\/tr\/products\/stainless-steel-capillary-tubes\/\">Paslanmaz \u00c7elik K\u0131lcal Borular<\/a><\/li>\n<li id=\"menu-item-1927\" class=\"menu-item menu-item-type-post_type menu-item-object-page menu-item-1927\"><a href=\"https:\/\/wldstainless.com\/tr\/products\/stainless-steel-channel\/\">Paslanmaz \u00c7elik Kanal<\/a><\/li>\n<li id=\"menu-item-1928\" class=\"menu-item menu-item-type-post_type menu-item-object-page menu-item-1928\"><a href=\"https:\/\/wldstainless.com\/tr\/products\/stainless-steel-coiled-tube\/\">Paslanmaz \u00c7elik Sarmal Boru<\/a><\/li>\n<li id=\"menu-item-1929\" class=\"menu-item menu-item-type-post_type menu-item-object-page menu-item-1929\"><a href=\"https:\/\/wldstainless.com\/tr\/products\/stainless-steel-cold-rolled-plate-sheet-coil\/\">Paslanmaz \u00c7elik So\u011fuk Haddelenmi\u015f Levha \/ Levha \/ Rulo<\/a><\/li>\n<li id=\"menu-item-1930\" class=\"menu-item menu-item-type-post_type menu-item-object-page menu-item-1930\"><a href=\"https:\/\/wldstainless.com\/tr\/products\/stainless-steel-flats\/\">Paslanmaz \u00c7elik Yass\u0131lar<\/a><\/li>\n<li id=\"menu-item-1931\" class=\"menu-item menu-item-type-post_type menu-item-object-page menu-item-1931\"><a href=\"https:\/\/wldstainless.com\/tr\/products\/stainless-steel-hexagon-bars\/\">Paslanmaz \u00c7elik Alt\u0131gen \u00c7ubuklar<\/a><\/li>\n<li id=\"menu-item-1932\" class=\"menu-item menu-item-type-post_type menu-item-object-page menu-item-1932\"><a href=\"https:\/\/wldstainless.com\/tr\/products\/stainless-steel-hot-rolled-plate-sheet-coil\/\">Paslanmaz \u00c7elik S\u0131cak Haddelenmi\u015f Levha \/ Levha \/ Rulo<\/a><\/li>\n<li id=\"menu-item-1933\" class=\"menu-item menu-item-type-post_type menu-item-object-page menu-item-1933\"><a href=\"https:\/\/wldstainless.com\/tr\/products\/stainless-steel-large-diameter-pipe\/\">Paslanmaz \u00c7elik B\u00fcy\u00fck \u00c7apl\u0131 Boru<\/a><\/li>\n<li id=\"menu-item-1934\" class=\"menu-item menu-item-type-post_type menu-item-object-page menu-item-1934\"><a href=\"https:\/\/wldstainless.com\/tr\/products\/stainless-steel-round-bars\/\">Paslanmaz \u00c7elik Yuvarlak \u00c7ubuklar<\/a><\/li>\n<li id=\"menu-item-1935\" class=\"menu-item menu-item-type-post_type menu-item-object-page menu-item-1935\"><a href=\"https:\/\/wldstainless.com\/tr\/products\/stainless-steel-square-tube\/\">Paslanmaz \u00c7elik Kare Boru<\/a><\/li>\n<li id=\"menu-item-1936\" class=\"menu-item menu-item-type-post_type menu-item-object-page menu-item-1936\"><a href=\"https:\/\/wldstainless.com\/tr\/products\/stainless-steel-u-bend-tube\/\">Paslanmaz \u00c7elik U-B\u00fck\u00fcm Borusu<\/a><\/li>\n<\/ul><\/div><\/div><\/div><br \/>\n<div  class='hr hr-default'><span class='hr-inner' ><span class='hr-inner-style'><\/span><\/span><\/div><br \/>\n<div class='avia-button-wrap avia-button-left'><a href='http:\/\/wldstainless.com\/contact\/#contact' class='avia-button   avia-icon_select-yes-left-icon avia-color-custom avia-size-large avia-position-left'  target=\"_blank\"  style='background-color:#e82221; border-color:#e82221; color:#ffffff; ' ><span class='avia_button_icon avia_button_icon_left' aria-hidden='true' data-av_icon='\ue84b' data-av_iconfont='entypo-fontello'><\/span><span class='avia_iconbox_title' >Bir teklif iste\u011fi<\/span><\/a><\/div><\/p><\/div>\n<div class=\"flex_column av_three_fourth  flex_column_div\" style='padding:0px 0px 50px 0px ; border-radius:0px; '><p><div style='padding-bottom:10px;color:#d3311f;' class='av-special-heading av-special-heading-h3 custom-color-heading'><h3 class='av-special-heading-tag'  itemprop=\"headline\"  >So\u011fuk Haddelenmi\u015f Paslanmaz \u00c7elik Sac\/Levha\/Rulo<\/h3><div class='special-heading-border'><div class='special-heading-inner-border' style='border-color:#d3311f'><\/div><\/div><\/div><br \/>\n<div  class='hr hr-default'><span class='hr-inner' ><span class='hr-inner-style'><\/span><\/span><\/div><br \/>\n<section class=\"av_textblock_section\"  itemscope=\"itemscope\" itemtype=\"https:\/\/schema.org\/CreativeWork\" ><div class='avia_textblock'   itemprop=\"text\" ><p>Ad\u0131ndan da anla\u015f\u0131laca\u011f\u0131 gibi paslanmaz \u00e7elik so\u011fuk haddelenmi\u015f levha, so\u011fuk haddelenmi\u015f i\u015flemle \u00fcretilen paslanmaz \u00e7elik bir levhad\u0131r. Genellikle levha i\u00e7in 3 mm&#039;den az, levha i\u00e7in 3 mm&#039;den fazla kal\u0131nl\u0131ktan s\u00f6z ettik. Paslanmaz \u00e7elik so\u011fuk haddelenmi\u015f levha, rulo ve \u015ferit \u00fcr\u00fcnleri m\u00fckemmel korozyon direncine, iyi mekanik \u00f6zelliklere, i\u015fleme \u00f6zelliklerine ve \u00e7e\u015fitli y\u00fczey kaplamalar\u0131na sahiptir; ev aletleri, petrokimya, t\u0131bbi ekipman, otomobil, gemi, hassas elektroniklerde yayg\u0131n olarak kullan\u0131lmaktad\u0131r. ve di\u011fer alanlar.<\/p>\n<p>So\u011fuk haddelenmi\u015f y\u00fczeyin yeniden i\u015flenmesi, paslanmaz \u00e7elik y\u00fczeyin farkl\u0131 bir y\u00fczey, doku ve renk sunmas\u0131na olanak tan\u0131r. Paslanmaz \u00e7elik so\u011fuk haddelenmi\u015f levhalar\u0131n y\u00fczey kaplamalar\u0131 aras\u0131nda 2D, 2B, No.3, No.4, 240, 320, No.7, No.8, HL, BA, TR, sert durum, kabartmal\u0131 ve di\u011fer y\u00fczey kaliteleri bulunur. Ayr\u0131ca elektrokaplama, elektro-parlatma, a\u015f\u0131nd\u0131rma, bilyal\u0131 d\u00f6vme, renklendirme, kaplama ve so\u011fuk haddelemeye dayal\u0131 \u00e7e\u015fitli kombinasyonlarla i\u015flenebilir.<\/p>\n<p>ASTM, ASME ve EN standartlar\u0131na uygun paslanmaz \u00e7elik sac, levha tedarik\u00e7isi ve \u00fcreticisi olarak. WLD \u00e7elik, bu \u00fcr\u00fcnleri 201, 304\/304L, 316\/316L, 430, 410S, 409\/409L ve dubleks kalite 2205 tipinde tedarik etmektedir; t\u00fcm \u00fcr\u00fcnlerimiz b\u00fckme, d\u00fczeltme, dekapaj, \u0131s\u0131l i\u015flem i\u00e7in yeniden i\u015flenebilir, kaplamal\u0131 veya di\u011ferleri.<\/p>\n<\/div><\/section><br \/>\n<section class=\"av_textblock_section\"  itemscope=\"itemscope\" itemtype=\"https:\/\/schema.org\/CreativeWork\" ><div class='avia_textblock'   itemprop=\"text\" ><p>\u00d6zellikler: ASTM A240, ASTM A480<\/p>\n<p>Y\u00fczey kaplamas\u0131: No1, 2D, 2B, BA, No 3, No4, No8, HL,<\/p>\n<p>Boyut: 800-1300*0.2-3.0mm(Bobin); 800-2000*0.2-100mm(Levha)<\/p>\n<p>Mevcut kaliteler: 201, <a href=\"https:\/\/wldstainless.com\/materials\/austenitic-stainless-steel\/304-304l-stainless-steel\/\">304\/304L<\/a>, <a href=\"https:\/\/wldstainless.com\/materials\/austenitic-stainless-steel\/316-316l-stainless-steel\/\">316\/316L<\/a>, 317, 309S, 321H, <a href=\"https:\/\/wldstainless.com\/materials\/austenitic-stainless-steel\/347-347h-stainless-steel\/\">347<\/a>409L,<a href=\"https:\/\/wldstainless.com\/materials\/austenitic-stainless-steel\/904l-stainless-steel\/\"> 904L<\/a>,<a href=\"https:\/\/wldstainless.com\/materials\/duplex-stainless-steel\/alloy-2205-stainless-steel\/\"> 2205<\/a><\/p>\n<h4>Paslanmaz \u00e7elik so\u011fuk haddelenmi\u015f sac \/ levha \/ rulonun boyutu<\/h4>\n<table>\n<tbody>\n<tr>\n<td width=\"13.1000%\">Y\u00fczey kaplama t\u00fcrleri<\/td>\n<td colspan=\"2\" width=\"32.5400%\">\u00dcr\u00fcnler<\/td>\n<td width=\"14.6200%\">Nominal kal\u0131nl\u0131k, mm<\/td>\n<td width=\"14.6400%\">Nominal geni\u015flik, mm<\/td>\n<td width=\"22.9000%\">Plaka Nominal uzunlu\u011fu veya Bobin i\u00e7 \u00e7ap\u0131, mm<\/td>\n<\/tr>\n<tr>\n<td rowspan=\"5\" width=\"13.1000%\">No.2E<\/td>\n<td rowspan=\"2\" width=\"14.4200%\">\u00c7elik levha<\/td>\n<td width=\"17.7600%\">Kenar kesme<\/td>\n<td rowspan=\"2\" width=\"14.6200%\">1.4~6.5<\/td>\n<td width=\"14.6400%\">730~1570<\/td>\n<td rowspan=\"2\" width=\"22.9000%\">1000~12000(Levha)<\/td>\n<\/tr>\n<tr>\n<td width=\"17.7600%\">Kenar kesilmez<\/td>\n<td width=\"14.6400%\">750~1600<\/td>\n<\/tr>\n<tr>\n<td rowspan=\"2\" width=\"14.4200%\">\u00c7elik bobin<\/td>\n<td width=\"17.7600%\">Kenar kesme<\/td>\n<td rowspan=\"2\" width=\"14.6200%\">1.4~6.5<\/td>\n<td width=\"14.6400%\">730~1570<\/td>\n<td rowspan=\"2\" width=\"22.9000%\">610(Bobin)<\/td>\n<\/tr>\n<tr>\n<td width=\"17.7600%\">Kenar kesilmez<\/td>\n<td width=\"14.6400%\">750~1600<\/td>\n<\/tr>\n<tr>\n<td colspan=\"2\" width=\"32.5400%\">Boyuna kesme \u00e7elik bobin<\/td>\n<td width=\"14.6200%\">1.4~3.0<\/td>\n<td width=\"14.6400%\">120~700<\/td>\n<td width=\"22.9000%\">508\/610 (Bobin)<\/td>\n<\/tr>\n<tr>\n<td rowspan=\"5\" width=\"13.1000%\">No.2D<br \/>\nNo.2B<\/td>\n<td rowspan=\"2\" width=\"14.4200%\">\u00c7elik levha<\/td>\n<td width=\"17.7600%\">Kenar kesme<\/td>\n<td rowspan=\"2\" width=\"14.6200%\">0.20~3.0<\/td>\n<td width=\"14.6400%\">730~1350<\/td>\n<td rowspan=\"2\" width=\"22.9000%\">1000~5000 (Levha)<\/td>\n<\/tr>\n<tr>\n<td width=\"17.7600%\">Kenar kesilmez<\/td>\n<td width=\"14.6400%\">750~1350<\/td>\n<\/tr>\n<tr>\n<td rowspan=\"2\" width=\"14.4200%\">\u00c7elik bobin<\/td>\n<td width=\"17.7600%\">Kenar kesme<\/td>\n<td rowspan=\"2\" width=\"14.6200%\">0.20~5.0<\/td>\n<td width=\"14.6400%\">730~1570<\/td>\n<td rowspan=\"3\" width=\"22.9000%\">508\/610 (Bobin)<\/td>\n<\/tr>\n<tr>\n<td width=\"17.7600%\">Kenar kesilmez<\/td>\n<td width=\"14.6400%\">750~1600<\/td>\n<\/tr>\n<tr>\n<td colspan=\"2\" width=\"32.5400%\">Boyuna kesme \u00e7elik bobin<\/td>\n<td width=\"14.6200%\">0.20~3.0<\/td>\n<td width=\"14.6400%\">120~700<\/td>\n<\/tr>\n<tr>\n<td rowspan=\"5\" width=\"13.1000%\">Numara 3<br \/>\n4 numara<br \/>\nHL<br \/>\nLisans<\/td>\n<td rowspan=\"2\" width=\"14.4200%\">\u00c7elik levha<\/td>\n<td width=\"17.7600%\">Kenar kesme<\/td>\n<td rowspan=\"2\" width=\"14.6200%\">0.20~3.0<\/td>\n<td width=\"14.6400%\">730~1350<\/td>\n<td rowspan=\"2\" width=\"22.9000%\">1000~9000 (Plaka)<\/td>\n<\/tr>\n<tr>\n<td width=\"17.7600%\">Kenar kesilmez<\/td>\n<td width=\"14.6400%\">750~1350<\/td>\n<\/tr>\n<tr>\n<td rowspan=\"2\" width=\"14.4200%\">\u00c7elik bobin<\/td>\n<td width=\"17.7600%\">Kenar kesme<\/td>\n<td rowspan=\"2\" width=\"14.6200%\">0.20~3.0<\/td>\n<td width=\"14.6400%\">730~1570<\/td>\n<td rowspan=\"3\" width=\"22.9000%\">508\/610 (Bobin)<\/td>\n<\/tr>\n<tr>\n<td width=\"17.7600%\">Kenar kesilmez<\/td>\n<td width=\"14.6400%\">750~1600<\/td>\n<\/tr>\n<tr>\n<td colspan=\"2\" width=\"32.5400%\">Boyuna kesme \u00e7elik \u015ferit<\/td>\n<td width=\"14.6200%\">0.20~3.0<\/td>\n<td width=\"14.6400%\">120~700<\/td>\n<\/tr>\n<\/tbody>\n<\/table>\n<\/div><\/section><\/p><\/div>","protected":false},"excerpt":{"rendered":"","protected":false},"author":1,"featured_media":0,"parent":346,"menu_order":0,"comment_status":"closed","ping_status":"closed","template":"","meta":{"footnotes":""},"class_list":["post-558","page","type-page","status-publish","hentry"],"aioseo_notices":[],"_links":{"self":[{"href":"https:\/\/wldstainless.com\/tr\/wp-json\/wp\/v2\/pages\/558","targetHints":{"allow":["GET"]}}],"collection":[{"href":"https:\/\/wldstainless.com\/tr\/wp-json\/wp\/v2\/pages"}],"about":[{"href":"https:\/\/wldstainless.com\/tr\/wp-json\/wp\/v2\/types\/page"}],"author":[{"embeddable":true,"href":"https:\/\/wldstainless.com\/tr\/wp-json\/wp\/v2\/users\/1"}],"replies":[{"embeddable":true,"href":"https:\/\/wldstainless.com\/tr\/wp-json\/wp\/v2\/comments?post=558"}],"version-history":[{"count":16,"href":"https:\/\/wldstainless.com\/tr\/wp-json\/wp\/v2\/pages\/558\/revisions"}],"predecessor-version":[{"id":2054,"href":"https:\/\/wldstainless.com\/tr\/wp-json\/wp\/v2\/pages\/558\/revisions\/2054"}],"up":[{"embeddable":true,"href":"https:\/\/wldstainless.com\/tr\/wp-json\/wp\/v2\/pages\/346"}],"wp:attachment":[{"href":"https:\/\/wldstainless.com\/tr\/wp-json\/wp\/v2\/media?parent=558"}],"curies":[{"name":"wp","href":"https:\/\/api.w.org\/{rel}","templated":true}]}}