{"id":346,"date":"2019-06-12T02:09:56","date_gmt":"2019-06-12T02:09:56","guid":{"rendered":"http:\/\/wldstainless.com\/?page_id=346"},"modified":"2020-12-11T06:21:06","modified_gmt":"2020-12-11T06:21:06","slug":"products","status":"publish","type":"page","link":"https:\/\/wldstainless.com\/tr\/products\/","title":{"rendered":"\u00dcR\u00dcNLER"},"content":{"rendered":"<div class=\"flex_column av_one_fourth  flex_column_div av-zero-column-padding first\" style='border-radius:0px; '><p><div class='avia-builder-widget-area clearfix'><div id=\"nav_menu-7\" class=\"widget clearfix widget_nav_menu\"><h3 class=\"widgettitle\">\u00dcr\u00fcnler<\/h3><div class=\"menu-accessories-container\"><ul id=\"menu-accessories\" class=\"menu\"><li id=\"menu-item-1924\" class=\"menu-item menu-item-type-post_type menu-item-object-page menu-item-1924\"><a href=\"https:\/\/wldstainless.com\/tr\/products\/stainless-steel-angle\/\">Paslanmaz \u00c7elik A\u00e7\u0131<\/a><\/li>\n<li id=\"menu-item-1925\" class=\"menu-item menu-item-type-post_type menu-item-object-page menu-item-1925\"><a href=\"https:\/\/wldstainless.com\/tr\/products\/stainless-steel-beam\/\">Paslanmaz \u00c7elik Kiri\u015f<\/a><\/li>\n<li id=\"menu-item-1926\" class=\"menu-item menu-item-type-post_type menu-item-object-page menu-item-1926\"><a href=\"https:\/\/wldstainless.com\/tr\/products\/stainless-steel-capillary-tubes\/\">Paslanmaz \u00c7elik K\u0131lcal Borular<\/a><\/li>\n<li id=\"menu-item-1927\" class=\"menu-item menu-item-type-post_type menu-item-object-page menu-item-1927\"><a href=\"https:\/\/wldstainless.com\/tr\/products\/stainless-steel-channel\/\">Paslanmaz \u00c7elik Kanal<\/a><\/li>\n<li id=\"menu-item-1928\" class=\"menu-item menu-item-type-post_type menu-item-object-page menu-item-1928\"><a href=\"https:\/\/wldstainless.com\/tr\/products\/stainless-steel-coiled-tube\/\">Paslanmaz \u00c7elik Sarmal Boru<\/a><\/li>\n<li id=\"menu-item-1929\" class=\"menu-item menu-item-type-post_type menu-item-object-page menu-item-1929\"><a href=\"https:\/\/wldstainless.com\/tr\/products\/stainless-steel-cold-rolled-plate-sheet-coil\/\">Paslanmaz \u00c7elik So\u011fuk Haddelenmi\u015f Levha \/ Levha \/ Rulo<\/a><\/li>\n<li id=\"menu-item-1930\" class=\"menu-item menu-item-type-post_type menu-item-object-page menu-item-1930\"><a href=\"https:\/\/wldstainless.com\/tr\/products\/stainless-steel-flats\/\">Paslanmaz \u00c7elik Yass\u0131lar<\/a><\/li>\n<li id=\"menu-item-1931\" class=\"menu-item menu-item-type-post_type menu-item-object-page menu-item-1931\"><a href=\"https:\/\/wldstainless.com\/tr\/products\/stainless-steel-hexagon-bars\/\">Paslanmaz \u00c7elik Alt\u0131gen \u00c7ubuklar<\/a><\/li>\n<li id=\"menu-item-1932\" class=\"menu-item menu-item-type-post_type menu-item-object-page menu-item-1932\"><a href=\"https:\/\/wldstainless.com\/tr\/products\/stainless-steel-hot-rolled-plate-sheet-coil\/\">Paslanmaz \u00c7elik S\u0131cak Haddelenmi\u015f Levha \/ Levha \/ Rulo<\/a><\/li>\n<li id=\"menu-item-1933\" class=\"menu-item menu-item-type-post_type menu-item-object-page menu-item-1933\"><a href=\"https:\/\/wldstainless.com\/tr\/products\/stainless-steel-large-diameter-pipe\/\">Paslanmaz \u00c7elik B\u00fcy\u00fck \u00c7apl\u0131 Boru<\/a><\/li>\n<li id=\"menu-item-1934\" class=\"menu-item menu-item-type-post_type menu-item-object-page menu-item-1934\"><a href=\"https:\/\/wldstainless.com\/tr\/products\/stainless-steel-round-bars\/\">Paslanmaz \u00c7elik Yuvarlak \u00c7ubuklar<\/a><\/li>\n<li id=\"menu-item-1935\" class=\"menu-item menu-item-type-post_type menu-item-object-page menu-item-1935\"><a href=\"https:\/\/wldstainless.com\/tr\/products\/stainless-steel-square-tube\/\">Paslanmaz \u00c7elik Kare Boru<\/a><\/li>\n<li id=\"menu-item-1936\" class=\"menu-item menu-item-type-post_type menu-item-object-page menu-item-1936\"><a href=\"https:\/\/wldstainless.com\/tr\/products\/stainless-steel-u-bend-tube\/\">Paslanmaz \u00c7elik U-B\u00fck\u00fcm Borusu<\/a><\/li>\n<\/ul><\/div><\/div><\/div><br \/>\n<div  class='hr hr-default'><span class='hr-inner' ><span class='hr-inner-style'><\/span><\/span><\/div><br \/>\n<div class='avia-button-wrap avia-button-left'><a href='http:\/\/wldstainless.com\/contact\/#contact' class='avia-button   avia-icon_select-yes-left-icon avia-color-custom avia-size-large avia-position-left'  target=\"_blank\"  style='background-color:#e82221; border-color:#e82221; color:#ffffff; ' ><span class='avia_button_icon avia_button_icon_left' aria-hidden='true' data-av_icon='\ue84b' data-av_iconfont='entypo-fontello'><\/span><span class='avia_iconbox_title' >Bir teklif iste\u011fi<\/span><\/a><\/div><\/p><\/div>\n<div class=\"flex_column av_three_fourth  flex_column_div\" style='padding:0px 0px 50px 0px ; border-radius:0px; '><p><section class=\"av_textblock_section\"  itemscope=\"itemscope\" itemtype=\"https:\/\/schema.org\/CreativeWork\" ><div class='avia_textblock'   itemprop=\"text\" ><p>Borular, t\u00fcpler, levhalar, levhalar, bobinler, \u015feritler, yuvarlak \u00e7ubuk, alt\u0131gen \u00e7ubuk, yass\u0131 ve k\u00f6\u015febentler, kiri\u015fler ve kanallar gibi \u015fekillendirilmi\u015f \u00e7elikler \u015feklinde geni\u015f bir korozyona dayan\u0131kl\u0131 paslanmaz \u00e7elik se\u00e7ene\u011fi sunuyoruz. Bu \u00fcr\u00fcnleri standart boylarda sat\u0131n alabilece\u011finiz gibi \u00e7ubuk i\u015fleme ekipmanlar\u0131m\u0131z ile boy kesme hizmeti de vermekteyiz. Bulmas\u0131 zor bir malzemeye veya \u00f6zel haz\u0131rlanm\u0131\u015f bir spesifikasyona ihtiyac\u0131n\u0131z varsa, bu \u00f6zel hizmetlerle ilgili sorular\u0131n\u0131z veya sorular\u0131n\u0131z i\u00e7in bizimle ileti\u015fime ge\u00e7in. Genel notlar ve form a\u015fa\u011f\u0131da g\u00f6sterilmi\u015ftir:<\/p>\n<\/div><\/section><br \/>\n<section class=\"av_textblock_section\"  itemscope=\"itemscope\" itemtype=\"https:\/\/schema.org\/CreativeWork\" ><div class='avia_textblock'   itemprop=\"text\" ><table>\n<tbody>\n<tr>\n<td width=\"287\">\n<h4><strong><b>Boru \/ Boru<\/b><\/strong><\/h4>\n<\/td>\n<td width=\"565\">\n<ul>\n<li>Paslanmaz \u00e7elik <a href=\"https:\/\/wldstainless.com\/products\/stainless-steel-coiled-tube\/\">Diki\u015fsiz t\u00fcp<\/a><\/li>\n<li>Paslanmaz \u00e7elik <a href=\"https:\/\/wldstainless.com\/products\/stainless-steel-square-tube\/\">Kaynakl\u0131 boru<\/a><\/li>\n<li>Paslanmaz \u00e7elik <a href=\"https:\/\/wldstainless.com\/products\/stainless-steel-capillary-tubes\/\">S\u0131hhi Boru<\/a><\/li>\n<li>Paslanmaz \u00e7elik <a href=\"https:\/\/wldstainless.com\/products\/stainless-steel-u-bend-tube\/\">U-b\u00fckme Borusu<\/a><\/li>\n<li>Paslanmaz \u00e7elik <a href=\"https:\/\/wldstainless.com\/products\/stainless-steel-large-diameter-pipe\/\">B\u00fcy\u00fck \u00c7apl\u0131 Boru<\/a><\/li>\n<\/ul>\n<\/td>\n<\/tr>\n<tr>\n<td width=\"287\">\n<h4><strong><b>\u00c7ubuklar\/\u00c7ubuklar<\/b><\/strong><\/h4>\n<\/td>\n<td width=\"565\">\n<ul>\n<li>Paslanmaz \u00e7elik <a href=\"https:\/\/wldstainless.com\/products\/stainless-steel-round-bars\/\">Turlar<\/a><\/li>\n<li>Paslanmaz \u00c7elik Kareler<\/li>\n<li>Paslanmaz \u00e7elik <a href=\"https:\/\/wldstainless.com\/products\/stainless-steel-hexagon-bars\/\">Alt\u0131genler<\/a><\/li>\n<li>Paslanmaz \u00e7elik Daireler<\/li>\n<\/ul>\n<\/td>\n<\/tr>\n<tr>\n<td width=\"287\">\n<h4><strong><b>Plaka\/Levha\/Bobin\/\u015eerit<\/b><\/strong><\/h4>\n<\/td>\n<td width=\"565\">\n<ul>\n<li>Paslanmaz \u00e7elik <a href=\"https:\/\/wldstainless.com\/products\/stainless-steel-hot-rolled-plate-sheet-coil\/\">S\u0131cak Haddelenmi\u015f Levha<\/a>\/Levha\/ Rulo\/\u015eerit<\/li>\n<li>Paslanmaz \u00e7elik <a href=\"https:\/\/wldstainless.com\/products\/stainless-steel-cold-rolled-plate-sheet-coil\/\">So\u011fuk Haddelenmi\u015f Levha<\/a>\/Levha\/ Rulo\/\u015eerit<\/li>\n<\/ul>\n<\/td>\n<\/tr>\n<tr>\n<td width=\"287\">\n<h4><strong><b>Yap\u0131sal \u015eekiller<\/b><\/strong><\/h4>\n<\/td>\n<td width=\"565\">\n<ul>\n<li>Paslanmaz \u00e7elik <a href=\"https:\/\/wldstainless.com\/products\/stainless-steel-beam\/\">kiri\u015f<\/a><\/li>\n<li>Paslanmaz \u00e7elik <a href=\"https:\/\/wldstainless.com\/products\/stainless-steel-angle\/\">A\u00e7\u0131<\/a><\/li>\n<li>Paslanmaz \u00e7elik <a href=\"https:\/\/wldstainless.com\/products\/stainless-steel-angle\/\">Kanal<\/a><\/li>\n<\/ul>\n<\/td>\n<\/tr>\n<\/tbody>\n<\/table>\n<\/div><\/section><\/p><\/div>","protected":false},"excerpt":{"rendered":"","protected":false},"author":1,"featured_media":0,"parent":0,"menu_order":0,"comment_status":"closed","ping_status":"closed","template":"","meta":{"footnotes":""},"class_list":["post-346","page","type-page","status-publish","hentry"],"aioseo_notices":[],"_links":{"self":[{"href":"https:\/\/wldstainless.com\/tr\/wp-json\/wp\/v2\/pages\/346","targetHints":{"allow":["GET"]}}],"collection":[{"href":"https:\/\/wldstainless.com\/tr\/wp-json\/wp\/v2\/pages"}],"about":[{"href":"https:\/\/wldstainless.com\/tr\/wp-json\/wp\/v2\/types\/page"}],"author":[{"embeddable":true,"href":"https:\/\/wldstainless.com\/tr\/wp-json\/wp\/v2\/users\/1"}],"replies":[{"embeddable":true,"href":"https:\/\/wldstainless.com\/tr\/wp-json\/wp\/v2\/comments?post=346"}],"version-history":[{"count":15,"href":"https:\/\/wldstainless.com\/tr\/wp-json\/wp\/v2\/pages\/346\/revisions"}],"predecessor-version":[{"id":2061,"href":"https:\/\/wldstainless.com\/tr\/wp-json\/wp\/v2\/pages\/346\/revisions\/2061"}],"wp:attachment":[{"href":"https:\/\/wldstainless.com\/tr\/wp-json\/wp\/v2\/media?parent=346"}],"curies":[{"name":"wp","href":"https:\/\/api.w.org\/{rel}","templated":true}]}}