{"id":2091,"date":"2021-02-25T06:29:03","date_gmt":"2021-02-25T06:29:03","guid":{"rendered":"https:\/\/wldstainless.com\/?page_id=2091"},"modified":"2021-02-25T07:32:25","modified_gmt":"2021-02-25T07:32:25","slug":"stainless-steel-pipe-elbow","status":"publish","type":"page","link":"https:\/\/wldstainless.com\/tr\/products\/stainless-steel-pipe-elbow\/","title":{"rendered":"Paslanmaz \u00c7elik Boru Dirse\u011fi"},"content":{"rendered":"<div class=\"flex_column av_one_fourth  flex_column_div av-zero-column-padding first\" style='border-radius:0px; '><p><div class='avia-builder-widget-area clearfix'><div id=\"nav_menu-7\" class=\"widget clearfix widget_nav_menu\"><h3 class=\"widgettitle\">\u00dcr\u00fcnler<\/h3><div class=\"menu-accessories-container\"><ul id=\"menu-accessories\" class=\"menu\"><li id=\"menu-item-1924\" class=\"menu-item menu-item-type-post_type menu-item-object-page menu-item-1924\"><a href=\"https:\/\/wldstainless.com\/tr\/products\/stainless-steel-angle\/\">Paslanmaz \u00c7elik A\u00e7\u0131<\/a><\/li>\n<li id=\"menu-item-1925\" class=\"menu-item menu-item-type-post_type menu-item-object-page menu-item-1925\"><a href=\"https:\/\/wldstainless.com\/tr\/products\/stainless-steel-beam\/\">Paslanmaz \u00c7elik Kiri\u015f<\/a><\/li>\n<li id=\"menu-item-1926\" class=\"menu-item menu-item-type-post_type menu-item-object-page menu-item-1926\"><a href=\"https:\/\/wldstainless.com\/tr\/products\/stainless-steel-capillary-tubes\/\">Paslanmaz \u00c7elik K\u0131lcal Borular<\/a><\/li>\n<li id=\"menu-item-1927\" class=\"menu-item menu-item-type-post_type menu-item-object-page menu-item-1927\"><a href=\"https:\/\/wldstainless.com\/tr\/products\/stainless-steel-channel\/\">Paslanmaz \u00c7elik Kanal<\/a><\/li>\n<li id=\"menu-item-1928\" class=\"menu-item menu-item-type-post_type menu-item-object-page menu-item-1928\"><a href=\"https:\/\/wldstainless.com\/tr\/products\/stainless-steel-coiled-tube\/\">Paslanmaz \u00c7elik Sarmal Boru<\/a><\/li>\n<li id=\"menu-item-1929\" class=\"menu-item menu-item-type-post_type menu-item-object-page menu-item-1929\"><a href=\"https:\/\/wldstainless.com\/tr\/products\/stainless-steel-cold-rolled-plate-sheet-coil\/\">Paslanmaz \u00c7elik So\u011fuk Haddelenmi\u015f Levha \/ Levha \/ Rulo<\/a><\/li>\n<li id=\"menu-item-1930\" class=\"menu-item menu-item-type-post_type menu-item-object-page menu-item-1930\"><a href=\"https:\/\/wldstainless.com\/tr\/products\/stainless-steel-flats\/\">Paslanmaz \u00c7elik Yass\u0131lar<\/a><\/li>\n<li id=\"menu-item-1931\" class=\"menu-item menu-item-type-post_type menu-item-object-page menu-item-1931\"><a href=\"https:\/\/wldstainless.com\/tr\/products\/stainless-steel-hexagon-bars\/\">Paslanmaz \u00c7elik Alt\u0131gen \u00c7ubuklar<\/a><\/li>\n<li id=\"menu-item-1932\" class=\"menu-item menu-item-type-post_type menu-item-object-page menu-item-1932\"><a href=\"https:\/\/wldstainless.com\/tr\/products\/stainless-steel-hot-rolled-plate-sheet-coil\/\">Paslanmaz \u00c7elik S\u0131cak Haddelenmi\u015f Levha \/ Levha \/ Rulo<\/a><\/li>\n<li id=\"menu-item-1933\" class=\"menu-item menu-item-type-post_type menu-item-object-page menu-item-1933\"><a href=\"https:\/\/wldstainless.com\/tr\/products\/stainless-steel-large-diameter-pipe\/\">Paslanmaz \u00c7elik B\u00fcy\u00fck \u00c7apl\u0131 Boru<\/a><\/li>\n<li id=\"menu-item-1934\" class=\"menu-item menu-item-type-post_type menu-item-object-page menu-item-1934\"><a href=\"https:\/\/wldstainless.com\/tr\/products\/stainless-steel-round-bars\/\">Paslanmaz \u00c7elik Yuvarlak \u00c7ubuklar<\/a><\/li>\n<li id=\"menu-item-1935\" class=\"menu-item menu-item-type-post_type menu-item-object-page menu-item-1935\"><a href=\"https:\/\/wldstainless.com\/tr\/products\/stainless-steel-square-tube\/\">Paslanmaz \u00c7elik Kare Boru<\/a><\/li>\n<li id=\"menu-item-1936\" class=\"menu-item menu-item-type-post_type menu-item-object-page menu-item-1936\"><a href=\"https:\/\/wldstainless.com\/tr\/products\/stainless-steel-u-bend-tube\/\">Paslanmaz \u00c7elik U-B\u00fck\u00fcm Borusu<\/a><\/li>\n<\/ul><\/div><\/div><\/div><br \/>\n<div  class='hr hr-default'><span class='hr-inner' ><span class='hr-inner-style'><\/span><\/span><\/div><br \/>\n<div class='avia-button-wrap avia-button-left'><a href='http:\/\/wldstainless.com\/contact\/#contact' class='avia-button   avia-icon_select-yes-left-icon avia-color-custom avia-size-large avia-position-left'  target=\"_blank\"  style='background-color:#e82221; border-color:#e82221; color:#ffffff; ' ><span class='avia_button_icon avia_button_icon_left' aria-hidden='true' data-av_icon='\ue84b' data-av_iconfont='entypo-fontello'><\/span><span class='avia_iconbox_title' >Bir teklif iste\u011fi<\/span><\/a><\/div><\/p><\/div>\n<div class=\"flex_column av_three_fourth  flex_column_div\" style='padding:0px 0px 50px 0px ; border-radius:0px; '><p><div style='padding-bottom:10px;' class='av-special-heading av-special-heading-h3'><h3 class='av-special-heading-tag'  itemprop=\"headline\"  >Paslanmaz \u00c7elik Boru Dirse\u011fi<\/h3><div class='special-heading-border'><div class='special-heading-inner-border' ><\/div><\/div><\/div><br \/>\n<div class='avia-gallery  avia-gallery-1 avia_lazyload avia_animate_when_visible'  itemprop=\"ImageObject\" itemscope=\"itemscope\" itemtype=\"https:\/\/schema.org\/ImageObject\" ><div class='avia-gallery-thumb'> <a href='https:\/\/wldstainless.com\/wp-content\/uploads\/2021\/02\/LR-Elbow.jpg' data-rel='gallery-1' data-prev-img='https:\/\/wldstainless.com\/wp-content\/uploads\/2021\/02\/LR-Elbow.jpg' class='first_thumb lightbox' data-onclick='1' title=''  itemprop=\"thumbnailUrl\" ><img  src='https:\/\/wldstainless.com\/wp-content\/uploads\/2021\/02\/LR-Elbow.jpg' width='300' height='300'  title='LR Dirsek' alt='' \/><\/a> <a href='https:\/\/wldstainless.com\/wp-content\/uploads\/2021\/02\/SR-Elbow.jpg' data-rel='gallery-1' data-prev-img='https:\/\/wldstainless.com\/wp-content\/uploads\/2021\/02\/SR-Elbow.jpg' class='lightbox' data-onclick='2' title=''  itemprop=\"thumbnailUrl\" ><img  src='https:\/\/wldstainless.com\/wp-content\/uploads\/2021\/02\/SR-Elbow.jpg' width='300' height='300'  title='SR Dirsek' alt='' \/><\/a> <a href='https:\/\/wldstainless.com\/wp-content\/uploads\/2021\/02\/304-butt-weld-elbow.jpg' data-rel='gallery-1' data-prev-img='https:\/\/wldstainless.com\/wp-content\/uploads\/2021\/02\/304-butt-weld-elbow.jpg' class='lightbox' data-onclick='3' title=''  itemprop=\"thumbnailUrl\" ><img  src='https:\/\/wldstainless.com\/wp-content\/uploads\/2021\/02\/304-butt-weld-elbow.jpg' width='300' height='300'  title='304 al\u0131n kaynak dirse\u011fi' alt='' \/><\/a><\/div><\/div><br \/>\n<div  class='hr hr-default'><span class='hr-inner' ><span class='hr-inner-style'><\/span><\/span><\/div><br \/>\n<section class=\"av_textblock_section\"  itemscope=\"itemscope\" itemtype=\"https:\/\/schema.org\/CreativeWork\" ><div class='avia_textblock'   itemprop=\"text\" ><p>Dirsekler, boru ba\u011flant\u0131s\u0131 i\u00e7in yayg\u0131n olarak kullan\u0131lan boru ba\u011flant\u0131 par\u00e7alar\u0131d\u0131r. WLD \u00e7eli\u011finde esas olarak SR ve LR dirseklerini tedarik ettik. SR dirsekleri, in\u00e7 cinsinden NPS&#039;ye (R=1.0D) e\u015fit olan k\u0131sa yar\u0131\u00e7apl\u0131 dirseklere veya b\u00fck\u00fcmlere at\u0131fta bulunur ve LR yar\u0131\u00e7apl\u0131 dirsekler, merkezden uca bir mesafeye sahiptir. in\u00e7 cinsinden NPS&#039;nin 1,5 kat\u0131d\u0131r (R=1,5D). 45\u00b0, 90\u00b0 ve 180\u00b0 dirsekler \u201cuzun yar\u0131\u00e7apl\u0131\u201d versiyondur ve ayr\u0131ca 90\u00b0 ve 180\u00b0 dirseklerin her ikisi de \u201ck\u0131sa yar\u0131\u00e7apl\u0131\u201d versiyondur. Uzun yar\u0131\u00e7apl\u0131 dirsekler borular\u0131 ba\u011flamak i\u00e7in kullan\u0131labilir ve ayn\u0131 i\u00e7 ve d\u0131\u015f \u00e7apa, a\u00e7\u0131ya ve et kal\u0131nl\u0131\u011f\u0131na sahiptir. WLD Steel, \u00e7e\u015fitli kalite ve boyutlarda mevcut paslanmaz \u00e7elik dirse\u011fin lider \u00fcreticisi, tedarik\u00e7isi ve envanteridir; 30\u00b0, 45\u00b0, 60\u00b0,90\u00b0, 180\u00b0, SR dirsek, SR dirsek tedarik ediyoruz. 304. s\u0131n\u0131f.<\/p>\n<h4><strong>Boru Dirseklerinin \u00d6zellikleri<\/strong><\/h4>\n<table>\n<tbody>\n<tr>\n<td width=\"426\">Formlar:<\/td>\n<td width=\"426\">\n<ul>\n<li>Diki\u015fsiz \/ Kaynakl\u0131 \/ Fabrikasyon<\/li>\n<li>LR 30\u00b0, 45\u00b0, 60\u00b0, 90\u00b0, 180\u00b0, SR 90\u00b0\/ SR 180\u00b0<\/li>\n<\/ul>\n<\/td>\n<\/tr>\n<tr>\n<td width=\"426\">Malzeme<\/td>\n<td width=\"426\">Paslanmaz \u00e7elik<\/p>\n<p>Dubleks Paslanmaz \u00c7elik<\/td>\n<\/tr>\n<tr>\n<td width=\"426\">\u015eartname<\/td>\n<td width=\"426\">ASTM A420, ANSI\/ASME B16.9, B16.28, MSS-SP-43<\/td>\n<\/tr>\n<tr>\n<td width=\"426\">Boyut<\/td>\n<td width=\"426\">Diki\u015fsiz (SMLS) Dirsek: 1\/2\u2033-24\u2033, DN15-DN600<\/p>\n<p>Al\u0131n Kaynakl\u0131 Dirsekler(SEAM): 24\u2033-72\u2033, DN600-DN1800<\/td>\n<\/tr>\n<\/tbody>\n<\/table>\n<\/div><\/section><br \/>\n<div  class='hr hr-default'><span class='hr-inner' ><span class='hr-inner-style'><\/span><\/span><\/div><br \/>\n<section class=\"av_textblock_section\"  itemscope=\"itemscope\" itemtype=\"https:\/\/schema.org\/CreativeWork\" ><div class='avia_textblock'   itemprop=\"text\" ><h4>WID Steel&#039;de mevcut Dirsek kaliteleri<\/h4>\n<ul>\n<li>Paslanmaz \u00e7elik <a href=\"https:\/\/wldstainless.com\/materials\/austenitic-stainless-steel\/201-stainless-steel\/\">201<\/a> Dirsek<\/li>\n<li>Paslanmaz \u00e7elik <a href=\"https:\/\/wldstainless.com\/materials\/austenitic-stainless-steel\/304-304l-stainless-steel\/\">304\/304L<\/a> Dirsek<\/li>\n<li>Paslanmaz \u00e7elik <a href=\"https:\/\/wldstainless.com\/materials\/austenitic-stainless-steel\/310s-stainless-steel\/\">310\/310S<\/a> Dirsek<\/li>\n<li>Paslanmaz \u00e7elik <a href=\"https:\/\/wldstainless.com\/materials\/austenitic-stainless-steel\/316-316l-stainless-steel\/\">316\/316L<\/a> Dirsek<\/li>\n<li>Paslanmaz \u00e7elik <a href=\"https:\/\/wldstainless.com\/materials\/austenitic-stainless-steel\/321-321h-stainless-steel\/\">321<\/a> Dirsek<\/li>\n<li>Paslanmaz \u00e7elik <a href=\"https:\/\/wldstainless.com\/materials\/austenitic-stainless-steel\/347-347h-stainless-steel\/\">347H<\/a> Dirsek<\/li>\n<li>Paslanmaz \u00e7elik <a href=\"https:\/\/wldstainless.com\/materials\/austenitic-stainless-steel\/904l-stainless-steel\/\">904L<\/a> Dirsek<\/li>\n<li>Paslanmaz \u00e7elik <a href=\"https:\/\/wldstainless.com\/materials\/ferritic-stainless-steel\/409-409l-stainless-steel\/\">409\/409L<\/a> Dirsek<\/li>\n<li>Paslanmaz \u00e7elik <a href=\"https:\/\/wldstainless.com\/materials\/ferritic-stainless-steel\/410-410s-stainless-steel\/\">410\/410S<\/a> Dirsek<\/li>\n<li>Paslanmaz \u00e7elik <a href=\"https:\/\/wldstainless.com\/materials\/martensitic-stainless-steel\/420-stainless-steel\/\">420<\/a> Dirsek<\/li>\n<li>Dubleks Paslanmaz \u00c7elik <a href=\"https:\/\/wldstainless.com\/materials\/duplex-stainless-steel\/alloy-2205-stainless-steel\/\">2205<\/a> Dirsek<\/li>\n<\/ul>\n<\/div><\/section><\/p><\/div>","protected":false},"excerpt":{"rendered":"","protected":false},"author":1,"featured_media":0,"parent":346,"menu_order":0,"comment_status":"closed","ping_status":"closed","template":"","meta":{"footnotes":""},"class_list":["post-2091","page","type-page","status-publish","hentry"],"aioseo_notices":[],"_links":{"self":[{"href":"https:\/\/wldstainless.com\/tr\/wp-json\/wp\/v2\/pages\/2091","targetHints":{"allow":["GET"]}}],"collection":[{"href":"https:\/\/wldstainless.com\/tr\/wp-json\/wp\/v2\/pages"}],"about":[{"href":"https:\/\/wldstainless.com\/tr\/wp-json\/wp\/v2\/types\/page"}],"author":[{"embeddable":true,"href":"https:\/\/wldstainless.com\/tr\/wp-json\/wp\/v2\/users\/1"}],"replies":[{"embeddable":true,"href":"https:\/\/wldstainless.com\/tr\/wp-json\/wp\/v2\/comments?post=2091"}],"version-history":[{"count":2,"href":"https:\/\/wldstainless.com\/tr\/wp-json\/wp\/v2\/pages\/2091\/revisions"}],"predecessor-version":[{"id":2096,"href":"https:\/\/wldstainless.com\/tr\/wp-json\/wp\/v2\/pages\/2091\/revisions\/2096"}],"up":[{"embeddable":true,"href":"https:\/\/wldstainless.com\/tr\/wp-json\/wp\/v2\/pages\/346"}],"wp:attachment":[{"href":"https:\/\/wldstainless.com\/tr\/wp-json\/wp\/v2\/media?parent=2091"}],"curies":[{"name":"wp","href":"https:\/\/api.w.org\/{rel}","templated":true}]}}