{"id":197,"date":"2019-05-16T14:56:59","date_gmt":"2019-05-16T14:56:59","guid":{"rendered":"http:\/\/wldstainless.com\/?page_id=197"},"modified":"2020-12-11T03:38:18","modified_gmt":"2020-12-11T03:38:18","slug":"steel-services","status":"publish","type":"page","link":"https:\/\/wldstainless.com\/tr\/about\/steel-services\/","title":{"rendered":"H\u0130ZMETLER"},"content":{"rendered":"<\/div><\/div><\/div><!-- close content main div --><\/div><\/div><div id='aboutpage' class='avia-section main_color avia-section-small avia-no-shadow avia-bg-style-scroll   container_wrap sidebar_left'   ><div class='container' ><div class='template-page content  av-content-small units'><div class='post-entry post-entry-type-page post-entry-197'><div class='entry-content-wrapper clearfix'>\n<div class=\"flex_column av_one_full  flex_column_div av-zero-column-padding first\" style='border-radius:0px; '><section class=\"av_textblock_section\"  itemscope=\"itemscope\" itemtype=\"https:\/\/schema.org\/CreativeWork\" ><div class='avia_textblock'   itemprop=\"text\" ><p>Geli\u015fmi\u015f ekipmanlar\u0131 ve s\u0131k\u0131 \u00fcretim plan\u0131yla WLD \u00e7elik, standart \u00fcr\u00fcnlerimizin yan\u0131 s\u0131ra m\u00fc\u015fterinin \u00f6zel ihtiya\u00e7lar\u0131na ve \u00e7izimlerine g\u00f6re \u00f6zel \u00f6zel \u00fcr\u00fcnler de \u00fcretmektedir. Ayr\u0131ca m\u00fc\u015fterilerimize kaynak, delme, b\u00fckme, parlatma ve torna i\u015fleme gibi \u00e7e\u015fitli paslanmaz \u00e7elik tek elden i\u015fleme hizmetleri sunuyoruz.<\/p>\n<\/div><\/section><\/div><div class=\"flex_column av_one_fourth  flex_column_div av-zero-column-padding first\" style='border-radius:0px; '><div class='avia-image-container  av-styling-circle    avia-align-center'  itemprop=\"ImageObject\" itemscope=\"itemscope\" itemtype=\"https:\/\/schema.org\/ImageObject\"  ><div class='avia-image-container-inner'><img class='avia_image' src='https:\/\/wldstainless.com\/wp-content\/uploads\/2020\/08\/Water-jet-cutting.jpg' alt='' title='Su jeti ile kesme'   itemprop=\"thumbnailUrl\"  \/><\/div><\/div><\/div><div class=\"flex_column av_three_fourth  flex_column_div\" style='padding:50px 0px 50px 0px ; border-radius:0px; '><section class=\"av_textblock_section\"  itemscope=\"itemscope\" itemtype=\"https:\/\/schema.org\/CreativeWork\" ><div class='avia_textblock'   itemprop=\"text\" ><h3 align=\"justify\"><\/h3>\n<h3>Hassas Kesim Hizmeti<\/h3>\n<p>Lazer Kesim<\/p>\n<p>Lazer kesim, karma\u015f\u0131k \u015fekilleri kesmek i\u00e7in kullan\u0131labilir veya y\u00fcksek hassasiyetli boyuta ihtiya\u00e7 duyulan yerlerde, SS i\u015f par\u00e7as\u0131n\u0131n her iki taraf\u0131 da ayn\u0131 anda y\u00fcksek verimlilikle kesilebilir. WLD Steel olarak i\u015fleme yetene\u011fimizle gurur duyuyoruz <a href=\"https:\/\/wldstainless.com\/products\/stainless-steel-coiled-tube\/\">paslanmaz \u00e7elik t\u00fcp<\/a> veya maksimum \u00e7ap\u0131 508 mm, uzunlu\u011fu 15,5 m olan \u00e7ubuk ve maksimum 4,5 m geni\u015fli\u011finde ve 16 mm kal\u0131nl\u0131\u011f\u0131nda paslanmaz \u00e7elik levha.<\/p>\n<p>Plazma Kesim<\/p>\n<p>Plazma kesme, metali eritmek ve erimi\u015f metali kesimden uzakla\u015ft\u0131rmak i\u00e7in s\u0131cak plazman\u0131n \u0131s\u0131s\u0131n\u0131 KULLANAN bir eriterek kesme i\u015flemidir. Bu y\u00f6ntem, kal\u0131nl\u0131\u011f\u0131 30 mm&#039;den az olan paslanmaz \u00e7elik levhalar\u0131n kesilmesinde etkilidir. Kesimin y\u00fcksek s\u0131cakl\u0131ktaki dar bir alanda ger\u00e7ekle\u015ftirilmesi nedeniyle d\u00fc\u015f\u00fck deformasyon avantaj\u0131na sahiptir.<\/p>\n<p>Testere Kesimi<\/p>\n<p>WLD Steel, sipari\u015fleri tam m\u00fc\u015fteri gereksinimlerine g\u00f6re i\u015fleyebilmektedir. Paslanmaz \u00e7elik boru ve profillerimiz belirtilen spesifikasyonlara ba\u011fl\u0131 olarak d\u00fcz bir \u00e7izgide veya gerekli a\u00e7\u0131da testereyle kesilebilir. S\u00fcre\u00e7 \u00f6zellikle in\u015faat ve m\u00fchendislik sekt\u00f6r\u00fcne y\u00f6neliktir.<\/p>\n<p>Alev kesme<\/p>\n<p>WLD Steel alevle ve y\u00fcksek bas\u0131n\u00e7l\u0131 su jetiyle kesmeyi kabul eder. Alevle kesme, \u00e7eli\u011fi eritmek i\u00e7in oksijen ve gaz kar\u0131\u015f\u0131m\u0131n\u0131n kullan\u0131ld\u0131\u011f\u0131 ve erimi\u015f metalin, kal\u0131n paslanmaz \u00e7elik levhalar\u0131 kesmeye uygun bir oksijen p\u00fcsk\u00fcrtme tabancas\u0131yla yak\u0131ld\u0131\u011f\u0131 bir i\u015flemdir.<\/p>\n<p>HP Su Jeti Kesim<\/p>\n<p>Su jeti ile kesme, a\u015f\u0131nd\u0131r\u0131c\u0131 tanecikleri ta\u015f\u0131mak i\u00e7in y\u00fcksek bas\u0131n\u00e7l\u0131 su ak\u0131\u015f\u0131n\u0131n kullan\u0131ld\u0131\u011f\u0131 bir i\u015flemdir. Hassas, ekonomik, \u00e7evre dostu ve daha sonra herhangi bir i\u015flem gerektirmeyen ve kesme alan\u0131nda termal deformasyona neden olmayan bir yap\u0131ya sahiptir.<\/p>\n<\/div><\/section><br \/>\n<div style='height:50px' class='hr hr-invisible'><span class='hr-inner' ><span class='hr-inner-style'><\/span><\/span><\/div><\/p><\/div><\/div><\/div><\/div><!-- close content main div --><\/div><\/div><div id='after_section_1' class='main_color av_default_container_wrap container_wrap sidebar_left'   ><div class='container' ><div class='template-page content  av-content-small units'><div class='post-entry post-entry-type-page post-entry-197'><div class='entry-content-wrapper clearfix'><div class=\"flex_column av_one_fourth  flex_column_div av-zero-column-padding first\" style='border-radius:0px; '><div class='avia-image-container  av-styling-circle    avia-align-center'  itemprop=\"ImageObject\" itemscope=\"itemscope\" itemtype=\"https:\/\/schema.org\/ImageObject\"  ><div class='avia-image-container-inner'><img class='avia_image' src='https:\/\/wldstainless.com\/wp-content\/uploads\/2020\/08\/Sandblasting.jpg' alt='' title='Kumlama'   itemprop=\"thumbnailUrl\"  \/><\/div><\/div><\/div><\/p>\n<div class=\"flex_column av_three_fourth  flex_column_div av-zero-column-padding\" style='border-radius:0px; '><section class=\"av_textblock_section\"  itemscope=\"itemscope\" itemtype=\"https:\/\/schema.org\/CreativeWork\" ><div class='avia_textblock'   itemprop=\"text\" ><h3>Y\u00fczey \u0130\u015flem Hizmeti<\/h3>\n<p>WLD Steel her zaman paslanmaz \u00e7elik sac ve levhalar \u00fczerinde 2B Freze, BA (Parlak Tavlanm\u0131\u015f), #4 f\u0131r\u00e7alanm\u0131\u015f \/ No 4 Saten Kaplamalar, ince \u00e7izgi kaplama, ayna kaplama, \u00e7apraz Sa\u00e7 \u00c7izgisi, renkli \/ PVD kaplama dahil olmak \u00fczere bir dizi \u00f6zel y\u00fczey i\u015flemi ger\u00e7ekle\u015ftirmi\u015ftir. Kaplamalar, parmak izi \u00f6nleyici kaplama<\/p>\n<\/div><\/section><br \/>\n<div style='height:50px' class='hr hr-invisible'><span class='hr-inner' ><span class='hr-inner-style'><\/span><\/span><\/div><\/p><\/div><div class=\"flex_column av_one_fourth  flex_column_div av-zero-column-padding first\" style='border-radius:0px; '><div class='avia-image-container  av-styling-circle    avia-align-center'  itemprop=\"ImageObject\" itemscope=\"itemscope\" itemtype=\"https:\/\/schema.org\/ImageObject\"  ><div class='avia-image-container-inner'><img class='avia_image' src='https:\/\/wldstainless.com\/wp-content\/uploads\/2020\/08\/Bending-2.jpg' alt='' title='B\u00fckme'   itemprop=\"thumbnailUrl\"  \/><\/div><\/div><\/div><\/p>\n<div class=\"flex_column av_three_fourth  flex_column_div av-zero-column-padding\" style='border-radius:0px; '><section class=\"av_textblock_section\"  itemscope=\"itemscope\" itemtype=\"https:\/\/schema.org\/CreativeWork\" ><div class='avia_textblock'   itemprop=\"text\" ><h3>CNC B\u00fck\u00fcm Hizmeti<\/h3>\n<p>B\u00fckme esas olarak paslanmaz \u00e7elik saclar ve profiller i\u00e7indir. CNC b\u00fckme makinemiz, size b\u00fckme a\u00e7\u0131lar\u0131 ve m\u00fckemmel y\u00fczey kalitesi sa\u011flayarak \u00fcretim s\u00fcre\u00e7lerimiz \u00fczerinde s\u0131k\u0131 kalite kontrol\u00fc sa\u011flamam\u0131za olanak tan\u0131r. Ayr\u0131ca ANSI, ASTM ve ASME gibi tavizsiz spesifikasyonlara g\u00f6re b\u00fck\u00fclme testi hizmetleri de sunuyoruz.<\/p>\n<\/div><\/section><\/div>","protected":false},"excerpt":{"rendered":"","protected":false},"author":1,"featured_media":0,"parent":76,"menu_order":0,"comment_status":"closed","ping_status":"closed","template":"","meta":{"footnotes":""},"class_list":["post-197","page","type-page","status-publish","hentry"],"aioseo_notices":[],"_links":{"self":[{"href":"https:\/\/wldstainless.com\/tr\/wp-json\/wp\/v2\/pages\/197","targetHints":{"allow":["GET"]}}],"collection":[{"href":"https:\/\/wldstainless.com\/tr\/wp-json\/wp\/v2\/pages"}],"about":[{"href":"https:\/\/wldstainless.com\/tr\/wp-json\/wp\/v2\/types\/page"}],"author":[{"embeddable":true,"href":"https:\/\/wldstainless.com\/tr\/wp-json\/wp\/v2\/users\/1"}],"replies":[{"embeddable":true,"href":"https:\/\/wldstainless.com\/tr\/wp-json\/wp\/v2\/comments?post=197"}],"version-history":[{"count":19,"href":"https:\/\/wldstainless.com\/tr\/wp-json\/wp\/v2\/pages\/197\/revisions"}],"predecessor-version":[{"id":2048,"href":"https:\/\/wldstainless.com\/tr\/wp-json\/wp\/v2\/pages\/197\/revisions\/2048"}],"up":[{"embeddable":true,"href":"https:\/\/wldstainless.com\/tr\/wp-json\/wp\/v2\/pages\/76"}],"wp:attachment":[{"href":"https:\/\/wldstainless.com\/tr\/wp-json\/wp\/v2\/media?parent=197"}],"curies":[{"name":"wp","href":"https:\/\/api.w.org\/{rel}","templated":true}]}}