{"id":1682,"date":"2020-09-09T02:12:40","date_gmt":"2020-09-09T02:12:40","guid":{"rendered":"http:\/\/wldstainless.com\/?page_id=1682"},"modified":"2020-12-11T05:50:03","modified_gmt":"2020-12-11T05:50:03","slug":"stainless-steel-hexagon-bars","status":"publish","type":"page","link":"https:\/\/wldstainless.com\/tr\/products\/stainless-steel-hexagon-bars\/","title":{"rendered":"Paslanmaz \u00c7elik Alt\u0131gen \u00c7ubuklar"},"content":{"rendered":"<div class=\"flex_column av_one_fourth  flex_column_div av-zero-column-padding first\" style='border-radius:0px; '><p><div class='avia-builder-widget-area clearfix'><div id=\"nav_menu-7\" class=\"widget clearfix widget_nav_menu\"><h3 class=\"widgettitle\">\u00dcr\u00fcnler<\/h3><div class=\"menu-accessories-container\"><ul id=\"menu-accessories\" class=\"menu\"><li id=\"menu-item-1924\" class=\"menu-item menu-item-type-post_type menu-item-object-page menu-item-1924\"><a href=\"https:\/\/wldstainless.com\/tr\/products\/stainless-steel-angle\/\">Paslanmaz \u00c7elik A\u00e7\u0131<\/a><\/li>\n<li id=\"menu-item-1925\" class=\"menu-item menu-item-type-post_type menu-item-object-page menu-item-1925\"><a href=\"https:\/\/wldstainless.com\/tr\/products\/stainless-steel-beam\/\">Paslanmaz \u00c7elik Kiri\u015f<\/a><\/li>\n<li id=\"menu-item-1926\" class=\"menu-item menu-item-type-post_type menu-item-object-page menu-item-1926\"><a href=\"https:\/\/wldstainless.com\/tr\/products\/stainless-steel-capillary-tubes\/\">Paslanmaz \u00c7elik K\u0131lcal Borular<\/a><\/li>\n<li id=\"menu-item-1927\" class=\"menu-item menu-item-type-post_type menu-item-object-page menu-item-1927\"><a href=\"https:\/\/wldstainless.com\/tr\/products\/stainless-steel-channel\/\">Paslanmaz \u00c7elik Kanal<\/a><\/li>\n<li id=\"menu-item-1928\" class=\"menu-item menu-item-type-post_type menu-item-object-page menu-item-1928\"><a href=\"https:\/\/wldstainless.com\/tr\/products\/stainless-steel-coiled-tube\/\">Paslanmaz \u00c7elik Sarmal Boru<\/a><\/li>\n<li id=\"menu-item-1929\" class=\"menu-item menu-item-type-post_type menu-item-object-page menu-item-1929\"><a href=\"https:\/\/wldstainless.com\/tr\/products\/stainless-steel-cold-rolled-plate-sheet-coil\/\">Paslanmaz \u00c7elik So\u011fuk Haddelenmi\u015f Levha \/ Levha \/ Rulo<\/a><\/li>\n<li id=\"menu-item-1930\" class=\"menu-item menu-item-type-post_type menu-item-object-page menu-item-1930\"><a href=\"https:\/\/wldstainless.com\/tr\/products\/stainless-steel-flats\/\">Paslanmaz \u00c7elik Yass\u0131lar<\/a><\/li>\n<li id=\"menu-item-1931\" class=\"menu-item menu-item-type-post_type menu-item-object-page menu-item-1931\"><a href=\"https:\/\/wldstainless.com\/tr\/products\/stainless-steel-hexagon-bars\/\">Paslanmaz \u00c7elik Alt\u0131gen \u00c7ubuklar<\/a><\/li>\n<li id=\"menu-item-1932\" class=\"menu-item menu-item-type-post_type menu-item-object-page menu-item-1932\"><a href=\"https:\/\/wldstainless.com\/tr\/products\/stainless-steel-hot-rolled-plate-sheet-coil\/\">Paslanmaz \u00c7elik S\u0131cak Haddelenmi\u015f Levha \/ Levha \/ Rulo<\/a><\/li>\n<li id=\"menu-item-1933\" class=\"menu-item menu-item-type-post_type menu-item-object-page menu-item-1933\"><a href=\"https:\/\/wldstainless.com\/tr\/products\/stainless-steel-large-diameter-pipe\/\">Paslanmaz \u00c7elik B\u00fcy\u00fck \u00c7apl\u0131 Boru<\/a><\/li>\n<li id=\"menu-item-1934\" class=\"menu-item menu-item-type-post_type menu-item-object-page menu-item-1934\"><a href=\"https:\/\/wldstainless.com\/tr\/products\/stainless-steel-round-bars\/\">Paslanmaz \u00c7elik Yuvarlak \u00c7ubuklar<\/a><\/li>\n<li id=\"menu-item-1935\" class=\"menu-item menu-item-type-post_type menu-item-object-page menu-item-1935\"><a href=\"https:\/\/wldstainless.com\/tr\/products\/stainless-steel-square-tube\/\">Paslanmaz \u00c7elik Kare Boru<\/a><\/li>\n<li id=\"menu-item-1936\" class=\"menu-item menu-item-type-post_type menu-item-object-page menu-item-1936\"><a href=\"https:\/\/wldstainless.com\/tr\/products\/stainless-steel-u-bend-tube\/\">Paslanmaz \u00c7elik U-B\u00fck\u00fcm Borusu<\/a><\/li>\n<\/ul><\/div><\/div><\/div><br \/>\n<div  class='hr hr-default'><span class='hr-inner' ><span class='hr-inner-style'><\/span><\/span><\/div><br \/>\n<div class='avia-button-wrap avia-button-left'><a href='http:\/\/wldstainless.com\/contact\/#contact' class='avia-button   avia-icon_select-yes-left-icon avia-color-custom avia-size-large avia-position-left'  target=\"_blank\"  style='background-color:#e82221; border-color:#e82221; color:#ffffff; ' ><span class='avia_button_icon avia_button_icon_left' aria-hidden='true' data-av_icon='\ue84b' data-av_iconfont='entypo-fontello'><\/span><span class='avia_iconbox_title' >Bir teklif iste\u011fi<\/span><\/a><\/div><\/p><\/div>\n<div class=\"flex_column av_three_fourth  flex_column_div\" style='padding:0px 0px 50px 0px ; border-radius:0px; '><p><div style='padding-bottom:10px;color:#d3311f;' class='av-special-heading av-special-heading-h3 custom-color-heading'><h3 class='av-special-heading-tag'  itemprop=\"headline\"  >Paslanmaz \u00c7elik Alt\u0131gen \u00c7ubuklar<\/h3><div class='special-heading-border'><div class='special-heading-inner-border' style='border-color:#d3311f'><\/div><\/div><\/div><br \/>\n<div class='avia-gallery  avia-gallery-1 avia_lazyload avia_animate_when_visible'  itemprop=\"ImageObject\" itemscope=\"itemscope\" itemtype=\"https:\/\/schema.org\/ImageObject\" ><div class='avia-gallery-thumb'> <a href='https:\/\/wldstainless.com\/wp-content\/uploads\/2020\/09\/304-Hex-bar-1.jpg' data-rel='gallery-1' data-prev-img='https:\/\/wldstainless.com\/wp-content\/uploads\/2020\/09\/304-Hex-bar-1.jpg' class='first_thumb lightbox' data-onclick='1' title=''  itemprop=\"thumbnailUrl\" ><img  src='https:\/\/wldstainless.com\/wp-content\/uploads\/2020\/09\/304-Hex-bar-1.jpg' width='300' height='300'  title='304 Alt\u0131gen \u00e7ubuk' alt='' \/><\/a> <a href='https:\/\/wldstainless.com\/wp-content\/uploads\/2020\/09\/SS-Hex-bar-1.jpg' data-rel='gallery-1' data-prev-img='https:\/\/wldstainless.com\/wp-content\/uploads\/2020\/09\/SS-Hex-bar-1.jpg' class='lightbox' data-onclick='2' title=''  itemprop=\"thumbnailUrl\" ><img  src='https:\/\/wldstainless.com\/wp-content\/uploads\/2020\/09\/SS-Hex-bar-1.jpg' width='300' height='300'  title='SS Alt\u0131gen \u00e7ubuk' alt='' \/><\/a> <a href='https:\/\/wldstainless.com\/wp-content\/uploads\/2020\/09\/SS-rod.jpg' data-rel='gallery-1' data-prev-img='https:\/\/wldstainless.com\/wp-content\/uploads\/2020\/09\/SS-rod.jpg' class='lightbox' data-onclick='3' title=''  itemprop=\"thumbnailUrl\" ><img  src='https:\/\/wldstainless.com\/wp-content\/uploads\/2020\/09\/SS-rod.jpg' width='300' height='300'  title='SS \u00e7ubuk' alt='' \/><\/a><\/div><\/div><br \/>\n<div  class='hr hr-default'><span class='hr-inner' ><span class='hr-inner-style'><\/span><\/span><\/div><br \/>\n<section class=\"av_textblock_section\"  itemscope=\"itemscope\" itemtype=\"https:\/\/schema.org\/CreativeWork\" ><div class='avia_textblock'   itemprop=\"text\" ><p>Paslanmaz \u00e7elik \u00e7ubuk veya \u00e7ubuk, so\u011fuk \u00e7ekme veya s\u0131cak haddeleme i\u015flemiyle \u00fcretilir. \u00c7eli\u011fin yap\u0131s\u0131na ve kimyasal bile\u015fimine g\u00f6re, paslanmaz \u00e7elik \u00e7ubuk Martensitik paslanmaz \u00e7elik \u00e7ubuk, Ferritik paslanmaz \u00e7elik \u00e7ubuk, \u00d6stenitik paslanmaz \u00e7elik \u00e7ubuk, Dubleks paslanmaz \u00e7elik \u00e7ubuk ve \u00c7\u00f6keltilmi\u015f sertle\u015fen paslanmaz \u00e7elik \u00e7ubuk veya Krom-paslanmaz \u00e7elik \u00e7ubuk ve Nikel&#039;e ayr\u0131labilir. -paslanmaz \u00e7elik \u00e7ubuk. Paslanmaz \u00e7elik \u00e7ubuk, formuna ve \u015fekillerine g\u00f6re d\u00fcz \u00e7ubuk, alt\u0131gen \u00e7ubuk, kare \u00e7ubuk, yuvarlak \u00e7ubuk olabilir.<\/p>\n<p>Paslanmaz \u00e7elik alt\u0131gen \u00e7ubuk \u00e7e\u015fitli uygulamalar sunar ve otomotiv par\u00e7alar\u0131, asans\u00f6r par\u00e7alar\u0131, mutfak ekipmanlar\u0131, bas\u0131n\u00e7l\u0131 kaplar ve alt\u0131gen c\u0131vatalar gibi i\u015fleme ve bile\u015fen imalat\u0131na y\u00f6nelik di\u011fer alanlar gibi iyi korozyon direnci ve m\u00fckemmel mukavemet gerektiren mekanik par\u00e7alar i\u00e7in kullan\u0131labilir. alt\u0131gen vidalar, alt\u0131gen ayar vidalar\u0131. WLD Steel&#039;de haddelenmi\u015f, tavlanm\u0131\u015f ve normalle\u015ftirilmi\u015f ko\u015fullarda \u00e7e\u015fitli boyut ve kalitelerde paslanmaz \u00e7elik alt\u0131gen \u00e7ubuklar tedarik edip \u00fcretiyoruz. Ayr\u0131ca servis merkezimiz arac\u0131l\u0131\u011f\u0131yla ebatlara g\u00f6re kesim ve \u0131s\u0131l i\u015flem hizmetleri de sunuyoruz.<\/p>\n<\/div><\/section><br \/>\n<div  class='hr hr-default'><span class='hr-inner' ><span class='hr-inner-style'><\/span><\/span><\/div><br \/>\n<section class=\"av_textblock_section\"  itemscope=\"itemscope\" itemtype=\"https:\/\/schema.org\/CreativeWork\" ><div class='avia_textblock'   itemprop=\"text\" ><h3>End\u00fcstriyel SS Alt\u0131gen \u00c7ubuklar\u0131n \u00d6zellikleri<\/h3>\n<table>\n<tbody>\n<tr>\n<td width=\"323\">Formlar:<\/td>\n<td width=\"529\">Alt\u0131gen \u00e7ubuk, alt\u0131gen \u00e7ubuk<\/td>\n<\/tr>\n<tr>\n<td width=\"323\">Malzeme<\/td>\n<td width=\"529\">Paslanmaz \u00e7elik<\/p>\n<p>Dubleks Paslanmaz \u00c7elik<\/td>\n<\/tr>\n<tr>\n<td width=\"323\">Y\u00fczey<\/td>\n<td width=\"529\">Cilal\u0131, parlak, ta\u015flanm\u0131\u015f, kumlanm\u0131\u015f, salamura edilmi\u015f, \u00f6\u011f\u00fct\u00fclm\u00fc\u015f<\/td>\n<\/tr>\n<tr>\n<td width=\"323\">\u015eartname<\/td>\n<td width=\"529\">ASTM A276<\/p>\n<p>ASTM A484<\/p>\n<p>ASTM A564<\/p>\n<p>ASTM A581<\/p>\n<p>ASTM A582<\/td>\n<\/tr>\n<tr>\n<td width=\"323\">Boyut<\/td>\n<td width=\"529\">Boyut: 8mm-100mm, Yan:8*8mm-100*100mm<\/td>\n<\/tr>\n<tr>\n<td width=\"323\">Uzunluk<\/td>\n<td width=\"529\">5.8M,6M veya \u00f6zel gereksinimlere g\u00f6re<\/td>\n<\/tr>\n<\/tbody>\n<\/table>\n<h4><\/h4>\n<h4>WID Steel&#039;de Mevcut SS Alt\u0131gen \u00c7ubuk S\u0131n\u0131flar\u0131<\/h4>\n<ul>\n<li>Paslanmaz \u00e7elik <a href=\"https:\/\/wldstainless.com\/materials\/austenitic-stainless-steel\/304-304l-stainless-steel\/\">304\/304L<\/a> Alt\u0131gen \u00c7ubuk \/ \u00c7ubuk<\/li>\n<li>Paslanmaz \u00e7elik <a href=\"https:\/\/wldstainless.com\/materials\/austenitic-stainless-steel\/310s-stainless-steel\/\">310\/310S<\/a> Alt\u0131gen \u00c7ubuk \/ \u00c7ubuk<\/li>\n<li>Paslanmaz \u00e7elik <a href=\"https:\/\/wldstainless.com\/materials\/austenitic-stainless-steel\/316-316l-stainless-steel\/\">316\/316L<\/a> Alt\u0131gen \u00c7ubuk \/ \u00c7ubuk<\/li>\n<li>Paslanmaz \u00e7elik <a href=\"https:\/\/wldstainless.com\/materials\/austenitic-stainless-steel\/321-321h-stainless-steel\/\">321<\/a> Alt\u0131gen \u00c7ubuk \/ \u00c7ubuklar<\/li>\n<li>Paslanmaz \u00e7elik <a href=\"https:\/\/wldstainless.com\/materials\/austenitic-stainless-steel\/347-347h-stainless-steel\/\">347H<\/a> Alt\u0131gen \u00c7ubuk \/ \u00c7ubuk<\/li>\n<li>Paslanmaz \u00e7elik <a href=\"https:\/\/wldstainless.com\/materials\/austenitic-stainless-steel\/904l-stainless-steel\/\">904L<\/a> Alt\u0131gen \u00c7ubuk \/ \u00c7ubuk<\/li>\n<li>Paslanmaz \u00e7elik <a href=\"https:\/\/wldstainless.com\/materials\/ferritic-stainless-steel\/409-409l-stainless-steel\/\">409\/409L<\/a> Alt\u0131gen \u00c7ubuk \/ \u00c7ubuk<\/li>\n<li>Paslanmaz \u00e7elik <a href=\"https:\/\/wldstainless.com\/materials\/ferritic-stainless-steel\/410-410s-stainless-steel\/\">410\/410S<\/a> Alt\u0131gen \u00c7ubuk \/ \u00c7ubuk<\/li>\n<li>Paslanmaz \u00e7elik <a href=\"https:\/\/wldstainless.com\/materials\/ferritic-stainless-steel\/430-430f-stainless-steel\/\">430<\/a> Alt\u0131gen \u00c7ubuk \/ \u00c7ubuk<\/li>\n<li>Dubleks Paslanmaz \u00c7elik <a href=\"https:\/\/wldstainless.com\/materials\/duplex-stainless-steel\/alloy-2205-stainless-steel\/\">2205<\/a> Alt\u0131gen \u00c7ubuk \/ \u00c7ubuk<\/li>\n<\/ul>\n<\/div><\/section><\/p><\/div>","protected":false},"excerpt":{"rendered":"","protected":false},"author":1,"featured_media":0,"parent":346,"menu_order":0,"comment_status":"closed","ping_status":"closed","template":"","meta":{"footnotes":""},"class_list":["post-1682","page","type-page","status-publish","hentry"],"aioseo_notices":[],"_links":{"self":[{"href":"https:\/\/wldstainless.com\/tr\/wp-json\/wp\/v2\/pages\/1682","targetHints":{"allow":["GET"]}}],"collection":[{"href":"https:\/\/wldstainless.com\/tr\/wp-json\/wp\/v2\/pages"}],"about":[{"href":"https:\/\/wldstainless.com\/tr\/wp-json\/wp\/v2\/types\/page"}],"author":[{"embeddable":true,"href":"https:\/\/wldstainless.com\/tr\/wp-json\/wp\/v2\/users\/1"}],"replies":[{"embeddable":true,"href":"https:\/\/wldstainless.com\/tr\/wp-json\/wp\/v2\/comments?post=1682"}],"version-history":[{"count":12,"href":"https:\/\/wldstainless.com\/tr\/wp-json\/wp\/v2\/pages\/1682\/revisions"}],"predecessor-version":[{"id":2056,"href":"https:\/\/wldstainless.com\/tr\/wp-json\/wp\/v2\/pages\/1682\/revisions\/2056"}],"up":[{"embeddable":true,"href":"https:\/\/wldstainless.com\/tr\/wp-json\/wp\/v2\/pages\/346"}],"wp:attachment":[{"href":"https:\/\/wldstainless.com\/tr\/wp-json\/wp\/v2\/media?parent=1682"}],"curies":[{"name":"wp","href":"https:\/\/api.w.org\/{rel}","templated":true}]}}