{"id":1680,"date":"2020-09-09T02:11:54","date_gmt":"2020-09-09T02:11:54","guid":{"rendered":"http:\/\/wldstainless.com\/?page_id=1680"},"modified":"2020-12-11T06:05:25","modified_gmt":"2020-12-11T06:05:25","slug":"stainless-steel-square-tube","status":"publish","type":"page","link":"https:\/\/wldstainless.com\/tr\/products\/stainless-steel-square-tube\/","title":{"rendered":"Paslanmaz \u00c7elik Kare Boru"},"content":{"rendered":"<div class=\"flex_column av_one_fourth  flex_column_div av-zero-column-padding first\" style='border-radius:0px; '><p><div class='avia-builder-widget-area clearfix'><div id=\"nav_menu-7\" class=\"widget clearfix widget_nav_menu\"><h3 class=\"widgettitle\">\u00dcr\u00fcnler<\/h3><div class=\"menu-accessories-container\"><ul id=\"menu-accessories\" class=\"menu\"><li id=\"menu-item-1924\" class=\"menu-item menu-item-type-post_type menu-item-object-page menu-item-1924\"><a href=\"https:\/\/wldstainless.com\/tr\/products\/stainless-steel-angle\/\">Paslanmaz \u00c7elik A\u00e7\u0131<\/a><\/li>\n<li id=\"menu-item-1925\" class=\"menu-item menu-item-type-post_type menu-item-object-page menu-item-1925\"><a href=\"https:\/\/wldstainless.com\/tr\/products\/stainless-steel-beam\/\">Paslanmaz \u00c7elik Kiri\u015f<\/a><\/li>\n<li id=\"menu-item-1926\" class=\"menu-item menu-item-type-post_type menu-item-object-page menu-item-1926\"><a href=\"https:\/\/wldstainless.com\/tr\/products\/stainless-steel-capillary-tubes\/\">Paslanmaz \u00c7elik K\u0131lcal Borular<\/a><\/li>\n<li id=\"menu-item-1927\" class=\"menu-item menu-item-type-post_type menu-item-object-page menu-item-1927\"><a href=\"https:\/\/wldstainless.com\/tr\/products\/stainless-steel-channel\/\">Paslanmaz \u00c7elik Kanal<\/a><\/li>\n<li id=\"menu-item-1928\" class=\"menu-item menu-item-type-post_type menu-item-object-page menu-item-1928\"><a href=\"https:\/\/wldstainless.com\/tr\/products\/stainless-steel-coiled-tube\/\">Paslanmaz \u00c7elik Sarmal Boru<\/a><\/li>\n<li id=\"menu-item-1929\" class=\"menu-item menu-item-type-post_type menu-item-object-page menu-item-1929\"><a href=\"https:\/\/wldstainless.com\/tr\/products\/stainless-steel-cold-rolled-plate-sheet-coil\/\">Paslanmaz \u00c7elik So\u011fuk Haddelenmi\u015f Levha \/ Levha \/ Rulo<\/a><\/li>\n<li id=\"menu-item-1930\" class=\"menu-item menu-item-type-post_type menu-item-object-page menu-item-1930\"><a href=\"https:\/\/wldstainless.com\/tr\/products\/stainless-steel-flats\/\">Paslanmaz \u00c7elik Yass\u0131lar<\/a><\/li>\n<li id=\"menu-item-1931\" class=\"menu-item menu-item-type-post_type menu-item-object-page menu-item-1931\"><a href=\"https:\/\/wldstainless.com\/tr\/products\/stainless-steel-hexagon-bars\/\">Paslanmaz \u00c7elik Alt\u0131gen \u00c7ubuklar<\/a><\/li>\n<li id=\"menu-item-1932\" class=\"menu-item menu-item-type-post_type menu-item-object-page menu-item-1932\"><a href=\"https:\/\/wldstainless.com\/tr\/products\/stainless-steel-hot-rolled-plate-sheet-coil\/\">Paslanmaz \u00c7elik S\u0131cak Haddelenmi\u015f Levha \/ Levha \/ Rulo<\/a><\/li>\n<li id=\"menu-item-1933\" class=\"menu-item menu-item-type-post_type menu-item-object-page menu-item-1933\"><a href=\"https:\/\/wldstainless.com\/tr\/products\/stainless-steel-large-diameter-pipe\/\">Paslanmaz \u00c7elik B\u00fcy\u00fck \u00c7apl\u0131 Boru<\/a><\/li>\n<li id=\"menu-item-1934\" class=\"menu-item menu-item-type-post_type menu-item-object-page menu-item-1934\"><a href=\"https:\/\/wldstainless.com\/tr\/products\/stainless-steel-round-bars\/\">Paslanmaz \u00c7elik Yuvarlak \u00c7ubuklar<\/a><\/li>\n<li id=\"menu-item-1935\" class=\"menu-item menu-item-type-post_type menu-item-object-page menu-item-1935\"><a href=\"https:\/\/wldstainless.com\/tr\/products\/stainless-steel-square-tube\/\">Paslanmaz \u00c7elik Kare Boru<\/a><\/li>\n<li id=\"menu-item-1936\" class=\"menu-item menu-item-type-post_type menu-item-object-page menu-item-1936\"><a href=\"https:\/\/wldstainless.com\/tr\/products\/stainless-steel-u-bend-tube\/\">Paslanmaz \u00c7elik U-B\u00fck\u00fcm Borusu<\/a><\/li>\n<\/ul><\/div><\/div><\/div><br \/>\n<div  class='hr hr-default'><span class='hr-inner' ><span class='hr-inner-style'><\/span><\/span><\/div><br \/>\n<div class='avia-button-wrap avia-button-left'><a href='http:\/\/wldstainless.com\/contact\/#contact' class='avia-button   avia-icon_select-yes-left-icon avia-color-custom avia-size-large avia-position-left'  target=\"_blank\"  style='background-color:#e82221; border-color:#e82221; color:#ffffff; ' ><span class='avia_button_icon avia_button_icon_left' aria-hidden='true' data-av_icon='\ue84b' data-av_iconfont='entypo-fontello'><\/span><span class='avia_iconbox_title' >Bir teklif iste\u011fi<\/span><\/a><\/div><\/p><\/div>\n<div class=\"flex_column av_three_fourth  flex_column_div\" style='padding:0px 0px 50px 0px ; border-radius:0px; '><p><div style='padding-bottom:10px;color:#d3311f;' class='av-special-heading av-special-heading-h3 custom-color-heading'><h3 class='av-special-heading-tag'  itemprop=\"headline\"  >Paslanmaz \u00c7elik Kare Boru<\/h3><div class='special-heading-border'><div class='special-heading-inner-border' style='border-color:#d3311f'><\/div><\/div><\/div><br \/>\n<section class=\"av_textblock_section\"  itemscope=\"itemscope\" itemtype=\"https:\/\/schema.org\/CreativeWork\" ><div class='avia_textblock'   itemprop=\"text\" ><p>Paslanmaz \u00e7elik kare boru, iyi b\u00fck\u00fclme ve burulma mukavemetine sahip bir t\u00fcr uzun \u00e7elik i\u00e7i bo\u015f borudur; ya\u011f, do\u011fal gaz, su, gaz, buhar vb. s\u0131v\u0131lar\u0131n ta\u015f\u0131nmas\u0131nda ve ayr\u0131ca mekanik par\u00e7alar\u0131n imalat\u0131nda kullan\u0131labilir. m\u00fchendislik yap\u0131lar\u0131. Paslanmaz \u00e7elik kare boru diki\u015fsiz ve kaynakl\u0131, kare veya dikd\u00f6rtgen olabilir, bazen oval yar\u0131m daire, alt\u0131gen, e\u015fkenar \u00fc\u00e7gen, sekizgen gibi ba\u015fka \u015fekilli \u00e7elik borular da vard\u0131r. S\u0131v\u0131 bas\u0131nc\u0131 alt\u0131ndaki paslanmaz \u00e7elik kare boru, bas\u0131n\u00e7 performans\u0131n\u0131 ve kalitesini kontrol etmek i\u00e7in hidrostatik olarak test edilmelidir. Kare borunun bir k\u0131sm\u0131 talep sahibinin standartlar\u0131na veya gereksinimlerine g\u00f6re k\u0131vr\u0131m testi, genle\u015fme testi, d\u00fczle\u015ftirme testi vb. olmal\u0131d\u0131r.<\/p>\n<p>WLD steel, en y\u00fcksek kalitede korozyon ve s\u0131cakl\u0131k direncine sahip Paslanmaz \u00c7elik Kare Borunun \u00f6nde gelen tedarik\u00e7isi, stok\u00e7usu ve da\u011f\u0131t\u0131c\u0131s\u0131d\u0131r. Paslanmaz \u00e7elik kare boru, in\u015faat, ila\u00e7, yar\u0131 iletken, g\u00fc\u00e7, petrol ve gaz, askeri ve di\u011fer ticari ve end\u00fcstriyel firmalar gibi di\u011fer paslanmaz \u00e7elik formlar\u0131 gibi her yerde kullan\u0131labilir. WLD steel, tedarik etti\u011fimiz en y\u00fcksek kalitede paslanmaz \u00e7elik kare borunun a\u015f\u0131r\u0131 ortamlarda kullan\u0131m i\u00e7in \u00c7in&#039;in \u00f6nde gelen \u00e7elik fabrikas\u0131ndan kaynakland\u0131\u011f\u0131n\u0131 garanti eder. \u00c7in&#039;de en iyi fiyata SS 201, 304, 316 kare boru sat\u0131n almak i\u00e7in mi? Hemen bizimle ileti\u015fime ge\u00e7in.<\/p>\n<\/div><\/section><br \/>\n<div  class='hr hr-default'><span class='hr-inner' ><span class='hr-inner-style'><\/span><\/span><\/div><br \/>\n<div class='avia-gallery  avia-gallery-1 avia_lazyload avia_animate_when_visible'  itemprop=\"ImageObject\" itemscope=\"itemscope\" itemtype=\"https:\/\/schema.org\/ImageObject\" ><div class='avia-gallery-thumb'> <a href='https:\/\/wldstainless.com\/wp-content\/uploads\/2020\/09\/SS-suare-tube-1.jpg' data-rel='gallery-1' data-prev-img='https:\/\/wldstainless.com\/wp-content\/uploads\/2020\/09\/SS-suare-tube-1.jpg' class='first_thumb lightbox' data-onclick='1' title='304 Dikd\u00f6rtgen Boru'  itemprop=\"thumbnailUrl\" ><img data-avia-tooltip='304 Rectangle Tube' src='https:\/\/wldstainless.com\/wp-content\/uploads\/2020\/09\/SS-suare-tube-1.jpg' width='300' height='300'  title='SS suare t\u00fcp\u00fc' alt='' \/><\/a> <a href='https:\/\/wldstainless.com\/wp-content\/uploads\/2020\/09\/304-SS-square-pipe.jpg' data-rel='gallery-1' data-prev-img='https:\/\/wldstainless.com\/wp-content\/uploads\/2020\/09\/304-SS-square-pipe.jpg' class='lightbox' data-onclick='2' title='304 Kare boru'  itemprop=\"thumbnailUrl\" ><img data-avia-tooltip='304 Square tube' src='https:\/\/wldstainless.com\/wp-content\/uploads\/2020\/09\/304-SS-square-pipe.jpg' width='300' height='300'  title='304 SS kare boru' alt='' \/><\/a> <a href='https:\/\/wldstainless.com\/wp-content\/uploads\/2020\/09\/Square-Tube-2.jpg' data-rel='gallery-1' data-prev-img='https:\/\/wldstainless.com\/wp-content\/uploads\/2020\/09\/Square-Tube-2.jpg' class='lightbox' data-onclick='3' title='316 Kare Boru'  itemprop=\"thumbnailUrl\" ><img data-avia-tooltip='316 Square Tube' src='https:\/\/wldstainless.com\/wp-content\/uploads\/2020\/09\/Square-Tube-2.jpg' width='300' height='300'  title='Kare boru' alt='' \/><\/a><\/div><\/div><br \/>\n<div  class='hr hr-default'><span class='hr-inner' ><span class='hr-inner-style'><\/span><\/span><\/div><br \/>\n<section class=\"av_textblock_section\"  itemscope=\"itemscope\" itemtype=\"https:\/\/schema.org\/CreativeWork\" ><div class='avia_textblock'   itemprop=\"text\" ><h4><strong>End\u00fcstriyel SS U-\u015fekilli Boru \u00d6zellikleri<\/strong><\/h4>\n<table>\n<tbody>\n<tr>\n<td width=\"323\">Formlar:<\/td>\n<td width=\"529\">SS Kare Boru<\/p>\n<p>SS Dikd\u00f6rtgen t\u00fcp<\/td>\n<\/tr>\n<tr>\n<td width=\"323\">Malzeme<\/td>\n<td width=\"529\">Paslanmaz \u00e7elik<\/p>\n<p>Dubleks Paslanmaz \u00c7elik<\/td>\n<\/tr>\n<tr>\n<td width=\"323\">\u015eartname<\/td>\n<td width=\"529\">\n<ul>\n<li>ASTM A249<\/li>\n<li>ASTM A269<\/li>\n<li>ASTM A312<\/li>\n<li>ASTM A358<\/li>\n<li>ASTM A409<\/li>\n<li>ASTM A554<\/li>\n<li>ASTM A778<\/li>\n<li>ASTM A789<\/li>\n<li>ASTM A790<\/li>\n<\/ul>\n<\/td>\n<\/tr>\n<tr>\n<td width=\"323\">Y\u00fczey<\/td>\n<td width=\"529\">Cilal\u0131, parlak, ta\u015flanm\u0131\u015f, kumlanm\u0131\u015f, salamura edilmi\u015f, Ayna Kare, de\u011firmen bitmi\u015f<\/td>\n<\/tr>\n<tr>\n<td width=\"323\">Boyut<\/td>\n<td width=\"529\">A\u011f\u0131rl\u0131k: 5*5 ~ 150*150mm<\/p>\n<p>D\u0131\u015f \u00c7ap: 0,4 ~ 6,0 mm<\/p>\n<p>Uzunluk: 6000mm, 12000mm +\/- 30mm<\/td>\n<\/tr>\n<\/tbody>\n<\/table>\n<\/div><\/section><br \/>\n<div  class='hr hr-default'><span class='hr-inner' ><span class='hr-inner-style'><\/span><\/span><\/div><br \/>\n<section class=\"av_textblock_section\"  itemscope=\"itemscope\" itemtype=\"https:\/\/schema.org\/CreativeWork\" ><div class='avia_textblock'   itemprop=\"text\" ><h4>WID Steel&#039;de Mevcut SS Kare Boru S\u0131n\u0131flar\u0131<\/h4>\n<ul>\n<li>Paslanmaz \u00e7elik <a href=\"https:\/\/wldstainless.com\/materials\/austenitic-stainless-steel\/304-304l-stainless-steel\/\">304\/304L<\/a> Kare boru<\/li>\n<li>Paslanmaz \u00e7elik <a href=\"https:\/\/wldstainless.com\/materials\/austenitic-stainless-steel\/316-316l-stainless-steel\/\">316\/316L<\/a> Kare boru<\/li>\n<li>Paslanmaz \u00c7elik 309S Kare Boru<\/li>\n<li>Paslanmaz \u00e7elik <a href=\"https:\/\/wldstainless.com\/materials\/austenitic-stainless-steel\/321-321h-stainless-steel\/\">321\/321H<\/a> Kare boru<\/li>\n<li>Paslanmaz \u00e7elik <a href=\"https:\/\/wldstainless.com\/materials\/austenitic-stainless-steel\/347-347h-stainless-steel\/\">347\/347H<\/a> Kare boru<\/li>\n<li>Paslanmaz \u00e7elik <a href=\"https:\/\/wldstainless.com\/materials\/ferritic-stainless-steel\/409-409l-stainless-steel\/\">409<\/a> Kare boru<\/li>\n<li>Paslanmaz \u00e7elik <a href=\"https:\/\/wldstainless.com\/materials\/austenitic-stainless-steel\/904l-stainless-steel\/\">904L<\/a> Kare boru<\/li>\n<\/ul>\n<\/div><\/section><\/p><\/div>","protected":false},"excerpt":{"rendered":"","protected":false},"author":1,"featured_media":0,"parent":346,"menu_order":0,"comment_status":"closed","ping_status":"closed","template":"","meta":{"footnotes":""},"class_list":["post-1680","page","type-page","status-publish","hentry"],"aioseo_notices":[],"_links":{"self":[{"href":"https:\/\/wldstainless.com\/tr\/wp-json\/wp\/v2\/pages\/1680","targetHints":{"allow":["GET"]}}],"collection":[{"href":"https:\/\/wldstainless.com\/tr\/wp-json\/wp\/v2\/pages"}],"about":[{"href":"https:\/\/wldstainless.com\/tr\/wp-json\/wp\/v2\/types\/page"}],"author":[{"embeddable":true,"href":"https:\/\/wldstainless.com\/tr\/wp-json\/wp\/v2\/users\/1"}],"replies":[{"embeddable":true,"href":"https:\/\/wldstainless.com\/tr\/wp-json\/wp\/v2\/comments?post=1680"}],"version-history":[{"count":12,"href":"https:\/\/wldstainless.com\/tr\/wp-json\/wp\/v2\/pages\/1680\/revisions"}],"predecessor-version":[{"id":2059,"href":"https:\/\/wldstainless.com\/tr\/wp-json\/wp\/v2\/pages\/1680\/revisions\/2059"}],"up":[{"embeddable":true,"href":"https:\/\/wldstainless.com\/tr\/wp-json\/wp\/v2\/pages\/346"}],"wp:attachment":[{"href":"https:\/\/wldstainless.com\/tr\/wp-json\/wp\/v2\/media?parent=1680"}],"curies":[{"name":"wp","href":"https:\/\/api.w.org\/{rel}","templated":true}]}}