{"id":1678,"date":"2020-09-09T02:11:01","date_gmt":"2020-09-09T02:11:01","guid":{"rendered":"http:\/\/wldstainless.com\/?page_id=1678"},"modified":"2020-09-18T10:04:14","modified_gmt":"2020-09-18T10:04:14","slug":"stainless-steel-round-bars","status":"publish","type":"page","link":"https:\/\/wldstainless.com\/tr\/products\/stainless-steel-round-bars\/","title":{"rendered":"Paslanmaz \u00c7elik Yuvarlak \u00c7ubuklar"},"content":{"rendered":"<div class=\"flex_column av_one_fourth  flex_column_div av-zero-column-padding first\" style='border-radius:0px; '><p><div class='avia-builder-widget-area clearfix'><div id=\"nav_menu-7\" class=\"widget clearfix widget_nav_menu\"><h3 class=\"widgettitle\">\u00dcr\u00fcnler<\/h3><div class=\"menu-accessories-container\"><ul id=\"menu-accessories\" class=\"menu\"><li id=\"menu-item-1924\" class=\"menu-item menu-item-type-post_type menu-item-object-page menu-item-1924\"><a href=\"https:\/\/wldstainless.com\/tr\/products\/stainless-steel-angle\/\">Paslanmaz \u00c7elik A\u00e7\u0131<\/a><\/li>\n<li id=\"menu-item-1925\" class=\"menu-item menu-item-type-post_type menu-item-object-page menu-item-1925\"><a href=\"https:\/\/wldstainless.com\/tr\/products\/stainless-steel-beam\/\">Paslanmaz \u00c7elik Kiri\u015f<\/a><\/li>\n<li id=\"menu-item-1926\" class=\"menu-item menu-item-type-post_type menu-item-object-page menu-item-1926\"><a href=\"https:\/\/wldstainless.com\/tr\/products\/stainless-steel-capillary-tubes\/\">Paslanmaz \u00c7elik K\u0131lcal Borular<\/a><\/li>\n<li id=\"menu-item-1927\" class=\"menu-item menu-item-type-post_type menu-item-object-page menu-item-1927\"><a href=\"https:\/\/wldstainless.com\/tr\/products\/stainless-steel-channel\/\">Paslanmaz \u00c7elik Kanal<\/a><\/li>\n<li id=\"menu-item-1928\" class=\"menu-item menu-item-type-post_type menu-item-object-page menu-item-1928\"><a href=\"https:\/\/wldstainless.com\/tr\/products\/stainless-steel-coiled-tube\/\">Paslanmaz \u00c7elik Sarmal Boru<\/a><\/li>\n<li id=\"menu-item-1929\" class=\"menu-item menu-item-type-post_type menu-item-object-page menu-item-1929\"><a href=\"https:\/\/wldstainless.com\/tr\/products\/stainless-steel-cold-rolled-plate-sheet-coil\/\">Paslanmaz \u00c7elik So\u011fuk Haddelenmi\u015f Levha \/ Levha \/ Rulo<\/a><\/li>\n<li id=\"menu-item-1930\" class=\"menu-item menu-item-type-post_type menu-item-object-page menu-item-1930\"><a href=\"https:\/\/wldstainless.com\/tr\/products\/stainless-steel-flats\/\">Paslanmaz \u00c7elik Yass\u0131lar<\/a><\/li>\n<li id=\"menu-item-1931\" class=\"menu-item menu-item-type-post_type menu-item-object-page menu-item-1931\"><a href=\"https:\/\/wldstainless.com\/tr\/products\/stainless-steel-hexagon-bars\/\">Paslanmaz \u00c7elik Alt\u0131gen \u00c7ubuklar<\/a><\/li>\n<li id=\"menu-item-1932\" class=\"menu-item menu-item-type-post_type menu-item-object-page menu-item-1932\"><a href=\"https:\/\/wldstainless.com\/tr\/products\/stainless-steel-hot-rolled-plate-sheet-coil\/\">Paslanmaz \u00c7elik S\u0131cak Haddelenmi\u015f Levha \/ Levha \/ Rulo<\/a><\/li>\n<li id=\"menu-item-1933\" class=\"menu-item menu-item-type-post_type menu-item-object-page menu-item-1933\"><a href=\"https:\/\/wldstainless.com\/tr\/products\/stainless-steel-large-diameter-pipe\/\">Paslanmaz \u00c7elik B\u00fcy\u00fck \u00c7apl\u0131 Boru<\/a><\/li>\n<li id=\"menu-item-1934\" class=\"menu-item menu-item-type-post_type menu-item-object-page menu-item-1934\"><a href=\"https:\/\/wldstainless.com\/tr\/products\/stainless-steel-round-bars\/\">Paslanmaz \u00c7elik Yuvarlak \u00c7ubuklar<\/a><\/li>\n<li id=\"menu-item-1935\" class=\"menu-item menu-item-type-post_type menu-item-object-page menu-item-1935\"><a href=\"https:\/\/wldstainless.com\/tr\/products\/stainless-steel-square-tube\/\">Paslanmaz \u00c7elik Kare Boru<\/a><\/li>\n<li id=\"menu-item-1936\" class=\"menu-item menu-item-type-post_type menu-item-object-page menu-item-1936\"><a href=\"https:\/\/wldstainless.com\/tr\/products\/stainless-steel-u-bend-tube\/\">Paslanmaz \u00c7elik U-B\u00fck\u00fcm Borusu<\/a><\/li>\n<\/ul><\/div><\/div><\/div><br \/>\n<div  class='hr hr-default'><span class='hr-inner' ><span class='hr-inner-style'><\/span><\/span><\/div><br \/>\n<div class='avia-button-wrap avia-button-left'><a href='http:\/\/wldstainless.com\/contact\/#contact' class='avia-button   avia-icon_select-yes-left-icon avia-color-custom avia-size-large avia-position-left'  target=\"_blank\"  style='background-color:#e82221; border-color:#e82221; color:#ffffff; ' ><span class='avia_button_icon avia_button_icon_left' aria-hidden='true' data-av_icon='\ue84b' data-av_iconfont='entypo-fontello'><\/span><span class='avia_iconbox_title' >Bir teklif iste\u011fi<\/span><\/a><\/div><\/p><\/div><div class=\"flex_column av_three_fourth  flex_column_div\" style='padding:0px 0px 50px 0px ; border-radius:0px; '><p><div style='padding-bottom:10px;color:#d3311f;' class='av-special-heading av-special-heading-h3 custom-color-heading'><h3 class='av-special-heading-tag'  itemprop=\"headline\"  >Paslanmaz \u00c7elik Yuvarlak \u00c7ubuklar<\/h3><div class='special-heading-border'><div class='special-heading-inner-border' style='border-color:#d3311f'><\/div><\/div><\/div><br \/>\n<div  class='hr hr-default'><span class='hr-inner' ><span class='hr-inner-style'><\/span><\/span><\/div><br \/>\n<section class=\"av_textblock_section\"  itemscope=\"itemscope\" itemtype=\"https:\/\/schema.org\/CreativeWork\" ><div class='avia_textblock'   itemprop=\"text\" ><p>Paslanmaz \u00e7elik yuvarlak \u00e7ubuk veya \u00e7ubuk, so\u011fuk \u00e7ekme veya s\u0131cak haddeleme i\u015flemiyle \u00fcretilir. \u00c7eli\u011fin yap\u0131s\u0131na ve kimyasal bile\u015fimine g\u00f6re, paslanmaz \u00e7elik \u00e7ubuk Martensitik paslanmaz \u00e7elik \u00e7ubuk, Ferritik paslanmaz \u00e7elik \u00e7ubuk, \u00d6stenitik paslanmaz \u00e7elik \u00e7ubuk, Dubleks paslanmaz \u00e7elik \u00e7ubuk ve \u00c7\u00f6keltilmi\u015f sertle\u015fen paslanmaz \u00e7elik \u00e7ubuk veya Krom-paslanmaz \u00e7elik \u00e7ubuk ve Nikel&#039;e ayr\u0131labilir. -paslanmaz \u00e7elik \u00e7ubuk. Paslanmaz \u00e7elik \u00e7ubuk, formuna ve \u015fekillerine g\u00f6re d\u00fcz \u00e7ubuk, alt\u0131gen \u00e7ubuk, kare \u00e7ubuk, yuvarlak \u00e7ubuk olabilir.<\/p>\n<p>Paslanmaz \u00e7elik yuvarlak \u00e7ubuk \u00e7e\u015fitli uygulamalar sunar ve iyi korozyon direnci ve m\u00fckemmel mukavemet gerektiren hemen hemen her yerde kullan\u0131labilir; diki\u015fsiz paslanmaz \u00e7elik boru imalat\u0131n\u0131n temel malzemesidir. WLD Steel olarak, haddelenmi\u015f, tavlanm\u0131\u015f ve normalle\u015ftirilmi\u015f \u015fartlarda \u00e7e\u015fitli boyut ve kalitelerde paslanmaz \u00e7elik yuvarlak \u00e7ubuk tedarik ve \u00fcretimi yapmaktay\u0131z. Ayr\u0131ca servis merkezimiz arac\u0131l\u0131\u011f\u0131yla ebatlara g\u00f6re kesim ve \u0131s\u0131l i\u015flem hizmetleri de sunuyoruz.<\/p>\n<\/div><\/section><br \/>\n<div  class='hr hr-default'><span class='hr-inner' ><span class='hr-inner-style'><\/span><\/span><\/div><br \/>\n<section class=\"av_textblock_section\"  itemscope=\"itemscope\" itemtype=\"https:\/\/schema.org\/CreativeWork\" ><div class='avia_textblock'   itemprop=\"text\" ><h4>End\u00fcstriyel SS Yuvarlak \u00c7ubuklar\u0131n \u00d6zellikleri<\/h4>\n<table>\n<tbody>\n<tr>\n<td width=\"323\">Formlar:<\/td>\n<td width=\"529\">Yuvarlak \u00e7ubuk<\/td>\n<\/tr>\n<tr>\n<td width=\"323\">Malzeme<\/td>\n<td width=\"529\">Paslanmaz \u00e7elik<\/p>\n<p>Dubleks Paslanmaz \u00c7elik<\/td>\n<\/tr>\n<tr>\n<td width=\"323\">Y\u00fczey<\/td>\n<td width=\"529\">Cilal\u0131, parlak, \u00f6\u011f\u00fct\u00fclm\u00fc\u015f, kumlanm\u0131\u015f, salamura edilmi\u015f, \u00f6\u011f\u00fct\u00fclm\u00fc\u015f<\/td>\n<\/tr>\n<tr>\n<td width=\"323\">\u015eartname<\/td>\n<td width=\"529\">ASTM A276<\/p>\n<p>ASTM A484<\/p>\n<p>ASTM A564<\/p>\n<p>ASTM A581<\/p>\n<p>ASTM A582<\/td>\n<\/tr>\n<tr>\n<td width=\"323\">Boyut<\/td>\n<td width=\"529\">3,17 mm \u2013 350 mm<\/td>\n<\/tr>\n<tr>\n<td width=\"323\">Kal\u0131nl\u0131k<\/td>\n<td width=\"529\">0,3 mm&#039;den 120 mm&#039;ye<\/td>\n<\/tr>\n<\/tbody>\n<\/table>\n<h4>WID Steel&#039;de mevcut \u00e7ubuk ve \u00e7ubuk kaliteleri<\/h4>\n<ul>\n<li>Paslanmaz \u00c7elik 304\/304L Yuvarlak \u00c7ubuk\/\u00c7ubuk<\/li>\n<li>Paslanmaz \u00c7elik 310\/310S Yuvarlak \u00c7ubuk \/ \u00c7ubuk<\/li>\n<li>Paslanmaz \u00c7elik 316\/316L Yuvarlak \u00c7ubuk\/\u00c7ubuk<\/li>\n<li>Paslanmaz \u00c7elik 321 Yuvarlak \u00c7ubuk\/\u00c7ubuklar<\/li>\n<li>Paslanmaz \u00c7elik 347H Yuvarlak \u00c7ubuk\/\u00c7ubuk<\/li>\n<li>Paslanmaz \u00c7elik 904L Yuvarlak \u00c7ubuk\/\u00c7ubuk<\/li>\n<li>Paslanmaz \u00c7elik 409\/409L Yuvarlak \u00c7ubuk\/\u00c7ubuk<\/li>\n<li>Paslanmaz \u00c7elik 410\/410S Yuvarlak \u00c7ubuk\/\u00c7ubuk<\/li>\n<li>Paslanmaz \u00c7elik 430 Yuvarlak \u00c7ubuk\/\u00c7ubuk<\/li>\n<li>Dubleks Paslanmaz \u00c7elik 2205 Yuvarlak \u00c7ubuk \/ \u00c7ubuk<\/li>\n<\/ul>\n<\/div><\/section><\/p><\/div><\/p>","protected":false},"excerpt":{"rendered":"","protected":false},"author":1,"featured_media":0,"parent":346,"menu_order":0,"comment_status":"closed","ping_status":"closed","template":"","meta":{"footnotes":""},"class_list":["post-1678","page","type-page","status-publish","hentry"],"aioseo_notices":[],"_links":{"self":[{"href":"https:\/\/wldstainless.com\/tr\/wp-json\/wp\/v2\/pages\/1678","targetHints":{"allow":["GET"]}}],"collection":[{"href":"https:\/\/wldstainless.com\/tr\/wp-json\/wp\/v2\/pages"}],"about":[{"href":"https:\/\/wldstainless.com\/tr\/wp-json\/wp\/v2\/types\/page"}],"author":[{"embeddable":true,"href":"https:\/\/wldstainless.com\/tr\/wp-json\/wp\/v2\/users\/1"}],"replies":[{"embeddable":true,"href":"https:\/\/wldstainless.com\/tr\/wp-json\/wp\/v2\/comments?post=1678"}],"version-history":[{"count":5,"href":"https:\/\/wldstainless.com\/tr\/wp-json\/wp\/v2\/pages\/1678\/revisions"}],"predecessor-version":[{"id":1951,"href":"https:\/\/wldstainless.com\/tr\/wp-json\/wp\/v2\/pages\/1678\/revisions\/1951"}],"up":[{"embeddable":true,"href":"https:\/\/wldstainless.com\/tr\/wp-json\/wp\/v2\/pages\/346"}],"wp:attachment":[{"href":"https:\/\/wldstainless.com\/tr\/wp-json\/wp\/v2\/media?parent=1678"}],"curies":[{"name":"wp","href":"https:\/\/api.w.org\/{rel}","templated":true}]}}