{"id":1627,"date":"2020-08-26T09:28:37","date_gmt":"2020-08-26T09:28:37","guid":{"rendered":"http:\/\/wldstainless.com\/?page_id=1627"},"modified":"2020-12-11T05:35:29","modified_gmt":"2020-12-11T05:35:29","slug":"stainless-steel-capillary-tubes","status":"publish","type":"page","link":"https:\/\/wldstainless.com\/tr\/products\/stainless-steel-capillary-tubes\/","title":{"rendered":"Paslanmaz \u00c7elik K\u0131lcal Borular"},"content":{"rendered":"<div class=\"flex_column av_one_fourth  flex_column_div av-zero-column-padding first\" style='border-radius:0px; '><p><div class='avia-builder-widget-area clearfix'><div id=\"nav_menu-7\" class=\"widget clearfix widget_nav_menu\"><h3 class=\"widgettitle\">\u00dcr\u00fcnler<\/h3><div class=\"menu-accessories-container\"><ul id=\"menu-accessories\" class=\"menu\"><li id=\"menu-item-1924\" class=\"menu-item menu-item-type-post_type menu-item-object-page menu-item-1924\"><a href=\"https:\/\/wldstainless.com\/tr\/products\/stainless-steel-angle\/\">Paslanmaz \u00c7elik A\u00e7\u0131<\/a><\/li>\n<li id=\"menu-item-1925\" class=\"menu-item menu-item-type-post_type menu-item-object-page menu-item-1925\"><a href=\"https:\/\/wldstainless.com\/tr\/products\/stainless-steel-beam\/\">Paslanmaz \u00c7elik Kiri\u015f<\/a><\/li>\n<li id=\"menu-item-1926\" class=\"menu-item menu-item-type-post_type menu-item-object-page menu-item-1926\"><a href=\"https:\/\/wldstainless.com\/tr\/products\/stainless-steel-capillary-tubes\/\">Paslanmaz \u00c7elik K\u0131lcal Borular<\/a><\/li>\n<li id=\"menu-item-1927\" class=\"menu-item menu-item-type-post_type menu-item-object-page menu-item-1927\"><a href=\"https:\/\/wldstainless.com\/tr\/products\/stainless-steel-channel\/\">Paslanmaz \u00c7elik Kanal<\/a><\/li>\n<li id=\"menu-item-1928\" class=\"menu-item menu-item-type-post_type menu-item-object-page menu-item-1928\"><a href=\"https:\/\/wldstainless.com\/tr\/products\/stainless-steel-coiled-tube\/\">Paslanmaz \u00c7elik Sarmal Boru<\/a><\/li>\n<li id=\"menu-item-1929\" class=\"menu-item menu-item-type-post_type menu-item-object-page menu-item-1929\"><a href=\"https:\/\/wldstainless.com\/tr\/products\/stainless-steel-cold-rolled-plate-sheet-coil\/\">Paslanmaz \u00c7elik So\u011fuk Haddelenmi\u015f Levha \/ Levha \/ Rulo<\/a><\/li>\n<li id=\"menu-item-1930\" class=\"menu-item menu-item-type-post_type menu-item-object-page menu-item-1930\"><a href=\"https:\/\/wldstainless.com\/tr\/products\/stainless-steel-flats\/\">Paslanmaz \u00c7elik Yass\u0131lar<\/a><\/li>\n<li id=\"menu-item-1931\" class=\"menu-item menu-item-type-post_type menu-item-object-page menu-item-1931\"><a href=\"https:\/\/wldstainless.com\/tr\/products\/stainless-steel-hexagon-bars\/\">Paslanmaz \u00c7elik Alt\u0131gen \u00c7ubuklar<\/a><\/li>\n<li id=\"menu-item-1932\" class=\"menu-item menu-item-type-post_type menu-item-object-page menu-item-1932\"><a href=\"https:\/\/wldstainless.com\/tr\/products\/stainless-steel-hot-rolled-plate-sheet-coil\/\">Paslanmaz \u00c7elik S\u0131cak Haddelenmi\u015f Levha \/ Levha \/ Rulo<\/a><\/li>\n<li id=\"menu-item-1933\" class=\"menu-item menu-item-type-post_type menu-item-object-page menu-item-1933\"><a href=\"https:\/\/wldstainless.com\/tr\/products\/stainless-steel-large-diameter-pipe\/\">Paslanmaz \u00c7elik B\u00fcy\u00fck \u00c7apl\u0131 Boru<\/a><\/li>\n<li id=\"menu-item-1934\" class=\"menu-item menu-item-type-post_type menu-item-object-page menu-item-1934\"><a href=\"https:\/\/wldstainless.com\/tr\/products\/stainless-steel-round-bars\/\">Paslanmaz \u00c7elik Yuvarlak \u00c7ubuklar<\/a><\/li>\n<li id=\"menu-item-1935\" class=\"menu-item menu-item-type-post_type menu-item-object-page menu-item-1935\"><a href=\"https:\/\/wldstainless.com\/tr\/products\/stainless-steel-square-tube\/\">Paslanmaz \u00c7elik Kare Boru<\/a><\/li>\n<li id=\"menu-item-1936\" class=\"menu-item menu-item-type-post_type menu-item-object-page menu-item-1936\"><a href=\"https:\/\/wldstainless.com\/tr\/products\/stainless-steel-u-bend-tube\/\">Paslanmaz \u00c7elik U-B\u00fck\u00fcm Borusu<\/a><\/li>\n<\/ul><\/div><\/div><\/div><br \/>\n<div  class='hr hr-default'><span class='hr-inner' ><span class='hr-inner-style'><\/span><\/span><\/div><br \/>\n<div class='avia-button-wrap avia-button-left'><a href='http:\/\/wldstainless.com\/contact\/#contact' class='avia-button   avia-icon_select-yes-left-icon avia-color-custom avia-size-large avia-position-left'  target=\"_blank\"  style='background-color:#e82221; border-color:#e82221; color:#ffffff; ' ><span class='avia_button_icon avia_button_icon_left' aria-hidden='true' data-av_icon='\ue84b' data-av_iconfont='entypo-fontello'><\/span><span class='avia_iconbox_title' >Bir teklif iste\u011fi<\/span><\/a><\/div><\/p><\/div>\n<div class=\"flex_column av_three_fourth  flex_column_div\" style='padding:0px 0px 50px 0px ; border-radius:0px; '><p><div style='padding-bottom:10px;color:#d3311f;' class='av-special-heading av-special-heading-h3 custom-color-heading'><h3 class='av-special-heading-tag'  itemprop=\"headline\"  >Paslanmaz \u00c7elik K\u0131lcal Borular<\/h3><div class='special-heading-border'><div class='special-heading-inner-border' style='border-color:#d3311f'><\/div><\/div><\/div><br \/>\n<section class=\"av_textblock_section\"  itemscope=\"itemscope\" itemtype=\"https:\/\/schema.org\/CreativeWork\" ><div class='avia_textblock'   itemprop=\"text\" ><p>D\u0131\u015f \u00e7ap\u0131 0,32 mm ila 8,0 mm aras\u0131nda de\u011fi\u015fen paslanmaz \u00e7elik borular, et kal\u0131nl\u0131\u011f\u0131 0,08 mm ila 2,0 mm aras\u0131nda de\u011fi\u015fen k\u0131lcal borular olarak an\u0131l\u0131r. K\u0131lcal borular s\u0131k\u0131 toleranslarla karakterize edilir ve y\u00fczeyin i\u00e7indeki boru ya\u011f, gres ve di\u011fer par\u00e7ac\u0131klardan ar\u0131nd\u0131r\u0131lm\u0131\u015ft\u0131r. WLDSTEEL olarak genel olarak ASTM A\/ASME SA 213\/269\/632\/511&#039;e uygun k\u0131lcal \u00e7elik boru \u00fcretip \u00fcretmekteyiz. M\u00fc\u015fterilerin, paslanmaz \u00e7elik parlak tavlanm\u0131\u015f boru, elektrolitik olarak parlat\u0131lm\u0131\u015f boru da dahil olmak \u00fczere k\u0131lcal boyut do\u011frulu\u011fu ve y\u00fczey kalitesi konusunda daha s\u0131k\u0131 gereksinimleri varsa, hizmeti \u00f6zelle\u015ftirmek i\u00e7in teklif sunabiliriz; ayr\u0131ca pul pul d\u00f6kme, kapatma, delme, kesme, b\u00fckme ve di\u011fer i\u015fleme hizmetleri de sa\u011fl\u0131yoruz.<\/p>\n<\/div><\/section><br \/>\n<div class='avia-gallery  avia-gallery-1 avia_lazyload avia_animate_when_visible'  itemprop=\"ImageObject\" itemscope=\"itemscope\" itemtype=\"https:\/\/schema.org\/ImageObject\" ><div class='avia-gallery-thumb'> <a href='https:\/\/wldstainless.com\/wp-content\/uploads\/2020\/09\/SS-Capillary-Tubes.jpg' data-rel='gallery-1' data-prev-img='https:\/\/wldstainless.com\/wp-content\/uploads\/2020\/09\/SS-Capillary-Tubes.jpg' class='first_thumb lightbox' data-onclick='1' title=''  itemprop=\"thumbnailUrl\" ><img  src='https:\/\/wldstainless.com\/wp-content\/uploads\/2020\/09\/SS-Capillary-Tubes.jpg' width='300' height='300'  title='SS K\u0131lcal Borular' alt='' \/><\/a> <a href='https:\/\/wldstainless.com\/wp-content\/uploads\/2020\/09\/Capillary-Tubes-for-medical-1.jpg' data-rel='gallery-1' data-prev-img='https:\/\/wldstainless.com\/wp-content\/uploads\/2020\/09\/Capillary-Tubes-for-medical-1.jpg' class='lightbox' data-onclick='2' title=''  itemprop=\"thumbnailUrl\" ><img  src='https:\/\/wldstainless.com\/wp-content\/uploads\/2020\/09\/Capillary-Tubes-for-medical-1.jpg' width='300' height='300'  title='T\u0131bbi ama\u00e7l\u0131 K\u0131lcal Borular' alt='' \/><\/a> <a href='https:\/\/wldstainless.com\/wp-content\/uploads\/2020\/09\/Coiled-capillary-tubes.jpg' data-rel='gallery-1' data-prev-img='https:\/\/wldstainless.com\/wp-content\/uploads\/2020\/09\/Coiled-capillary-tubes.jpg' class='lightbox' data-onclick='3' title=''  itemprop=\"thumbnailUrl\" ><img  src='https:\/\/wldstainless.com\/wp-content\/uploads\/2020\/09\/Coiled-capillary-tubes.jpg' width='300' height='300'  title='Sarmal k\u0131lcal borular' alt='' \/><\/a><\/div><\/div><br \/>\n<div  class='hr hr-default'><span class='hr-inner' ><span class='hr-inner-style'><\/span><\/span><\/div><br \/>\n<section class=\"av_textblock_section\"  itemscope=\"itemscope\" itemtype=\"https:\/\/schema.org\/CreativeWork\" ><div class='avia_textblock'   itemprop=\"text\" ><h4><strong>Paslanmaz \u00c7elik K\u0131lcal Borular\u0131n \u00d6zellikleri<\/strong><\/h4>\n<ul>\n<li>ASTM A\/ASME SA 213 K\u0131lcal Borular<\/li>\n<li>ASTM A\/ASME SA269 K\u0131lcal Borular<\/li>\n<li>ASTM A\/ASME SA511 K\u0131lcal Borular<\/li>\n<li>ASTM A\/ASME SA632 K\u0131lcal Borular<\/li>\n<li>&#8230;&#8230;<\/li>\n<\/ul>\n<hr \/>\n<h4><strong>Paslanmaz \u00c7elik K\u0131lcal Borular\u0131n mevcut kaliteleri<\/strong><\/h4>\n<ul>\n<li><a href=\"https:\/\/wldstainless.com\/materials\/austenitic-stainless-steel\/304-304l-stainless-steel\/\">TP304\/304L<\/a> K\u0131lcal Borular<\/li>\n<li><a href=\"https:\/\/wldstainless.com\/materials\/austenitic-stainless-steel\/316-316l-stainless-steel\/\">TP316\/316L<\/a> K\u0131lcal Borular<\/li>\n<li><a href=\"https:\/\/wldstainless.com\/materials\/austenitic-stainless-steel\/321-321h-stainless-steel\/\">TP321<\/a> K\u0131lcal Borular<\/li>\n<li><a href=\"https:\/\/wldstainless.com\/materials\/austenitic-stainless-steel\/310s-stainless-steel\/\">TP310\/310S<\/a> K\u0131lcal Borular<\/li>\n<li><a href=\"https:\/\/wldstainless.com\/materials\/duplex-stainless-steel\/alloy-2205-stainless-steel\/\">2205<\/a> Dubleks Paslanmaz \u00c7elik K\u0131lcal Borular<\/li>\n<li>&#8230;&#8230;<\/li>\n<\/ul>\n<hr \/>\n<h4><strong>Paslanmaz \u00c7elik K\u0131lcal Borular\u0131n \u00d6zellikleri<\/strong><\/h4>\n<ul>\n<li>Y\u00fcksek boyutsal do\u011fruluk.<\/li>\n<\/ul>\n<p>Paslanmaz \u00e7elik k\u0131lcal borunun d\u0131\u015f \u00e7ap tolerans\u0131 genellikle \u00b10,10 mm dahilindedir ve duvar kal\u0131nl\u0131\u011f\u0131 \u00b110% dahilindedir. Ayr\u0131ca m\u00fc\u015fteri gereksinimlerine g\u00f6re d\u0131\u015f \u00e7ap tolerans\u0131n\u0131 \u00b10,05 mm ve duvar kal\u0131nl\u0131\u011f\u0131n\u0131 \u00b15% aral\u0131\u011f\u0131nda yapacak \u015fekilde \u00f6zelle\u015ftirilebilir.<\/p>\n<ul>\n<li>Y\u00fcksek y\u00fczey kalitesi.<\/li>\n<\/ul>\n<p>Genel olarak parlak tavlama veya ince cilalama, y\u00fczey p\u00fcr\u00fczl\u00fcl\u00fc\u011f\u00fcn\u00fc 0,2um&#039;un alt\u0131na kadar \u00e7\u0131karabilir.<\/p>\n<ul>\n<li>\u00c7elik borunun y\u00fczey sertli\u011fi 70HRB-80HRB aras\u0131nda kontrol edilebilmektedir.<\/li>\n<\/ul>\n<hr \/>\n<h4><strong>Paslanmaz \u00c7elik K\u0131lcal Borular\u0131n Uygulamalar\u0131<\/strong><\/h4>\n<p>Petrokimya, elektronik, t\u0131p, havac\u0131l\u0131k, t\u0131p, ila\u00e7, g\u0131da makineleri, enerji \u00fcretimi, yar\u0131 iletken, m\u00fccevher ve di\u011fer alanlarda yayg\u0131n olarak kullan\u0131lan paslanmaz \u00e7elik k\u0131lcal boru.<\/p>\n<ul>\n<li>T\u0131bbi malzeme. Enjeksiyon i\u011fnesi t\u00fcp\u00fc, delinme i\u011fnesi t\u00fcp\u00fc, s\u0131cakl\u0131k sens\u00f6r\u00fc s\u0131cakl\u0131k t\u00fcp\u00fc, termometre t\u00fcp\u00fc, s\u0131cakl\u0131k kontrol t\u00fcp\u00fc.<\/li>\n<li>Otomatik aletler. Otomatik alet sinyal t\u00fcp\u00fc, koruma t\u00fcp\u00fc; Hassas optik cetvel devresi, end\u00fcstriyel sens\u00f6rler, elektronik ekipman devre koruma t\u00fcp\u00fc, her t\u00fcrl\u00fc elektronik mikro t\u00fcp, fiber optik aksesuarlar, optik kar\u0131\u015ft\u0131r\u0131c\u0131.<\/li>\n<li>Kalem imalat\u0131. \u00c7ekirdek t\u00fcp, kalem t\u00fcp.<\/li>\n<li>Elektrik ve spor malzemeleri. Her t\u00fcrl\u00fc anten t\u00fcp\u00fc, araba kuyruk anteni, cep telefonu uzatma anteni, diz\u00fcst\u00fc bilgisayar anteni ve olta t\u00fcp\u00fc, olta vb.<\/li>\n<\/ul>\n<\/div><\/section><\/p><\/div>","protected":false},"excerpt":{"rendered":"","protected":false},"author":1,"featured_media":0,"parent":346,"menu_order":0,"comment_status":"closed","ping_status":"closed","template":"","meta":{"footnotes":""},"class_list":["post-1627","page","type-page","status-publish","hentry"],"aioseo_notices":[],"_links":{"self":[{"href":"https:\/\/wldstainless.com\/tr\/wp-json\/wp\/v2\/pages\/1627","targetHints":{"allow":["GET"]}}],"collection":[{"href":"https:\/\/wldstainless.com\/tr\/wp-json\/wp\/v2\/pages"}],"about":[{"href":"https:\/\/wldstainless.com\/tr\/wp-json\/wp\/v2\/types\/page"}],"author":[{"embeddable":true,"href":"https:\/\/wldstainless.com\/tr\/wp-json\/wp\/v2\/users\/1"}],"replies":[{"embeddable":true,"href":"https:\/\/wldstainless.com\/tr\/wp-json\/wp\/v2\/comments?post=1627"}],"version-history":[{"count":12,"href":"https:\/\/wldstainless.com\/tr\/wp-json\/wp\/v2\/pages\/1627\/revisions"}],"predecessor-version":[{"id":2051,"href":"https:\/\/wldstainless.com\/tr\/wp-json\/wp\/v2\/pages\/1627\/revisions\/2051"}],"up":[{"embeddable":true,"href":"https:\/\/wldstainless.com\/tr\/wp-json\/wp\/v2\/pages\/346"}],"wp:attachment":[{"href":"https:\/\/wldstainless.com\/tr\/wp-json\/wp\/v2\/media?parent=1627"}],"curies":[{"name":"wp","href":"https:\/\/api.w.org\/{rel}","templated":true}]}}