{"id":1622,"date":"2020-08-26T09:26:00","date_gmt":"2020-08-26T09:26:00","guid":{"rendered":"http:\/\/wldstainless.com\/?page_id=1622"},"modified":"2020-12-11T05:52:43","modified_gmt":"2020-12-11T05:52:43","slug":"stainless-steel-large-diameter-pipe","status":"publish","type":"page","link":"https:\/\/wldstainless.com\/tr\/products\/stainless-steel-large-diameter-pipe\/","title":{"rendered":"Paslanmaz \u00c7elik B\u00fcy\u00fck \u00c7apl\u0131 Boru"},"content":{"rendered":"<div class=\"flex_column av_one_fourth  flex_column_div av-zero-column-padding first\" style='border-radius:0px; '><p><div class='avia-builder-widget-area clearfix'><div id=\"nav_menu-7\" class=\"widget clearfix widget_nav_menu\"><h3 class=\"widgettitle\">\u00dcr\u00fcnler<\/h3><div class=\"menu-accessories-container\"><ul id=\"menu-accessories\" class=\"menu\"><li id=\"menu-item-1924\" class=\"menu-item menu-item-type-post_type menu-item-object-page menu-item-1924\"><a href=\"https:\/\/wldstainless.com\/tr\/products\/stainless-steel-angle\/\">Paslanmaz \u00c7elik A\u00e7\u0131<\/a><\/li>\n<li id=\"menu-item-1925\" class=\"menu-item menu-item-type-post_type menu-item-object-page menu-item-1925\"><a href=\"https:\/\/wldstainless.com\/tr\/products\/stainless-steel-beam\/\">Paslanmaz \u00c7elik Kiri\u015f<\/a><\/li>\n<li id=\"menu-item-1926\" class=\"menu-item menu-item-type-post_type menu-item-object-page menu-item-1926\"><a href=\"https:\/\/wldstainless.com\/tr\/products\/stainless-steel-capillary-tubes\/\">Paslanmaz \u00c7elik K\u0131lcal Borular<\/a><\/li>\n<li id=\"menu-item-1927\" class=\"menu-item menu-item-type-post_type menu-item-object-page menu-item-1927\"><a href=\"https:\/\/wldstainless.com\/tr\/products\/stainless-steel-channel\/\">Paslanmaz \u00c7elik Kanal<\/a><\/li>\n<li id=\"menu-item-1928\" class=\"menu-item menu-item-type-post_type menu-item-object-page menu-item-1928\"><a href=\"https:\/\/wldstainless.com\/tr\/products\/stainless-steel-coiled-tube\/\">Paslanmaz \u00c7elik Sarmal Boru<\/a><\/li>\n<li id=\"menu-item-1929\" class=\"menu-item menu-item-type-post_type menu-item-object-page menu-item-1929\"><a href=\"https:\/\/wldstainless.com\/tr\/products\/stainless-steel-cold-rolled-plate-sheet-coil\/\">Paslanmaz \u00c7elik So\u011fuk Haddelenmi\u015f Levha \/ Levha \/ Rulo<\/a><\/li>\n<li id=\"menu-item-1930\" class=\"menu-item menu-item-type-post_type menu-item-object-page menu-item-1930\"><a href=\"https:\/\/wldstainless.com\/tr\/products\/stainless-steel-flats\/\">Paslanmaz \u00c7elik Yass\u0131lar<\/a><\/li>\n<li id=\"menu-item-1931\" class=\"menu-item menu-item-type-post_type menu-item-object-page menu-item-1931\"><a href=\"https:\/\/wldstainless.com\/tr\/products\/stainless-steel-hexagon-bars\/\">Paslanmaz \u00c7elik Alt\u0131gen \u00c7ubuklar<\/a><\/li>\n<li id=\"menu-item-1932\" class=\"menu-item menu-item-type-post_type menu-item-object-page menu-item-1932\"><a href=\"https:\/\/wldstainless.com\/tr\/products\/stainless-steel-hot-rolled-plate-sheet-coil\/\">Paslanmaz \u00c7elik S\u0131cak Haddelenmi\u015f Levha \/ Levha \/ Rulo<\/a><\/li>\n<li id=\"menu-item-1933\" class=\"menu-item menu-item-type-post_type menu-item-object-page menu-item-1933\"><a href=\"https:\/\/wldstainless.com\/tr\/products\/stainless-steel-large-diameter-pipe\/\">Paslanmaz \u00c7elik B\u00fcy\u00fck \u00c7apl\u0131 Boru<\/a><\/li>\n<li id=\"menu-item-1934\" class=\"menu-item menu-item-type-post_type menu-item-object-page menu-item-1934\"><a href=\"https:\/\/wldstainless.com\/tr\/products\/stainless-steel-round-bars\/\">Paslanmaz \u00c7elik Yuvarlak \u00c7ubuklar<\/a><\/li>\n<li id=\"menu-item-1935\" class=\"menu-item menu-item-type-post_type menu-item-object-page menu-item-1935\"><a href=\"https:\/\/wldstainless.com\/tr\/products\/stainless-steel-square-tube\/\">Paslanmaz \u00c7elik Kare Boru<\/a><\/li>\n<li id=\"menu-item-1936\" class=\"menu-item menu-item-type-post_type menu-item-object-page menu-item-1936\"><a href=\"https:\/\/wldstainless.com\/tr\/products\/stainless-steel-u-bend-tube\/\">Paslanmaz \u00c7elik U-B\u00fck\u00fcm Borusu<\/a><\/li>\n<\/ul><\/div><\/div><\/div><br \/>\n<div  class='hr hr-default'><span class='hr-inner' ><span class='hr-inner-style'><\/span><\/span><\/div><br \/>\n<div class='avia-button-wrap avia-button-left'><a href='http:\/\/wldstainless.com\/contact\/#contact' class='avia-button   avia-icon_select-yes-left-icon avia-color-custom avia-size-large avia-position-left'  target=\"_blank\"  style='background-color:#e82221; border-color:#e82221; color:#ffffff; ' ><span class='avia_button_icon avia_button_icon_left' aria-hidden='true' data-av_icon='\ue84b' data-av_iconfont='entypo-fontello'><\/span><span class='avia_iconbox_title' >Bir teklif iste\u011fi<\/span><\/a><\/div><\/p><\/div>\n<div class=\"flex_column av_three_fourth  flex_column_div\" style='padding:0px 0px 50px 0px ; border-radius:0px; '><section class=\"av_textblock_section\"  itemscope=\"itemscope\" itemtype=\"https:\/\/schema.org\/CreativeWork\" ><div class='avia_textblock'   itemprop=\"text\" ><h3>Paslanmaz \u00c7elik B\u00fcy\u00fck \u00c7apl\u0131 Boru<\/h3>\n<\/div><\/section><br \/>\n<div class='avia-gallery  avia-gallery-1 avia_lazyload avia_animate_when_visible'  itemprop=\"ImageObject\" itemscope=\"itemscope\" itemtype=\"https:\/\/schema.org\/ImageObject\" ><div class='avia-gallery-thumb'> <a href='https:\/\/wldstainless.com\/wp-content\/uploads\/2020\/09\/304-heavy-thickness-tube.jpg' data-rel='gallery-1' data-prev-img='https:\/\/wldstainless.com\/wp-content\/uploads\/2020\/09\/304-heavy-thickness-tube.jpg' class='first_thumb lightbox' data-onclick='1' title=''  itemprop=\"thumbnailUrl\" ><img  src='https:\/\/wldstainless.com\/wp-content\/uploads\/2020\/09\/304-heavy-thickness-tube.jpg' width='300' height='300'  title='304 a\u011f\u0131r kal\u0131nl\u0131kta t\u00fcp' alt='' \/><\/a> <a href='https:\/\/wldstainless.com\/wp-content\/uploads\/2020\/09\/304-Welded-pipe.jpg' data-rel='gallery-1' data-prev-img='https:\/\/wldstainless.com\/wp-content\/uploads\/2020\/09\/304-Welded-pipe.jpg' class='lightbox' data-onclick='2' title=''  itemprop=\"thumbnailUrl\" ><img  src='https:\/\/wldstainless.com\/wp-content\/uploads\/2020\/09\/304-Welded-pipe.jpg' width='300' height='300'  title='304 Kaynakl\u0131 boru' alt='' \/><\/a> <a href='https:\/\/wldstainless.com\/wp-content\/uploads\/2020\/09\/stainless-steel-pipe.jpg' data-rel='gallery-1' data-prev-img='https:\/\/wldstainless.com\/wp-content\/uploads\/2020\/09\/stainless-steel-pipe.jpg' class='lightbox' data-onclick='3' title=''  itemprop=\"thumbnailUrl\" ><img  src='https:\/\/wldstainless.com\/wp-content\/uploads\/2020\/09\/stainless-steel-pipe.jpg' width='300' height='300'  title='Paslanmaz \u00e7elik boru' alt='' \/><\/a><\/div><\/div><br \/>\n<div  class='hr hr-default'><span class='hr-inner' ><span class='hr-inner-style'><\/span><\/span><\/div><br \/>\n<section class=\"av_textblock_section\"  itemscope=\"itemscope\" itemtype=\"https:\/\/schema.org\/CreativeWork\" ><div class='avia_textblock'   itemprop=\"text\" ><p>D\u0131\u015f \u00e7ap\u0131 8\u2033&#039;den (219,1 mm) b\u00fcy\u00fck olan paslanmaz \u00e7elik diki\u015fsiz ve kaynakl\u0131 borulara genellikle b\u00fcy\u00fck \u00e7apl\u0131 borular denir. Her ikisi de, esas olarak makine, ula\u015f\u0131m, havac\u0131l\u0131k, in\u015faat ve di\u011fer alanlarda kullan\u0131lan m\u00fckemmel korozyon direnci ve iyi mekanik \u00f6zellikler gibi paslanmaz \u00e7eli\u011fin belirli \u00f6zelliklerine sahiptir. B\u00fcy\u00fck \u00e7apl\u0131 diki\u015fsiz paslanmaz \u00e7eli\u011fin boyutu 8 &quot;ila 30&quot; veya daha fazlad\u0131r (219,1 mm ila 830 mm) ve kal\u0131nl\u0131k aral\u0131\u011f\u0131 0,5 mm ila 59,54 mm&#039;dir. B\u00fcy\u00fck \u00e7apl\u0131 kaynakl\u0131 paslanmaz \u00e7elik borunun d\u0131\u015f \u00e7ap\u0131 219,1 mm ila 1800 mm ve kal\u0131nl\u0131\u011f\u0131 0,5 mm ila 20 mm aras\u0131ndad\u0131r.<\/p>\n<p>WLD Stainless, ASTM, AISI, JIS, DIN, ISO ve GB ile uyumlu, \u00f6ncelikli olarak paslanmaz \u00e7elik kaynakl\u0131 boru ve t\u00fcplerden olu\u015fan geni\u015f bir yelpazede tedarik eder. Talebinize g\u00f6re farkl\u0131 boyutlarda ve derecelerde \u00f6zel standart d\u0131\u015f\u0131 borular sunuyoruz, bu paslanmaz \u00e7elik borular ve t\u00fcpler enerji, m\u00fchendislik, in\u015faat ve daha bir\u00e7ok farkl\u0131 end\u00fcstride yayg\u0131n olarak kullan\u0131lmaktad\u0131r. \u00dcr\u00fcnleri olduk\u00e7a rekabet\u00e7i fiyatlarla sunuyoruz ve k\u0131sa s\u00fcrede sevkiyat yap\u0131yoruz. Di\u011fer i\u015fleme se\u00e7enekleri aras\u0131nda delme, delme, frezeleme ve di\u015f a\u00e7ma yer al\u0131r.<\/p>\n<hr \/>\n<p><strong>End\u00fcstriyel SS B\u00fcy\u00fck \u00c7apl\u0131 Boru \u00d6zellikleri<\/strong><\/p>\n<table>\n<tbody>\n<tr>\n<td width=\"189\">Malzeme<\/td>\n<td width=\"640\">Diki\u015fsiz b\u00fcy\u00fck \u00e7apl\u0131 Paslanmaz \u00c7elik Boru<\/p>\n<p>Kaynakl\u0131 b\u00fcy\u00fck \u00e7apl\u0131 Paslanmaz \u00c7elik Boru<\/td>\n<\/tr>\n<tr>\n<td width=\"189\">\u015eartname<\/td>\n<td width=\"640\">ASTM A269\/ A270\/ A249\/ A312\/ A789\/ A790\/ A554\/ A688\/ A778<\/p>\n<p>ASTM A358<\/td>\n<\/tr>\n<tr>\n<td width=\"189\">Boyut<\/td>\n<td width=\"640\">Kaynakl\u0131:D\u00c7:219,1 mm ila 830 mm; A\u011f\u0131rl\u0131k: 0,5 mm ila 59,5 mm<\/p>\n<p>Kesintisiz: 219,1 mm ila 1800 mm; A\u011f\u0131rl\u0131k: 0,5 mm&#039;den 20 mm&#039;ye<\/td>\n<\/tr>\n<tr>\n<td width=\"189\">Ba\u015fvuru<\/td>\n<td width=\"640\">\u0130n\u015faat, g\u0131da ve t\u0131bbi ar\u0131tma, kanalizasyon ar\u0131tma, petrokimya, ka\u011f\u0131t yap\u0131m\u0131, elektrik enerjisi, askeri, denizcilik, havac\u0131l\u0131k ve di\u011fer alanlar.<\/td>\n<\/tr>\n<\/tbody>\n<\/table>\n<\/div><\/section><br \/>\n<div  class='hr hr-default'><span class='hr-inner' ><span class='hr-inner-style'><\/span><\/span><\/div><br \/>\n<section class=\"av_textblock_section\"  itemscope=\"itemscope\" itemtype=\"https:\/\/schema.org\/CreativeWork\" ><div class='avia_textblock'   itemprop=\"text\" ><h4>WID Steel&#039;de Mevcut B\u00fcy\u00fck \u00c7apl\u0131 S\u0131n\u0131flar<\/h4>\n<ul>\n<li>Paslanmaz \u00e7elik <a href=\"https:\/\/wldstainless.com\/materials\/austenitic-stainless-steel\/304-304l-stainless-steel\/\">304\/304L<\/a> Diki\u015fsiz\/Kaynakl\u0131 Borular<\/li>\n<li>Paslanmaz \u00e7elik <a href=\"https:\/\/wldstainless.com\/materials\/austenitic-stainless-steel\/316-316l-stainless-steel\/\">316\/316L<\/a> Kaynakl\u0131 Borular<\/li>\n<li>Paslanmaz \u00c7elik 317 Kaynakl\u0131 Borular<\/li>\n<\/ul>\n<\/div><\/section><\/p><\/div>","protected":false},"excerpt":{"rendered":"","protected":false},"author":1,"featured_media":0,"parent":346,"menu_order":0,"comment_status":"closed","ping_status":"closed","template":"","meta":{"footnotes":""},"class_list":["post-1622","page","type-page","status-publish","hentry"],"aioseo_notices":[],"_links":{"self":[{"href":"https:\/\/wldstainless.com\/tr\/wp-json\/wp\/v2\/pages\/1622","targetHints":{"allow":["GET"]}}],"collection":[{"href":"https:\/\/wldstainless.com\/tr\/wp-json\/wp\/v2\/pages"}],"about":[{"href":"https:\/\/wldstainless.com\/tr\/wp-json\/wp\/v2\/types\/page"}],"author":[{"embeddable":true,"href":"https:\/\/wldstainless.com\/tr\/wp-json\/wp\/v2\/users\/1"}],"replies":[{"embeddable":true,"href":"https:\/\/wldstainless.com\/tr\/wp-json\/wp\/v2\/comments?post=1622"}],"version-history":[{"count":13,"href":"https:\/\/wldstainless.com\/tr\/wp-json\/wp\/v2\/pages\/1622\/revisions"}],"predecessor-version":[{"id":2058,"href":"https:\/\/wldstainless.com\/tr\/wp-json\/wp\/v2\/pages\/1622\/revisions\/2058"}],"up":[{"embeddable":true,"href":"https:\/\/wldstainless.com\/tr\/wp-json\/wp\/v2\/pages\/346"}],"wp:attachment":[{"href":"https:\/\/wldstainless.com\/tr\/wp-json\/wp\/v2\/media?parent=1622"}],"curies":[{"name":"wp","href":"https:\/\/api.w.org\/{rel}","templated":true}]}}