{"id":1619,"date":"2020-08-26T09:24:57","date_gmt":"2020-08-26T09:24:57","guid":{"rendered":"http:\/\/wldstainless.com\/?page_id=1619"},"modified":"2020-12-11T06:07:39","modified_gmt":"2020-12-11T06:07:39","slug":"stainless-steel-u-bend-tube","status":"publish","type":"page","link":"https:\/\/wldstainless.com\/tr\/products\/stainless-steel-u-bend-tube\/","title":{"rendered":"Paslanmaz \u00c7elik U-B\u00fck\u00fcm Borusu"},"content":{"rendered":"<div class=\"flex_column av_one_fourth  flex_column_div av-zero-column-padding first\" style='border-radius:0px; '><p><div class='avia-builder-widget-area clearfix'><div id=\"nav_menu-7\" class=\"widget clearfix widget_nav_menu\"><h3 class=\"widgettitle\">\u00dcr\u00fcnler<\/h3><div class=\"menu-accessories-container\"><ul id=\"menu-accessories\" class=\"menu\"><li id=\"menu-item-1924\" class=\"menu-item menu-item-type-post_type menu-item-object-page menu-item-1924\"><a href=\"https:\/\/wldstainless.com\/tr\/products\/stainless-steel-angle\/\">Paslanmaz \u00c7elik A\u00e7\u0131<\/a><\/li>\n<li id=\"menu-item-1925\" class=\"menu-item menu-item-type-post_type menu-item-object-page menu-item-1925\"><a href=\"https:\/\/wldstainless.com\/tr\/products\/stainless-steel-beam\/\">Paslanmaz \u00c7elik Kiri\u015f<\/a><\/li>\n<li id=\"menu-item-1926\" class=\"menu-item menu-item-type-post_type menu-item-object-page menu-item-1926\"><a href=\"https:\/\/wldstainless.com\/tr\/products\/stainless-steel-capillary-tubes\/\">Paslanmaz \u00c7elik K\u0131lcal Borular<\/a><\/li>\n<li id=\"menu-item-1927\" class=\"menu-item menu-item-type-post_type menu-item-object-page menu-item-1927\"><a href=\"https:\/\/wldstainless.com\/tr\/products\/stainless-steel-channel\/\">Paslanmaz \u00c7elik Kanal<\/a><\/li>\n<li id=\"menu-item-1928\" class=\"menu-item menu-item-type-post_type menu-item-object-page menu-item-1928\"><a href=\"https:\/\/wldstainless.com\/tr\/products\/stainless-steel-coiled-tube\/\">Paslanmaz \u00c7elik Sarmal Boru<\/a><\/li>\n<li id=\"menu-item-1929\" class=\"menu-item menu-item-type-post_type menu-item-object-page menu-item-1929\"><a href=\"https:\/\/wldstainless.com\/tr\/products\/stainless-steel-cold-rolled-plate-sheet-coil\/\">Paslanmaz \u00c7elik So\u011fuk Haddelenmi\u015f Levha \/ Levha \/ Rulo<\/a><\/li>\n<li id=\"menu-item-1930\" class=\"menu-item menu-item-type-post_type menu-item-object-page menu-item-1930\"><a href=\"https:\/\/wldstainless.com\/tr\/products\/stainless-steel-flats\/\">Paslanmaz \u00c7elik Yass\u0131lar<\/a><\/li>\n<li id=\"menu-item-1931\" class=\"menu-item menu-item-type-post_type menu-item-object-page menu-item-1931\"><a href=\"https:\/\/wldstainless.com\/tr\/products\/stainless-steel-hexagon-bars\/\">Paslanmaz \u00c7elik Alt\u0131gen \u00c7ubuklar<\/a><\/li>\n<li id=\"menu-item-1932\" class=\"menu-item menu-item-type-post_type menu-item-object-page menu-item-1932\"><a href=\"https:\/\/wldstainless.com\/tr\/products\/stainless-steel-hot-rolled-plate-sheet-coil\/\">Paslanmaz \u00c7elik S\u0131cak Haddelenmi\u015f Levha \/ Levha \/ Rulo<\/a><\/li>\n<li id=\"menu-item-1933\" class=\"menu-item menu-item-type-post_type menu-item-object-page menu-item-1933\"><a href=\"https:\/\/wldstainless.com\/tr\/products\/stainless-steel-large-diameter-pipe\/\">Paslanmaz \u00c7elik B\u00fcy\u00fck \u00c7apl\u0131 Boru<\/a><\/li>\n<li id=\"menu-item-1934\" class=\"menu-item menu-item-type-post_type menu-item-object-page menu-item-1934\"><a href=\"https:\/\/wldstainless.com\/tr\/products\/stainless-steel-round-bars\/\">Paslanmaz \u00c7elik Yuvarlak \u00c7ubuklar<\/a><\/li>\n<li id=\"menu-item-1935\" class=\"menu-item menu-item-type-post_type menu-item-object-page menu-item-1935\"><a href=\"https:\/\/wldstainless.com\/tr\/products\/stainless-steel-square-tube\/\">Paslanmaz \u00c7elik Kare Boru<\/a><\/li>\n<li id=\"menu-item-1936\" class=\"menu-item menu-item-type-post_type menu-item-object-page menu-item-1936\"><a href=\"https:\/\/wldstainless.com\/tr\/products\/stainless-steel-u-bend-tube\/\">Paslanmaz \u00c7elik U-B\u00fck\u00fcm Borusu<\/a><\/li>\n<\/ul><\/div><\/div><\/div><br \/>\n<div  class='hr hr-default'><span class='hr-inner' ><span class='hr-inner-style'><\/span><\/span><\/div><br \/>\n<div class='avia-button-wrap avia-button-left'><a href='http:\/\/wldstainless.com\/contact\/#contact' class='avia-button   avia-icon_select-yes-left-icon avia-color-custom avia-size-large avia-position-left'  target=\"_blank\"  style='background-color:#e82221; border-color:#e82221; color:#ffffff; ' ><span class='avia_button_icon avia_button_icon_left' aria-hidden='true' data-av_icon='\ue84b' data-av_iconfont='entypo-fontello'><\/span><span class='avia_iconbox_title' >Bir teklif iste\u011fi<\/span><\/a><\/div><\/p><\/div>\n<div class=\"flex_column av_three_fourth  flex_column_div\" style='padding:0px 0px 50px 0px ; border-radius:0px; '><p><div style='padding-bottom:10px;color:#d3311f;' class='av-special-heading av-special-heading-h3 custom-color-heading'><h3 class='av-special-heading-tag'  itemprop=\"headline\"  >Paslanmaz \u00c7elik U-B\u00fck\u00fcm Borusu<\/h3><div class='special-heading-border'><div class='special-heading-inner-border' style='border-color:#d3311f'><\/div><\/div><\/div><br \/>\n<div class='avia-gallery  avia-gallery-1 avia_lazyload avia_animate_when_visible'  itemprop=\"ImageObject\" itemscope=\"itemscope\" itemtype=\"https:\/\/schema.org\/ImageObject\" ><div class='avia-gallery-thumb'> <a href='https:\/\/wldstainless.com\/wp-content\/uploads\/2020\/09\/stainless-steel-condensor-U-tube.jpg' data-rel='gallery-1' data-prev-img='https:\/\/wldstainless.com\/wp-content\/uploads\/2020\/09\/stainless-steel-condensor-U-tube.jpg' class='first_thumb lightbox' data-onclick='1' title=''  itemprop=\"thumbnailUrl\" ><img  src='https:\/\/wldstainless.com\/wp-content\/uploads\/2020\/09\/stainless-steel-condensor-U-tube.jpg' width='300' height='300'  title='paslanmaz \u00e7elik kondansat\u00f6r U borusu' alt='' \/><\/a> <a href='https:\/\/wldstainless.com\/wp-content\/uploads\/2020\/09\/410-U-tube.jpg' data-rel='gallery-1' data-prev-img='https:\/\/wldstainless.com\/wp-content\/uploads\/2020\/09\/410-U-tube.jpg' class='lightbox' data-onclick='2' title=''  itemprop=\"thumbnailUrl\" ><img  src='https:\/\/wldstainless.com\/wp-content\/uploads\/2020\/09\/410-U-tube.jpg' width='300' height='300'  title='410 U t\u00fcp' alt='' \/><\/a> <a href='https:\/\/wldstainless.com\/wp-content\/uploads\/2020\/09\/304-SS-U-Tube.jpg' data-rel='gallery-1' data-prev-img='https:\/\/wldstainless.com\/wp-content\/uploads\/2020\/09\/304-SS-U-Tube.jpg' class='lightbox' data-onclick='3' title=''  itemprop=\"thumbnailUrl\" ><img  src='https:\/\/wldstainless.com\/wp-content\/uploads\/2020\/09\/304-SS-U-Tube.jpg' width='300' height='300'  title='304 SS U-Boru' alt='' \/><\/a><\/div><\/div><br \/>\n<div  class='hr hr-default'><span class='hr-inner' ><span class='hr-inner-style'><\/span><\/span><\/div><br \/>\n<section class=\"av_textblock_section\"  itemscope=\"itemscope\" itemtype=\"https:\/\/schema.org\/CreativeWork\" ><div class='avia_textblock'   itemprop=\"text\" ><p>Paslanmaz \u00e7elik U \u015fekilli diki\u015fsiz \u00e7elik boru genellikle kazan, kondenser, \u0131s\u0131 e\u015fanj\u00f6r\u00fc ve di\u011fer termal transd\u00fcser sistemlerinde kullan\u0131l\u0131r. 12,7-38,1mm*2m-15m boyutlar\u0131yla U-dirsek SS diki\u015fsiz boru, g\u00fc\u00e7 alanlar\u0131ndaki \u00e7e\u015fitli kazanlar i\u00e7in uygun olabilir. WLD Steel&#039;de genellikle U-\u015fekilli paslanmaz \u00e7elik borular\u0131 ASTM A\/ASME SA 213\/ A269\/ A312\/ A511\/ A789\/ A790&#039;a uygun olarak \u00fcretip tedarik ediyoruz. M\u00fc\u015fterilerin, paslanmaz \u00e7elik parlak tavlanm\u0131\u015f boru, elektrolitik olarak parlat\u0131lm\u0131\u015f boru da dahil olmak \u00fczere k\u0131lcal boyut do\u011frulu\u011fu ve y\u00fczey kalitesi konusunda daha s\u0131k\u0131 gereksinimleri varsa, hizmeti \u00f6zelle\u015ftirmek i\u00e7in teklif sunabiliriz; ayr\u0131ca pul pul d\u00f6kme, kapatma, delme, kesme, b\u00fckme ve di\u011fer i\u015fleme hizmetleri de sa\u011fl\u0131yoruz.<\/p>\n<h4><\/h4>\n<h4><strong>End\u00fcstriyel SS U-\u015fekilli Boru \u00d6zellikleri:<\/strong><\/h4>\n<table>\n<tbody>\n<tr>\n<td width=\"426\">B\u00fck\u00fclme yar\u0131\u00e7ap\u0131:<\/td>\n<td width=\"426\">1,5 * OD&#039;den (D\u0131\u015f \u00c7ap) 1500 mm&#039;ye kadar<\/td>\n<\/tr>\n<tr>\n<td width=\"426\">Malzeme<\/td>\n<td width=\"426\">Paslanmaz \u00e7elik<\/p>\n<p>Dubleks Paslanmaz \u00c7elik<\/td>\n<\/tr>\n<tr>\n<td width=\"426\">\u015eartname<\/td>\n<td width=\"426\">\n<ul>\n<li>ASTM A 213\/A 213M<\/li>\n<li>ASTM A 269\/A 269M<\/li>\n<li>ASTM A 312\/A 312M<\/li>\n<li>ASTM A 511\/A 511M<\/li>\n<li>ASTM A 789\/A 789M<\/li>\n<li>ASTM A 790 \/A 790M<\/li>\n<\/ul>\n<\/td>\n<\/tr>\n<tr>\n<td width=\"426\">Boyut<\/td>\n<td width=\"426\">D\u0131\u015f \u00c7ap: 12,7-38,1 mm<\/p>\n<p>Uzunluk: 3M-12M veya \u00d6zel Kesim Boyutlar\u0131<\/td>\n<\/tr>\n<\/tbody>\n<\/table>\n<\/div><\/section><br \/>\n<div  class='hr hr-default'><span class='hr-inner' ><span class='hr-inner-style'><\/span><\/span><\/div><br \/>\n<section class=\"av_textblock_section\"  itemscope=\"itemscope\" itemtype=\"https:\/\/schema.org\/CreativeWork\" ><div class='avia_textblock'   itemprop=\"text\" ><h4>WID Steel&#039;de Mevcut SS U-\u015fekilli Boru S\u0131n\u0131flar\u0131<\/h4>\n<ul>\n<li>Paslanmaz \u00e7elik<a href=\"https:\/\/wldstainless.com\/materials\/austenitic-stainless-steel\/304-304l-stainless-steel\/\"> 304\/304L\/304H<\/a> U-\u015fekilli T\u00fcp<\/li>\n<li>Paslanmaz \u00e7elik <a href=\"https:\/\/wldstainless.com\/materials\/austenitic-stainless-steel\/316-316l-stainless-steel\/\">316\/316L\/316Ti<\/a> U-\u015fekilli T\u00fcp<\/li>\n<li>Paslanmaz \u00e7elik <a href=\"https:\/\/wldstainless.com\/materials\/austenitic-stainless-steel\/309s-stainless-steel\/\">309S<\/a> U-\u015fekilli T\u00fcp<\/li>\n<li>Paslanmaz \u00e7elik <a href=\"https:\/\/wldstainless.com\/materials\/austenitic-stainless-steel\/310s-stainless-steel\/\">310\/310S<\/a> U-\u015fekilli T\u00fcp<\/li>\n<li>Paslanmaz \u00c7elik 317\/317L U-\u015fekilli Boru<\/li>\n<li>Paslanmaz \u00e7elik <a href=\"https:\/\/wldstainless.com\/materials\/austenitic-stainless-steel\/321-321h-stainless-steel\/\">321\/321H<\/a> U-\u015fekilli T\u00fcp<\/li>\n<li>Paslanmaz \u00e7elik <a href=\"https:\/\/wldstainless.com\/materials\/austenitic-stainless-steel\/347-347h-stainless-steel\/\">347\/347H<\/a> U-\u015fekilli T\u00fcp<\/li>\n<li>Dubleks \u00c7elik 31803 U-\u015fekilli Boru<\/li>\n<li>Dubleks \u00c7elik<a href=\"https:\/\/wldstainless.com\/materials\/duplex-stainless-steel\/alloy-2205-stainless-steel\/\"> 32550<\/a> U-\u015fekilli T\u00fcp<\/li>\n<\/ul>\n<\/div><\/section><\/p><\/div>","protected":false},"excerpt":{"rendered":"","protected":false},"author":1,"featured_media":0,"parent":346,"menu_order":0,"comment_status":"closed","ping_status":"closed","template":"","meta":{"footnotes":""},"class_list":["post-1619","page","type-page","status-publish","hentry"],"aioseo_notices":[],"_links":{"self":[{"href":"https:\/\/wldstainless.com\/tr\/wp-json\/wp\/v2\/pages\/1619","targetHints":{"allow":["GET"]}}],"collection":[{"href":"https:\/\/wldstainless.com\/tr\/wp-json\/wp\/v2\/pages"}],"about":[{"href":"https:\/\/wldstainless.com\/tr\/wp-json\/wp\/v2\/types\/page"}],"author":[{"embeddable":true,"href":"https:\/\/wldstainless.com\/tr\/wp-json\/wp\/v2\/users\/1"}],"replies":[{"embeddable":true,"href":"https:\/\/wldstainless.com\/tr\/wp-json\/wp\/v2\/comments?post=1619"}],"version-history":[{"count":8,"href":"https:\/\/wldstainless.com\/tr\/wp-json\/wp\/v2\/pages\/1619\/revisions"}],"predecessor-version":[{"id":2060,"href":"https:\/\/wldstainless.com\/tr\/wp-json\/wp\/v2\/pages\/1619\/revisions\/2060"}],"up":[{"embeddable":true,"href":"https:\/\/wldstainless.com\/tr\/wp-json\/wp\/v2\/pages\/346"}],"wp:attachment":[{"href":"https:\/\/wldstainless.com\/tr\/wp-json\/wp\/v2\/media?parent=1619"}],"curies":[{"name":"wp","href":"https:\/\/api.w.org\/{rel}","templated":true}]}}