{"id":1615,"date":"2020-08-26T09:23:23","date_gmt":"2020-08-26T09:23:23","guid":{"rendered":"http:\/\/wldstainless.com\/?page_id=1615"},"modified":"2020-12-11T05:39:15","modified_gmt":"2020-12-11T05:39:15","slug":"stainless-steel-channel","status":"publish","type":"page","link":"https:\/\/wldstainless.com\/tr\/products\/stainless-steel-channel\/","title":{"rendered":"Paslanmaz \u00c7elik Kanal"},"content":{"rendered":"<div class=\"flex_column av_one_fourth  flex_column_div av-zero-column-padding first\" style='border-radius:0px; '><p><div class='avia-builder-widget-area clearfix'><div id=\"nav_menu-7\" class=\"widget clearfix widget_nav_menu\"><h3 class=\"widgettitle\">\u00dcr\u00fcnler<\/h3><div class=\"menu-accessories-container\"><ul id=\"menu-accessories\" class=\"menu\"><li id=\"menu-item-1924\" class=\"menu-item menu-item-type-post_type menu-item-object-page menu-item-1924\"><a href=\"https:\/\/wldstainless.com\/tr\/products\/stainless-steel-angle\/\">Paslanmaz \u00c7elik A\u00e7\u0131<\/a><\/li>\n<li id=\"menu-item-1925\" class=\"menu-item menu-item-type-post_type menu-item-object-page menu-item-1925\"><a href=\"https:\/\/wldstainless.com\/tr\/products\/stainless-steel-beam\/\">Paslanmaz \u00c7elik Kiri\u015f<\/a><\/li>\n<li id=\"menu-item-1926\" class=\"menu-item menu-item-type-post_type menu-item-object-page menu-item-1926\"><a href=\"https:\/\/wldstainless.com\/tr\/products\/stainless-steel-capillary-tubes\/\">Paslanmaz \u00c7elik K\u0131lcal Borular<\/a><\/li>\n<li id=\"menu-item-1927\" class=\"menu-item menu-item-type-post_type menu-item-object-page menu-item-1927\"><a href=\"https:\/\/wldstainless.com\/tr\/products\/stainless-steel-channel\/\">Paslanmaz \u00c7elik Kanal<\/a><\/li>\n<li id=\"menu-item-1928\" class=\"menu-item menu-item-type-post_type menu-item-object-page menu-item-1928\"><a href=\"https:\/\/wldstainless.com\/tr\/products\/stainless-steel-coiled-tube\/\">Paslanmaz \u00c7elik Sarmal Boru<\/a><\/li>\n<li id=\"menu-item-1929\" class=\"menu-item menu-item-type-post_type menu-item-object-page menu-item-1929\"><a href=\"https:\/\/wldstainless.com\/tr\/products\/stainless-steel-cold-rolled-plate-sheet-coil\/\">Paslanmaz \u00c7elik So\u011fuk Haddelenmi\u015f Levha \/ Levha \/ Rulo<\/a><\/li>\n<li id=\"menu-item-1930\" class=\"menu-item menu-item-type-post_type menu-item-object-page menu-item-1930\"><a href=\"https:\/\/wldstainless.com\/tr\/products\/stainless-steel-flats\/\">Paslanmaz \u00c7elik Yass\u0131lar<\/a><\/li>\n<li id=\"menu-item-1931\" class=\"menu-item menu-item-type-post_type menu-item-object-page menu-item-1931\"><a href=\"https:\/\/wldstainless.com\/tr\/products\/stainless-steel-hexagon-bars\/\">Paslanmaz \u00c7elik Alt\u0131gen \u00c7ubuklar<\/a><\/li>\n<li id=\"menu-item-1932\" class=\"menu-item menu-item-type-post_type menu-item-object-page menu-item-1932\"><a href=\"https:\/\/wldstainless.com\/tr\/products\/stainless-steel-hot-rolled-plate-sheet-coil\/\">Paslanmaz \u00c7elik S\u0131cak Haddelenmi\u015f Levha \/ Levha \/ Rulo<\/a><\/li>\n<li id=\"menu-item-1933\" class=\"menu-item menu-item-type-post_type menu-item-object-page menu-item-1933\"><a href=\"https:\/\/wldstainless.com\/tr\/products\/stainless-steel-large-diameter-pipe\/\">Paslanmaz \u00c7elik B\u00fcy\u00fck \u00c7apl\u0131 Boru<\/a><\/li>\n<li id=\"menu-item-1934\" class=\"menu-item menu-item-type-post_type menu-item-object-page menu-item-1934\"><a href=\"https:\/\/wldstainless.com\/tr\/products\/stainless-steel-round-bars\/\">Paslanmaz \u00c7elik Yuvarlak \u00c7ubuklar<\/a><\/li>\n<li id=\"menu-item-1935\" class=\"menu-item menu-item-type-post_type menu-item-object-page menu-item-1935\"><a href=\"https:\/\/wldstainless.com\/tr\/products\/stainless-steel-square-tube\/\">Paslanmaz \u00c7elik Kare Boru<\/a><\/li>\n<li id=\"menu-item-1936\" class=\"menu-item menu-item-type-post_type menu-item-object-page menu-item-1936\"><a href=\"https:\/\/wldstainless.com\/tr\/products\/stainless-steel-u-bend-tube\/\">Paslanmaz \u00c7elik U-B\u00fck\u00fcm Borusu<\/a><\/li>\n<\/ul><\/div><\/div><\/div><br \/>\n<div  class='hr hr-default'><span class='hr-inner' ><span class='hr-inner-style'><\/span><\/span><\/div><br \/>\n<div class='avia-button-wrap avia-button-left'><a href='http:\/\/wldstainless.com\/contact\/#contact' class='avia-button   avia-icon_select-yes-left-icon avia-color-custom avia-size-large avia-position-left'  target=\"_blank\"  style='background-color:#e82221; border-color:#e82221; color:#ffffff; ' ><span class='avia_button_icon avia_button_icon_left' aria-hidden='true' data-av_icon='\ue84b' data-av_iconfont='entypo-fontello'><\/span><span class='avia_iconbox_title' >Bir teklif iste\u011fi<\/span><\/a><\/div><\/p><\/div>\n<div class=\"flex_column av_three_fourth  flex_column_div\" style='padding:0px 0px 50px 0px ; border-radius:0px; '><p><div style='padding-bottom:10px;color:#d3311f;' class='av-special-heading av-special-heading-h3 custom-color-heading'><h3 class='av-special-heading-tag'  itemprop=\"headline\"  >Paslanmaz \u00c7elik Kanal<\/h3><div class='special-heading-border'><div class='special-heading-inner-border' style='border-color:#d3311f'><\/div><\/div><\/div><br \/>\n<div  class='hr hr-default'><span class='hr-inner' ><span class='hr-inner-style'><\/span><\/span><\/div><br \/>\n<section class=\"av_textblock_section\"  itemscope=\"itemscope\" itemtype=\"https:\/\/schema.org\/CreativeWork\" ><div class='avia_textblock'   itemprop=\"text\" ><p>Paslanmaz \u00e7elik profil, paslanmaz \u00e7elik \u00e7ubuk veya \u015ferit \u00fczerine s\u0131cak eritme, \u015fekillendirme, lazer f\u00fczyon, so\u011fuk haddeleme, ekstr\u00fczyon veya di\u011fer y\u00f6ntemlerle elde edilen kesitli \u00e7eliktir. Ala\u015f\u0131mlar\u0131m\u0131zda r A\u00e7\u0131l\u0131 paslanmaz \u00e7elik, yass\u0131 paslanmaz \u00e7elik, kanal paslanmaz \u00e7elik (C Kanal\u0131, U Kanal\u0131), kiri\u015f (H Kiri\u015f, I kiri\u015f) ve tamamen \u00f6zel net yak\u0131n \u015fekiller dahil olmak \u00fczere yayg\u0131n t\u00fcrler. WLD Steel&#039;de esas olarak ASTM A276&#039;ya uygun paslanmaz \u00e7elik C-kanal\u0131 ve U-kanal\u0131 tedarik ve \u00fcretimi yap\u0131yoruz.<\/p>\n<p><img decoding=\"async\" class=\"size-full wp-image-1657 aligncenter\" src=\"http:\/\/wldstainless.com\/wp-content\/uploads\/2020\/09\/SS-channels.jpg\" alt=\"\" width=\"127\" height=\"120\" \/><\/p>\n<p>Paslanmaz \u00e7elik kanal \u00e7eli\u011fi, oluk \u015fekli kesitine sahip uzun \u00e7eliktir ve genellikle Y\u00fckseklik (A) * Geni\u015flik (B) * Kal\u0131nl\u0131k (C) cinsindendir. Yayg\u0131n malzemeler 201, 202, 301, 304, 321, 316, 316L vb.&#039;dir. S\u0131cak haddelenmi\u015f paslanmaz \u00e7elik kanal \u00e7eli\u011fi esas olarak bina yap\u0131lar\u0131nda, K\u00f6pr\u00fclerde, ara\u00e7larda ve di\u011fer end\u00fcstriyel yap\u0131larda kullan\u0131l\u0131r ve s\u0131kl\u0131kla I-kiri\u015flerle birlikte kullan\u0131l\u0131r. S\u0131cak haddelenmi\u015f hafif paslanmaz \u00e7elik kanal \u00e7eli\u011fi, s\u0131radan s\u0131cak haddelenmi\u015f kanal \u00e7eli\u011finden daha ekonomik olan, geni\u015f profilli ve ince duvarl\u0131 bir \u00e7elik t\u00fcr\u00fcd\u00fcr. K\u00f6pr\u00fcler, binalar, otomobil, tekstil, kimya, makine ve di\u011fer alanlar i\u00e7in neredeyse her t\u00fcrl\u00fc \u00f6zel paslanmaz \u00e7elik kanal sunuyoruz.<\/p>\n<p><strong>End\u00fcstriyel Kanal \u00d6zellikleri:<\/strong><\/p>\n<table>\n<tbody>\n<tr>\n<td width=\"426\">Formlar:<\/td>\n<td width=\"426\">C-\u015fekilli Kanal<\/p>\n<p>U Kanal\u0131<\/td>\n<\/tr>\n<tr>\n<td width=\"426\">Malzeme<\/td>\n<td width=\"426\">Paslanmaz \u00e7elik<\/p>\n<p>Dubleks Paslanmaz \u00c7elik<\/td>\n<\/tr>\n<tr>\n<td width=\"426\">\u015eartname<\/td>\n<td width=\"426\">ASTM A 276\/A 276M<\/p>\n<p>ASTM A 484\/A 484M<\/p>\n<p>ASTM A 564\/A 564M<\/p>\n<p>ASTM A 582\/A 582M<\/p>\n<p>ASTM A 638 \/A 638M<\/p>\n<p>ASTM A 705\/A 705M<\/td>\n<\/tr>\n<tr>\n<td width=\"426\">Boyut<\/td>\n<td width=\"426\">Kanal: 40mm*20mm~300mm*300mm<\/p>\n<p>Uzunluk: 3M, 4M, 5M, 6M veya \u00d6zel Kesim Boyutlar\u0131<\/td>\n<\/tr>\n<\/tbody>\n<\/table>\n<\/div><\/section><br \/>\n<div  class='hr hr-default'><span class='hr-inner' ><span class='hr-inner-style'><\/span><\/span><\/div><br \/>\n<section class=\"av_textblock_section\"  itemscope=\"itemscope\" itemtype=\"https:\/\/schema.org\/CreativeWork\" ><div class='avia_textblock'   itemprop=\"text\" ><h4>WID Steel&#039;de mevcut SS Kanal\u0131 kaliteleri<\/h4>\n<ul>\n<li>Paslanmaz \u00e7elik <a href=\"https:\/\/wldstainless.com\/materials\/austenitic-stainless-steel\/304-304l-stainless-steel\/\">304\/304L\/304H<\/a> Kanal<\/li>\n<li>Paslanmaz \u00e7elik <a href=\"https:\/\/wldstainless.com\/materials\/austenitic-stainless-steel\/316-316l-stainless-steel\/\">316\/316L\/316Ti<\/a> Kanal<\/li>\n<li>Paslanmaz \u00e7elik <a href=\"https:\/\/wldstainless.com\/materials\/austenitic-stainless-steel\/309s-stainless-steel\/\">309\/309S<\/a> Kanal<\/li>\n<li>Paslanmaz \u00e7elik <a href=\"https:\/\/wldstainless.com\/materials\/austenitic-stainless-steel\/310s-stainless-steel\/\">310\/310S<\/a> Kanal<\/li>\n<li>Paslanmaz \u00c7elik 317\/317L Kanal<\/li>\n<li>Paslanmaz \u00e7elik <a href=\"https:\/\/wldstainless.com\/materials\/austenitic-stainless-steel\/321-321h-stainless-steel\/\">321\/321H<\/a> Kanal<\/li>\n<li>Paslanmaz \u00e7elik <a href=\"https:\/\/wldstainless.com\/materials\/austenitic-stainless-steel\/347-347h-stainless-steel\/\">347\/347H<\/a> Kanal<\/li>\n<li>Paslanmaz \u00e7elik <a href=\"https:\/\/wldstainless.com\/materials\/austenitic-stainless-steel\/904l-stainless-steel\/\">904L<\/a> Kanal<\/li>\n<li>Dubleks \u00c7elik <a href=\"https:\/\/wldstainless.com\/materials\/duplex-stainless-steel\/alloy-2304-stainless-steel\/\">31803<\/a> Kanal<\/li>\n<li>Dubleks \u00c7elik <a href=\"https:\/\/wldstainless.com\/materials\/duplex-stainless-steel\/alloy-2205-stainless-steel\/\">32550<\/a> Kanal<\/li>\n<\/ul>\n<\/div><\/section><\/p><\/div>","protected":false},"excerpt":{"rendered":"","protected":false},"author":1,"featured_media":0,"parent":346,"menu_order":0,"comment_status":"closed","ping_status":"closed","template":"","meta":{"footnotes":""},"class_list":["post-1615","page","type-page","status-publish","hentry"],"aioseo_notices":[],"_links":{"self":[{"href":"https:\/\/wldstainless.com\/tr\/wp-json\/wp\/v2\/pages\/1615","targetHints":{"allow":["GET"]}}],"collection":[{"href":"https:\/\/wldstainless.com\/tr\/wp-json\/wp\/v2\/pages"}],"about":[{"href":"https:\/\/wldstainless.com\/tr\/wp-json\/wp\/v2\/types\/page"}],"author":[{"embeddable":true,"href":"https:\/\/wldstainless.com\/tr\/wp-json\/wp\/v2\/users\/1"}],"replies":[{"embeddable":true,"href":"https:\/\/wldstainless.com\/tr\/wp-json\/wp\/v2\/comments?post=1615"}],"version-history":[{"count":6,"href":"https:\/\/wldstainless.com\/tr\/wp-json\/wp\/v2\/pages\/1615\/revisions"}],"predecessor-version":[{"id":2052,"href":"https:\/\/wldstainless.com\/tr\/wp-json\/wp\/v2\/pages\/1615\/revisions\/2052"}],"up":[{"embeddable":true,"href":"https:\/\/wldstainless.com\/tr\/wp-json\/wp\/v2\/pages\/346"}],"wp:attachment":[{"href":"https:\/\/wldstainless.com\/tr\/wp-json\/wp\/v2\/media?parent=1615"}],"curies":[{"name":"wp","href":"https:\/\/api.w.org\/{rel}","templated":true}]}}