{"id":159,"date":"2019-05-16T07:29:29","date_gmt":"2019-05-16T07:29:29","guid":{"rendered":"http:\/\/wldstainless.com\/?page_id=159"},"modified":"2020-09-18T09:33:52","modified_gmt":"2020-09-18T09:33:52","slug":"ferritic-stainless-steel","status":"publish","type":"page","link":"https:\/\/wldstainless.com\/tr\/materials\/ferritic-stainless-steel\/","title":{"rendered":"Ferritik Paslanmaz \u00c7elik"},"content":{"rendered":"<div class='flex_column_table av-equal-height-column-flextable -flextable' ><div class=\"flex_column av_one_fourth  flex_column_table_cell av-equal-height-column av-align-top av-zero-column-padding first\" style='border-radius:0px; '><p><div class='avia-builder-widget-area clearfix'><div id=\"nav_menu-5\" class=\"widget clearfix widget_nav_menu\"><h3 class=\"widgettitle\">Malzeme<\/h3><div class=\"menu-products-sidebar-menu-container\"><ul id=\"menu-products-sidebar-menu\" class=\"menu\"><li id=\"menu-item-1329\" class=\"menu-item menu-item-type-post_type menu-item-object-page menu-item-1329\"><a href=\"https:\/\/wldstainless.com\/tr\/materials\/ferritic-stainless-steel\/\">Ferritik Paslanmaz \u00c7elik<\/a><\/li>\n<li id=\"menu-item-1328\" class=\"menu-item menu-item-type-post_type menu-item-object-page menu-item-1328\"><a href=\"https:\/\/wldstainless.com\/tr\/materials\/martensitic-stainless-steel\/\">Martensitik Paslanmaz \u00c7elik<\/a><\/li>\n<li id=\"menu-item-1327\" class=\"menu-item menu-item-type-post_type menu-item-object-page menu-item-1327\"><a href=\"https:\/\/wldstainless.com\/tr\/materials\/austenitic-stainless-steel\/\">\u00d6stenitik paslanmaz \u00e7elik<\/a><\/li>\n<li id=\"menu-item-1889\" class=\"menu-item menu-item-type-post_type menu-item-object-page menu-item-1889\"><a href=\"https:\/\/wldstainless.com\/tr\/materials\/duplex-stainless-steel\/\">Dubleks Paslanmaz \u00c7elik<\/a><\/li>\n<\/ul><\/div><\/div><\/div><br \/>\n<div  class='hr hr-default'><span class='hr-inner' ><span class='hr-inner-style'><\/span><\/span><\/div><br \/>\n<div class='avia-button-wrap avia-button-left'><a href='http:\/\/wldstainless.com\/contact\/#contact' class='avia-button   avia-icon_select-yes-left-icon avia-color-custom avia-size-large avia-position-left'  target=\"_blank\"  style='background-color:#e82221; border-color:#e82221; color:#ffffff; ' ><span class='avia_button_icon avia_button_icon_left' aria-hidden='true' data-av_icon='\ue84b' data-av_iconfont='entypo-fontello'><\/span><span class='avia_iconbox_title' >Bir teklif iste\u011fi<\/span><\/a><\/div><\/p><\/div><\/div><!--close column table wrapper. Autoclose: 1 --><div class='flex_column_table av-equal-height-column-flextable -flextable' ><div class='av-flex-placeholder'><\/div><div class=\"flex_column av_three_fourth  flex_column_table_cell av-equal-height-column av-align-top av-zero-column-padding\" style='border-radius:0px; '><p><div style='padding-bottom:10px;color:#d3311f;' class='av-special-heading av-special-heading-h3 custom-color-heading'><h3 class='av-special-heading-tag'  itemprop=\"headline\"  >Ferritik Paslanmaz \u00c7elik<\/h3><div class='special-heading-border'><div class='special-heading-inner-border' style='border-color:#d3311f'><\/div><\/div><\/div><br \/>\n<section class=\"av_textblock_section\"  itemscope=\"itemscope\" itemtype=\"https:\/\/schema.org\/CreativeWork\" ><div class='avia_textblock'   itemprop=\"text\" ><p>Paslanmaz \u00e7elik, minimum 10.5% krom ve 6% nikel, molibden ve niyobyum i\u00e7eren ala\u015f\u0131ml\u0131 bir \u00e7eliktir. Genel \u00e7elikle kar\u015f\u0131la\u015ft\u0131r\u0131ld\u0131\u011f\u0131nda paslanmaz \u00e7elik kolayca paslanmaz ve paslanmaz. Ferritik kaliteler 17-27% kroma ve d\u00fc\u015f\u00fck karbon i\u00e7eri\u011fine sahiptir ve manyetik \u00f6zelliklere sahiptir. \u0130n\u015faat, ev aletleri, ula\u015f\u0131m, end\u00fcstriyel f\u0131r\u0131n vb. alanlarda geni\u015f bir uygulama alan\u0131 sunmaktad\u0131r. Tip 430 en yayg\u0131n kullan\u0131lan Ferritik \u00e7eliktir. WLD Steel&#039;de Ferritik paslanmaz \u00e7elik \u00fcr\u00fcnleri \u00e7ok \u00e7e\u015fitli form, kalite, kaplama, \u00f6l\u00e7\u00fc, geni\u015flik ve uzunluklarda mevcuttur.<\/p>\n<h2><\/h2>\n<\/div><\/section><\/p><\/div><\/div><!--close column table wrapper. Autoclose: 1 --><\/p>","protected":false},"excerpt":{"rendered":"","protected":false},"author":1,"featured_media":0,"parent":106,"menu_order":0,"comment_status":"closed","ping_status":"closed","template":"","meta":{"footnotes":""},"class_list":["post-159","page","type-page","status-publish","hentry"],"aioseo_notices":[],"_links":{"self":[{"href":"https:\/\/wldstainless.com\/tr\/wp-json\/wp\/v2\/pages\/159","targetHints":{"allow":["GET"]}}],"collection":[{"href":"https:\/\/wldstainless.com\/tr\/wp-json\/wp\/v2\/pages"}],"about":[{"href":"https:\/\/wldstainless.com\/tr\/wp-json\/wp\/v2\/types\/page"}],"author":[{"embeddable":true,"href":"https:\/\/wldstainless.com\/tr\/wp-json\/wp\/v2\/users\/1"}],"replies":[{"embeddable":true,"href":"https:\/\/wldstainless.com\/tr\/wp-json\/wp\/v2\/comments?post=159"}],"version-history":[{"count":12,"href":"https:\/\/wldstainless.com\/tr\/wp-json\/wp\/v2\/pages\/159\/revisions"}],"predecessor-version":[{"id":1318,"href":"https:\/\/wldstainless.com\/tr\/wp-json\/wp\/v2\/pages\/159\/revisions\/1318"}],"up":[{"embeddable":true,"href":"https:\/\/wldstainless.com\/tr\/wp-json\/wp\/v2\/pages\/106"}],"wp:attachment":[{"href":"https:\/\/wldstainless.com\/tr\/wp-json\/wp\/v2\/media?parent=159"}],"curies":[{"name":"wp","href":"https:\/\/api.w.org\/{rel}","templated":true}]}}