{"id":1589,"date":"2020-08-25T09:18:09","date_gmt":"2020-08-25T09:18:09","guid":{"rendered":"http:\/\/wldstainless.com\/?page_id=1589"},"modified":"2020-09-18T09:26:44","modified_gmt":"2020-09-18T09:26:44","slug":"301-301l-stainless-steel","status":"publish","type":"page","link":"https:\/\/wldstainless.com\/tr\/materials\/austenitic-stainless-steel\/301-301l-stainless-steel\/","title":{"rendered":"301\/301L Paslanmaz \u00c7elik"},"content":{"rendered":"<div class='flex_column_table av-equal-height-column-flextable -flextable' ><div class=\"flex_column av_one_fourth  flex_column_table_cell av-equal-height-column av-align-top av-zero-column-padding first\" style='border-radius:0px; '><p><div class='avia-button-wrap avia-button-left'><a href='http:\/\/wldstainless.com\/contact\/#contact' class='avia-button   avia-icon_select-yes-left-icon avia-color-custom avia-size-large avia-position-left'  target=\"_blank\"  style='background-color:#e82221; border-color:#e82221; color:#ffffff; ' ><span class='avia_button_icon avia_button_icon_left' aria-hidden='true' data-av_icon='\ue84b' data-av_iconfont='entypo-fontello'><\/span><span class='avia_iconbox_title' >Bir teklif iste\u011fi<\/span><\/a><\/div><br \/>\n<div  class='hr hr-default'><span class='hr-inner' ><span class='hr-inner-style'><\/span><\/span><\/div><br \/>\n<div class='avia-builder-widget-area clearfix'><div id=\"nav_menu-5\" class=\"widget clearfix widget_nav_menu\"><h3 class=\"widgettitle\">Malzeme<\/h3><div class=\"menu-products-sidebar-menu-container\"><ul id=\"menu-products-sidebar-menu\" class=\"menu\"><li id=\"menu-item-1329\" class=\"menu-item menu-item-type-post_type menu-item-object-page menu-item-1329\"><a href=\"https:\/\/wldstainless.com\/tr\/materials\/ferritic-stainless-steel\/\">Ferritik Paslanmaz \u00c7elik<\/a><\/li>\n<li id=\"menu-item-1328\" class=\"menu-item menu-item-type-post_type menu-item-object-page menu-item-1328\"><a href=\"https:\/\/wldstainless.com\/tr\/materials\/martensitic-stainless-steel\/\">Martensitik Paslanmaz \u00c7elik<\/a><\/li>\n<li id=\"menu-item-1327\" class=\"menu-item menu-item-type-post_type menu-item-object-page menu-item-1327\"><a href=\"https:\/\/wldstainless.com\/tr\/materials\/austenitic-stainless-steel\/\">\u00d6stenitik paslanmaz \u00e7elik<\/a><\/li>\n<li id=\"menu-item-1889\" class=\"menu-item menu-item-type-post_type menu-item-object-page menu-item-1889\"><a href=\"https:\/\/wldstainless.com\/tr\/materials\/duplex-stainless-steel\/\">Dubleks Paslanmaz \u00c7elik<\/a><\/li>\n<\/ul><\/div><\/div><\/div><\/p><\/div><\/div><!--close column table wrapper. Autoclose: 1 --><div class='flex_column_table av-equal-height-column-flextable -flextable' ><div class='av-flex-placeholder'><\/div><div class=\"flex_column av_three_fourth  flex_column_table_cell av-equal-height-column av-align-top av-zero-column-padding\" style='border-radius:0px; '><p><div style='padding-bottom:10px;color:#d3311f;font-size:26px;' class='av-special-heading av-special-heading-h3 custom-color-heading blockquote modern-quote   av-inherit-size'><h3 class='av-special-heading-tag'  itemprop=\"headline\"  >301\/301L Paslanmaz \u00c7elik<\/h3><div class='special-heading-border'><div class='special-heading-inner-border' style='border-color:#d3311f'><\/div><\/div><\/div><br \/>\n<section class=\"av_textblock_section\"  itemscope=\"itemscope\" itemtype=\"https:\/\/schema.org\/CreativeWork\" ><div class='avia_textblock'   itemprop=\"text\" ><p>WLD Paslanmaz, boru, t\u00fcp, levha, levha, \u00e7ubuk, \u00e7ubuk ve melek, kanal, daire, kesilmi\u015f par\u00e7a gibi di\u011fer \u015fekillerdeki 301\/301L paslanmaz \u00e7eli\u011fin lider \u00fcreticisi, tedarik\u00e7isi ve ihracat\u00e7\u0131s\u0131d\u0131r.<\/p>\n<p>Tip 301 paslanmaz \u00e7elik, daha y\u00fcksek gerinim sertle\u015fmesine sahip, yayg\u0131n olarak kullan\u0131lan bir \u00d6stenitik paslanmazd\u0131r. \u00c7e\u015fitli s\u0131cakl\u0131klarda so\u011fuk \u00e7al\u0131\u015fmaya izin vermek i\u00e7in iyi korozyon direnci, y\u00fcksek mukavemet ve y\u00fcksek karbon sunar. 1\/4 sert, 1\/2 sert, tam sert ve ekstra sert temperlerde elde edilebilir. U\u00e7ak par\u00e7alar\u0131na, binalar\u0131n yap\u0131sal par\u00e7alar\u0131na ve \u00f6zellikle demiryolu vagon par\u00e7alar\u0131na yuvarlanarak veya b\u00fck\u00fclerek olu\u015fturulacak 1\/2 sertle\u015fme ko\u015fullar\u0131nda yeterli s\u00fcnekli\u011fi korur. Y\u00fcksek a\u015f\u0131nma direnci ve elastikiyet gerektiren par\u00e7alar i\u00e7in 3\/4 ile tam sertle\u015fme aras\u0131nda sertle\u015ftirilmi\u015f so\u011fuk haddelenmi\u015f levhalar kullan\u0131lmal\u0131d\u0131r. Tip 301L, 301 paslanmaz \u00e7eli\u011fin d\u00fc\u015f\u00fck karbonlu versiyonudur. Contalar, yaylar, \u015fimler, ba\u011flant\u0131 elemanlar\u0131, aletler, b\u0131\u00e7aklar, otomotiv par\u00e7alar\u0131, havac\u0131l\u0131k bile\u015fenleri, mutfak e\u015fyalar\u0131 ve Sofra tak\u0131mlar\u0131, elektrikli bile\u015fenler ve di\u011ferleri dahil olmak \u00fczere 301 ve 301L&#039;nin tipik uygulamas\u0131.<\/p>\n<p><strong>WLD Steel&#039;de 301\/301L&#039;nin mevcut formlar\u0131 ve \u00f6zellikleri nelerdir?<\/strong><\/p>\n<table>\n<tbody>\n<tr>\n<td width=\"170\">Levha\/plaka\/bobin<\/td>\n<td width=\"170\">Diki\u015fsiz boru\/t\u00fcp<\/td>\n<td width=\"170\">Kaynakl\u0131 boru\/t\u00fcp<\/td>\n<td width=\"170\">Yuvarlak \u00e7ubuk<\/td>\n<td width=\"170\">\u015eekillendirilmi\u015f \u00e7elik (\u015eekilli)<\/td>\n<\/tr>\n<tr>\n<td width=\"170\">ASTM A240<\/p>\n<p>ASTM A480<\/p>\n<p>ASTM A666<\/td>\n<td width=\"170\">ASTM A789<\/p>\n<p>ASTM A790<\/td>\n<td width=\"170\">ASTM A269<\/p>\n<p>ASTM A790<\/td>\n<td width=\"170\">ASTM A276<\/p>\n<p>ASTM A479<\/td>\n<td width=\"170\">ASTM A276<\/td>\n<\/tr>\n<\/tbody>\n<\/table>\n<h2><\/h2>\n<\/div><\/section><br \/>\n<div class=\"togglecontainer   toggle_close_all\" >\n<section class=\"av_toggle_section\"  itemscope=\"itemscope\" itemtype=\"https:\/\/schema.org\/CreativeWork\"  >    <div class=\"single_toggle\" data-tags=\"{T\u00fcm\u00fc} \"  >        <p data-fake-id=\"#toggle-id-1\" class=\"toggler\"  itemprop=\"headline\"  >301\/301L E\u015fde\u011fer Kaliteler<span class=\"toggle_icon\" >        <span class=\"vert_icon\"><\/span><span class=\"hor_icon\"><\/span><\/span><\/p>        <div id=\"toggle-id-1-container\" class=\"toggle_wrap\"  >            <div class=\"toggle_content invers-color\"  itemprop=\"text\"   ><table>\n<tbody>\n<tr>\n<td width=\"136\">STANDART<\/td>\n<td width=\"136\">BM<\/td>\n<td width=\"136\">TR\/DIN<\/td>\n<td width=\"136\">JIS<\/td>\n<td width=\"136\">BS<\/td>\n<td width=\"137\">B\u00fcy\u00fck Britanya<\/td>\n<\/tr>\n<tr>\n<td width=\"136\">301<\/td>\n<td width=\"136\">S30100<\/td>\n<td width=\"136\">1.4319<\/p>\n<p>X5CrNi17-7<\/td>\n<td width=\"136\">SUS 301<\/td>\n<td width=\"136\">\/<\/td>\n<td width=\"137\">1Cr17Ni7<\/td>\n<\/tr>\n<tr>\n<td width=\"136\">301L<\/td>\n<td width=\"136\">S30103<\/td>\n<td width=\"136\">\/<\/td>\n<td width=\"136\">SUS 301L<\/td>\n<td width=\"136\">\/<\/td>\n<td width=\"137\">\/<\/td>\n<\/tr>\n<\/tbody>\n<\/table>\n            <\/div>        <\/div>    <\/div><\/section>\n<section class=\"av_toggle_section\"  itemscope=\"itemscope\" itemtype=\"https:\/\/schema.org\/CreativeWork\"  >    <div class=\"single_toggle\" data-tags=\"{T\u00fcm\u00fc} \"  >        <p data-fake-id=\"#toggle-id-2\" class=\"toggler\"  itemprop=\"headline\"  >301\/301L Kimyasal Bile\u015fimi<span class=\"toggle_icon\" >        <span class=\"vert_icon\"><\/span><span class=\"hor_icon\"><\/span><\/span><\/p>        <div id=\"toggle-id-2-container\" class=\"toggle_wrap\"  >            <div class=\"toggle_content invers-color\"  itemprop=\"text\"   ><table>\n<tbody>\n<tr>\n<td width=\"94\">Seviye<\/td>\n<td width=\"94\">C<\/td>\n<td width=\"94\">CR<\/td>\n<td width=\"94\">Ni<\/td>\n<td width=\"94\">Si<\/td>\n<td width=\"94\">Mn<\/td>\n<td width=\"94\">P<\/td>\n<td width=\"94\">S<\/td>\n<td width=\"94\">N<\/td>\n<\/tr>\n<tr>\n<td width=\"94\">301<\/td>\n<td width=\"94\">0.15<\/td>\n<td width=\"94\">16.0-18.0<\/td>\n<td width=\"94\">6.00-8.00<\/td>\n<td width=\"94\">1.00<\/td>\n<td width=\"94\">2.0<\/td>\n<td width=\"94\">0.045<\/td>\n<td width=\"94\">0.030<\/td>\n<td width=\"94\">0.10<\/td>\n<\/tr>\n<tr>\n<td width=\"94\">301L<\/td>\n<td width=\"94\">0.03<\/td>\n<td width=\"94\">16.0-18.0<\/td>\n<td width=\"94\">6.00-8.00<\/td>\n<td width=\"94\">1.00<\/td>\n<td width=\"94\">2.0<\/td>\n<td width=\"94\">0.045<\/td>\n<td width=\"94\">0.030<\/td>\n<td width=\"94\">0.10<\/td>\n<\/tr>\n<\/tbody>\n<\/table>\n            <\/div>        <\/div>    <\/div><\/section>\n<section class=\"av_toggle_section\"  itemscope=\"itemscope\" itemtype=\"https:\/\/schema.org\/CreativeWork\"  >    <div class=\"single_toggle\" data-tags=\"{T\u00fcm\u00fc} \"  >        <p data-fake-id=\"#toggle-id-3\" class=\"toggler\"  itemprop=\"headline\"  >301\/301L Mekanik \u00d6zellikler<span class=\"toggle_icon\" >        <span class=\"vert_icon\"><\/span><span class=\"hor_icon\"><\/span><\/span><\/p>        <div id=\"toggle-id-3-container\" class=\"toggle_wrap\"  >            <div class=\"toggle_content invers-color\"  itemprop=\"text\"   ><table>\n<tbody>\n<tr>\n<td width=\"213\">S\u0131n\u0131f\/r<\/td>\n<td width=\"213\">\u00c7ekme Dayan\u0131m\u0131, Mpa (min.)<\/td>\n<td width=\"213\">Akma Dayan\u0131m\u0131 0,2%<br \/>\nMpa (dak.)<\/td>\n<td width=\"213\">Uzama -% 50 mm (min.)<\/td>\n<\/tr>\n<tr>\n<td width=\"213\">301 Tavl\u0131<\/td>\n<td width=\"213\">515<\/td>\n<td width=\"213\">205<\/td>\n<td width=\"213\">40<\/td>\n<\/tr>\n<tr>\n<td width=\"213\">301 1\/4 Tempe<\/td>\n<td width=\"213\">860<\/td>\n<td width=\"213\">515<\/td>\n<td width=\"213\">25<\/td>\n<\/tr>\n<tr>\n<td width=\"213\">301 1\/2 Tempe<\/td>\n<td width=\"213\">1035<\/td>\n<td width=\"213\">760<\/td>\n<td width=\"213\">18<\/td>\n<\/tr>\n<tr>\n<td width=\"213\">301 Tam Sert<\/td>\n<td width=\"213\">1275<\/td>\n<td width=\"213\">965<\/td>\n<td width=\"213\">9<\/td>\n<\/tr>\n<\/tbody>\n<\/table>\n            <\/div>        <\/div>    <\/div><\/section>\n<\/div><br \/>\n<\/p><\/div><\/div><!--close column table wrapper. Autoclose: 1 --><\/p>","protected":false},"excerpt":{"rendered":"","protected":false},"author":1,"featured_media":0,"parent":1323,"menu_order":0,"comment_status":"closed","ping_status":"closed","template":"","meta":{"footnotes":""},"class_list":["post-1589","page","type-page","status-publish","hentry"],"aioseo_notices":[],"_links":{"self":[{"href":"https:\/\/wldstainless.com\/tr\/wp-json\/wp\/v2\/pages\/1589","targetHints":{"allow":["GET"]}}],"collection":[{"href":"https:\/\/wldstainless.com\/tr\/wp-json\/wp\/v2\/pages"}],"about":[{"href":"https:\/\/wldstainless.com\/tr\/wp-json\/wp\/v2\/types\/page"}],"author":[{"embeddable":true,"href":"https:\/\/wldstainless.com\/tr\/wp-json\/wp\/v2\/users\/1"}],"replies":[{"embeddable":true,"href":"https:\/\/wldstainless.com\/tr\/wp-json\/wp\/v2\/comments?post=1589"}],"version-history":[{"count":5,"href":"https:\/\/wldstainless.com\/tr\/wp-json\/wp\/v2\/pages\/1589\/revisions"}],"predecessor-version":[{"id":1895,"href":"https:\/\/wldstainless.com\/tr\/wp-json\/wp\/v2\/pages\/1589\/revisions\/1895"}],"up":[{"embeddable":true,"href":"https:\/\/wldstainless.com\/tr\/wp-json\/wp\/v2\/pages\/1323"}],"wp:attachment":[{"href":"https:\/\/wldstainless.com\/tr\/wp-json\/wp\/v2\/media?parent=1589"}],"curies":[{"name":"wp","href":"https:\/\/api.w.org\/{rel}","templated":true}]}}