{"id":1586,"date":"2020-08-25T07:23:03","date_gmt":"2020-08-25T07:23:03","guid":{"rendered":"http:\/\/wldstainless.com\/?page_id=1586"},"modified":"2020-09-18T09:34:04","modified_gmt":"2020-09-18T09:34:04","slug":"409-409l-stainless-steel","status":"publish","type":"page","link":"https:\/\/wldstainless.com\/tr\/materials\/ferritic-stainless-steel\/409-409l-stainless-steel\/","title":{"rendered":"409\/409L Paslanmaz \u00c7elik"},"content":{"rendered":"<div class='flex_column_table av-equal-height-column-flextable -flextable' ><div class=\"flex_column av_one_fourth  flex_column_table_cell av-equal-height-column av-align-top av-zero-column-padding first\" style='border-radius:0px; '><p><div class='avia-builder-widget-area clearfix'><div id=\"nav_menu-5\" class=\"widget clearfix widget_nav_menu\"><h3 class=\"widgettitle\">Malzeme<\/h3><div class=\"menu-products-sidebar-menu-container\"><ul id=\"menu-products-sidebar-menu\" class=\"menu\"><li id=\"menu-item-1329\" class=\"menu-item menu-item-type-post_type menu-item-object-page menu-item-1329\"><a href=\"https:\/\/wldstainless.com\/tr\/materials\/ferritic-stainless-steel\/\">Ferritik Paslanmaz \u00c7elik<\/a><\/li>\n<li id=\"menu-item-1328\" class=\"menu-item menu-item-type-post_type menu-item-object-page menu-item-1328\"><a href=\"https:\/\/wldstainless.com\/tr\/materials\/martensitic-stainless-steel\/\">Martensitik Paslanmaz \u00c7elik<\/a><\/li>\n<li id=\"menu-item-1327\" class=\"menu-item menu-item-type-post_type menu-item-object-page menu-item-1327\"><a href=\"https:\/\/wldstainless.com\/tr\/materials\/austenitic-stainless-steel\/\">\u00d6stenitik paslanmaz \u00e7elik<\/a><\/li>\n<li id=\"menu-item-1889\" class=\"menu-item menu-item-type-post_type menu-item-object-page menu-item-1889\"><a href=\"https:\/\/wldstainless.com\/tr\/materials\/duplex-stainless-steel\/\">Dubleks Paslanmaz \u00c7elik<\/a><\/li>\n<\/ul><\/div><\/div><\/div><br \/>\n<div  class='hr hr-default'><span class='hr-inner' ><span class='hr-inner-style'><\/span><\/span><\/div><br \/>\n<div class='avia-button-wrap avia-button-left'><a href='http:\/\/wldstainless.com\/contact\/#contact' class='avia-button   avia-icon_select-yes-left-icon avia-color-custom avia-size-large avia-position-left'  target=\"_blank\"  style='background-color:#e82221; border-color:#e82221; color:#ffffff; ' ><span class='avia_button_icon avia_button_icon_left' aria-hidden='true' data-av_icon='\ue84b' data-av_iconfont='entypo-fontello'><\/span><span class='avia_iconbox_title' >Bir teklif iste\u011fi<\/span><\/a><\/div><\/p><\/div><\/div><!--close column table wrapper. Autoclose: 1 --><div class='flex_column_table av-equal-height-column-flextable -flextable' ><div class='av-flex-placeholder'><\/div><div class=\"flex_column av_three_fourth  flex_column_table_cell av-equal-height-column av-align-top av-zero-column-padding\" style='border-radius:0px; '><p><div style='padding-bottom:10px;color:#d3311f;font-size:26px;' class='av-special-heading av-special-heading-h3 custom-color-heading blockquote modern-quote   av-inherit-size'><h3 class='av-special-heading-tag'  itemprop=\"headline\"  >409\/409L Paslanmaz \u00c7elik<\/h3><div class='special-heading-border'><div class='special-heading-inner-border' style='border-color:#d3311f'><\/div><\/div><\/div><br \/>\n<section class=\"av_textblock_section\"  itemscope=\"itemscope\" itemtype=\"https:\/\/schema.org\/CreativeWork\" ><div class='avia_textblock'   itemprop=\"text\" ><p>WLD Steel, \u00e7ubuk, \u00e7ubuk, boru, t\u00fcp, levha, levha ve k\u00fct\u00fck dahil olmak \u00fczere \u00e7e\u015fitli boyut ve formlarda sunulan 409\/409L paslanmaz \u00e7eli\u011fin lider \u00fcreticisi, tedarik\u00e7isi ve ihracat\u00e7\u0131s\u0131d\u0131r.<\/p>\n<p>Tip 409, genel ama\u00e7l\u0131 olarak nikel olmadan stabilize edilmi\u015f krom, titanyum Ferritik paslanmaz \u00e7eliktir. Manyetiktir ve y\u00fcksek s\u0131cakl\u0131kta iyi korozyon direncini, oksidasyon direncini orta kuvvetle, iyi \u015fekillendirilebilirlik ve genel maliyetle birle\u015ftirir. 409L, 430 kalite \u00e7eli\u011fin d\u00fc\u015f\u00fck karbonlu versiyonudur, her ikisi de karbon \u00e7eli\u011fi ve \u00d6stenit paslanmaz \u00e7eli\u011finden daha iyi korozyon direnci ve mekanik \u00f6zellikler sunar, y\u00fcksek verimlilik gibi y\u00fcksek korozyon direnci ve y\u00fcksek s\u0131cakl\u0131kta oksidasyonun gerekli oldu\u011fu uygulamalarda kullan\u0131lm\u0131\u015ft\u0131r. Bir otomobilin motoru, egzoz sistemi, termal anahtarlar, \u00e7er\u00e7eve ve \u0131s\u0131 e\u015fanj\u00f6r\u00fc.<\/p>\n<p><strong>WLD Steel&#039;de 409\/409L&#039;nin mevcut formlar\u0131 ve \u00f6zellikleri nelerdir?<\/strong><\/p>\n<ul>\n<li>Levha\/Levha\/Bobin:ASTM A240, ASTM A480<\/li>\n<li>Yuvarlak \u00c7ubuk: ASTM A276, ASTM A479<\/li>\n<li>Boru\/T\u00fcp: ASTM A335, A268, A790<\/li>\n<\/ul>\n<\/div><\/section><br \/>\n<div class=\"togglecontainer   toggle_close_all\" >\n<section class=\"av_toggle_section\"  itemscope=\"itemscope\" itemtype=\"https:\/\/schema.org\/CreativeWork\"  >    <div class=\"single_toggle\" data-tags=\"{T\u00fcm\u00fc} \"  >        <p data-fake-id=\"#toggle-id-1\" class=\"toggler\"  itemprop=\"headline\"  >409\/409L E\u015fde\u011fer Kaliteler<span class=\"toggle_icon\" >        <span class=\"vert_icon\"><\/span><span class=\"hor_icon\"><\/span><\/span><\/p>        <div id=\"toggle-id-1-container\" class=\"toggle_wrap\"  >            <div class=\"toggle_content invers-color\"  itemprop=\"text\"   ><table>\n<tbody>\n<tr>\n<td width=\"136\">STANDART<\/td>\n<td width=\"136\">BM<\/td>\n<td width=\"136\">TR\/DIN<\/td>\n<td width=\"136\">JIS<\/td>\n<td width=\"136\">BS<\/td>\n<td width=\"137\">B\u00fcy\u00fck Britanya<\/td>\n<\/tr>\n<tr>\n<td width=\"136\">409\/409L<\/td>\n<td width=\"136\">S409000<\/td>\n<td width=\"136\">X2CrTi12<\/p>\n<p>1.4512<\/td>\n<td width=\"136\">SUH 409<\/td>\n<td width=\"136\">\/<\/td>\n<td width=\"137\">022Cr11Ti<\/td>\n<\/tr>\n<\/tbody>\n<\/table>\n            <\/div>        <\/div>    <\/div><\/section>\n<section class=\"av_toggle_section\"  itemscope=\"itemscope\" itemtype=\"https:\/\/schema.org\/CreativeWork\"  >    <div class=\"single_toggle\" data-tags=\"{T\u00fcm\u00fc} \"  >        <p data-fake-id=\"#toggle-id-2\" class=\"toggler\"  itemprop=\"headline\"  >409\/409L Kimyasal Bile\u015fimi<span class=\"toggle_icon\" >        <span class=\"vert_icon\"><\/span><span class=\"hor_icon\"><\/span><\/span><\/p>        <div id=\"toggle-id-2-container\" class=\"toggle_wrap\"  >            <div class=\"toggle_content invers-color\"  itemprop=\"text\"   ><table>\n<tbody>\n<tr>\n<td width=\"93\">Seviye<\/td>\n<td width=\"93\">C<\/td>\n<td width=\"93\">Mn<\/td>\n<td width=\"93\">Si<\/td>\n<td width=\"94\">P<\/td>\n<td width=\"94\">S<\/td>\n<td width=\"100\">CR<\/td>\n<td width=\"93\">Ni<\/td>\n<td width=\"94\">Ti<\/td>\n<\/tr>\n<tr>\n<td width=\"93\">409<\/td>\n<td width=\"93\">\u22640,08<\/td>\n<td width=\"93\">\u22641,0<\/td>\n<td width=\"93\">\u22641,0<\/td>\n<td width=\"94\">\u22640,045<\/td>\n<td width=\"94\">\u22640,045<\/td>\n<td width=\"100\">10.5-11.75<\/td>\n<td width=\"93\">\u22640,5<\/td>\n<td width=\"94\">0.48-0.75<\/td>\n<\/tr>\n<tr>\n<td width=\"93\">409L<\/td>\n<td width=\"93\">\u22640,030<\/td>\n<td width=\"93\">\u22641,0<\/td>\n<td width=\"93\">\u22641,0<\/td>\n<td width=\"94\">\u22640,045<\/td>\n<td width=\"94\">\u22640,045<\/td>\n<td width=\"100\">10.5-11.75<\/td>\n<td width=\"93\">\u22640,5<\/td>\n<td width=\"94\">\u22640,5<\/td>\n<\/tr>\n<\/tbody>\n<\/table>\n            <\/div>        <\/div>    <\/div><\/section>\n<section class=\"av_toggle_section\"  itemscope=\"itemscope\" itemtype=\"https:\/\/schema.org\/CreativeWork\"  >    <div class=\"single_toggle\" data-tags=\"{T\u00fcm\u00fc} \"  >        <p data-fake-id=\"#toggle-id-3\" class=\"toggler\"  itemprop=\"headline\"  >409\/409L Mekanik \u00d6zellikler<span class=\"toggle_icon\" >        <span class=\"vert_icon\"><\/span><span class=\"hor_icon\"><\/span><\/span><\/p>        <div id=\"toggle-id-3-container\" class=\"toggle_wrap\"  >            <div class=\"toggle_content invers-color\"  itemprop=\"text\"   ><table>\n<tbody>\n<tr>\n<td width=\"170\">Seviye<\/td>\n<td width=\"170\">\u00c7ekme Dayan\u0131m\u0131 MPa (min)<\/td>\n<td width=\"170\">Akma Dayan\u0131m\u0131 0,2% MPa(dak)<\/td>\n<td width=\"170\">Uzama %<\/td>\n<td width=\"170\">Sertlik (Brinell) MAX<\/td>\n<\/tr>\n<tr>\n<td width=\"170\">409<\/td>\n<td width=\"170\">380<\/td>\n<td width=\"170\">207<\/td>\n<td width=\"170\">20<\/td>\n<td width=\"170\">207<\/td>\n<\/tr>\n<tr>\n<td width=\"170\">409L<\/td>\n<td width=\"170\">380<\/td>\n<td width=\"170\">170<\/td>\n<td width=\"170\">20<\/td>\n<td width=\"170\">207<\/td>\n<\/tr>\n<\/tbody>\n<\/table>\n            <\/div>        <\/div>    <\/div><\/section>\n<\/div><\/p><\/div><\/div><!--close column table wrapper. Autoclose: 1 --><\/p>","protected":false},"excerpt":{"rendered":"","protected":false},"author":1,"featured_media":0,"parent":159,"menu_order":0,"comment_status":"closed","ping_status":"closed","template":"","meta":{"footnotes":""},"class_list":["post-1586","page","type-page","status-publish","hentry"],"aioseo_notices":[],"_links":{"self":[{"href":"https:\/\/wldstainless.com\/tr\/wp-json\/wp\/v2\/pages\/1586","targetHints":{"allow":["GET"]}}],"collection":[{"href":"https:\/\/wldstainless.com\/tr\/wp-json\/wp\/v2\/pages"}],"about":[{"href":"https:\/\/wldstainless.com\/tr\/wp-json\/wp\/v2\/types\/page"}],"author":[{"embeddable":true,"href":"https:\/\/wldstainless.com\/tr\/wp-json\/wp\/v2\/users\/1"}],"replies":[{"embeddable":true,"href":"https:\/\/wldstainless.com\/tr\/wp-json\/wp\/v2\/comments?post=1586"}],"version-history":[{"count":7,"href":"https:\/\/wldstainless.com\/tr\/wp-json\/wp\/v2\/pages\/1586\/revisions"}],"predecessor-version":[{"id":1912,"href":"https:\/\/wldstainless.com\/tr\/wp-json\/wp\/v2\/pages\/1586\/revisions\/1912"}],"up":[{"embeddable":true,"href":"https:\/\/wldstainless.com\/tr\/wp-json\/wp\/v2\/pages\/159"}],"wp:attachment":[{"href":"https:\/\/wldstainless.com\/tr\/wp-json\/wp\/v2\/media?parent=1586"}],"curies":[{"name":"wp","href":"https:\/\/api.w.org\/{rel}","templated":true}]}}