{"id":1581,"date":"2020-08-25T06:23:16","date_gmt":"2020-08-25T06:23:16","guid":{"rendered":"http:\/\/wldstainless.com\/?page_id=1581"},"modified":"2020-09-18T09:34:41","modified_gmt":"2020-09-18T09:34:41","slug":"430-430f-stainless-steel","status":"publish","type":"page","link":"https:\/\/wldstainless.com\/tr\/materials\/ferritic-stainless-steel\/430-430f-stainless-steel\/","title":{"rendered":"430\/430F Paslanmaz \u00c7elik"},"content":{"rendered":"<div class='flex_column_table av-equal-height-column-flextable -flextable' ><div class=\"flex_column av_one_fourth  flex_column_table_cell av-equal-height-column av-align-top av-zero-column-padding first\" style='border-radius:0px; '><p><div class='avia-builder-widget-area clearfix'><div id=\"nav_menu-5\" class=\"widget clearfix widget_nav_menu\"><h3 class=\"widgettitle\">Malzeme<\/h3><div class=\"menu-products-sidebar-menu-container\"><ul id=\"menu-products-sidebar-menu\" class=\"menu\"><li id=\"menu-item-1329\" class=\"menu-item menu-item-type-post_type menu-item-object-page menu-item-1329\"><a href=\"https:\/\/wldstainless.com\/tr\/materials\/ferritic-stainless-steel\/\">Ferritik Paslanmaz \u00c7elik<\/a><\/li>\n<li id=\"menu-item-1328\" class=\"menu-item menu-item-type-post_type menu-item-object-page menu-item-1328\"><a href=\"https:\/\/wldstainless.com\/tr\/materials\/martensitic-stainless-steel\/\">Martensitik Paslanmaz \u00c7elik<\/a><\/li>\n<li id=\"menu-item-1327\" class=\"menu-item menu-item-type-post_type menu-item-object-page menu-item-1327\"><a href=\"https:\/\/wldstainless.com\/tr\/materials\/austenitic-stainless-steel\/\">\u00d6stenitik paslanmaz \u00e7elik<\/a><\/li>\n<li id=\"menu-item-1889\" class=\"menu-item menu-item-type-post_type menu-item-object-page menu-item-1889\"><a href=\"https:\/\/wldstainless.com\/tr\/materials\/duplex-stainless-steel\/\">Dubleks Paslanmaz \u00c7elik<\/a><\/li>\n<\/ul><\/div><\/div><\/div><br \/>\n<div  class='hr hr-default'><span class='hr-inner' ><span class='hr-inner-style'><\/span><\/span><\/div><br \/>\n<div class='avia-button-wrap avia-button-left'><a href='http:\/\/wldstainless.com\/contact\/#contact' class='avia-button   avia-icon_select-yes-left-icon avia-color-custom avia-size-large avia-position-left'  target=\"_blank\"  style='background-color:#e82221; border-color:#e82221; color:#ffffff; ' ><span class='avia_button_icon avia_button_icon_left' aria-hidden='true' data-av_icon='\ue84b' data-av_iconfont='entypo-fontello'><\/span><span class='avia_iconbox_title' >Bir teklif iste\u011fi<\/span><\/a><\/div><\/p><\/div><\/div><!--close column table wrapper. Autoclose: 1 --><div class='flex_column_table av-equal-height-column-flextable -flextable' ><div class='av-flex-placeholder'><\/div><div class=\"flex_column av_three_fourth  flex_column_table_cell av-equal-height-column av-align-top av-zero-column-padding\" style='border-radius:0px; '><p><div style='padding-bottom:10px;color:#d3311f;font-size:26px;' class='av-special-heading av-special-heading-h3 custom-color-heading blockquote modern-quote   av-inherit-size'><h3 class='av-special-heading-tag'  itemprop=\"headline\"  >430\/430F Paslanmaz \u00c7elik<\/h3><div class='special-heading-border'><div class='special-heading-inner-border' style='border-color:#d3311f'><\/div><\/div><\/div><br \/>\n<section class=\"av_textblock_section\"  itemscope=\"itemscope\" itemtype=\"https:\/\/schema.org\/CreativeWork\" ><div class='avia_textblock'   itemprop=\"text\" ><p>WLD Steel, \u00e7ubuk, \u00e7ubuk, boru, t\u00fcp, levha, levha ve k\u00fct\u00fck dahil olmak \u00fczere \u00e7e\u015fitli boyut ve formlarda sunulan 430\/430F paslanmaz \u00e7eli\u011fin lider \u00fcreticisi, tedarik\u00e7isi ve ihracat\u00e7\u0131s\u0131d\u0131r.<\/p>\n<p>Tip 430, orta d\u00fczeyde korozyon ve \u0131s\u0131 direncine sahip, krom i\u00e7eren Ferrit paslanmaz \u00e7eliktir. \u0130yi korozyon direnci ve s\u00fcneklik \u00f6zelliklerini birle\u015ftirir; otomotiv par\u00e7alar\u0131, pi\u015firme kaplar\u0131, valfler, g\u0131da i\u015fleme par\u00e7alar\u0131, televizyon konileri, t\u00fct\u00fcn makinesi par\u00e7alar\u0131 gibi otomotiv kaplama ve cihaz bile\u015fenleri uygulamalar\u0131nda yayg\u0131n olarak kullan\u0131lmaktad\u0131r.<\/p>\n<p>430LX s\u0131n\u0131f\u0131, Ti veya Nb eklenerek yap\u0131lan versiyondur, C i\u00e7eri\u011fi 430 \u00e7eli\u011fe g\u00f6re azalt\u0131l\u0131r, bu da i\u015fleme ve kaynak performans\u0131n\u0131 art\u0131r\u0131r, esas olarak \u0131s\u0131tma suyu sistemlerinde, s\u0131hhi tesisatlarda, ev aletlerinde, bisiklet volanlar\u0131nda vb. kullan\u0131l\u0131r. 430F S\u0131n\u0131f\u0131, bu kalitenin serbest i\u015flemeli versiyonudur ve 430&#039;dan daha y\u00fcksek i\u015flenebilirli\u011fe sahiptir ve azalt\u0131lm\u0131\u015f korozyon direnci kabul edilebilirdir; otomatik vidal\u0131 makinelerde kullan\u0131m i\u00e7in \u00e7ubuk formunda mevcuttur.<\/p>\n<p><strong>WLD Steel&#039;de mevcut 430\/430F formlar\u0131 nelerdir?<\/strong><\/p>\n<ul>\n<li>Levha\/Levha\/Rulo: ASTM A240, ASTM A480<\/li>\n<li>Yuvarlak \u00c7ubuk: ASTM A276, ASTM A479<\/li>\n<li>Boru\/T\u00fcp: ASTM A335, A790, A268<\/li>\n<\/ul>\n<\/div><\/section><br \/>\n<div class=\"togglecontainer   toggle_close_all\" >\n<section class=\"av_toggle_section\"  itemscope=\"itemscope\" itemtype=\"https:\/\/schema.org\/CreativeWork\"  >    <div class=\"single_toggle\" data-tags=\"{T\u00fcm\u00fc} \"  >        <p data-fake-id=\"#toggle-id-1\" class=\"toggler\"  itemprop=\"headline\"  >430\/430F E\u015fde\u011fer Kaliteler<span class=\"toggle_icon\" >        <span class=\"vert_icon\"><\/span><span class=\"hor_icon\"><\/span><\/span><\/p>        <div id=\"toggle-id-1-container\" class=\"toggle_wrap\"  >            <div class=\"toggle_content invers-color\"  itemprop=\"text\"   ><table>\n<tbody>\n<tr>\n<td width=\"136\">STANDART<\/td>\n<td width=\"136\">BM<\/td>\n<td width=\"136\">TR\/DIN<\/td>\n<td width=\"136\">JIS<\/td>\n<td width=\"136\">BS<\/td>\n<td width=\"137\">B\u00fcy\u00fck Britanya<\/td>\n<\/tr>\n<tr>\n<td width=\"136\">430<\/td>\n<td width=\"136\">S43000<\/td>\n<td width=\"136\">X8Cr17<\/p>\n<p>1.4016<\/td>\n<td width=\"136\">SUS 430<\/td>\n<td width=\"136\">430S17<\/td>\n<td width=\"137\">1Cr17<\/td>\n<\/tr>\n<tr>\n<td width=\"136\">430F<\/td>\n<td width=\"136\">S43020<\/td>\n<td width=\"136\">X12CrMoS17<\/p>\n<p>1.4104<\/td>\n<td width=\"136\">SUS430F<\/td>\n<td width=\"136\">\/<\/td>\n<td width=\"137\">YCr17<\/td>\n<\/tr>\n<\/tbody>\n<\/table>\n            <\/div>        <\/div>    <\/div><\/section>\n<section class=\"av_toggle_section\"  itemscope=\"itemscope\" itemtype=\"https:\/\/schema.org\/CreativeWork\"  >    <div class=\"single_toggle\" data-tags=\"{T\u00fcm\u00fc} \"  >        <p data-fake-id=\"#toggle-id-2\" class=\"toggler\"  itemprop=\"headline\"  >430\/430F Kimyasal Bile\u015fimi<span class=\"toggle_icon\" >        <span class=\"vert_icon\"><\/span><span class=\"hor_icon\"><\/span><\/span><\/p>        <div id=\"toggle-id-2-container\" class=\"toggle_wrap\"  >            <div class=\"toggle_content invers-color\"  itemprop=\"text\"   ><table>\n<tbody>\n<tr>\n<td width=\"106\">Notlar<\/td>\n<td width=\"106\">C<\/td>\n<td width=\"106\">Mn<\/td>\n<td width=\"106\">Si<\/td>\n<td width=\"106\">P<\/td>\n<td width=\"106\">S<\/td>\n<td width=\"106\">CR<\/td>\n<td width=\"106\">Ni<\/td>\n<\/tr>\n<tr>\n<td width=\"106\">430<\/td>\n<td width=\"106\">\u2264<span style=\"font-family: inherit; font-size: inherit;\">0.12<\/span><\/td>\n<td width=\"106\">\u2264<span style=\"font-family: inherit; font-size: inherit;\">1<\/span><\/td>\n<td width=\"106\">1<\/td>\n<td width=\"106\">\u2264<span style=\"font-family: inherit; font-size: inherit;\">0.04<\/span><\/td>\n<td width=\"106\">\u2264<span style=\"font-family: inherit; font-size: inherit;\">0.03<\/span><\/td>\n<td width=\"106\">16.0-18.0<\/td>\n<td width=\"106\">\u2264<span style=\"font-family: inherit; font-size: inherit;\">0.75<\/span><\/td>\n<\/tr>\n<tr>\n<td width=\"106\">430F<\/td>\n<td width=\"106\">\u2264<span style=\"font-family: inherit; font-size: inherit;\">0.12<\/span><\/td>\n<td width=\"106\">\u2264<span style=\"font-family: inherit; font-size: inherit;\">1.25<\/span><\/td>\n<td width=\"106\">1<\/td>\n<td width=\"106\">\u2264<span style=\"font-family: inherit; font-size: inherit;\">0.06<\/span><\/td>\n<td width=\"106\">\u2264<span style=\"font-family: inherit; font-size: inherit;\">0.15<\/span><\/td>\n<td width=\"106\">16.0-18.0<\/td>\n<td width=\"106\">\/<\/td>\n<\/tr>\n<\/tbody>\n<\/table>\n            <\/div>        <\/div>    <\/div><\/section>\n<section class=\"av_toggle_section\"  itemscope=\"itemscope\" itemtype=\"https:\/\/schema.org\/CreativeWork\"  >    <div class=\"single_toggle\" data-tags=\"{T\u00fcm\u00fc} \"  >        <p data-fake-id=\"#toggle-id-3\" class=\"toggler\"  itemprop=\"headline\"  >430\/430F Mekanik \u00d6zellikler<span class=\"toggle_icon\" >        <span class=\"vert_icon\"><\/span><span class=\"hor_icon\"><\/span><\/span><\/p>        <div id=\"toggle-id-3-container\" class=\"toggle_wrap\"  >            <div class=\"toggle_content invers-color\"  itemprop=\"text\"   ><table>\n<tbody>\n<tr>\n<td width=\"170\">Notlar<\/td>\n<td width=\"170\">\u00c7ekme Dayan\u0131m\u0131 (MPa) min<\/td>\n<td width=\"170\">Akma Dayan\u0131m\u0131 0,2% Kan\u0131t\u0131 (MPa) min<\/td>\n<td width=\"170\">Uzama (50 mm&#039;de %) min<\/td>\n<td width=\"170\">Sertlik, Brinell (HB) maks.<\/td>\n<\/tr>\n<tr>\n<td width=\"170\">430<\/td>\n<td width=\"170\">450<\/td>\n<td width=\"170\">205<\/td>\n<td width=\"170\">22<\/td>\n<td width=\"170\">183<\/td>\n<\/tr>\n<tr>\n<td width=\"170\">430F<\/td>\n<td width=\"170\">552 tipik<\/td>\n<td width=\"170\">379 tipik<\/td>\n<td width=\"170\">25 tipik<\/td>\n<td width=\"170\">262<\/td>\n<\/tr>\n<\/tbody>\n<\/table>\n            <\/div>        <\/div>    <\/div><\/section>\n<\/div><\/p><\/div><\/div><!--close column table wrapper. Autoclose: 1 --><\/p>","protected":false},"excerpt":{"rendered":"","protected":false},"author":1,"featured_media":0,"parent":159,"menu_order":0,"comment_status":"closed","ping_status":"closed","template":"","meta":{"footnotes":""},"class_list":["post-1581","page","type-page","status-publish","hentry"],"aioseo_notices":[],"_links":{"self":[{"href":"https:\/\/wldstainless.com\/tr\/wp-json\/wp\/v2\/pages\/1581","targetHints":{"allow":["GET"]}}],"collection":[{"href":"https:\/\/wldstainless.com\/tr\/wp-json\/wp\/v2\/pages"}],"about":[{"href":"https:\/\/wldstainless.com\/tr\/wp-json\/wp\/v2\/types\/page"}],"author":[{"embeddable":true,"href":"https:\/\/wldstainless.com\/tr\/wp-json\/wp\/v2\/users\/1"}],"replies":[{"embeddable":true,"href":"https:\/\/wldstainless.com\/tr\/wp-json\/wp\/v2\/comments?post=1581"}],"version-history":[{"count":6,"href":"https:\/\/wldstainless.com\/tr\/wp-json\/wp\/v2\/pages\/1581\/revisions"}],"predecessor-version":[{"id":1914,"href":"https:\/\/wldstainless.com\/tr\/wp-json\/wp\/v2\/pages\/1581\/revisions\/1914"}],"up":[{"embeddable":true,"href":"https:\/\/wldstainless.com\/tr\/wp-json\/wp\/v2\/pages\/159"}],"wp:attachment":[{"href":"https:\/\/wldstainless.com\/tr\/wp-json\/wp\/v2\/media?parent=1581"}],"curies":[{"name":"wp","href":"https:\/\/api.w.org\/{rel}","templated":true}]}}