{"id":1578,"date":"2020-08-25T05:41:41","date_gmt":"2020-08-25T05:41:41","guid":{"rendered":"http:\/\/wldstainless.com\/?page_id=1578"},"modified":"2020-09-18T09:26:27","modified_gmt":"2020-09-18T09:26:27","slug":"201-stainless-steel","status":"publish","type":"page","link":"https:\/\/wldstainless.com\/tr\/materials\/austenitic-stainless-steel\/201-stainless-steel\/","title":{"rendered":"201 Paslanmaz \u00c7elik"},"content":{"rendered":"<div class='flex_column_table av-equal-height-column-flextable -flextable' ><div class=\"flex_column av_one_fourth  flex_column_table_cell av-equal-height-column av-align-top av-zero-column-padding first\" style='border-radius:0px; '><p><div class='avia-builder-widget-area clearfix'><div id=\"nav_menu-5\" class=\"widget clearfix widget_nav_menu\"><h3 class=\"widgettitle\">Malzeme<\/h3><div class=\"menu-products-sidebar-menu-container\"><ul id=\"menu-products-sidebar-menu\" class=\"menu\"><li id=\"menu-item-1329\" class=\"menu-item menu-item-type-post_type menu-item-object-page menu-item-1329\"><a href=\"https:\/\/wldstainless.com\/tr\/materials\/ferritic-stainless-steel\/\">Ferritik Paslanmaz \u00c7elik<\/a><\/li>\n<li id=\"menu-item-1328\" class=\"menu-item menu-item-type-post_type menu-item-object-page menu-item-1328\"><a href=\"https:\/\/wldstainless.com\/tr\/materials\/martensitic-stainless-steel\/\">Martensitik Paslanmaz \u00c7elik<\/a><\/li>\n<li id=\"menu-item-1327\" class=\"menu-item menu-item-type-post_type menu-item-object-page menu-item-1327\"><a href=\"https:\/\/wldstainless.com\/tr\/materials\/austenitic-stainless-steel\/\">\u00d6stenitik paslanmaz \u00e7elik<\/a><\/li>\n<li id=\"menu-item-1889\" class=\"menu-item menu-item-type-post_type menu-item-object-page menu-item-1889\"><a href=\"https:\/\/wldstainless.com\/tr\/materials\/duplex-stainless-steel\/\">Dubleks Paslanmaz \u00c7elik<\/a><\/li>\n<\/ul><\/div><\/div><\/div><br \/>\n<div  class='hr hr-default'><span class='hr-inner' ><span class='hr-inner-style'><\/span><\/span><\/div><br \/>\n<div class='avia-button-wrap avia-button-left'><a href='http:\/\/wldstainless.com\/contact\/#contact' class='avia-button   avia-icon_select-yes-left-icon avia-color-custom avia-size-large avia-position-left'  target=\"_blank\"  style='background-color:#e82221; border-color:#e82221; color:#ffffff; ' ><span class='avia_button_icon avia_button_icon_left' aria-hidden='true' data-av_icon='\ue84b' data-av_iconfont='entypo-fontello'><\/span><span class='avia_iconbox_title' >Bir teklif iste\u011fi<\/span><\/a><\/div><\/p><\/div><\/div><!--close column table wrapper. Autoclose: 1 --><div class='flex_column_table av-equal-height-column-flextable -flextable' ><div class='av-flex-placeholder'><\/div><div class=\"flex_column av_three_fourth  flex_column_table_cell av-equal-height-column av-align-top av-zero-column-padding\" style='border-radius:0px; '><p><div style='padding-bottom:10px;color:#d3311f;font-size:26px;' class='av-special-heading av-special-heading-h3 custom-color-heading blockquote modern-quote   av-inherit-size'><h3 class='av-special-heading-tag'  itemprop=\"headline\"  >201 Paslanmaz \u00c7elik<\/h3><div class='special-heading-border'><div class='special-heading-inner-border' style='border-color:#d3311f'><\/div><\/div><\/div><br \/>\n<section class=\"av_textblock_section\"  itemscope=\"itemscope\" itemtype=\"https:\/\/schema.org\/CreativeWork\" ><div class='avia_textblock'   itemprop=\"text\" ><p>WLD Stainless, boru, t\u00fcp, levha, plaka, \u00e7ubuk, \u00e7ubuk ve melek, kanal, daire, kesilmi\u015f par\u00e7a gibi di\u011fer \u015fekillerde paslanmaz \u00e7elik 201&#039;in \u00f6nde gelen \u00fcreticisi, tedarik\u00e7isi ve ihracat\u00e7\u0131s\u0131d\u0131r. Tip 201 Paslanmaz \u00c7elik, y\u00fcksek manganezli d\u00fc\u015f\u00fck nikelli Austenitik paslanmaz ala\u015f\u0131md\u0131r. Nispeten y\u00fcksek akma dayan\u0131m\u0131 ve zay\u0131f korozyon direnci sunar, baz\u0131 temperlenmi\u015f uygulamalarda pop\u00fcler Austenitik s\u0131n\u0131flar 301 ve 304&#039;e uygulanabilir d\u00fc\u015f\u00fck maliyetli bir alternatif haline gelmi\u015ftir. Paslanmaz \u00e7elik 201 genellikle temperlenmi\u015f durumda, \u00f6zellikle mutfak gere\u00e7leri, d\u0131\u015f mekan dekorasyonu ve mobilya panelleri, yaylar ve ba\u011flant\u0131 elemanlar\u0131 i\u00e7in kullan\u0131l\u0131r.<\/p>\n<p><strong>WLD Steel&#039;de mevcut 201 form ve teknik \u00f6zellikler nelerdir?<\/strong><\/p>\n<table>\n<tbody>\n<tr>\n<td width=\"170\">Levha\/plaka\/bobin<\/td>\n<td width=\"170\">Diki\u015fsiz boru\/t\u00fcp<\/td>\n<td width=\"170\">Kaynakl\u0131 boru\/t\u00fcp<\/td>\n<td width=\"170\">Yuvarlak \u00e7ubuk<\/td>\n<td width=\"170\">\u015eekillendirilmi\u015f \u00e7elik (\u015eekilli)<\/td>\n<\/tr>\n<tr>\n<td width=\"170\">ASTM A240<\/td>\n<td width=\"170\">ASTM A789;<\/p>\n<p>ASTM A790<\/td>\n<td width=\"170\">ASTM A269<\/td>\n<td width=\"170\">ASTM A276;<\/p>\n<p>ASTM A479<\/td>\n<td width=\"170\">ASTM A276<\/td>\n<\/tr>\n<\/tbody>\n<\/table>\n<h2><\/h2>\n<\/div><\/section><br \/>\n<div class=\"togglecontainer   toggle_close_all\" >\n<section class=\"av_toggle_section\"  itemscope=\"itemscope\" itemtype=\"https:\/\/schema.org\/CreativeWork\"  >    <div class=\"single_toggle\" data-tags=\"{T\u00fcm\u00fc} \"  >        <p data-fake-id=\"#toggle-id-1\" class=\"toggler activeTitle\"  itemprop=\"headline\"  >201 E\u015fde\u011fer Not<span class=\"toggle_icon\" >        <span class=\"vert_icon\"><\/span><span class=\"hor_icon\"><\/span><\/span><\/p>        <div id=\"toggle-id-1-container\" class=\"toggle_wrap active_tc\"  style='display:block;'>            <div class=\"toggle_content invers-color\"  itemprop=\"text\"   ><table>\n<tbody>\n<tr>\n<td width=\"112\">STANDART<\/td>\n<td width=\"114\">BM<\/td>\n<td width=\"114\">TR\/DIN<\/td>\n<td width=\"114\">JIS<\/td>\n<td width=\"114\">ISO<\/td>\n<td width=\"114\">AFNOR<\/td>\n<td width=\"115\">B\u00fcy\u00fck Britanya<\/td>\n<\/tr>\n<tr>\n<td width=\"112\">SS201<\/td>\n<td width=\"114\">S20100<\/td>\n<td width=\"114\">X12CrMnNiN 17-7-5<\/p>\n<p>1.4372<\/td>\n<td width=\"114\">SUS201<\/td>\n<td width=\"114\">A-2<\/td>\n<td width=\"114\">X12CrMnNiN 17-7-5<\/td>\n<td width=\"115\">1Cr17Mn6Ni5N<\/td>\n<\/tr>\n<\/tbody>\n<\/table>\n            <\/div>        <\/div>    <\/div><\/section>\n<section class=\"av_toggle_section\"  itemscope=\"itemscope\" itemtype=\"https:\/\/schema.org\/CreativeWork\"  >    <div class=\"single_toggle\" data-tags=\"{T\u00fcm\u00fc} \"  >        <p data-fake-id=\"#toggle-id-2\" class=\"toggler\"  itemprop=\"headline\"  >201 Kimyasal Bile\u015fimi<span class=\"toggle_icon\" >        <span class=\"vert_icon\"><\/span><span class=\"hor_icon\"><\/span><\/span><\/p>        <div id=\"toggle-id-2-container\" class=\"toggle_wrap\"  >            <div class=\"toggle_content invers-color\"  itemprop=\"text\"   ><table>\n<tbody>\n<tr>\n<td width=\"106\">C<\/td>\n<td width=\"106\">Si<\/td>\n<td width=\"106\">Mn<\/td>\n<td width=\"106\">P<\/td>\n<td width=\"106\">S<\/td>\n<td width=\"106\">Ni<\/td>\n<td width=\"106\">CR<\/td>\n<td width=\"106\">N<\/td>\n<\/tr>\n<tr>\n<td width=\"106\">\u22640,15<\/td>\n<td width=\"106\">\u22641,00<\/td>\n<td width=\"106\">5.50~7.50<\/td>\n<td width=\"106\">\u22640,060<\/td>\n<td width=\"106\">\u22640,030<\/td>\n<td width=\"106\">3.50~5.50<\/td>\n<td width=\"106\">16.00~18.00<\/td>\n<td width=\"106\">\u22640,25<\/td>\n<\/tr>\n<\/tbody>\n<\/table>\n            <\/div>        <\/div>    <\/div><\/section>\n<section class=\"av_toggle_section\"  itemscope=\"itemscope\" itemtype=\"https:\/\/schema.org\/CreativeWork\"  >    <div class=\"single_toggle\" data-tags=\"{T\u00fcm\u00fc} \"  >        <p data-fake-id=\"#toggle-id-3\" class=\"toggler\"  itemprop=\"headline\"  >201 Mekanik \u00d6zellikler<span class=\"toggle_icon\" >        <span class=\"vert_icon\"><\/span><span class=\"hor_icon\"><\/span><\/span><\/p>        <div id=\"toggle-id-3-container\" class=\"toggle_wrap\"  >            <div class=\"toggle_content invers-color\"  itemprop=\"text\"   ><table>\n<tbody>\n<tr>\n<td width=\"200\">\u00c7ekme Dayan\u0131m\u0131 Mpa(dak)<\/td>\n<td width=\"200\">Akma Dayan\u0131m\u0131 0,2% Mpa (min)<\/td>\n<td width=\"200\">Uzama %<\/td>\n<td width=\"200\">Sertlik (Brinell, HBW, maks)<\/td>\n<\/tr>\n<tr>\n<td width=\"200\">515<\/td>\n<td width=\"200\">260<\/td>\n<td width=\"200\">40<\/td>\n<td width=\"200\">217<\/td>\n<\/tr>\n<\/tbody>\n<\/table>\n            <\/div>        <\/div>    <\/div><\/section>\n<\/div><br \/>\n<\/p><\/div><\/div><!--close column table wrapper. Autoclose: 1 --><\/p>","protected":false},"excerpt":{"rendered":"","protected":false},"author":1,"featured_media":0,"parent":1323,"menu_order":0,"comment_status":"closed","ping_status":"closed","template":"","meta":{"footnotes":""},"class_list":["post-1578","page","type-page","status-publish","hentry"],"aioseo_notices":[],"_links":{"self":[{"href":"https:\/\/wldstainless.com\/tr\/wp-json\/wp\/v2\/pages\/1578","targetHints":{"allow":["GET"]}}],"collection":[{"href":"https:\/\/wldstainless.com\/tr\/wp-json\/wp\/v2\/pages"}],"about":[{"href":"https:\/\/wldstainless.com\/tr\/wp-json\/wp\/v2\/types\/page"}],"author":[{"embeddable":true,"href":"https:\/\/wldstainless.com\/tr\/wp-json\/wp\/v2\/users\/1"}],"replies":[{"embeddable":true,"href":"https:\/\/wldstainless.com\/tr\/wp-json\/wp\/v2\/comments?post=1578"}],"version-history":[{"count":8,"href":"https:\/\/wldstainless.com\/tr\/wp-json\/wp\/v2\/pages\/1578\/revisions"}],"predecessor-version":[{"id":1894,"href":"https:\/\/wldstainless.com\/tr\/wp-json\/wp\/v2\/pages\/1578\/revisions\/1894"}],"up":[{"embeddable":true,"href":"https:\/\/wldstainless.com\/tr\/wp-json\/wp\/v2\/pages\/1323"}],"wp:attachment":[{"href":"https:\/\/wldstainless.com\/tr\/wp-json\/wp\/v2\/media?parent=1578"}],"curies":[{"name":"wp","href":"https:\/\/api.w.org\/{rel}","templated":true}]}}