{"id":1563,"date":"2020-08-24T05:10:33","date_gmt":"2020-08-24T05:10:33","guid":{"rendered":"http:\/\/wldstainless.com\/?page_id=1563"},"modified":"2020-09-18T09:31:21","modified_gmt":"2020-09-18T09:31:21","slug":"alloy-2205-stainless-steel","status":"publish","type":"page","link":"https:\/\/wldstainless.com\/tr\/materials\/duplex-stainless-steel\/alloy-2205-stainless-steel\/","title":{"rendered":"Ala\u015f\u0131m 2205 Paslanmaz \u00c7elik"},"content":{"rendered":"<div class='flex_column_table av-equal-height-column-flextable -flextable' ><div class=\"flex_column av_one_fourth  flex_column_table_cell av-equal-height-column av-align-top av-zero-column-padding first\" style='border-radius:0px; '><p><div class='avia-builder-widget-area clearfix'><div id=\"nav_menu-5\" class=\"widget clearfix widget_nav_menu\"><h3 class=\"widgettitle\">Malzeme<\/h3><div class=\"menu-products-sidebar-menu-container\"><ul id=\"menu-products-sidebar-menu\" class=\"menu\"><li id=\"menu-item-1329\" class=\"menu-item menu-item-type-post_type menu-item-object-page menu-item-1329\"><a href=\"https:\/\/wldstainless.com\/tr\/materials\/ferritic-stainless-steel\/\">Ferritik Paslanmaz \u00c7elik<\/a><\/li>\n<li id=\"menu-item-1328\" class=\"menu-item menu-item-type-post_type menu-item-object-page menu-item-1328\"><a href=\"https:\/\/wldstainless.com\/tr\/materials\/martensitic-stainless-steel\/\">Martensitik Paslanmaz \u00c7elik<\/a><\/li>\n<li id=\"menu-item-1327\" class=\"menu-item menu-item-type-post_type menu-item-object-page menu-item-1327\"><a href=\"https:\/\/wldstainless.com\/tr\/materials\/austenitic-stainless-steel\/\">\u00d6stenitik paslanmaz \u00e7elik<\/a><\/li>\n<li id=\"menu-item-1889\" class=\"menu-item menu-item-type-post_type menu-item-object-page menu-item-1889\"><a href=\"https:\/\/wldstainless.com\/tr\/materials\/duplex-stainless-steel\/\">Dubleks Paslanmaz \u00c7elik<\/a><\/li>\n<\/ul><\/div><\/div><\/div><br \/>\n<div  class='hr hr-default'><span class='hr-inner' ><span class='hr-inner-style'><\/span><\/span><\/div><br \/>\n<div class='avia-button-wrap avia-button-left'><a href='http:\/\/wldstainless.com\/contact\/#contact' class='avia-button   avia-icon_select-yes-left-icon avia-color-custom avia-size-large avia-position-left'  target=\"_blank\"  style='background-color:#e82221; border-color:#e82221; color:#ffffff; ' ><span class='avia_button_icon avia_button_icon_left' aria-hidden='true' data-av_icon='\ue84b' data-av_iconfont='entypo-fontello'><\/span><span class='avia_iconbox_title' >Bir teklif iste\u011fi<\/span><\/a><\/div><\/p><\/div><\/div><!--close column table wrapper. Autoclose: 1 --><div class='flex_column_table av-equal-height-column-flextable -flextable' ><div class='av-flex-placeholder'><\/div><div class=\"flex_column av_three_fourth  flex_column_table_cell av-equal-height-column av-align-top av-zero-column-padding\" style='border-radius:0px; '><p><div style='padding-bottom:10px;color:#d3311f;' class='av-special-heading av-special-heading-h3 custom-color-heading'><h3 class='av-special-heading-tag'  itemprop=\"headline\"  >Ala\u015f\u0131m 2205 Paslanmaz \u00c7elik<\/h3><div class='special-heading-border'><div class='special-heading-inner-border' style='border-color:#d3311f'><\/div><\/div><\/div><br \/>\n<section class=\"av_textblock_section\"  itemscope=\"itemscope\" itemtype=\"https:\/\/schema.org\/CreativeWork\" ><div class='avia_textblock'   itemprop=\"text\" ><p>WLD Steel, boru, t\u00fcp, levha, levha, \u00e7ubuk, \u00e7ubuk ve a\u00e7\u0131, kanal, kiri\u015f, daire gibi di\u011fer \u015fekiller de dahil olmak \u00fczere bir dizi farkl\u0131 boyut ve formda mevcut olan dubleks paslanmaz \u00e7elik 2205&#039;in lider \u00fcreticisi, tedarik\u00e7isi ve ihracat\u00e7\u0131s\u0131d\u0131r. A\u00e7\u0131k.<\/p>\n<p>22% krom ve 5% nikel i\u00e7erdi\u011finden, UNS S31803 ve UNS S32205 genellikle Ala\u015f\u0131m 2205 olarak an\u0131l\u0131r. S31803 bir t\u00fcr d\u00fc\u015f\u00fck ala\u015f\u0131ml\u0131 dubleks paslanmaz \u00e7eliktir ve S32205, Cr&#039;nin alt limit i\u00e7eri\u011finin eklenmesiyle S31803&#039;\u00fcn y\u00fckseltilmi\u015f versiyonudur, Mo ve N elementleri mekanik \u00f6zelliklerde \u00e7ok az fark yarat\u0131r. 2205 kalitesi, 50 \u2013 300\u00b0C s\u0131cakl\u0131klarda klor\u00fcr stresli korozyon \u00e7atlamas\u0131na kar\u015f\u0131 direnciyle birlikte tanecikler aras\u0131 korozyona, oyuklanma ve \u00e7atlak korozyonuna kar\u015f\u0131 m\u00fckemmel diren\u00e7 sunar; kimya end\u00fcstrisinde, ka\u011f\u0131t imalat\u0131nda, tuzdan ar\u0131nd\u0131rma ekipmanlar\u0131nda, g\u00fcvenlik duvarlar\u0131nda, bas\u0131n\u00e7l\u0131 kaplarda, \u0131s\u0131 e\u015fanj\u00f6rlerinde yayg\u0131n olarak kullan\u0131l\u0131r. , a\u00e7\u0131k deniz sahalar\u0131n\u0131n t\u00fcrbin kanatlar\u0131 ve transmisyon milleri.<\/p>\n<p><strong>WLD Steel&#039;de 2205 \u00e7eli\u011finin mevcut formlar\u0131 ve \u00f6zellikleri nelerdir?<\/strong><\/p>\n<table>\n<tbody>\n<tr>\n<td width=\"170\">Levha\/plaka\/bobin<\/td>\n<td width=\"170\">Diki\u015fsiz boru\/t\u00fcp<\/td>\n<td width=\"170\">Kaynakl\u0131 boru\/t\u00fcp<\/td>\n<td width=\"170\">Yuvarlak \u00e7ubuk<\/td>\n<td width=\"170\">\u015eekillendirilmi\u015f \u00e7elik (\u015eekilli)<\/td>\n<\/tr>\n<tr>\n<td width=\"170\">JIS G4304 \/ 4305, ASTM A240<\/td>\n<td width=\"170\">ASTMA789,<\/p>\n<p>ASTM A790<\/td>\n<td width=\"170\">ASTM A928<\/td>\n<td width=\"170\">ASTM A479, ASTM A276<\/td>\n<td width=\"170\">ASTM A276<\/td>\n<\/tr>\n<\/tbody>\n<\/table>\n<\/div><\/section><br \/>\n<div class=\"togglecontainer   toggle_close_all\" >\n<section class=\"av_toggle_section\"  itemscope=\"itemscope\" itemtype=\"https:\/\/schema.org\/CreativeWork\"  >    <div class=\"single_toggle\" data-tags=\"{T\u00fcm\u00fc} \"  >        <p data-fake-id=\"#toggle-id-1\" class=\"toggler\"  itemprop=\"headline\"  >2205 \u00c7elik E\u015fde\u011fer Malzemeler<span class=\"toggle_icon\" >        <span class=\"vert_icon\"><\/span><span class=\"hor_icon\"><\/span><\/span><\/p>        <div id=\"toggle-id-1-container\" class=\"toggle_wrap\"  >            <div class=\"toggle_content invers-color\"  itemprop=\"text\"   ><table>\n<tbody>\n<tr>\n<td width=\"121\">BM<\/td>\n<td width=\"121\">\u0130sve\u00e7<\/td>\n<td width=\"121\">JIS<\/td>\n<td width=\"121\">D\u0130N<\/td>\n<td width=\"121\">BS<\/td>\n<td width=\"121\">NF<\/td>\n<td width=\"122\">B\u00fcy\u00fck Britanya<\/td>\n<\/tr>\n<tr>\n<td width=\"121\">S31803<\/td>\n<td width=\"121\">SS2377(<\/p>\n<p>SAF2205)<\/td>\n<td width=\"121\">329J2L<\/td>\n<td width=\"121\">1.4462<\/p>\n<p>X2Cr-NiMoN2253<\/td>\n<td width=\"121\">318S13<\/td>\n<td width=\"121\">UR45N<\/td>\n<td width=\"122\">00Cr22Ni5Mo3N<\/td>\n<\/tr>\n<\/tbody>\n<\/table>\n            <\/div>        <\/div>    <\/div><\/section>\n<section class=\"av_toggle_section\"  itemscope=\"itemscope\" itemtype=\"https:\/\/schema.org\/CreativeWork\"  >    <div class=\"single_toggle\" data-tags=\"{T\u00fcm\u00fc} \"  >        <p data-fake-id=\"#toggle-id-2\" class=\"toggler\"  itemprop=\"headline\"  >2205 Kimyasal Bile\u015fimi <span class=\"toggle_icon\" >        <span class=\"vert_icon\"><\/span><span class=\"hor_icon\"><\/span><\/span><\/p>        <div id=\"toggle-id-2-container\" class=\"toggle_wrap\"  >            <div class=\"toggle_content invers-color\"  itemprop=\"text\"   ><table>\n<tbody>\n<tr>\n<td width=\"85\">Notlar<\/td>\n<td width=\"85\">C, maks<\/td>\n<td width=\"85\">P<\/td>\n<td width=\"85\">S<\/td>\n<td width=\"85\">Si, maksimum<\/td>\n<td width=\"85\">Min, maksimum<\/td>\n<td width=\"85\">N<\/td>\n<td width=\"85\">Ay<\/td>\n<td width=\"85\">Ni<\/td>\n<td width=\"85\">CR<\/td>\n<\/tr>\n<tr>\n<td width=\"85\">S31803<\/td>\n<td width=\"85\">0.03<\/td>\n<td width=\"85\">0.03<\/td>\n<td width=\"85\">0.02<\/td>\n<td width=\"85\">1.00<\/td>\n<td width=\"85\">2.00<\/td>\n<td width=\"85\">0.08-0.2<\/td>\n<td width=\"85\">2.5-3.5<\/td>\n<td width=\"85\">4.5-6.5<\/td>\n<td width=\"85\">21.0-23.0<\/td>\n<\/tr>\n<tr>\n<td width=\"85\">S32205<\/td>\n<td width=\"85\">0.03<\/p>\n<p>maksimum<\/td>\n<td width=\"85\">0.03<\/td>\n<td width=\"85\">0.02<\/td>\n<td width=\"85\">1.00<\/p>\n<p>maksimum<\/td>\n<td width=\"85\">Maksimum 2,00<\/td>\n<td width=\"85\">0.14-0.2<\/td>\n<td width=\"85\">3.0-3.5<\/td>\n<td width=\"85\">4.5-6.5<\/td>\n<td width=\"85\">22.0-23.0<\/td>\n<\/tr>\n<\/tbody>\n<\/table>\n            <\/div>        <\/div>    <\/div><\/section>\n<section class=\"av_toggle_section\"  itemscope=\"itemscope\" itemtype=\"https:\/\/schema.org\/CreativeWork\"  >    <div class=\"single_toggle\" data-tags=\"{T\u00fcm\u00fc} \"  >        <p data-fake-id=\"#toggle-id-3\" class=\"toggler\"  itemprop=\"headline\"  >2205 Mekanik \u00d6zellikler<span class=\"toggle_icon\" >        <span class=\"vert_icon\"><\/span><span class=\"hor_icon\"><\/span><\/span><\/p>        <div id=\"toggle-id-3-container\" class=\"toggle_wrap\"  >            <div class=\"toggle_content invers-color\"  itemprop=\"text\"   ><table>\n<tbody>\n<tr>\n<td width=\"213\">Notlar<\/td>\n<td width=\"213\">Gerilme direnci<\/p>\n<p>dk, Mpa<\/td>\n<td width=\"213\">Akma dayan\u0131m\u0131<\/p>\n<p>0,2% ofset, min, Mpa<\/td>\n<td width=\"213\">Uzama, A5%<\/td>\n<\/tr>\n<tr>\n<td width=\"213\">S31803<\/td>\n<td width=\"213\">620<\/td>\n<td width=\"213\">450<\/td>\n<td width=\"213\">25<\/td>\n<\/tr>\n<tr>\n<td width=\"213\">S32205<\/td>\n<td width=\"213\">655<\/td>\n<td width=\"213\">450<\/td>\n<td width=\"213\">25<\/td>\n<\/tr>\n<\/tbody>\n<\/table>\n            <\/div>        <\/div>    <\/div><\/section>\n<\/div><\/p><\/div><\/div><!--close column table wrapper. Autoclose: 1 --><\/p>","protected":false},"excerpt":{"rendered":"","protected":false},"author":1,"featured_media":0,"parent":1432,"menu_order":0,"comment_status":"closed","ping_status":"closed","template":"","meta":{"footnotes":""},"class_list":["post-1563","page","type-page","status-publish","hentry"],"aioseo_notices":[],"_links":{"self":[{"href":"https:\/\/wldstainless.com\/tr\/wp-json\/wp\/v2\/pages\/1563","targetHints":{"allow":["GET"]}}],"collection":[{"href":"https:\/\/wldstainless.com\/tr\/wp-json\/wp\/v2\/pages"}],"about":[{"href":"https:\/\/wldstainless.com\/tr\/wp-json\/wp\/v2\/types\/page"}],"author":[{"embeddable":true,"href":"https:\/\/wldstainless.com\/tr\/wp-json\/wp\/v2\/users\/1"}],"replies":[{"embeddable":true,"href":"https:\/\/wldstainless.com\/tr\/wp-json\/wp\/v2\/comments?post=1563"}],"version-history":[{"count":5,"href":"https:\/\/wldstainless.com\/tr\/wp-json\/wp\/v2\/pages\/1563\/revisions"}],"predecessor-version":[{"id":1907,"href":"https:\/\/wldstainless.com\/tr\/wp-json\/wp\/v2\/pages\/1563\/revisions\/1907"}],"up":[{"embeddable":true,"href":"https:\/\/wldstainless.com\/tr\/wp-json\/wp\/v2\/pages\/1432"}],"wp:attachment":[{"href":"https:\/\/wldstainless.com\/tr\/wp-json\/wp\/v2\/media?parent=1563"}],"curies":[{"name":"wp","href":"https:\/\/api.w.org\/{rel}","templated":true}]}}