{"id":1544,"date":"2020-08-21T01:43:23","date_gmt":"2020-08-21T01:43:23","guid":{"rendered":"http:\/\/wldstainless.com\/?page_id=1544"},"modified":"2020-09-18T09:35:27","modified_gmt":"2020-09-18T09:35:27","slug":"15-5ph-stainless-steel","status":"publish","type":"page","link":"https:\/\/wldstainless.com\/tr\/materials\/martensitic-stainless-steel\/15-5ph-stainless-steel\/","title":{"rendered":"15-5PH Paslanmaz \u00c7elik"},"content":{"rendered":"<div class='flex_column_table av-equal-height-column-flextable -flextable' ><div class=\"flex_column av_one_fourth  flex_column_table_cell av-equal-height-column av-align-top av-zero-column-padding first\" style='border-radius:0px; '><p><div class='avia-builder-widget-area clearfix'><div id=\"nav_menu-5\" class=\"widget clearfix widget_nav_menu\"><h3 class=\"widgettitle\">Malzeme<\/h3><div class=\"menu-products-sidebar-menu-container\"><ul id=\"menu-products-sidebar-menu\" class=\"menu\"><li id=\"menu-item-1329\" class=\"menu-item menu-item-type-post_type menu-item-object-page menu-item-1329\"><a href=\"https:\/\/wldstainless.com\/tr\/materials\/ferritic-stainless-steel\/\">Ferritik Paslanmaz \u00c7elik<\/a><\/li>\n<li id=\"menu-item-1328\" class=\"menu-item menu-item-type-post_type menu-item-object-page menu-item-1328\"><a href=\"https:\/\/wldstainless.com\/tr\/materials\/martensitic-stainless-steel\/\">Martensitik Paslanmaz \u00c7elik<\/a><\/li>\n<li id=\"menu-item-1327\" class=\"menu-item menu-item-type-post_type menu-item-object-page menu-item-1327\"><a href=\"https:\/\/wldstainless.com\/tr\/materials\/austenitic-stainless-steel\/\">\u00d6stenitik paslanmaz \u00e7elik<\/a><\/li>\n<li id=\"menu-item-1889\" class=\"menu-item menu-item-type-post_type menu-item-object-page menu-item-1889\"><a href=\"https:\/\/wldstainless.com\/tr\/materials\/duplex-stainless-steel\/\">Dubleks Paslanmaz \u00c7elik<\/a><\/li>\n<\/ul><\/div><\/div><\/div><br \/>\n<div  class='hr hr-default'><span class='hr-inner' ><span class='hr-inner-style'><\/span><\/span><\/div><br \/>\n<div class='avia-button-wrap avia-button-left'><a href='http:\/\/wldstainless.com\/contact\/#contact' class='avia-button   avia-icon_select-yes-left-icon avia-color-custom avia-size-large avia-position-left'  target=\"_blank\"  style='background-color:#e82221; border-color:#e82221; color:#ffffff; ' ><span class='avia_button_icon avia_button_icon_left' aria-hidden='true' data-av_icon='\ue84b' data-av_iconfont='entypo-fontello'><\/span><span class='avia_iconbox_title' >Bir teklif iste\u011fi<\/span><\/a><\/div><\/p><\/div><\/div><!--close column table wrapper. Autoclose: 1 --><div class='flex_column_table av-equal-height-column-flextable -flextable' ><div class='av-flex-placeholder'><\/div><div class=\"flex_column av_three_fourth  flex_column_table_cell av-equal-height-column av-align-top av-zero-column-padding\" style='border-radius:0px; '><p><div style='padding-bottom:10px;color:#d3311f;font-size:26px;' class='av-special-heading av-special-heading-h3 custom-color-heading blockquote modern-quote   av-inherit-size'><h3 class='av-special-heading-tag'  itemprop=\"headline\"  >15-5PH Paslanmaz \u00c7elik<\/h3><div class='special-heading-border'><div class='special-heading-inner-border' style='border-color:#d3311f'><\/div><\/div><\/div><br \/>\n<section class=\"av_textblock_section\"  itemscope=\"itemscope\" itemtype=\"https:\/\/schema.org\/CreativeWork\" ><div class='avia_textblock'   itemprop=\"text\" ><p>WLD Steel, \u00e7ubuk, levha ve teller de dahil olmak \u00fczere \u00e7e\u015fitli boyut ve formlarda sunulan 15-5 PH paslanmaz \u00e7eli\u011fin lider \u00fcreticisi, tedarik\u00e7isi ve ihracat\u00e7\u0131s\u0131d\u0131r. Biz esas olarak tavlama durumunda 15-5 stok tutuyoruz. 15-5 PH, 17-4PH \u00e7eli\u011fi \u00fczerine temel geli\u015ftirilmi\u015f, \u00e7\u00f6kelmeyle sertle\u015fen Martensitik paslanmaz \u00e7eliktir ve Tip 17-4 PH paslanmaz \u00e7eli\u011fin Ferrit i\u00e7ermeyen versiyonudur. Y\u00fcksek mukavemet, iyi korozyon direnci, iyi mekanik \u00f6zellikler ve tokluk sa\u011flar. 17-4 PH \u00e7elikle benzer bir uygulamaya sahiptir; her ikisi de daha iyi korozyon direnci ve havac\u0131l\u0131k, kimya, petrokimya, g\u0131da i\u015fleme, ka\u011f\u0131t ve genel metal i\u015fleme end\u00fcstrileri gibi enine \u00f6zellikler gerektiren yerlerde kullan\u0131labilir.<\/p>\n<p><strong>WLD Steel&#039;de 15-5 PH paslanmaz \u00e7eli\u011fin mevcut formlar\u0131 nelerdir?<\/strong><\/p>\n<ul>\n<li>Levha\/Levha: ASTM A 693 \/ ASME SA 693<\/li>\n<li>Yuvarlak \u00c7ubuk: ASTM A 564\/ASME SA 564<\/li>\n<\/ul>\n<\/div><\/section><br \/>\n<div class=\"togglecontainer   toggle_close_all\" >\n<section class=\"av_toggle_section\"  itemscope=\"itemscope\" itemtype=\"https:\/\/schema.org\/CreativeWork\"  >    <div class=\"single_toggle\" data-tags=\"{T\u00fcm\u00fc} \"  >        <p data-fake-id=\"#toggle-id-1\" class=\"toggler\"  itemprop=\"headline\"  style='background-color: #d3311f; '>15-5PH \u00c7elik E\u015fde\u011fer Kaliteleri<span class=\"toggle_icon\" >        <span class=\"vert_icon\"><\/span><span class=\"hor_icon\"><\/span><\/span><\/p>        <div id=\"toggle-id-1-container\" class=\"toggle_wrap\"  >            <div class=\"toggle_content invers-color\"  itemprop=\"text\"  style='background-color: #d3311f; ' ><table>\n<tbody>\n<tr>\n<td width=\"142\">Standart<\/td>\n<td width=\"142\">BM<\/td>\n<td width=\"142\">ASTM<\/td>\n<td width=\"142\">D\u0130N<\/td>\n<td width=\"142\">TR<\/td>\n<td width=\"142\">B\u00fcy\u00fck Britanya<\/td>\n<\/tr>\n<tr>\n<td width=\"142\">15-5 PH \u00e7elik<\/td>\n<td width=\"142\">\u00a0S15500<\/td>\n<td width=\"142\">XM-12<\/td>\n<td width=\"142\">1.4545<\/td>\n<td width=\"142\">X5CrNiCuNb15-5-4<\/td>\n<td width=\"142\">0Cr15Ni5Cu3Nb<\/td>\n<\/tr>\n<\/tbody>\n<\/table>\n            <\/div>        <\/div>    <\/div><\/section>\n<section class=\"av_toggle_section\"  itemscope=\"itemscope\" itemtype=\"https:\/\/schema.org\/CreativeWork\"  >    <div class=\"single_toggle\" data-tags=\"{T\u00fcm\u00fc} \"  >        <p data-fake-id=\"#toggle-id-2\" class=\"toggler\"  itemprop=\"headline\"  style='background-color: #d3311f; '>15-5PH \u00c7elik Kimyasal Bile\u015fimi<span class=\"toggle_icon\" >        <span class=\"vert_icon\"><\/span><span class=\"hor_icon\"><\/span><\/span><\/p>        <div id=\"toggle-id-2-container\" class=\"toggle_wrap\"  >            <div class=\"toggle_content invers-color\"  itemprop=\"text\"  style='background-color: #d3311f; ' ><table>\n<tbody>\n<tr>\n<td width=\"94\">C<\/td>\n<td width=\"94\">CR<\/td>\n<td width=\"94\">Cu<\/td>\n<td width=\"94\">Mn<\/td>\n<td width=\"94\">Ni<\/td>\n<td width=\"94\">Not<\/td>\n<td width=\"94\">P<\/td>\n<td width=\"94\">S<\/td>\n<td width=\"94\">Si<\/td>\n<\/tr>\n<tr>\n<td width=\"94\">maksimum 0,07<\/td>\n<td width=\"94\">14-\u00a015.5<\/td>\n<td width=\"94\">2.5 &#8211; 4.5<\/td>\n<td width=\"94\">maksimum 1<\/td>\n<td width=\"94\">3.5 &#8211; 5.5<\/td>\n<td width=\"94\">0.15-\u00a00.45<\/td>\n<td width=\"94\">maksimum 0,04<\/td>\n<td width=\"94\">maksimum 0,03<\/td>\n<td width=\"94\">maksimum 1<\/td>\n<\/tr>\n<\/tbody>\n<\/table>\n            <\/div>        <\/div>    <\/div><\/section>\n<section class=\"av_toggle_section\"  itemscope=\"itemscope\" itemtype=\"https:\/\/schema.org\/CreativeWork\"  >    <div class=\"single_toggle\" data-tags=\"{T\u00fcm\u00fc} \"  >        <p data-fake-id=\"#toggle-id-3\" class=\"toggler\"  itemprop=\"headline\"  style='background-color: #d3311f; '>15-5PH \u00c7elik Mekanik \u00d6zellikleri<span class=\"toggle_icon\" >        <span class=\"vert_icon\"><\/span><span class=\"hor_icon\"><\/span><\/span><\/p>        <div id=\"toggle-id-3-container\" class=\"toggle_wrap\"  >            <div class=\"toggle_content invers-color\"  itemprop=\"text\"  style='background-color: #d3311f; ' ><table>\n<tbody>\n<tr>\n<td width=\"170\">Durum<\/td>\n<td width=\"170\">\u00c7ekme mukavemeti (psi)<\/td>\n<td width=\"170\">Verim g\u00fcc\u00fc (psi)<\/td>\n<td width=\"170\">Uzama,(2 in\u00e7te)%)<\/td>\n<td width=\"170\">Sertlik, HBW<\/td>\n<\/tr>\n<tr>\n<td width=\"170\">H900 eski<\/td>\n<td width=\"170\">190,000<\/td>\n<td width=\"170\">170,000<\/td>\n<td width=\"170\">6<\/td>\n<td width=\"170\">388<\/td>\n<\/tr>\n<tr>\n<td width=\"170\">H1025 eski<\/td>\n<td width=\"170\">155,000<\/td>\n<td width=\"170\">125,000<\/td>\n<td width=\"170\">8<\/td>\n<td width=\"170\">331<\/td>\n<\/tr>\n<tr>\n<td width=\"170\">H1075 eski<\/td>\n<td width=\"170\">145,000<\/td>\n<td width=\"170\">125,000<\/td>\n<td width=\"170\">9<\/td>\n<td width=\"170\">311<\/td>\n<\/tr>\n<tr>\n<td width=\"170\">H1150 eski<\/td>\n<td width=\"170\">135,000<\/td>\n<td width=\"170\">105,000<\/td>\n<td width=\"170\">11<\/td>\n<td width=\"170\">277<\/td>\n<\/tr>\n<\/tbody>\n<\/table>\n            <\/div>        <\/div>    <\/div><\/section>\n<\/div><\/p><\/div><\/div><!--close column table wrapper. Autoclose: 1 --><\/p>","protected":false},"excerpt":{"rendered":"","protected":false},"author":1,"featured_media":0,"parent":1321,"menu_order":0,"comment_status":"closed","ping_status":"closed","template":"","meta":{"footnotes":""},"class_list":["post-1544","page","type-page","status-publish","hentry"],"aioseo_notices":[],"_links":{"self":[{"href":"https:\/\/wldstainless.com\/tr\/wp-json\/wp\/v2\/pages\/1544","targetHints":{"allow":["GET"]}}],"collection":[{"href":"https:\/\/wldstainless.com\/tr\/wp-json\/wp\/v2\/pages"}],"about":[{"href":"https:\/\/wldstainless.com\/tr\/wp-json\/wp\/v2\/types\/page"}],"author":[{"embeddable":true,"href":"https:\/\/wldstainless.com\/tr\/wp-json\/wp\/v2\/users\/1"}],"replies":[{"embeddable":true,"href":"https:\/\/wldstainless.com\/tr\/wp-json\/wp\/v2\/comments?post=1544"}],"version-history":[{"count":6,"href":"https:\/\/wldstainless.com\/tr\/wp-json\/wp\/v2\/pages\/1544\/revisions"}],"predecessor-version":[{"id":1918,"href":"https:\/\/wldstainless.com\/tr\/wp-json\/wp\/v2\/pages\/1544\/revisions\/1918"}],"up":[{"embeddable":true,"href":"https:\/\/wldstainless.com\/tr\/wp-json\/wp\/v2\/pages\/1321"}],"wp:attachment":[{"href":"https:\/\/wldstainless.com\/tr\/wp-json\/wp\/v2\/media?parent=1544"}],"curies":[{"name":"wp","href":"https:\/\/api.w.org\/{rel}","templated":true}]}}