{"id":1541,"date":"2020-08-21T01:38:04","date_gmt":"2020-08-21T01:38:04","guid":{"rendered":"http:\/\/wldstainless.com\/?page_id=1541"},"modified":"2020-09-18T09:35:51","modified_gmt":"2020-09-18T09:35:51","slug":"17-4-ph-stainless-steel","status":"publish","type":"page","link":"https:\/\/wldstainless.com\/tr\/materials\/martensitic-stainless-steel\/17-4-ph-stainless-steel\/","title":{"rendered":"17-4 PH paslanmaz \u00e7elik"},"content":{"rendered":"<div class='flex_column_table av-equal-height-column-flextable -flextable' ><div class=\"flex_column av_one_fourth  flex_column_table_cell av-equal-height-column av-align-top av-zero-column-padding first\" style='border-radius:0px; '><p><div class='avia-builder-widget-area clearfix'><div id=\"nav_menu-5\" class=\"widget clearfix widget_nav_menu\"><h3 class=\"widgettitle\">Malzeme<\/h3><div class=\"menu-products-sidebar-menu-container\"><ul id=\"menu-products-sidebar-menu\" class=\"menu\"><li id=\"menu-item-1329\" class=\"menu-item menu-item-type-post_type menu-item-object-page menu-item-1329\"><a href=\"https:\/\/wldstainless.com\/tr\/materials\/ferritic-stainless-steel\/\">Ferritik Paslanmaz \u00c7elik<\/a><\/li>\n<li id=\"menu-item-1328\" class=\"menu-item menu-item-type-post_type menu-item-object-page menu-item-1328\"><a href=\"https:\/\/wldstainless.com\/tr\/materials\/martensitic-stainless-steel\/\">Martensitik Paslanmaz \u00c7elik<\/a><\/li>\n<li id=\"menu-item-1327\" class=\"menu-item menu-item-type-post_type menu-item-object-page menu-item-1327\"><a href=\"https:\/\/wldstainless.com\/tr\/materials\/austenitic-stainless-steel\/\">\u00d6stenitik paslanmaz \u00e7elik<\/a><\/li>\n<li id=\"menu-item-1889\" class=\"menu-item menu-item-type-post_type menu-item-object-page menu-item-1889\"><a href=\"https:\/\/wldstainless.com\/tr\/materials\/duplex-stainless-steel\/\">Dubleks Paslanmaz \u00c7elik<\/a><\/li>\n<\/ul><\/div><\/div><\/div><br \/>\n<div  class='hr hr-default'><span class='hr-inner' ><span class='hr-inner-style'><\/span><\/span><\/div><br \/>\n<div class='avia-button-wrap avia-button-left'><a href='http:\/\/wldstainless.com\/contact\/#contact' class='avia-button   avia-icon_select-yes-left-icon avia-color-custom avia-size-large avia-position-left'  target=\"_blank\"  style='background-color:#e82221; border-color:#e82221; color:#ffffff; ' ><span class='avia_button_icon avia_button_icon_left' aria-hidden='true' data-av_icon='\ue84b' data-av_iconfont='entypo-fontello'><\/span><span class='avia_iconbox_title' >Bir teklif iste\u011fi<\/span><\/a><\/div><\/p><\/div><\/div><!--close column table wrapper. Autoclose: 1 --><div class='flex_column_table av-equal-height-column-flextable -flextable' ><div class='av-flex-placeholder'><\/div><div class=\"flex_column av_three_fourth  flex_column_table_cell av-equal-height-column av-align-top av-zero-column-padding\" style='border-radius:0px; '><p><div style='padding-bottom:10px;color:#d3311f;font-size:26px;' class='av-special-heading av-special-heading-h3 custom-color-heading blockquote modern-quote   av-inherit-size'><h3 class='av-special-heading-tag'  itemprop=\"headline\"  >17-4 PH(630) Paslanmaz \u00c7elik <\/h3><div class='special-heading-border'><div class='special-heading-inner-border' style='border-color:#d3311f'><\/div><\/div><\/div><br \/>\n<section class=\"av_textblock_section\"  itemscope=\"itemscope\" itemtype=\"https:\/\/schema.org\/CreativeWork\" ><div class='avia_textblock'   itemprop=\"text\" ><p>WLD Steel, \u00e7ubuk, \u00e7ubuk, levha ve levhalar da dahil olmak \u00fczere \u00e7e\u015fitli boyut ve formlarda mevcut olan \u00e7\u00f6keltilmi\u015f sertle\u015ftirilmi\u015f paslanmaz \u00e7elik 17-4&#039;\u00fcn lider \u00fcreticisi, tedarik\u00e7isi ve ihracat\u00e7\u0131s\u0131d\u0131r. Tavlama durumunda esas olarak 17-4 stokluyoruz. 17-4 PH, AK Steel Holding&#039;in tescilli ticari markas\u0131d\u0131r, yani 630 \u00e7\u00f6keltilmi\u015f sertle\u015ftirmeli, bak\u0131r ilaveli Martensitik paslanmaz \u00e7eliktir. Y\u00fcksek mukavemet, iyi korozyon direnci ve kesme performans\u0131 ile karakterize edilir; farkl\u0131 sertle\u015ftirme i\u015flemleriyle daha y\u00fcksek bir sertlik elde edilir. \u00c7ekme mukavemeti 1100 ~ 1300MPa&#039;ya kadar ula\u015fabilir, u\u00e7ak ve gaz t\u00fcrbinleri, n\u00fckleer reakt\u00f6rler, ka\u011f\u0131t fabrikalar\u0131, petrol sahalar\u0131 ve kimyasal proses par\u00e7alar\u0131 gibi y\u00fcksek asit korozyon direncine sahip par\u00e7alar\u0131n imalat\u0131na uygun, ya\u015flanma i\u015flemiyle daha da g\u00fc\u00e7lendirilebilir. 300\u00b0&#039;nin \u00fczerindeki s\u0131cakl\u0131klarda kullan\u0131lmas\u0131 \u00f6nerilmez.<\/p>\n<p><strong>WLD Steel&#039;de 17-4 PH paslanmaz \u00e7eli\u011fin mevcut formlar\u0131 ve \u00f6zellikleri nelerdir?<\/strong><\/p>\n<ul>\n<li>Levha\/Levha: ASTM A240, ASTM A480, ASTM A 693 \/ ASME SA 693<\/li>\n<li>Yuvarlak \u00c7ubuk: ASTM A276, ASTM A479, ASTM A 564\/ASME SA 564<\/li>\n<\/ul>\n<\/div><\/section><br \/>\n<div class=\"togglecontainer   toggle_close_all\" >\n<section class=\"av_toggle_section\"  itemscope=\"itemscope\" itemtype=\"https:\/\/schema.org\/CreativeWork\"  >    <div class=\"single_toggle\" data-tags=\"{T\u00fcm\u00fc} \"  >        <p data-fake-id=\"#toggle-id-1\" class=\"toggler\"  itemprop=\"headline\"  >17-4PH \u00c7elik E\u015fde\u011fer Kaliteleri<span class=\"toggle_icon\" >        <span class=\"vert_icon\"><\/span><span class=\"hor_icon\"><\/span><\/span><\/p>        <div id=\"toggle-id-1-container\" class=\"toggle_wrap\"  >            <div class=\"toggle_content invers-color\"  itemprop=\"text\"   ><table>\n<tbody>\n<tr>\n<td width=\"142\">Standart<\/td>\n<td width=\"142\">BM<\/td>\n<td width=\"142\">JIS<\/td>\n<td width=\"142\">D\u0130N<\/td>\n<td width=\"142\">TR<\/td>\n<td width=\"142\">B\u00fcy\u00fck Britanya<\/td>\n<\/tr>\n<tr>\n<td width=\"142\">SS 630<\/td>\n<td width=\"142\">S17400<\/td>\n<td width=\"142\">SUS630<\/td>\n<td width=\"142\">1.4548<\/td>\n<td width=\"142\">X5CrNiCuNb16-4<\/td>\n<td width=\"142\">0Cr17Ni4Cu4Nb<\/td>\n<\/tr>\n<\/tbody>\n<\/table>\n            <\/div>        <\/div>    <\/div><\/section>\n<section class=\"av_toggle_section\"  itemscope=\"itemscope\" itemtype=\"https:\/\/schema.org\/CreativeWork\"  >    <div class=\"single_toggle\" data-tags=\"{T\u00fcm\u00fc} \"  >        <p data-fake-id=\"#toggle-id-2\" class=\"toggler\"  itemprop=\"headline\"  >17-4PH \u00c7elik Kimyasal Bile\u015fimi<span class=\"toggle_icon\" >        <span class=\"vert_icon\"><\/span><span class=\"hor_icon\"><\/span><\/span><\/p>        <div id=\"toggle-id-2-container\" class=\"toggle_wrap\"  >            <div class=\"toggle_content invers-color\"  itemprop=\"text\"   ><table>\n<tbody>\n<tr>\n<td width=\"94\">C<\/td>\n<td width=\"94\">Si<\/td>\n<td width=\"94\">Mn<\/td>\n<td width=\"94\">P<\/td>\n<td width=\"94\">S<\/td>\n<td width=\"94\">CR<\/td>\n<td width=\"94\">Ni<\/td>\n<td width=\"94\">Cu<\/td>\n<td width=\"94\">Not<\/td>\n<\/tr>\n<tr>\n<td width=\"94\">\u22640,07<\/td>\n<td width=\"94\">\u22641,00<\/td>\n<td width=\"94\">\u22641,00<\/td>\n<td width=\"94\">\u22640,040<\/td>\n<td width=\"94\">\u22640,030<\/td>\n<td width=\"94\">15.00-17.00<\/td>\n<td width=\"94\">3.0-5.0<\/td>\n<td width=\"94\">3.0-5.0<\/td>\n<td width=\"94\">0.15-0.45<\/td>\n<\/tr>\n<\/tbody>\n<\/table>\n            <\/div>        <\/div>    <\/div><\/section>\n<section class=\"av_toggle_section\"  itemscope=\"itemscope\" itemtype=\"https:\/\/schema.org\/CreativeWork\"  >    <div class=\"single_toggle\" data-tags=\"{T\u00fcm\u00fc} \"  >        <p data-fake-id=\"#toggle-id-3\" class=\"toggler\"  itemprop=\"headline\"  >17-4PH \u00c7elik Mekanik \u00d6zellikleri<span class=\"toggle_icon\" >        <span class=\"vert_icon\"><\/span><span class=\"hor_icon\"><\/span><\/span><\/p>        <div id=\"toggle-id-3-container\" class=\"toggle_wrap\"  >            <div class=\"toggle_content invers-color\"  itemprop=\"text\"   ><table>\n<tbody>\n<tr>\n<td width=\"170\">Is\u0131 tedavisi<\/td>\n<td width=\"170\">\u00c7ekme mukavemeti (MPa)<\/td>\n<td width=\"170\">Verim g\u00fcc\u00fc (MPa)<\/td>\n<td width=\"170\">Uzama,(%)<\/td>\n<td width=\"170\">Sertlik, HBW<\/td>\n<\/tr>\n<tr>\n<td width=\"170\">Sertle\u015fme 480 \u00baC<\/td>\n<td width=\"170\">1180<\/td>\n<td width=\"170\">1310<\/td>\n<td width=\"170\">10<\/td>\n<td width=\"170\">\u2264363<\/td>\n<\/tr>\n<tr>\n<td width=\"170\">Sertle\u015fme 550 \u00baC<\/td>\n<td width=\"170\">1000<\/td>\n<td width=\"170\">1070<\/td>\n<td width=\"170\">12<\/td>\n<td width=\"170\">\u2265331<\/td>\n<\/tr>\n<tr>\n<td width=\"170\">Sertle\u015fme 580 \u00baC<\/td>\n<td width=\"170\">865<\/td>\n<td width=\"170\">1000<\/td>\n<td width=\"170\">13<\/td>\n<td width=\"170\">\u2265302<\/td>\n<\/tr>\n<tr>\n<td width=\"170\">Sertle\u015fme 620 \u00baC<\/td>\n<td width=\"170\">725<\/td>\n<td width=\"170\">930<\/td>\n<td width=\"170\">16<\/td>\n<td width=\"170\">\u2265277<\/td>\n<\/tr>\n<\/tbody>\n<\/table>\n            <\/div>        <\/div>    <\/div><\/section>\n<\/div><\/p><\/div><\/div><!--close column table wrapper. Autoclose: 1 --><\/p>","protected":false},"excerpt":{"rendered":"","protected":false},"author":1,"featured_media":0,"parent":1321,"menu_order":0,"comment_status":"closed","ping_status":"closed","template":"","meta":{"footnotes":""},"class_list":["post-1541","page","type-page","status-publish","hentry"],"aioseo_notices":[],"_links":{"self":[{"href":"https:\/\/wldstainless.com\/tr\/wp-json\/wp\/v2\/pages\/1541","targetHints":{"allow":["GET"]}}],"collection":[{"href":"https:\/\/wldstainless.com\/tr\/wp-json\/wp\/v2\/pages"}],"about":[{"href":"https:\/\/wldstainless.com\/tr\/wp-json\/wp\/v2\/types\/page"}],"author":[{"embeddable":true,"href":"https:\/\/wldstainless.com\/tr\/wp-json\/wp\/v2\/users\/1"}],"replies":[{"embeddable":true,"href":"https:\/\/wldstainless.com\/tr\/wp-json\/wp\/v2\/comments?post=1541"}],"version-history":[{"count":5,"href":"https:\/\/wldstainless.com\/tr\/wp-json\/wp\/v2\/pages\/1541\/revisions"}],"predecessor-version":[{"id":1919,"href":"https:\/\/wldstainless.com\/tr\/wp-json\/wp\/v2\/pages\/1541\/revisions\/1919"}],"up":[{"embeddable":true,"href":"https:\/\/wldstainless.com\/tr\/wp-json\/wp\/v2\/pages\/1321"}],"wp:attachment":[{"href":"https:\/\/wldstainless.com\/tr\/wp-json\/wp\/v2\/media?parent=1541"}],"curies":[{"name":"wp","href":"https:\/\/api.w.org\/{rel}","templated":true}]}}