{"id":1535,"date":"2020-08-20T06:39:12","date_gmt":"2020-08-20T06:39:12","guid":{"rendered":"http:\/\/wldstainless.com\/?page_id=1535"},"modified":"2020-09-18T09:48:31","modified_gmt":"2020-09-18T09:48:31","slug":"440c-stainless-steel","status":"publish","type":"page","link":"https:\/\/wldstainless.com\/tr\/materials\/martensitic-stainless-steel\/440c-stainless-steel\/","title":{"rendered":"440C Paslanmaz \u00c7elik"},"content":{"rendered":"<div class='flex_column_table av-equal-height-column-flextable -flextable' ><div class=\"flex_column av_one_fourth  flex_column_table_cell av-equal-height-column av-align-top av-zero-column-padding first\" style='border-radius:0px; '><p><div class='avia-builder-widget-area clearfix'><div id=\"nav_menu-5\" class=\"widget clearfix widget_nav_menu\"><h3 class=\"widgettitle\">Malzeme<\/h3><div class=\"menu-products-sidebar-menu-container\"><ul id=\"menu-products-sidebar-menu\" class=\"menu\"><li id=\"menu-item-1329\" class=\"menu-item menu-item-type-post_type menu-item-object-page menu-item-1329\"><a href=\"https:\/\/wldstainless.com\/tr\/materials\/ferritic-stainless-steel\/\">Ferritik Paslanmaz \u00c7elik<\/a><\/li>\n<li id=\"menu-item-1328\" class=\"menu-item menu-item-type-post_type menu-item-object-page menu-item-1328\"><a href=\"https:\/\/wldstainless.com\/tr\/materials\/martensitic-stainless-steel\/\">Martensitik Paslanmaz \u00c7elik<\/a><\/li>\n<li id=\"menu-item-1327\" class=\"menu-item menu-item-type-post_type menu-item-object-page menu-item-1327\"><a href=\"https:\/\/wldstainless.com\/tr\/materials\/austenitic-stainless-steel\/\">\u00d6stenitik paslanmaz \u00e7elik<\/a><\/li>\n<li id=\"menu-item-1889\" class=\"menu-item menu-item-type-post_type menu-item-object-page menu-item-1889\"><a href=\"https:\/\/wldstainless.com\/tr\/materials\/duplex-stainless-steel\/\">Dubleks Paslanmaz \u00c7elik<\/a><\/li>\n<\/ul><\/div><\/div><\/div><br \/>\n<div  class='hr hr-default'><span class='hr-inner' ><span class='hr-inner-style'><\/span><\/span><\/div><br \/>\n<div class='avia-button-wrap avia-button-left'><a href='http:\/\/wldstainless.com\/contact\/#contact' class='avia-button   avia-icon_select-yes-left-icon avia-color-custom avia-size-large avia-position-left'  target=\"_blank\"  style='background-color:#e82221; border-color:#e82221; color:#ffffff; ' ><span class='avia_button_icon avia_button_icon_left' aria-hidden='true' data-av_icon='\ue84b' data-av_iconfont='entypo-fontello'><\/span><span class='avia_iconbox_title' >Bir teklif iste\u011fi<\/span><\/a><\/div><\/p><\/div><\/div><!--close column table wrapper. Autoclose: 1 --><div class='flex_column_table av-equal-height-column-flextable -flextable' ><div class='av-flex-placeholder'><\/div><div class=\"flex_column av_three_fourth  flex_column_table_cell av-equal-height-column av-align-top av-zero-column-padding\" style='border-radius:0px; '><p><div style='padding-bottom:10px;color:#d3311f;font-size:26px;' class='av-special-heading av-special-heading-h3 custom-color-heading blockquote modern-quote   av-inherit-size'><h3 class='av-special-heading-tag'  itemprop=\"headline\"  >440C Paslanmaz \u00c7elik <\/h3><div class='special-heading-border'><div class='special-heading-inner-border' style='border-color:#d3311f'><\/div><\/div><\/div><br \/>\n<section class=\"av_textblock_section\"  itemscope=\"itemscope\" itemtype=\"https:\/\/schema.org\/CreativeWork\" ><div class='avia_textblock'   itemprop=\"text\" ><p>WLD Steel, \u00e7ubuk, \u00e7ubuk ve levhalar da dahil olmak \u00fczere \u00e7e\u015fitli boyut ve formlarda sunulan paslanmaz \u00e7elik 440C&#039;nin lider \u00fcreticisi, tedarik\u00e7isi ve ihracat\u00e7\u0131s\u0131d\u0131r. Paslanmaz \u00c7elik 440, y\u00fcksek karbonlu ve y\u00fcksek kromlu Martensitik paslanmaz \u00e7eliktir. Ya\u011flama ortamlar\u0131 olmadan hafif evsel ve g\u00fc\u00e7l\u00fc oksidasyonda iyi korozyon direnci ile karakterize edilir. \u00dc\u00e7 tipi vard\u0131r: 440A, 440B ve 440C, bunlar\u0131n aras\u0131nda karbon i\u00e7eri\u011fi ve sertli\u011fi art arda artar (A-0.75%, B-0.9%, C-1.2%). 440C en yayg\u0131n kullan\u0131lan \u00e7elik kalitesidir ve 440F, 440C&#039;yi temel alan serbest kesim t\u00fcr\u00fcd\u00fcr. 440C, sertle\u015ftirilmi\u015f ve temperlenmi\u015f durumdayken son derece y\u00fcksek mukavemet, sertlik ve a\u015f\u0131nma direnci sa\u011flar ve sertli\u011fi 58HRC&#039;ye kadar \u00e7\u0131kabilir. Bilyal\u0131 rulmanlar ve yataklar, bur\u00e7lar, \u00e7atal b\u0131\u00e7ak tak\u0131mlar\u0131, b\u0131\u00e7ak b\u0131\u00e7aklar\u0131, pompa par\u00e7alar\u0131, cerrahi aletler, valf yuvalar\u0131 vb. dahil olmak \u00fczere 440C \u00e7eli\u011fin tipik uygulamalar\u0131.<\/p>\n<p><strong>WLD Steel&#039;de 440C&#039;nin mevcut formlar\u0131 ve \u00f6zellikleri nelerdir?<\/strong><\/p>\n<ul>\n<li>Levha\/Levha\/Bobin:ASTM A240, ASTM A480<\/li>\n<li>Yuvarlak \u00c7ubuk: ASTM A276, ASTM A479<\/li>\n<\/ul>\n<\/div><\/section><br \/>\n<div class=\"togglecontainer   toggle_close_all\" >\n<section class=\"av_toggle_section\"  itemscope=\"itemscope\" itemtype=\"https:\/\/schema.org\/CreativeWork\"  >    <div class=\"single_toggle\" data-tags=\"{T\u00fcm\u00fc} \"  >        <p data-fake-id=\"#toggle-id-1\" class=\"toggler\"  itemprop=\"headline\"  >440C E\u015fde\u011fer Kaliteler<span class=\"toggle_icon\" >        <span class=\"vert_icon\"><\/span><span class=\"hor_icon\"><\/span><\/span><\/p>        <div id=\"toggle-id-1-container\" class=\"toggle_wrap\"  >            <div class=\"toggle_content invers-color\"  itemprop=\"text\"   ><table>\n<tbody>\n<tr>\n<td width=\"120\">Standart<\/td>\n<td width=\"119\">SAE<\/td>\n<td width=\"119\">BM<\/td>\n<td width=\"120\">JIS<\/td>\n<td width=\"133\">D\u0130N<\/td>\n<td width=\"120\">NF<\/td>\n<td width=\"119\">B\u00fcy\u00fck Britanya<\/td>\n<\/tr>\n<tr>\n<td width=\"120\">440C<\/td>\n<td width=\"119\">51440C<\/td>\n<td width=\"119\">S44004<\/td>\n<td width=\"120\">SUS440C<\/td>\n<td width=\"133\">X105CrMo17<\/td>\n<td width=\"120\">Z100CD17<\/td>\n<td width=\"119\">11Cr17<\/td>\n<\/tr>\n<\/tbody>\n<\/table>\n            <\/div>        <\/div>    <\/div><\/section>\n<section class=\"av_toggle_section\"  itemscope=\"itemscope\" itemtype=\"https:\/\/schema.org\/CreativeWork\"  >    <div class=\"single_toggle\" data-tags=\"{T\u00fcm\u00fc} \"  >        <p data-fake-id=\"#toggle-id-2\" class=\"toggler\"  itemprop=\"headline\"  >440C Kimyasal Bile\u015fimi<span class=\"toggle_icon\" >        <span class=\"vert_icon\"><\/span><span class=\"hor_icon\"><\/span><\/span><\/p>        <div id=\"toggle-id-2-container\" class=\"toggle_wrap\"  >            <div class=\"toggle_content invers-color\"  itemprop=\"text\"   ><table>\n<tbody>\n<tr>\n<td width=\"121\">C<\/td>\n<td width=\"121\">Si<\/td>\n<td width=\"121\">Mn<\/td>\n<td width=\"121\">Ni<\/td>\n<td width=\"123\">CR<\/td>\n<td width=\"121\">P<\/td>\n<td width=\"121\">S<\/td>\n<\/tr>\n<tr>\n<td width=\"121\">0.95-1.20<\/td>\n<td width=\"121\">1.00<\/td>\n<td width=\"121\">1.00<\/td>\n<td width=\"121\">1.00<\/td>\n<td width=\"123\">16.00-18.00<\/td>\n<td width=\"121\">0.04<\/td>\n<td width=\"121\">0.03<\/td>\n<\/tr>\n<\/tbody>\n<\/table>\n            <\/div>        <\/div>    <\/div><\/section>\n<section class=\"av_toggle_section\"  itemscope=\"itemscope\" itemtype=\"https:\/\/schema.org\/CreativeWork\"  >    <div class=\"single_toggle\" data-tags=\"{T\u00fcm\u00fc} \"  >        <p data-fake-id=\"#toggle-id-3\" class=\"toggler\"  itemprop=\"headline\"  >440C Mekanik \u00d6zellikler<span class=\"toggle_icon\" >        <span class=\"vert_icon\"><\/span><span class=\"hor_icon\"><\/span><\/span><\/p>        <div id=\"toggle-id-3-container\" class=\"toggle_wrap\"  >            <div class=\"toggle_content invers-color\"  itemprop=\"text\"   ><table>\n<tbody>\n<tr>\n<td width=\"116\">Notlar<\/td>\n<td width=\"162\">\u00c7ekme Dayan\u0131m\u0131 (Mpa)<\/td>\n<td width=\"190\">0,2% Ofset Akma Dayan\u0131m\u0131 (Mpa)<\/td>\n<td width=\"214\">Uzama, 2 in\u00e7 (51 mm) %<\/td>\n<td width=\"160\">Sertlik, HB<\/td>\n<\/tr>\n<tr>\n<td width=\"116\">440C<\/td>\n<td width=\"162\">785<\/td>\n<td width=\"190\">420<\/td>\n<td width=\"214\">15<\/td>\n<td width=\"160\">240<\/td>\n<\/tr>\n<\/tbody>\n<\/table>\n            <\/div>        <\/div>    <\/div><\/section>\n<\/div><\/p><\/div><\/div><!--close column table wrapper. Autoclose: 1 --><\/p>","protected":false},"excerpt":{"rendered":"","protected":false},"author":1,"featured_media":0,"parent":1321,"menu_order":0,"comment_status":"closed","ping_status":"closed","template":"","meta":{"footnotes":""},"class_list":["post-1535","page","type-page","status-publish","hentry"],"aioseo_notices":[],"_links":{"self":[{"href":"https:\/\/wldstainless.com\/tr\/wp-json\/wp\/v2\/pages\/1535","targetHints":{"allow":["GET"]}}],"collection":[{"href":"https:\/\/wldstainless.com\/tr\/wp-json\/wp\/v2\/pages"}],"about":[{"href":"https:\/\/wldstainless.com\/tr\/wp-json\/wp\/v2\/types\/page"}],"author":[{"embeddable":true,"href":"https:\/\/wldstainless.com\/tr\/wp-json\/wp\/v2\/users\/1"}],"replies":[{"embeddable":true,"href":"https:\/\/wldstainless.com\/tr\/wp-json\/wp\/v2\/comments?post=1535"}],"version-history":[{"count":5,"href":"https:\/\/wldstainless.com\/tr\/wp-json\/wp\/v2\/pages\/1535\/revisions"}],"predecessor-version":[{"id":1923,"href":"https:\/\/wldstainless.com\/tr\/wp-json\/wp\/v2\/pages\/1535\/revisions\/1923"}],"up":[{"embeddable":true,"href":"https:\/\/wldstainless.com\/tr\/wp-json\/wp\/v2\/pages\/1321"}],"wp:attachment":[{"href":"https:\/\/wldstainless.com\/tr\/wp-json\/wp\/v2\/media?parent=1535"}],"curies":[{"name":"wp","href":"https:\/\/api.w.org\/{rel}","templated":true}]}}