{"id":1533,"date":"2020-08-20T06:28:36","date_gmt":"2020-08-20T06:28:36","guid":{"rendered":"http:\/\/wldstainless.com\/?page_id=1533"},"modified":"2020-09-18T09:34:52","modified_gmt":"2020-09-18T09:34:52","slug":"446-stainless-steel","status":"publish","type":"page","link":"https:\/\/wldstainless.com\/tr\/materials\/ferritic-stainless-steel\/446-stainless-steel\/","title":{"rendered":"446 Paslanmaz \u00c7elik"},"content":{"rendered":"<div class='flex_column_table av-equal-height-column-flextable -flextable' ><div class=\"flex_column av_one_fourth  flex_column_table_cell av-equal-height-column av-align-top av-zero-column-padding first\" style='border-radius:0px; '><p><div class='avia-builder-widget-area clearfix'><div id=\"nav_menu-5\" class=\"widget clearfix widget_nav_menu\"><h3 class=\"widgettitle\">Malzeme<\/h3><div class=\"menu-products-sidebar-menu-container\"><ul id=\"menu-products-sidebar-menu\" class=\"menu\"><li id=\"menu-item-1329\" class=\"menu-item menu-item-type-post_type menu-item-object-page menu-item-1329\"><a href=\"https:\/\/wldstainless.com\/tr\/materials\/ferritic-stainless-steel\/\">Ferritik Paslanmaz \u00c7elik<\/a><\/li>\n<li id=\"menu-item-1328\" class=\"menu-item menu-item-type-post_type menu-item-object-page menu-item-1328\"><a href=\"https:\/\/wldstainless.com\/tr\/materials\/martensitic-stainless-steel\/\">Martensitik Paslanmaz \u00c7elik<\/a><\/li>\n<li id=\"menu-item-1327\" class=\"menu-item menu-item-type-post_type menu-item-object-page menu-item-1327\"><a href=\"https:\/\/wldstainless.com\/tr\/materials\/austenitic-stainless-steel\/\">\u00d6stenitik paslanmaz \u00e7elik<\/a><\/li>\n<li id=\"menu-item-1889\" class=\"menu-item menu-item-type-post_type menu-item-object-page menu-item-1889\"><a href=\"https:\/\/wldstainless.com\/tr\/materials\/duplex-stainless-steel\/\">Dubleks Paslanmaz \u00c7elik<\/a><\/li>\n<\/ul><\/div><\/div><\/div><br \/>\n<div  class='hr hr-default'><span class='hr-inner' ><span class='hr-inner-style'><\/span><\/span><\/div><br \/>\n<div class='avia-button-wrap avia-button-left'><a href='http:\/\/wldstainless.com\/contact\/#contact' class='avia-button   avia-icon_select-yes-left-icon avia-color-custom avia-size-large avia-position-left'  target=\"_blank\"  style='background-color:#e82221; border-color:#e82221; color:#ffffff; ' ><span class='avia_button_icon avia_button_icon_left' aria-hidden='true' data-av_icon='\ue84b' data-av_iconfont='entypo-fontello'><\/span><span class='avia_iconbox_title' >Bir teklif iste\u011fi<\/span><\/a><\/div><\/p><\/div><\/div><!--close column table wrapper. Autoclose: 1 --><div class='flex_column_table av-equal-height-column-flextable -flextable' ><div class='av-flex-placeholder'><\/div><div class=\"flex_column av_three_fourth  flex_column_table_cell av-equal-height-column av-align-top av-zero-column-padding\" style='border-radius:0px; '><p><div style='padding-bottom:10px;color:#d3311f;font-size:26px;' class='av-special-heading av-special-heading-h3 custom-color-heading blockquote modern-quote   av-inherit-size'><h3 class='av-special-heading-tag'  itemprop=\"headline\"  >446 Paslanmaz \u00c7elik<\/h3><div class='special-heading-border'><div class='special-heading-inner-border' style='border-color:#d3311f'><\/div><\/div><\/div><br \/>\n<section class=\"av_textblock_section\"  itemscope=\"itemscope\" itemtype=\"https:\/\/schema.org\/CreativeWork\" ><div class='avia_textblock'   itemprop=\"text\" ><p>WLD Steel, \u00e7ubuk, \u00e7ubuk ve k\u00fct\u00fck dahil olmak \u00fczere farkl\u0131 boyut ve formlarda sunulan 446 paslanmaz \u00e7eli\u011fin lider \u00fcreticisi, tedarik\u00e7isi ve ihracat\u00e7\u0131s\u0131d\u0131r. Paslanmaz \u00c7elik 446, y\u00fcksek d\u00fczeyde Molibden ve Krom i\u00e7erdi\u011finden hem korozyona hem de oksidasyona kar\u015f\u0131 y\u00fcksek diren\u00e7 g\u00f6sterir, 447 paslanmaz \u00e7elikle birlikte \u201cs\u00fcper ferrit paslanmaz \u00e7elik\u201d olarak bilinir. Br\u00fcl\u00f6rler, kazan par\u00e7alar\u0131 ve di\u011fer termal uygulamalar gibi m\u00fckemmel korozyon ve y\u00fcksek s\u0131cakl\u0131k direnci gerektiren yerlerde yayg\u0131n olarak kullan\u0131l\u0131r.<\/p>\n<p><strong>WLD Steel&#039;de mevcut 446 form nelerdir?<\/strong><\/p>\n<ul>\n<li>Levha\/Levha\/Rulo: ASTM A240, ASTM A480<\/li>\n<li>Yuvarlak \u00c7ubuk: ASTM A276, ASTM A479<\/li>\n<\/ul>\n<\/div><\/section><br \/>\n<div class=\"togglecontainer   toggle_close_all\" >\n<section class=\"av_toggle_section\"  itemscope=\"itemscope\" itemtype=\"https:\/\/schema.org\/CreativeWork\"  >    <div class=\"single_toggle\" data-tags=\"{T\u00fcm\u00fc} \"  >        <p data-fake-id=\"#toggle-id-1\" class=\"toggler\"  itemprop=\"headline\"  >446 E\u015fde\u011fer Not<span class=\"toggle_icon\" >        <span class=\"vert_icon\"><\/span><span class=\"hor_icon\"><\/span><\/span><\/p>        <div id=\"toggle-id-1-container\" class=\"toggle_wrap\"  >            <div class=\"toggle_content invers-color\"  itemprop=\"text\"   ><table>\n<tbody>\n<tr>\n<td width=\"121\">standart<\/td>\n<td width=\"121\">SAE<\/td>\n<td width=\"121\">BM<\/td>\n<td width=\"121\">JIS<\/td>\n<td width=\"121\">D\u0130N<\/td>\n<td width=\"121\">TR<\/td>\n<td width=\"121\">B\u00fcy\u00fck Britanya<\/td>\n<\/tr>\n<tr>\n<td width=\"121\">446<\/td>\n<td width=\"121\">51446<\/td>\n<td width=\"121\">S44600<\/td>\n<td width=\"121\">\/<\/td>\n<td width=\"121\">1.4762 \/ 1.4763<\/td>\n<td width=\"121\">X10CrAlSi25 \/ X10CrAlSi24<\/td>\n<td width=\"121\">1Cr25Ti<\/td>\n<\/tr>\n<\/tbody>\n<\/table>\n            <\/div>        <\/div>    <\/div><\/section>\n<section class=\"av_toggle_section\"  itemscope=\"itemscope\" itemtype=\"https:\/\/schema.org\/CreativeWork\"  >    <div class=\"single_toggle\" data-tags=\"{T\u00fcm\u00fc} \"  >        <p data-fake-id=\"#toggle-id-2\" class=\"toggler\"  itemprop=\"headline\"  >446 Kimyasal Bile\u015fimi<span class=\"toggle_icon\" >        <span class=\"vert_icon\"><\/span><span class=\"hor_icon\"><\/span><\/span><\/p>        <div id=\"toggle-id-2-container\" class=\"toggle_wrap\"  >            <div class=\"toggle_content invers-color\"  itemprop=\"text\"   ><table>\n<tbody>\n<tr>\n<td width=\"85\">C<\/td>\n<td width=\"85\">Mn<\/td>\n<td width=\"85\">P<\/td>\n<td width=\"85\">S<\/td>\n<td width=\"85\">Si<\/td>\n<td width=\"85\">Ni<\/td>\n<td width=\"85\">CR<\/td>\n<td width=\"85\">Ay<\/td>\n<td width=\"85\">N<\/td>\n<td width=\"85\">Ti + CB<\/td>\n<\/tr>\n<tr>\n<td width=\"85\">0.030<\/td>\n<td width=\"85\">Maksimum 1,0<\/td>\n<td width=\"85\">0,040 maksimum<\/td>\n<td width=\"85\">maksimum 0,030<\/td>\n<td width=\"85\">Maksimum 1,0<\/td>\n<td width=\"85\">1,0 \u2013 3,50<\/td>\n<td width=\"85\">25,0 \u2013 28,0<\/td>\n<td width=\"85\">3.0 \u2013 4.0<\/td>\n<td width=\"85\">0.040<\/td>\n<td width=\"85\">0,20 \u2013 1,0<\/td>\n<\/tr>\n<\/tbody>\n<\/table>\n            <\/div>        <\/div>    <\/div><\/section>\n<section class=\"av_toggle_section\"  itemscope=\"itemscope\" itemtype=\"https:\/\/schema.org\/CreativeWork\"  >    <div class=\"single_toggle\" data-tags=\"{T\u00fcm\u00fc} \"  >        <p data-fake-id=\"#toggle-id-3\" class=\"toggler\"  itemprop=\"headline\"  >446 Mekanik \u00d6zellikler<span class=\"toggle_icon\" >        <span class=\"vert_icon\"><\/span><span class=\"hor_icon\"><\/span><\/span><\/p>        <div id=\"toggle-id-3-container\" class=\"toggle_wrap\"  >            <div class=\"toggle_content invers-color\"  itemprop=\"text\"   ><table>\n<tbody>\n<tr>\n<td width=\"224\">\u00c7ekme Dayan\u0131m\u0131 (Mpa)<\/td>\n<td width=\"318\">Akma Dayan\u0131m\u0131 (0,200%, Mpa&#039;da)<\/td>\n<td width=\"159\">Uzama<\/td>\n<td width=\"151\">Sertlik, HB<\/td>\n<\/tr>\n<tr>\n<td width=\"224\">550<\/td>\n<td width=\"318\">345<\/td>\n<td width=\"159\">20%<\/td>\n<td width=\"151\">159<\/td>\n<\/tr>\n<\/tbody>\n<\/table>\n            <\/div>        <\/div>    <\/div><\/section>\n<\/div><br \/>\n<\/p><\/div><\/div><!--close column table wrapper. Autoclose: 1 --><\/p>","protected":false},"excerpt":{"rendered":"","protected":false},"author":1,"featured_media":0,"parent":159,"menu_order":0,"comment_status":"closed","ping_status":"closed","template":"","meta":{"footnotes":""},"class_list":["post-1533","page","type-page","status-publish","hentry"],"aioseo_notices":[],"_links":{"self":[{"href":"https:\/\/wldstainless.com\/tr\/wp-json\/wp\/v2\/pages\/1533","targetHints":{"allow":["GET"]}}],"collection":[{"href":"https:\/\/wldstainless.com\/tr\/wp-json\/wp\/v2\/pages"}],"about":[{"href":"https:\/\/wldstainless.com\/tr\/wp-json\/wp\/v2\/types\/page"}],"author":[{"embeddable":true,"href":"https:\/\/wldstainless.com\/tr\/wp-json\/wp\/v2\/users\/1"}],"replies":[{"embeddable":true,"href":"https:\/\/wldstainless.com\/tr\/wp-json\/wp\/v2\/comments?post=1533"}],"version-history":[{"count":5,"href":"https:\/\/wldstainless.com\/tr\/wp-json\/wp\/v2\/pages\/1533\/revisions"}],"predecessor-version":[{"id":1915,"href":"https:\/\/wldstainless.com\/tr\/wp-json\/wp\/v2\/pages\/1533\/revisions\/1915"}],"up":[{"embeddable":true,"href":"https:\/\/wldstainless.com\/tr\/wp-json\/wp\/v2\/pages\/159"}],"wp:attachment":[{"href":"https:\/\/wldstainless.com\/tr\/wp-json\/wp\/v2\/media?parent=1533"}],"curies":[{"name":"wp","href":"https:\/\/api.w.org\/{rel}","templated":true}]}}