{"id":1529,"date":"2020-08-19T09:37:03","date_gmt":"2020-08-19T09:37:03","guid":{"rendered":"http:\/\/wldstainless.com\/?page_id=1529"},"modified":"2020-09-18T09:44:05","modified_gmt":"2020-09-18T09:44:05","slug":"420-stainless-steel","status":"publish","type":"page","link":"https:\/\/wldstainless.com\/tr\/materials\/martensitic-stainless-steel\/420-stainless-steel\/","title":{"rendered":"420 Paslanmaz \u00c7elik"},"content":{"rendered":"<div class='flex_column_table av-equal-height-column-flextable -flextable' ><div class=\"flex_column av_one_fourth  flex_column_table_cell av-equal-height-column av-align-top av-zero-column-padding first\" style='border-radius:0px; '><p><div class='avia-builder-widget-area clearfix'><div id=\"nav_menu-5\" class=\"widget clearfix widget_nav_menu\"><h3 class=\"widgettitle\">Malzeme<\/h3><div class=\"menu-products-sidebar-menu-container\"><ul id=\"menu-products-sidebar-menu\" class=\"menu\"><li id=\"menu-item-1329\" class=\"menu-item menu-item-type-post_type menu-item-object-page menu-item-1329\"><a href=\"https:\/\/wldstainless.com\/tr\/materials\/ferritic-stainless-steel\/\">Ferritik Paslanmaz \u00c7elik<\/a><\/li>\n<li id=\"menu-item-1328\" class=\"menu-item menu-item-type-post_type menu-item-object-page menu-item-1328\"><a href=\"https:\/\/wldstainless.com\/tr\/materials\/martensitic-stainless-steel\/\">Martensitik Paslanmaz \u00c7elik<\/a><\/li>\n<li id=\"menu-item-1327\" class=\"menu-item menu-item-type-post_type menu-item-object-page menu-item-1327\"><a href=\"https:\/\/wldstainless.com\/tr\/materials\/austenitic-stainless-steel\/\">\u00d6stenitik paslanmaz \u00e7elik<\/a><\/li>\n<li id=\"menu-item-1889\" class=\"menu-item menu-item-type-post_type menu-item-object-page menu-item-1889\"><a href=\"https:\/\/wldstainless.com\/tr\/materials\/duplex-stainless-steel\/\">Dubleks Paslanmaz \u00c7elik<\/a><\/li>\n<\/ul><\/div><\/div><\/div><br \/>\n<div  class='hr hr-default'><span class='hr-inner' ><span class='hr-inner-style'><\/span><\/span><\/div><br \/>\n<div class='avia-button-wrap avia-button-left'><a href='http:\/\/wldstainless.com\/contact\/#contact' class='avia-button   avia-icon_select-yes-left-icon avia-color-custom avia-size-large avia-position-left'  target=\"_blank\"  style='background-color:#e82221; border-color:#e82221; color:#ffffff; ' ><span class='avia_button_icon avia_button_icon_left' aria-hidden='true' data-av_icon='\ue84b' data-av_iconfont='entypo-fontello'><\/span><span class='avia_iconbox_title' >Bir teklif iste\u011fi<\/span><\/a><\/div><\/p><\/div><\/div><!--close column table wrapper. Autoclose: 1 --><div class='flex_column_table av-equal-height-column-flextable -flextable' ><div class='av-flex-placeholder'><\/div><div class=\"flex_column av_three_fourth  flex_column_table_cell av-equal-height-column av-align-top av-zero-column-padding\" style='border-radius:0px; '><p><div style='padding-bottom:10px;color:#d3311f;font-size:26px;' class='av-special-heading av-special-heading-h3 custom-color-heading blockquote modern-quote   av-inherit-size'><h3 class='av-special-heading-tag'  itemprop=\"headline\"  >420 Paslanmaz \u00c7elik<\/h3><div class='special-heading-border'><div class='special-heading-inner-border' style='border-color:#d3311f'><\/div><\/div><\/div><br \/>\n<section class=\"av_textblock_section\"  itemscope=\"itemscope\" itemtype=\"https:\/\/schema.org\/CreativeWork\" ><div class='avia_textblock'   itemprop=\"text\" ><p>WLD Steel, boru, t\u00fcp, levha, levha, \u00e7ubuk, \u00e7ubuk ve melek, kanal, kiri\u015f, kesilmi\u015f par\u00e7a ve di\u011fer \u015fekiller dahil olmak \u00fczere \u00e7e\u015fitli boyut ve formlarda mevcut olan paslanmaz \u00e7elik 420&#039;nin lider \u00fcreticisi, tedarik\u00e7isi ve ihracat\u00e7\u0131s\u0131d\u0131r. yak\u0131nda. Y\u00fcksek karbonlu Martensitik paslanmaz \u00e7elik 420 Paslanmaz \u00c7elik, ayn\u0131 zamanda \u201c\u00e7atal b\u0131\u00e7ak tak\u0131m\u0131 \u00e7eli\u011fi\u201d veya \u201ccerrahi \u00e7elik\u201d olarak da bilinir. Metal imalat\u00e7\u0131lar\u0131na iyi bir s\u00fcneklik ve m\u00fckemmel cilalanabilirlik sa\u011flayan \u0131s\u0131l i\u015flemle sertle\u015ftirilebilir. Tip 420 Paslanmaz \u00c7elik, genellikle iyi korozyon ve sertli\u011fin gerekli oldu\u011fu yerlerde kullan\u0131l\u0131r; tipik uygulamalar aras\u0131nda \u00e7atal b\u0131\u00e7ak tak\u0131m\u0131, cerrahi ve di\u015f\u00e7ilik aletleri, makas, bantlar ve d\u00fcz kenarlar, g\u00f6stergeler, i\u011fne valfler, bilyal\u0131 \u00e7ek valfler, di\u015fli milleri, kamlar, pivotlar, bilyal\u0131 rulmanlar ve el aletleri.<\/p>\n<p><strong>WLD Steel&#039;de mevcut 420 form ve teknik \u00f6zellikler nelerdir?<\/strong><\/p>\n<table>\n<tbody>\n<tr>\n<td width=\"170\">Levha\/Levha\/Bobin<\/td>\n<td width=\"170\">Diki\u015fsiz Boru\/T\u00fcp<\/td>\n<td width=\"170\">Kaynakl\u0131 Boru \/ T\u00fcp<\/td>\n<td width=\"170\">Yuvarlak \u00e7ubuk<\/td>\n<td width=\"170\">\u015eekillendirilmi\u015f \u00c7elik (\u015eekillendirilmi\u015f)<\/td>\n<\/tr>\n<tr>\n<td width=\"170\">ASTM A240<\/p>\n<p>ASTM A480<\/td>\n<td width=\"170\">ASTM A312<\/p>\n<p>ASTM A213<\/td>\n<td width=\"170\">ASTM A554<\/td>\n<td width=\"170\">ASTM A276<\/p>\n<p>ASTM A479<\/td>\n<td width=\"170\">ASTM A276<\/td>\n<\/tr>\n<\/tbody>\n<\/table>\n<\/div><\/section><br \/>\n<div class=\"togglecontainer   toggle_close_all\" >\n<section class=\"av_toggle_section\"  itemscope=\"itemscope\" itemtype=\"https:\/\/schema.org\/CreativeWork\"  >    <div class=\"single_toggle\" data-tags=\"{T\u00fcm\u00fc} \"  >        <p data-fake-id=\"#toggle-id-1\" class=\"toggler\"  itemprop=\"headline\"  >420 E\u015fde\u011fer Not<span class=\"toggle_icon\" >        <span class=\"vert_icon\"><\/span><span class=\"hor_icon\"><\/span><\/span><\/p>        <div id=\"toggle-id-1-container\" class=\"toggle_wrap\"  >            <div class=\"toggle_content invers-color\"  itemprop=\"text\"   ><table>\n<tbody>\n<tr>\n<td width=\"121\">TANDART<\/td>\n<td width=\"121\">BM<\/td>\n<td width=\"121\">TR<\/td>\n<td width=\"121\">BS<\/td>\n<td width=\"121\">JIS<\/td>\n<td width=\"121\">D\u0130N<\/td>\n<td width=\"121\">B\u00fcy\u00fck Britanya<\/td>\n<\/tr>\n<tr>\n<td width=\"121\">SS 420<\/td>\n<td width=\"121\">S42010<\/td>\n<td width=\"121\">X20Cr13<\/td>\n<td width=\"121\">420S29 \/ 420S37<\/td>\n<td width=\"121\">SUS420 J1<\/p>\n<p>SUS 420 J2<\/td>\n<td width=\"121\">1.4021<\/td>\n<td width=\"121\">2cr13<\/td>\n<\/tr>\n<\/tbody>\n<\/table>\n            <\/div>        <\/div>    <\/div><\/section>\n<section class=\"av_toggle_section\"  itemscope=\"itemscope\" itemtype=\"https:\/\/schema.org\/CreativeWork\"  >    <div class=\"single_toggle\" data-tags=\"{T\u00fcm\u00fc} \"  >        <p data-fake-id=\"#toggle-id-2\" class=\"toggler\"  itemprop=\"headline\"  >420 Kimyasal Bile\u015fimi<span class=\"toggle_icon\" >        <span class=\"vert_icon\"><\/span><span class=\"hor_icon\"><\/span><\/span><\/p>        <div id=\"toggle-id-2-container\" class=\"toggle_wrap\"  >            <div class=\"toggle_content invers-color\"  itemprop=\"text\"   ><table>\n<tbody>\n<tr>\n<td width=\"86\">Seviye<\/td>\n<td width=\"108\">C<\/td>\n<td width=\"108\">Si<\/td>\n<td width=\"108\">Mn<\/td>\n<td width=\"108\">P<\/td>\n<td width=\"108\">S<\/td>\n<td width=\"108\">Ni<\/td>\n<td width=\"108\">CR<\/td>\n<\/tr>\n<tr>\n<td width=\"86\">SS 420<\/td>\n<td width=\"108\">0.15\u00a0-0.36<\/td>\n<td width=\"108\">\u22641,00<\/td>\n<td width=\"108\">\u22641,5<\/td>\n<td width=\"108\">maksimum 0,04<\/td>\n<td width=\"108\">maksimum 0,015<\/td>\n<td width=\"108\">\u22641,00<\/td>\n<td width=\"108\">12.00-\u00a014.00<\/td>\n<\/tr>\n<\/tbody>\n<\/table>\n            <\/div>        <\/div>    <\/div><\/section>\n<section class=\"av_toggle_section\"  itemscope=\"itemscope\" itemtype=\"https:\/\/schema.org\/CreativeWork\"  >    <div class=\"single_toggle\" data-tags=\"{T\u00fcm\u00fc} \"  >        <p data-fake-id=\"#toggle-id-3\" class=\"toggler\"  itemprop=\"headline\"  >420 Mekanik \u00d6zellikler<span class=\"toggle_icon\" >        <span class=\"vert_icon\"><\/span><span class=\"hor_icon\"><\/span><\/span><\/p>        <div id=\"toggle-id-3-container\" class=\"toggle_wrap\"  >            <div class=\"toggle_content invers-color\"  itemprop=\"text\"   ><table>\n<tbody>\n<tr>\n<td width=\"116\">Notlar<\/td>\n<td width=\"162\">\u00c7ekme Dayan\u0131m\u0131 (Mpa)<\/td>\n<td width=\"190\">0,2% Ofset Akma Dayan\u0131m\u0131 (Mpa)<\/td>\n<td width=\"214\">Uzama, 2 in\u00e7 (51 mm) %<\/td>\n<td width=\"160\">Sertlik, HB<\/td>\n<\/tr>\n<tr>\n<td width=\"116\">420<\/td>\n<td width=\"162\">650<\/td>\n<td width=\"190\">350<\/td>\n<td width=\"214\">25<\/td>\n<td width=\"160\">196<\/td>\n<\/tr>\n<\/tbody>\n<\/table>\n            <\/div>        <\/div>    <\/div><\/section>\n<\/div><\/p><\/div><\/div><!--close column table wrapper. Autoclose: 1 --><\/p>","protected":false},"excerpt":{"rendered":"","protected":false},"author":1,"featured_media":0,"parent":1321,"menu_order":0,"comment_status":"closed","ping_status":"closed","template":"","meta":{"footnotes":""},"class_list":["post-1529","page","type-page","status-publish","hentry"],"aioseo_notices":[],"_links":{"self":[{"href":"https:\/\/wldstainless.com\/tr\/wp-json\/wp\/v2\/pages\/1529","targetHints":{"allow":["GET"]}}],"collection":[{"href":"https:\/\/wldstainless.com\/tr\/wp-json\/wp\/v2\/pages"}],"about":[{"href":"https:\/\/wldstainless.com\/tr\/wp-json\/wp\/v2\/types\/page"}],"author":[{"embeddable":true,"href":"https:\/\/wldstainless.com\/tr\/wp-json\/wp\/v2\/users\/1"}],"replies":[{"embeddable":true,"href":"https:\/\/wldstainless.com\/tr\/wp-json\/wp\/v2\/comments?post=1529"}],"version-history":[{"count":5,"href":"https:\/\/wldstainless.com\/tr\/wp-json\/wp\/v2\/pages\/1529\/revisions"}],"predecessor-version":[{"id":1920,"href":"https:\/\/wldstainless.com\/tr\/wp-json\/wp\/v2\/pages\/1529\/revisions\/1920"}],"up":[{"embeddable":true,"href":"https:\/\/wldstainless.com\/tr\/wp-json\/wp\/v2\/pages\/1321"}],"wp:attachment":[{"href":"https:\/\/wldstainless.com\/tr\/wp-json\/wp\/v2\/media?parent=1529"}],"curies":[{"name":"wp","href":"https:\/\/api.w.org\/{rel}","templated":true}]}}