{"id":1526,"date":"2020-08-19T08:22:01","date_gmt":"2020-08-19T08:22:01","guid":{"rendered":"http:\/\/wldstainless.com\/?page_id=1526"},"modified":"2020-09-18T09:30:09","modified_gmt":"2020-09-18T09:30:09","slug":"904l-stainless-steel","status":"publish","type":"page","link":"https:\/\/wldstainless.com\/tr\/materials\/austenitic-stainless-steel\/904l-stainless-steel\/","title":{"rendered":"904L Paslanmaz \u00c7elik"},"content":{"rendered":"<div class='flex_column_table av-equal-height-column-flextable -flextable' ><div class=\"flex_column av_one_fourth  flex_column_table_cell av-equal-height-column av-align-top av-zero-column-padding first\" style='border-radius:0px; '><p><div class='avia-builder-widget-area clearfix'><div id=\"nav_menu-5\" class=\"widget clearfix widget_nav_menu\"><h3 class=\"widgettitle\">Malzeme<\/h3><div class=\"menu-products-sidebar-menu-container\"><ul id=\"menu-products-sidebar-menu\" class=\"menu\"><li id=\"menu-item-1329\" class=\"menu-item menu-item-type-post_type menu-item-object-page menu-item-1329\"><a href=\"https:\/\/wldstainless.com\/tr\/materials\/ferritic-stainless-steel\/\">Ferritik Paslanmaz \u00c7elik<\/a><\/li>\n<li id=\"menu-item-1328\" class=\"menu-item menu-item-type-post_type menu-item-object-page menu-item-1328\"><a href=\"https:\/\/wldstainless.com\/tr\/materials\/martensitic-stainless-steel\/\">Martensitik Paslanmaz \u00c7elik<\/a><\/li>\n<li id=\"menu-item-1327\" class=\"menu-item menu-item-type-post_type menu-item-object-page menu-item-1327\"><a href=\"https:\/\/wldstainless.com\/tr\/materials\/austenitic-stainless-steel\/\">\u00d6stenitik paslanmaz \u00e7elik<\/a><\/li>\n<li id=\"menu-item-1889\" class=\"menu-item menu-item-type-post_type menu-item-object-page menu-item-1889\"><a href=\"https:\/\/wldstainless.com\/tr\/materials\/duplex-stainless-steel\/\">Dubleks Paslanmaz \u00c7elik<\/a><\/li>\n<\/ul><\/div><\/div><\/div><br \/>\n<div  class='hr hr-default'><span class='hr-inner' ><span class='hr-inner-style'><\/span><\/span><\/div><br \/>\n<div class='avia-button-wrap avia-button-left'><a href='http:\/\/wldstainless.com\/contact\/#contact' class='avia-button   avia-icon_select-yes-left-icon avia-color-custom avia-size-large avia-position-left'  target=\"_blank\"  style='background-color:#e82221; border-color:#e82221; color:#ffffff; ' ><span class='avia_button_icon avia_button_icon_left' aria-hidden='true' data-av_icon='\ue84b' data-av_iconfont='entypo-fontello'><\/span><span class='avia_iconbox_title' >Bir teklif iste\u011fi<\/span><\/a><\/div><\/p><\/div><\/div><!--close column table wrapper. Autoclose: 1 --><div class='flex_column_table av-equal-height-column-flextable -flextable' ><div class='av-flex-placeholder'><\/div><div class=\"flex_column av_three_fourth  flex_column_table_cell av-equal-height-column av-align-top av-zero-column-padding\" style='border-radius:0px; '><p><div style='padding-bottom:10px;color:#d3311f;' class='av-special-heading av-special-heading-h3 custom-color-heading'><h3 class='av-special-heading-tag'  itemprop=\"headline\"  >904L Paslanmaz \u00c7elik <\/h3><div class='special-heading-border'><div class='special-heading-inner-border' style='border-color:#d3311f'><\/div><\/div><\/div><br \/>\n<section class=\"av_textblock_section\"  itemscope=\"itemscope\" itemtype=\"https:\/\/schema.org\/CreativeWork\" ><div class='avia_textblock'   itemprop=\"text\" ><p>WLD Steel, boru, boru, levha, levha, \u00e7ubuk, \u00e7ubuk ve a\u00e7\u0131, kanal, daire, kesilmi\u015f par\u00e7a gibi di\u011fer \u015fekiller de dahil olmak \u00fczere \u00e7e\u015fitli boyut ve formlarda mevcut olan 904L paslanmaz \u00e7eli\u011fin lider \u00fcreticisi, tedarik\u00e7isi ve ihracat\u00e7\u0131s\u0131d\u0131r. A\u00e7\u0131k. Tip 904L, s\u00fclf\u00fcrik, fosforik ve asetik asitlere kar\u015f\u0131 \u00e7atlak ve stresli korozyon \u00e7atlamas\u0131na kar\u015f\u0131 y\u00fcksek direnciyle bilinen bir t\u00fcr s\u00fcper \u00d6stenitik paslanmaz \u00e7eliktir. Bak\u0131r elementinin eklenmesi 904L paslanmaz \u00e7eli\u011fi a\u015f\u0131nmaya ve korozyona kar\u015f\u0131 daha dayan\u0131kl\u0131 hale getirir. 904L \u00e7elik, deniz suyu, Is\u0131 e\u015fanj\u00f6rleri, kondenser borular\u0131, Kontrol ve enstr\u00fcmantasyon, Petrol ve gaz end\u00fcstrisi i\u00e7in so\u011futma ekipmanlar\u0131nda yayg\u0131n olarak kullan\u0131lmaktad\u0131r.<\/p>\n<p><strong>WLD Steel&#039;de 904L&#039;nin mevcut formlar\u0131 ve \u00f6zellikleri nelerdir?<\/strong><\/p>\n<table>\n<tbody>\n<tr>\n<td width=\"170\">Levha\/Levha\/Bobin<\/td>\n<td width=\"170\">Diki\u015fsiz Boru\/T\u00fcp<\/td>\n<td width=\"170\">Kaynakl\u0131 Boru \/ T\u00fcp<\/td>\n<td width=\"170\">Yuvarlak \u00e7ubuk<\/td>\n<td width=\"170\">\u015eekillendirilmi\u015f \u00c7elik (\u015eekillendirilmi\u015f)<\/td>\n<\/tr>\n<tr>\n<td width=\"170\">ASTM A240<\/p>\n<p>ASTM A480<\/td>\n<td width=\"170\">ASTM A312<\/p>\n<p>ASTM A213<\/td>\n<td width=\"170\">ASTM A554<\/td>\n<td width=\"170\">ASTM A276<\/p>\n<p>ASTM A479<\/td>\n<td width=\"170\">ASTM A276<\/td>\n<\/tr>\n<\/tbody>\n<\/table>\n<\/div><\/section><br \/>\n<div class=\"togglecontainer   toggle_close_all\" >\n<section class=\"av_toggle_section\"  itemscope=\"itemscope\" itemtype=\"https:\/\/schema.org\/CreativeWork\"  >    <div class=\"single_toggle\" data-tags=\"{T\u00fcm\u00fc} \"  >        <p data-fake-id=\"#toggle-id-1\" class=\"toggler\"  itemprop=\"headline\"  >904L \u00c7elik E\u015fde\u011fer Malzemeler<span class=\"toggle_icon\" >        <span class=\"vert_icon\"><\/span><span class=\"hor_icon\"><\/span><\/span><\/p>        <div id=\"toggle-id-1-container\" class=\"toggle_wrap\"  >            <div class=\"toggle_content invers-color\"  itemprop=\"text\"   ><table>\n<tbody>\n<tr>\n<td width=\"142\">Standartlar<\/td>\n<td width=\"142\">BM<\/td>\n<td width=\"142\">D\u0130N<\/td>\n<td width=\"142\">JIS<\/td>\n<td width=\"142\">BS<\/td>\n<td width=\"142\">TR<\/td>\n<\/tr>\n<tr>\n<td width=\"142\">904L<\/td>\n<td width=\"142\">N08904<\/td>\n<td width=\"142\">1.4539<\/td>\n<td width=\"142\">SUS 890L<\/td>\n<td width=\"142\">904S13<\/td>\n<td width=\"142\">X1NiCrMoCu25-20-5<\/td>\n<\/tr>\n<\/tbody>\n<\/table>\n            <\/div>        <\/div>    <\/div><\/section>\n<section class=\"av_toggle_section\"  itemscope=\"itemscope\" itemtype=\"https:\/\/schema.org\/CreativeWork\"  >    <div class=\"single_toggle\" data-tags=\"{T\u00fcm\u00fc} \"  >        <p data-fake-id=\"#toggle-id-2\" class=\"toggler\"  itemprop=\"headline\"  >904L Kimyasal Bile\u015fimi<span class=\"toggle_icon\" >        <span class=\"vert_icon\"><\/span><span class=\"hor_icon\"><\/span><\/span><\/p>        <div id=\"toggle-id-2-container\" class=\"toggle_wrap\"  >            <div class=\"toggle_content invers-color\"  itemprop=\"text\"   ><table>\n<tbody>\n<tr>\n<td width=\"105\">Ni<\/td>\n<td width=\"105\">CR<\/td>\n<td width=\"105\">Cu<\/td>\n<td width=\"105\">Mn<\/td>\n<td width=\"105\">Ay<\/td>\n<td width=\"105\">Si<\/td>\n<td width=\"105\">C<\/td>\n<td width=\"105\">P<\/td>\n<td width=\"106\">S<\/td>\n<\/tr>\n<tr>\n<td width=\"105\">23.0 \u2013 28.0<\/td>\n<td width=\"105\">19.0 \u2013 23.0<\/td>\n<td width=\"105\">1.0 \u2013 2.0<\/td>\n<td width=\"105\">Maksimum 2,0<\/td>\n<td width=\"105\">4.0 \u2013 5.0<\/td>\n<td width=\"105\">Maksimum 1,0<\/td>\n<td width=\"105\">maksimum 0,20<\/td>\n<td width=\"105\">0,040 maksimum<\/td>\n<td width=\"106\">maksimum 0,030<\/td>\n<\/tr>\n<\/tbody>\n<\/table>\n            <\/div>        <\/div>    <\/div><\/section>\n<section class=\"av_toggle_section\"  itemscope=\"itemscope\" itemtype=\"https:\/\/schema.org\/CreativeWork\"  >    <div class=\"single_toggle\" data-tags=\"{T\u00fcm\u00fc} \"  >        <p data-fake-id=\"#toggle-id-3\" class=\"toggler\"  itemprop=\"headline\"  >904L Mekanik \u00d6zellikler<span class=\"toggle_icon\" >        <span class=\"vert_icon\"><\/span><span class=\"hor_icon\"><\/span><\/span><\/p>        <div id=\"toggle-id-3-container\" class=\"toggle_wrap\"  >            <div class=\"toggle_content invers-color\"  itemprop=\"text\"   ><table>\n<tbody>\n<tr>\n<td width=\"213\">\u00c7ekme Dayan\u0131m\u0131 (MPa) min<\/td>\n<td width=\"213\">Akma Dayan\u0131m\u0131 0,2% Kan\u0131t\u0131 (MPa) min<\/td>\n<td width=\"213\">Uzama (50 mm&#039;de %) min<\/td>\n<td width=\"213\">Sertlik, Brinell<\/td>\n<\/tr>\n<tr>\n<td width=\"213\">490<\/td>\n<td width=\"213\">220<\/td>\n<td width=\"213\">36<\/td>\n<td width=\"213\">150<\/td>\n<\/tr>\n<\/tbody>\n<\/table>\n            <\/div>        <\/div>    <\/div><\/section>\n<\/div><\/p><\/div><\/div><!--close column table wrapper. Autoclose: 1 --><\/p>","protected":false},"excerpt":{"rendered":"","protected":false},"author":1,"featured_media":0,"parent":1323,"menu_order":0,"comment_status":"closed","ping_status":"closed","template":"","meta":{"footnotes":""},"class_list":["post-1526","page","type-page","status-publish","hentry"],"aioseo_notices":[],"_links":{"self":[{"href":"https:\/\/wldstainless.com\/tr\/wp-json\/wp\/v2\/pages\/1526","targetHints":{"allow":["GET"]}}],"collection":[{"href":"https:\/\/wldstainless.com\/tr\/wp-json\/wp\/v2\/pages"}],"about":[{"href":"https:\/\/wldstainless.com\/tr\/wp-json\/wp\/v2\/types\/page"}],"author":[{"embeddable":true,"href":"https:\/\/wldstainless.com\/tr\/wp-json\/wp\/v2\/users\/1"}],"replies":[{"embeddable":true,"href":"https:\/\/wldstainless.com\/tr\/wp-json\/wp\/v2\/comments?post=1526"}],"version-history":[{"count":6,"href":"https:\/\/wldstainless.com\/tr\/wp-json\/wp\/v2\/pages\/1526\/revisions"}],"predecessor-version":[{"id":1905,"href":"https:\/\/wldstainless.com\/tr\/wp-json\/wp\/v2\/pages\/1526\/revisions\/1905"}],"up":[{"embeddable":true,"href":"https:\/\/wldstainless.com\/tr\/wp-json\/wp\/v2\/pages\/1323"}],"wp:attachment":[{"href":"https:\/\/wldstainless.com\/tr\/wp-json\/wp\/v2\/media?parent=1526"}],"curies":[{"name":"wp","href":"https:\/\/api.w.org\/{rel}","templated":true}]}}