{"id":1522,"date":"2020-08-19T06:49:25","date_gmt":"2020-08-19T06:49:25","guid":{"rendered":"http:\/\/wldstainless.com\/?page_id=1522"},"modified":"2020-09-18T09:34:26","modified_gmt":"2020-09-18T09:34:26","slug":"410-410s-stainless-steel","status":"publish","type":"page","link":"https:\/\/wldstainless.com\/tr\/materials\/ferritic-stainless-steel\/410-410s-stainless-steel\/","title":{"rendered":"410\/410S Paslanmaz \u00c7elik"},"content":{"rendered":"<div class='flex_column_table av-equal-height-column-flextable -flextable' ><div class=\"flex_column av_one_fourth  flex_column_table_cell av-equal-height-column av-align-top av-zero-column-padding first\" style='border-radius:0px; '><p><div class='avia-builder-widget-area clearfix'><div id=\"nav_menu-5\" class=\"widget clearfix widget_nav_menu\"><h3 class=\"widgettitle\">Malzeme<\/h3><div class=\"menu-products-sidebar-menu-container\"><ul id=\"menu-products-sidebar-menu\" class=\"menu\"><li id=\"menu-item-1329\" class=\"menu-item menu-item-type-post_type menu-item-object-page menu-item-1329\"><a href=\"https:\/\/wldstainless.com\/tr\/materials\/ferritic-stainless-steel\/\">Ferritik Paslanmaz \u00c7elik<\/a><\/li>\n<li id=\"menu-item-1328\" class=\"menu-item menu-item-type-post_type menu-item-object-page menu-item-1328\"><a href=\"https:\/\/wldstainless.com\/tr\/materials\/martensitic-stainless-steel\/\">Martensitik Paslanmaz \u00c7elik<\/a><\/li>\n<li id=\"menu-item-1327\" class=\"menu-item menu-item-type-post_type menu-item-object-page menu-item-1327\"><a href=\"https:\/\/wldstainless.com\/tr\/materials\/austenitic-stainless-steel\/\">\u00d6stenitik paslanmaz \u00e7elik<\/a><\/li>\n<li id=\"menu-item-1889\" class=\"menu-item menu-item-type-post_type menu-item-object-page menu-item-1889\"><a href=\"https:\/\/wldstainless.com\/tr\/materials\/duplex-stainless-steel\/\">Dubleks Paslanmaz \u00c7elik<\/a><\/li>\n<\/ul><\/div><\/div><\/div><br \/>\n<div  class='hr hr-default'><span class='hr-inner' ><span class='hr-inner-style'><\/span><\/span><\/div><br \/>\n<div class='avia-button-wrap avia-button-left'><a href='http:\/\/wldstainless.com\/contact\/#contact' class='avia-button   avia-icon_select-yes-left-icon avia-color-custom avia-size-large avia-position-left'  target=\"_blank\"  style='background-color:#e82221; border-color:#e82221; color:#ffffff; ' ><span class='avia_button_icon avia_button_icon_left' aria-hidden='true' data-av_icon='\ue84b' data-av_iconfont='entypo-fontello'><\/span><span class='avia_iconbox_title' >Bir teklif iste\u011fi<\/span><\/a><\/div><\/p><\/div><\/div><!--close column table wrapper. Autoclose: 1 --><div class='flex_column_table av-equal-height-column-flextable -flextable' ><div class='av-flex-placeholder'><\/div><div class=\"flex_column av_three_fourth  flex_column_table_cell av-equal-height-column av-align-top av-zero-column-padding\" style='border-radius:0px; '><p><div style='padding-bottom:10px;color:#d3311f;' class='av-special-heading av-special-heading-h3 custom-color-heading'><h3 class='av-special-heading-tag'  itemprop=\"headline\"  >410\/410S Paslanmaz \u00c7elik <\/h3><div class='special-heading-border'><div class='special-heading-inner-border' style='border-color:#d3311f'><\/div><\/div><\/div><br \/>\n<section class=\"av_textblock_section\"  itemscope=\"itemscope\" itemtype=\"https:\/\/schema.org\/CreativeWork\" ><div class='avia_textblock'   itemprop=\"text\" ><p>WLD Steel, boru, t\u00fcp, levha, levha, \u00e7ubuk, \u00e7ubuk ve melek, kanal, daire, kesim gibi di\u011fer \u015fekiller de dahil olmak \u00fczere \u00e7e\u015fitli boyut ve formlarda mevcut olan 410\/410S paslanmaz \u00e7eli\u011fin lider \u00fcreticisi, tedarik\u00e7isi ve ihracat\u00e7\u0131s\u0131d\u0131r. par\u00e7a vb.<\/p>\n<p>410 Paslanmaz \u00e7elik, genel ama\u00e7l\u0131 d\u00fc\u015f\u00fck maliyetli, \u0131s\u0131l i\u015flem g\u00f6rebilen bir paslanmaz \u00e7elik t\u00fcr\u00fcd\u00fcr ve korozyonun \u015fiddetli olmad\u0131\u011f\u0131 yerlerde (hava, su, baz\u0131 kimyasallar ve g\u0131da asitleri veya mukavemet kombinasyonuna ihtiya\u00e7 duyulan y\u00fcksek gerilimli par\u00e7alar) yayg\u0131n olarak kullan\u0131lmaktad\u0131r. ve ba\u011flant\u0131 elemanlar\u0131 ve valf par\u00e7alar\u0131 gibi korozyon direnci 410S, Tip 410&#039;un daha d\u00fc\u015f\u00fck karbonlu versiyonudur. Geli\u015ftirilmi\u015f kaynaklanabilirlik sunar ancak korozyona diren\u00e7li uygulamalar i\u00e7in \u00f6nerilen daha d\u00fc\u015f\u00fck sertle\u015febilirlik, otomobil egzoz buhar\u0131 ar\u0131tma cihaz\u0131n\u0131n, kazan yanma odas\u0131n\u0131n veya noz\u00fcl\u00fcn ana t\u00fcketimidir.<\/p>\n<p><strong>WLD Steel&#039;de mevcut 410\/410S formlar\u0131 nelerdir?<\/strong><\/p>\n<table>\n<tbody>\n<tr>\n<td width=\"170\">Levha\/Levha\/Bobin<\/td>\n<td width=\"170\">Diki\u015fsiz Boru\/T\u00fcp<\/td>\n<td width=\"170\">Kaynakl\u0131 Boru \/ T\u00fcp<\/td>\n<td width=\"170\">Yuvarlak \u00e7ubuk<\/td>\n<td width=\"170\">\u015eekillendirilmi\u015f \u00c7elik (\u015eekillendirilmi\u015f)<\/td>\n<\/tr>\n<tr>\n<td width=\"170\">ASTM A240<\/p>\n<p>ASTM A480<\/td>\n<td width=\"170\">ASTM A312<\/p>\n<p>ASTM A213<\/td>\n<td width=\"170\">ASTM A554<\/td>\n<td width=\"170\">ASTM A276<\/p>\n<p>ASTM A479<\/td>\n<td width=\"170\">ASTM A276<\/td>\n<\/tr>\n<\/tbody>\n<\/table>\n<\/div><\/section><br \/>\n<div class=\"togglecontainer\" >\n<section class=\"av_toggle_section\"  itemscope=\"itemscope\" itemtype=\"https:\/\/schema.org\/CreativeWork\"  >    <div class=\"single_toggle\" data-tags=\"{T\u00fcm\u00fc} \"  >        <p data-fake-id=\"#toggle-id-1\" class=\"toggler\"  itemprop=\"headline\"  >410\/410S \u00c7elik E\u015fde\u011fer Malzemeler<span class=\"toggle_icon\" >        <span class=\"vert_icon\"><\/span><span class=\"hor_icon\"><\/span><\/span><\/p>        <div id=\"toggle-id-1-container\" class=\"toggle_wrap\"  >            <div class=\"toggle_content invers-color\"  itemprop=\"text\"   ><table>\n<tbody>\n<tr>\n<td width=\"106\">Seviye<\/td>\n<td width=\"106\">BM<\/td>\n<td width=\"106\">AISI<\/td>\n<td width=\"106\">BS<\/td>\n<td width=\"106\">D\u0130N<\/td>\n<td width=\"106\">TR<\/td>\n<td width=\"106\">JIS<\/td>\n<td width=\"106\">B\u00fcy\u00fck Britanya<\/td>\n<\/tr>\n<tr>\n<td width=\"106\">SS 410<\/td>\n<td width=\"106\">S41000<\/td>\n<td width=\"106\">410<\/td>\n<td width=\"106\">410S21<\/td>\n<td width=\"106\">1.4006<\/td>\n<td width=\"106\">X12Cr13<\/td>\n<td width=\"106\">SUS410<\/td>\n<td width=\"106\">1Cr13<\/td>\n<\/tr>\n<tr>\n<td width=\"106\">SS 410S<\/td>\n<td width=\"106\">S41008<\/td>\n<td width=\"106\">410S<\/td>\n<td width=\"106\"><\/td>\n<td width=\"106\">1.4000<\/td>\n<td width=\"106\"><\/td>\n<td width=\"106\"><\/td>\n<td width=\"106\">00Cr12<\/td>\n<\/tr>\n<\/tbody>\n<\/table>\n            <\/div>        <\/div>    <\/div><\/section>\n<section class=\"av_toggle_section\"  itemscope=\"itemscope\" itemtype=\"https:\/\/schema.org\/CreativeWork\"  >    <div class=\"single_toggle\" data-tags=\"{T\u00fcm\u00fc} \"  >        <p data-fake-id=\"#toggle-id-2\" class=\"toggler\"  itemprop=\"headline\"  >410\/410S Kimyasal Bile\u015fimi <span class=\"toggle_icon\" >        <span class=\"vert_icon\"><\/span><span class=\"hor_icon\"><\/span><\/span><\/p>        <div id=\"toggle-id-2-container\" class=\"toggle_wrap\"  >            <div class=\"toggle_content invers-color\"  itemprop=\"text\"   ><table>\n<tbody>\n<tr>\n<td width=\"73\">Seviye<\/td>\n<td width=\"126\">CR<\/td>\n<td width=\"76\">Mn<\/td>\n<td width=\"76\">Si<\/td>\n<td width=\"97\">Ni<\/td>\n<td width=\"81\">C<\/td>\n<td width=\"87\">P<\/td>\n<td width=\"87\">S<\/td>\n<td width=\"81\">Fe<\/td>\n<\/tr>\n<tr>\n<td width=\"73\">SS 410<\/td>\n<td width=\"126\">11.50 \u2013 13.50<\/td>\n<td width=\"76\">\u22641,50<\/td>\n<td width=\"76\">\u22641,00<\/td>\n<td width=\"97\">\u2264 0,75<\/td>\n<td width=\"81\">0,08 \u2013 0,15<\/td>\n<td width=\"87\">0.04<\/td>\n<td width=\"87\">0.02<\/td>\n<td width=\"81\">Denge<\/td>\n<\/tr>\n<tr>\n<td width=\"73\">SS 410S<\/td>\n<td width=\"126\">11.50\u201313.50<\/td>\n<td width=\"76\">Maksimum 1,00<\/td>\n<td width=\"76\">1.00<\/td>\n<td width=\"97\">0.20-0.55<\/td>\n<td width=\"81\">0.08<\/td>\n<td width=\"87\">0.040<\/td>\n<td width=\"87\">0.030<\/td>\n<td width=\"81\">Denge<\/td>\n<\/tr>\n<\/tbody>\n<\/table>\n            <\/div>        <\/div>    <\/div><\/section>\n<section class=\"av_toggle_section\"  itemscope=\"itemscope\" itemtype=\"https:\/\/schema.org\/CreativeWork\"  >    <div class=\"single_toggle\" data-tags=\"{T\u00fcm\u00fc} \"  >        <p data-fake-id=\"#toggle-id-3\" class=\"toggler\"  itemprop=\"headline\"  >410\/410S Mekanik \u00d6zellikler<span class=\"toggle_icon\" >        <span class=\"vert_icon\"><\/span><span class=\"hor_icon\"><\/span><\/span><\/p>        <div id=\"toggle-id-3-container\" class=\"toggle_wrap\"  >            <div class=\"toggle_content invers-color\"  itemprop=\"text\"   ><table>\n<tbody>\n<tr>\n<td width=\"116\">Notlar<\/td>\n<td width=\"162\">\u00c7ekme Dayan\u0131m\u0131 (Mpa)<\/td>\n<td width=\"190\">0,2% Ofset Akma Dayan\u0131m\u0131 (Mpa)<\/td>\n<td width=\"214\">Uzama, 2 in\u00e7 (51 mm) %<\/td>\n<td width=\"160\">Sertle\u015fme Tepkisi HRC<\/td>\n<\/tr>\n<tr>\n<td width=\"116\">SS 410 \/ 410S<\/td>\n<td width=\"162\">450\u2013510<\/td>\n<td width=\"190\">205 \u2013 290<\/td>\n<td width=\"214\">20 \u2013 34<\/td>\n<td width=\"160\">38-45<\/td>\n<\/tr>\n<\/tbody>\n<\/table>\n            <\/div>        <\/div>    <\/div><\/section>\n<\/div><\/p><\/div><\/div><!--close column table wrapper. Autoclose: 1 --><\/p>","protected":false},"excerpt":{"rendered":"","protected":false},"author":1,"featured_media":0,"parent":159,"menu_order":0,"comment_status":"closed","ping_status":"closed","template":"","meta":{"footnotes":""},"class_list":["post-1522","page","type-page","status-publish","hentry"],"aioseo_notices":[],"_links":{"self":[{"href":"https:\/\/wldstainless.com\/tr\/wp-json\/wp\/v2\/pages\/1522","targetHints":{"allow":["GET"]}}],"collection":[{"href":"https:\/\/wldstainless.com\/tr\/wp-json\/wp\/v2\/pages"}],"about":[{"href":"https:\/\/wldstainless.com\/tr\/wp-json\/wp\/v2\/types\/page"}],"author":[{"embeddable":true,"href":"https:\/\/wldstainless.com\/tr\/wp-json\/wp\/v2\/users\/1"}],"replies":[{"embeddable":true,"href":"https:\/\/wldstainless.com\/tr\/wp-json\/wp\/v2\/comments?post=1522"}],"version-history":[{"count":6,"href":"https:\/\/wldstainless.com\/tr\/wp-json\/wp\/v2\/pages\/1522\/revisions"}],"predecessor-version":[{"id":1913,"href":"https:\/\/wldstainless.com\/tr\/wp-json\/wp\/v2\/pages\/1522\/revisions\/1913"}],"up":[{"embeddable":true,"href":"https:\/\/wldstainless.com\/tr\/wp-json\/wp\/v2\/pages\/159"}],"wp:attachment":[{"href":"https:\/\/wldstainless.com\/tr\/wp-json\/wp\/v2\/media?parent=1522"}],"curies":[{"name":"wp","href":"https:\/\/api.w.org\/{rel}","templated":true}]}}